{"id":4118,"date":"2025-10-03T12:19:36","date_gmt":"2025-10-03T09:19:36","guid":{"rendered":"https:\/\/apirocosmetics.com\/product\/antioxidant-renewal-combo-face-cleansing-anti-age-mask\/"},"modified":"2026-03-10T08:53:11","modified_gmt":"2026-03-10T05:53:11","slug":"antioxidant-renewal-combo-face-cleansing-anti-age-mask","status":"publish","type":"product","link":"https:\/\/apirocosmetics.com\/bg\/product\/antioxidant-renewal-combo-face-cleansing-anti-age-mask\/","title":{"rendered":"Antioxidant &#038; Renewal Combo \u2013 Face Cleansing &#038; Anti-Age Mask"},"content":{"rendered":"<p data-start=\"132\" data-end=\"438\">\u0415\u0434\u0438\u043d \u0446\u044f\u043b\u043e\u0441\u0442\u0435\u043d <strong data-start=\"146\" data-end=\"168\">\u0434\u0432\u0443\u0441\u0442\u0435\u043f\u0435\u043d\u0435\u043d \u0440\u0438\u0442\u0443\u0430\u043b<\/strong>, \u043a\u043e\u0439\u0442\u043e \u043e\u0441\u0438\u0433\u0443\u0440\u044f\u0432\u0430 \u0430\u043d\u0442\u0438\u043e\u043a\u0441\u0438\u0434\u0430\u043d\u0442\u043d\u0430 \u0437\u0430\u0449\u0438\u0442\u0430 \u0438 \u043e\u0431\u043d\u043e\u0432\u044f\u0432\u0430\u043d\u0435 \u043d\u0430 \u043a\u043e\u0436\u0430\u0442\u0430.<br data-start=\"231\" data-end=\"234\" \/>\u041a\u043e\u043c\u043f\u043b\u0435\u043a\u0442\u044a\u0442 \u0441\u044a\u0447\u0435\u0442\u0430\u0432\u0430 <strong data-start=\"254\" data-end=\"306\">\u041f\u043e\u0447\u0438\u0441\u0442\u0432\u0430\u0449 \u0433\u0435\u043b \u0437\u0430 \u043b\u0438\u0446\u0435 \u0441 \u0435\u043a\u0441\u0442\u0440\u0430\u043a\u0442 \u043e\u0442 \u043d\u0430\u0440 (200 ml)<\/strong> \u0437\u0430 \u0434\u044a\u043b\u0431\u043e\u043a\u043e \u043f\u043e\u0447\u0438\u0441\u0442\u0432\u0430\u043d\u0435 \u0438 \u0442\u043e\u043d\u0438\u0437\u0438\u0440\u0430\u043d\u0435 \u0441 <strong data-start=\"344\" data-end=\"381\">Red Grape Anti-Aging Mask (50 ml)<\/strong> \u0437\u0430 \u0438\u043d\u0442\u0435\u043d\u0437\u0438\u0432\u043d\u0430 \u0445\u0438\u0434\u0440\u0430\u0442\u0430\u0446\u0438\u044f, \u0440\u0435\u0433\u0435\u043d\u0435\u0440\u0430\u0446\u0438\u044f \u0438 \u0430\u043d\u0442\u0438-\u0435\u0439\u0434\u0436 \u0433\u0440\u0438\u0436\u0430.<\/p>\n<h4 data-start=\"440\" data-end=\"482\"><strong data-start=\"444\" data-end=\"482\">\u0421\u0442\u044a\u043f\u043a\u0430 1: Face Cleansing Gel \u0441 \u043d\u0430\u0440<\/strong><\/h4>\n<p data-start=\"483\" data-end=\"691\">\u041f\u0440\u0435\u043c\u0430\u0445\u0432\u0430 \u0437\u0430\u043c\u044a\u0440\u0441\u044f\u0432\u0430\u043d\u0438\u044f\u0442\u0430, \u0438\u0437\u043b\u0438\u0448\u043d\u0438\u044f \u0441\u0435\u0431\u0443\u043c \u0438 \u0432\u0440\u0435\u0434\u043d\u0438\u0442\u0435 \u0432\u044a\u043d\u0448\u043d\u0438 \u0444\u0430\u043a\u0442\u043e\u0440\u0438, \u043a\u0430\u0442\u043e \u043e\u0441\u0442\u0430\u0432\u044f \u043a\u043e\u0436\u0430\u0442\u0430 \u0447\u0438\u0441\u0442\u0430, \u0441\u0432\u0435\u0436\u0430 \u0438 \u0441\u0438\u044f\u0439\u043d\u0430.<br data-start=\"591\" data-end=\"594\" \/>\u0411\u043e\u0433\u0430\u0442 \u043d\u0430 \u0430\u043d\u0442\u0438\u043e\u043a\u0441\u0438\u0434\u0430\u043d\u0442\u0438 \u0438 \u0432\u0438\u0442\u0430\u043c\u0438\u043d C, \u0437\u0430\u0449\u0438\u0442\u0430\u0432\u0430 \u0438 \u043f\u043e\u0434\u0441\u0438\u043b\u0432\u0430 \u0435\u0441\u0442\u0435\u0441\u0442\u0432\u0435\u043d\u0438\u0442\u0435 \u0437\u0430\u0449\u0438\u0442\u043d\u0438 \u043c\u0435\u0445\u0430\u043d\u0438\u0437\u043c\u0438 \u043d\u0430 \u043a\u043e\u0436\u0430\u0442\u0430.<\/p>\n<h4 data-start=\"693\" data-end=\"736\"><strong data-start=\"697\" data-end=\"736\">\u0421\u0442\u044a\u043f\u043a\u0430 2: Red Grape Anti-Aging Mask<\/strong><\/h4>\n<p data-start=\"737\" data-end=\"942\">\u0421 \u043f\u043e\u043b\u0438\u0444\u0435\u043d\u043e\u043b\u0438 \u043e\u0442 \u0447\u0435\u0440\u0432\u0435\u043d\u043e \u0433\u0440\u043e\u0437\u0434\u0435, \u0445\u0438\u0430\u043b\u0443\u0440\u043e\u043d\u043e\u0432\u0430 \u043a\u0438\u0441\u0435\u043b\u0438\u043d\u0430, \u043f\u0430\u043d\u0442\u0435\u043d\u043e\u043b \u0438 \u0432\u0438\u0441\u043e\u043a\u043e\u043a\u0430\u0447\u0435\u0441\u0442\u0432\u0435\u043d\u0438 \u0440\u0430\u0441\u0442\u0438\u0442\u0435\u043b\u043d\u0438 \u043c\u0430\u0441\u043b\u0430, \u043c\u0430\u0441\u043a\u0430\u0442\u0430 \u0445\u0438\u0434\u0440\u0430\u0442\u0438\u0440\u0430 \u0432 \u0434\u044a\u043b\u0431\u043e\u0447\u0438\u043d\u0430, \u0441\u0442\u0430\u0431\u0438\u043b\u0438\u0437\u0438\u0440\u0430 \u043a\u043e\u0436\u043d\u0430\u0442\u0430 \u0431\u0430\u0440\u0438\u0435\u0440\u0430 \u0438 \u043f\u043e\u0434\u043f\u043e\u043c\u0430\u0433\u0430 \u0435\u0441\u0442\u0435\u0441\u0442\u0432\u0435\u043d\u043e\u0442\u043e \u043e\u0431\u043d\u043e\u0432\u044f\u0432\u0430\u043d\u0435 \u043d\u0430 \u043a\u043e\u0436\u0430\u0442\u0430.<\/p>\n<p data-start=\"944\" data-end=\"961\"><strong data-start=\"944\" data-end=\"961\">\u041e\u0441\u043d\u043e\u0432\u043d\u0438 \u043f\u043e\u043b\u0437\u0438<\/strong><\/p>\n<ul data-start=\"962\" data-end=\"1105\">\n<li data-start=\"962\" data-end=\"1013\">\n<p data-start=\"964\" data-end=\"1013\">\u0410\u043d\u0442\u0438\u043e\u043a\u0441\u0438\u0434\u0430\u043d\u0442\u043d\u0430 \u0437\u0430\u0449\u0438\u0442\u0430 \u0441\u0440\u0435\u0449\u0443 \u0441\u0432\u043e\u0431\u043e\u0434\u043d\u0438\u0442\u0435 \u0440\u0430\u0434\u0438\u043a\u0430\u043b\u0438<\/p>\n<\/li>\n<li data-start=\"1014\" data-end=\"1060\">\n<p data-start=\"1016\" data-end=\"1060\">\u0414\u044a\u043b\u0431\u043e\u043a\u043e \u043f\u043e\u0447\u0438\u0441\u0442\u0432\u0430\u043d\u0435 \u0438 \u0438\u043d\u0442\u0435\u043d\u0437\u0438\u0432\u043d\u0430 \u0445\u0438\u0434\u0440\u0430\u0442\u0430\u0446\u0438\u044f<\/p>\n<\/li>\n<li data-start=\"1061\" data-end=\"1105\">\n<p data-start=\"1063\" data-end=\"1105\">\u0412\u0438\u0434\u0438\u043c \u0431\u043b\u044f\u0441\u044a\u043a, \u0435\u043b\u0430\u0441\u0442\u0438\u0447\u043d\u043e\u0441\u0442 \u0438 \u043c\u043b\u0430\u0434\u0435\u0436\u043a\u0438 \u0432\u0438\u0434<\/p>\n<\/li>\n<\/ul>\n<p data-start=\"1107\" data-end=\"1280\"><strong data-start=\"1107\" data-end=\"1138\">Antioxidant &amp; Renewal Combo<\/strong> \u0435 \u0438\u0434\u0435\u0430\u043b\u043d\u0438\u044f\u0442 \u0431\u0430\u043b\u0430\u043d\u0441 \u043c\u0435\u0436\u0434\u0443 \u0435\u0444\u0435\u043a\u0442\u0438\u0432\u043d\u043e \u043f\u043e\u0447\u0438\u0441\u0442\u0432\u0430\u043d\u0435 \u0438 \u0443\u0441\u044a\u0432\u044a\u0440\u0448\u0435\u043d\u0441\u0442\u0432\u0430\u043d\u0430 \u0430\u043d\u0442\u0438-\u0435\u0439\u0434\u0436 \u0433\u0440\u0438\u0436\u0430 \u2013 \u0437\u0430 \u043a\u043e\u0436\u0430, \u043a\u043e\u044f\u0442\u043e \u0438\u0437\u0433\u043b\u0435\u0436\u0434\u0430 \u0447\u0438\u0441\u0442\u0430, \u043e\u0431\u043d\u043e\u0432\u0435\u043d\u0430 \u0438 \u0441\u0438\u044f\u0439\u043d\u0430 \u0432\u0441\u0435\u043a\u0438 \u0434\u0435\u043d.<\/p>\n","protected":false},"excerpt":{"rendered":"<p>Das <strong data-start=\"24\" data-end=\"55\">Antioxidant &amp; Renewal Combo<\/strong> kombiniert den <strong data-start=\"71\" data-end=\"107\">Gesichtsreiniger mit Granatapfel<\/strong> und die <strong data-start=\"116\" data-end=\"153\">Anti-Aging-Maske mit roter Traube<\/strong> f\u00fcr eine umfassende Zwei-Schritte-Pflege. Es reinigt tiefenwirksam, sch\u00fctzt vor oxidativem Stress und spendet Feuchtigkeit, unterst\u00fctzt die Regeneration und verleiht der Haut eine jugendliche Ausstrahlung.<\/p>\n","protected":false},"featured_media":5299,"comment_status":"closed","ping_status":"closed","template":"","meta":{"_acf_changed":false},"product_cat":[62],"product_tag":[],"class_list":{"0":"post-4118","1":"product","2":"type-product","3":"status-publish","4":"has-post-thumbnail","6":"product_cat-62","8":"first","9":"instock","10":"taxable","11":"shipping-taxable","12":"purchasable","13":"product-type-simple","swatches":"rey-swatches","show_selected":""},"acf":[],"yoast_head":"<!-- This site is optimized with the Yoast SEO Premium plugin v27.4 (Yoast SEO v27.4) - https:\/\/yoast.com\/product\/yoast-seo-premium-wordpress\/ -->\n<title>Antioxidant &amp; Renewal Combo \u2013 Face Cleansing &amp; Anti-Age Mask - Apiro Cosmetics<\/title>\n<meta name=\"description\" content=\"Antioxidant &amp; Renewal Combo. \u0415\u0434\u0438\u043d \u0446\u044f\u043b\u043e\u0441\u0442\u0435\u043d \u0434\u0432\u0443\u0441\u0442\u0435\u043f\u0435\u043d\u0435\u043d \u0440\u0438\u0442\u0443\u0430\u043b, \u043a\u043e\u0439\u0442\u043e \u043e\u0441\u0438\u0433\u0443\u0440\u044f\u0432\u0430 \u0430\u043d\u0442\u0438\u043e\u043a\u0441\u0438\u0434\u0430\u043d\u0442\u043d\u0430 \u0437\u0430\u0449\u0438\u0442\u0430 \u0438 \u043e\u0431\u043d\u043e\u0432\u044f\u0432\u0430\u043d\u0435 \u043d\u0430 \u043a\u043e\u0436\u0430\u0442\u0430.\" \/>\n<meta name=\"robots\" content=\"index, follow, max-snippet:-1, max-image-preview:large, max-video-preview:-1\" \/>\n<link rel=\"canonical\" href=\"https:\/\/apirocosmetics.com\/bg\/product\/antioxidant-renewal-combo-face-cleansing-anti-age-mask\/\" \/>\n<meta property=\"og:locale\" content=\"bg_BG\" \/>\n<meta property=\"og:type\" content=\"article\" \/>\n<meta property=\"og:title\" content=\"Antioxidant &amp; Renewal Combo \u2013 Face Cleansing &amp; Anti-Age Mask\" \/>\n<meta property=\"og:description\" content=\"Antioxidant &amp; Renewal Combo. \u0415\u0434\u0438\u043d \u0446\u044f\u043b\u043e\u0441\u0442\u0435\u043d \u0434\u0432\u0443\u0441\u0442\u0435\u043f\u0435\u043d\u0435\u043d \u0440\u0438\u0442\u0443\u0430\u043b, \u043a\u043e\u0439\u0442\u043e \u043e\u0441\u0438\u0433\u0443\u0440\u044f\u0432\u0430 \u0430\u043d\u0442\u0438\u043e\u043a\u0441\u0438\u0434\u0430\u043d\u0442\u043d\u0430 \u0437\u0430\u0449\u0438\u0442\u0430 \u0438 \u043e\u0431\u043d\u043e\u0432\u044f\u0432\u0430\u043d\u0435 \u043d\u0430 \u043a\u043e\u0436\u0430\u0442\u0430.\" \/>\n<meta property=\"og:url\" content=\"https:\/\/apirocosmetics.com\/bg\/product\/antioxidant-renewal-combo-face-cleansing-anti-age-mask\/\" \/>\n<meta property=\"og:site_name\" content=\"Apiro Cosmetics\" \/>\n<meta property=\"article:publisher\" content=\"https:\/\/www.facebook.com\/apirocosmetics\" \/>\n<meta property=\"article:modified_time\" content=\"2026-03-10T05:53:11+00:00\" \/>\n<meta property=\"og:image\" content=\"https:\/\/apirocosmetics.com\/wp-content\/uploads\/2025\/10\/9-1.jpg\" \/>\n\t<meta property=\"og:image:width\" content=\"1000\" \/>\n\t<meta property=\"og:image:height\" content=\"1000\" \/>\n\t<meta property=\"og:image:type\" content=\"image\/jpeg\" \/>\n<meta name=\"twitter:card\" content=\"summary_large_image\" \/>\n<script type=\"application\/ld+json\" class=\"yoast-schema-graph\">{\"@context\":\"https:\\\/\\\/schema.org\",\"@graph\":[{\"@type\":\"WebPage\",\"@id\":\"https:\\\/\\\/apirocosmetics.com\\\/bg\\\/product\\\/antioxidant-renewal-combo-face-cleansing-anti-age-mask\\\/\",\"url\":\"https:\\\/\\\/apirocosmetics.com\\\/bg\\\/product\\\/antioxidant-renewal-combo-face-cleansing-anti-age-mask\\\/\",\"name\":\"Antioxidant & Renewal Combo \u2013 Face Cleansing & Anti-Age Mask - Apiro Cosmetics\",\"isPartOf\":{\"@id\":\"https:\\\/\\\/apirocosmetics.com\\\/#website\"},\"primaryImageOfPage\":{\"@id\":\"https:\\\/\\\/apirocosmetics.com\\\/bg\\\/product\\\/antioxidant-renewal-combo-face-cleansing-anti-age-mask\\\/#primaryimage\"},\"image\":{\"@id\":\"https:\\\/\\\/apirocosmetics.com\\\/bg\\\/product\\\/antioxidant-renewal-combo-face-cleansing-anti-age-mask\\\/#primaryimage\"},\"thumbnailUrl\":\"https:\\\/\\\/apirocosmetics.com\\\/wp-content\\\/uploads\\\/2025\\\/10\\\/9-1.jpg\",\"datePublished\":\"2025-10-03T09:19:36+00:00\",\"dateModified\":\"2026-03-10T05:53:11+00:00\",\"description\":\"Antioxidant & Renewal Combo. \u0415\u0434\u0438\u043d \u0446\u044f\u043b\u043e\u0441\u0442\u0435\u043d \u0434\u0432\u0443\u0441\u0442\u0435\u043f\u0435\u043d\u0435\u043d \u0440\u0438\u0442\u0443\u0430\u043b, \u043a\u043e\u0439\u0442\u043e \u043e\u0441\u0438\u0433\u0443\u0440\u044f\u0432\u0430 \u0430\u043d\u0442\u0438\u043e\u043a\u0441\u0438\u0434\u0430\u043d\u0442\u043d\u0430 \u0437\u0430\u0449\u0438\u0442\u0430 \u0438 \u043e\u0431\u043d\u043e\u0432\u044f\u0432\u0430\u043d\u0435 \u043d\u0430 \u043a\u043e\u0436\u0430\u0442\u0430.\",\"breadcrumb\":{\"@id\":\"https:\\\/\\\/apirocosmetics.com\\\/bg\\\/product\\\/antioxidant-renewal-combo-face-cleansing-anti-age-mask\\\/#breadcrumb\"},\"inLanguage\":\"bg-BG\",\"potentialAction\":[{\"@type\":\"ReadAction\",\"target\":[\"https:\\\/\\\/apirocosmetics.com\\\/bg\\\/product\\\/antioxidant-renewal-combo-face-cleansing-anti-age-mask\\\/\"]}]},{\"@type\":\"ImageObject\",\"inLanguage\":\"bg-BG\",\"@id\":\"https:\\\/\\\/apirocosmetics.com\\\/bg\\\/product\\\/antioxidant-renewal-combo-face-cleansing-anti-age-mask\\\/#primaryimage\",\"url\":\"https:\\\/\\\/apirocosmetics.com\\\/wp-content\\\/uploads\\\/2025\\\/10\\\/9-1.jpg\",\"contentUrl\":\"https:\\\/\\\/apirocosmetics.com\\\/wp-content\\\/uploads\\\/2025\\\/10\\\/9-1.jpg\",\"width\":1000,\"height\":1000},{\"@type\":\"BreadcrumbList\",\"@id\":\"https:\\\/\\\/apirocosmetics.com\\\/bg\\\/product\\\/antioxidant-renewal-combo-face-cleansing-anti-age-mask\\\/#breadcrumb\",\"itemListElement\":[{\"@type\":\"ListItem\",\"position\":1,\"name\":\"\u0391\u03c1\u03c7\u03b9\u03ba\u03ae\",\"item\":\"https:\\\/\\\/apirocosmetics.com\\\/bg\\\/\"},{\"@type\":\"ListItem\",\"position\":2,\"name\":\"\u041f\u0440\u043e\u0434\u0443\u043a\u0442\u0438\",\"item\":\"https:\\\/\\\/apirocosmetics.com\\\/bg\\\/shop\\\/\"},{\"@type\":\"ListItem\",\"position\":3,\"name\":\"Antioxidant &#038; Renewal Combo \u2013 Face Cleansing &#038; Anti-Age Mask\"}]},{\"@type\":\"WebSite\",\"@id\":\"https:\\\/\\\/apirocosmetics.com\\\/#website\",\"url\":\"https:\\\/\\\/apirocosmetics.com\\\/\",\"name\":\"Apiro Cosmetics\",\"description\":\"Advanced Skincare \u03b3\u03b9\u03b1 \u0395\u03bd\u03c5\u03b4\u03ac\u03c4\u03c9\u03c3\u03b7, \u03a3\u03cd\u03c3\u03c6\u03b9\u03be\u03b7 &amp; \u0391\u03bd\u03c4\u03b9\u03b3\u03ae\u03c1\u03b1\u03bd\u03c3\u03b7\",\"alternateName\":\"apiroo cosmetics\",\"potentialAction\":[{\"@type\":\"SearchAction\",\"target\":{\"@type\":\"EntryPoint\",\"urlTemplate\":\"https:\\\/\\\/apirocosmetics.com\\\/?s={search_term_string}\"},\"query-input\":{\"@type\":\"PropertyValueSpecification\",\"valueRequired\":true,\"valueName\":\"search_term_string\"}}],\"inLanguage\":\"bg-BG\"}]}<\/script>\n<meta property=\"product:price:amount\" content=\"47.84\" \/>\n<meta property=\"product:price:currency\" content=\"EUR\" \/>\n<meta property=\"og:availability\" content=\"instock\" \/>\n<meta property=\"product:availability\" content=\"instock\" \/>\n<meta property=\"product:retailer_item_id\" content=\"AP-65869\" \/>\n<meta property=\"product:condition\" content=\"new\" \/>\n<!-- \/ Yoast SEO Premium plugin. -->","yoast_head_json":{"title":"Antioxidant & Renewal Combo \u2013 Face Cleansing & Anti-Age Mask - Apiro Cosmetics","description":"Antioxidant & Renewal Combo. \u0415\u0434\u0438\u043d \u0446\u044f\u043b\u043e\u0441\u0442\u0435\u043d \u0434\u0432\u0443\u0441\u0442\u0435\u043f\u0435\u043d\u0435\u043d \u0440\u0438\u0442\u0443\u0430\u043b, \u043a\u043e\u0439\u0442\u043e \u043e\u0441\u0438\u0433\u0443\u0440\u044f\u0432\u0430 \u0430\u043d\u0442\u0438\u043e\u043a\u0441\u0438\u0434\u0430\u043d\u0442\u043d\u0430 \u0437\u0430\u0449\u0438\u0442\u0430 \u0438 \u043e\u0431\u043d\u043e\u0432\u044f\u0432\u0430\u043d\u0435 \u043d\u0430 \u043a\u043e\u0436\u0430\u0442\u0430.","robots":{"index":"index","follow":"follow","max-snippet":"max-snippet:-1","max-image-preview":"max-image-preview:large","max-video-preview":"max-video-preview:-1"},"canonical":"https:\/\/apirocosmetics.com\/bg\/product\/antioxidant-renewal-combo-face-cleansing-anti-age-mask\/","og_locale":"bg_BG","og_type":"article","og_title":"Antioxidant & Renewal Combo \u2013 Face Cleansing & Anti-Age Mask","og_description":"Antioxidant & Renewal Combo. \u0415\u0434\u0438\u043d \u0446\u044f\u043b\u043e\u0441\u0442\u0435\u043d \u0434\u0432\u0443\u0441\u0442\u0435\u043f\u0435\u043d\u0435\u043d \u0440\u0438\u0442\u0443\u0430\u043b, \u043a\u043e\u0439\u0442\u043e \u043e\u0441\u0438\u0433\u0443\u0440\u044f\u0432\u0430 \u0430\u043d\u0442\u0438\u043e\u043a\u0441\u0438\u0434\u0430\u043d\u0442\u043d\u0430 \u0437\u0430\u0449\u0438\u0442\u0430 \u0438 \u043e\u0431\u043d\u043e\u0432\u044f\u0432\u0430\u043d\u0435 \u043d\u0430 \u043a\u043e\u0436\u0430\u0442\u0430.","og_url":"https:\/\/apirocosmetics.com\/bg\/product\/antioxidant-renewal-combo-face-cleansing-anti-age-mask\/","og_site_name":"Apiro Cosmetics","article_publisher":"https:\/\/www.facebook.com\/apirocosmetics","article_modified_time":"2026-03-10T05:53:11+00:00","og_image":[{"width":1000,"height":1000,"url":"https:\/\/apirocosmetics.com\/wp-content\/uploads\/2025\/10\/9-1.jpg","type":"image\/jpeg"}],"twitter_card":"summary_large_image","schema":{"@context":"https:\/\/schema.org","@graph":[{"@type":"WebPage","@id":"https:\/\/apirocosmetics.com\/bg\/product\/antioxidant-renewal-combo-face-cleansing-anti-age-mask\/","url":"https:\/\/apirocosmetics.com\/bg\/product\/antioxidant-renewal-combo-face-cleansing-anti-age-mask\/","name":"Antioxidant & Renewal Combo \u2013 Face Cleansing & Anti-Age Mask - Apiro Cosmetics","isPartOf":{"@id":"https:\/\/apirocosmetics.com\/#website"},"primaryImageOfPage":{"@id":"https:\/\/apirocosmetics.com\/bg\/product\/antioxidant-renewal-combo-face-cleansing-anti-age-mask\/#primaryimage"},"image":{"@id":"https:\/\/apirocosmetics.com\/bg\/product\/antioxidant-renewal-combo-face-cleansing-anti-age-mask\/#primaryimage"},"thumbnailUrl":"https:\/\/apirocosmetics.com\/wp-content\/uploads\/2025\/10\/9-1.jpg","datePublished":"2025-10-03T09:19:36+00:00","dateModified":"2026-03-10T05:53:11+00:00","description":"Antioxidant & Renewal Combo. \u0415\u0434\u0438\u043d \u0446\u044f\u043b\u043e\u0441\u0442\u0435\u043d \u0434\u0432\u0443\u0441\u0442\u0435\u043f\u0435\u043d\u0435\u043d \u0440\u0438\u0442\u0443\u0430\u043b, \u043a\u043e\u0439\u0442\u043e \u043e\u0441\u0438\u0433\u0443\u0440\u044f\u0432\u0430 \u0430\u043d\u0442\u0438\u043e\u043a\u0441\u0438\u0434\u0430\u043d\u0442\u043d\u0430 \u0437\u0430\u0449\u0438\u0442\u0430 \u0438 \u043e\u0431\u043d\u043e\u0432\u044f\u0432\u0430\u043d\u0435 \u043d\u0430 \u043a\u043e\u0436\u0430\u0442\u0430.","breadcrumb":{"@id":"https:\/\/apirocosmetics.com\/bg\/product\/antioxidant-renewal-combo-face-cleansing-anti-age-mask\/#breadcrumb"},"inLanguage":"bg-BG","potentialAction":[{"@type":"ReadAction","target":["https:\/\/apirocosmetics.com\/bg\/product\/antioxidant-renewal-combo-face-cleansing-anti-age-mask\/"]}]},{"@type":"ImageObject","inLanguage":"bg-BG","@id":"https:\/\/apirocosmetics.com\/bg\/product\/antioxidant-renewal-combo-face-cleansing-anti-age-mask\/#primaryimage","url":"https:\/\/apirocosmetics.com\/wp-content\/uploads\/2025\/10\/9-1.jpg","contentUrl":"https:\/\/apirocosmetics.com\/wp-content\/uploads\/2025\/10\/9-1.jpg","width":1000,"height":1000},{"@type":"BreadcrumbList","@id":"https:\/\/apirocosmetics.com\/bg\/product\/antioxidant-renewal-combo-face-cleansing-anti-age-mask\/#breadcrumb","itemListElement":[{"@type":"ListItem","position":1,"name":"\u0391\u03c1\u03c7\u03b9\u03ba\u03ae","item":"https:\/\/apirocosmetics.com\/bg\/"},{"@type":"ListItem","position":2,"name":"\u041f\u0440\u043e\u0434\u0443\u043a\u0442\u0438","item":"https:\/\/apirocosmetics.com\/bg\/shop\/"},{"@type":"ListItem","position":3,"name":"Antioxidant &#038; Renewal Combo \u2013 Face Cleansing &#038; Anti-Age Mask"}]},{"@type":"WebSite","@id":"https:\/\/apirocosmetics.com\/#website","url":"https:\/\/apirocosmetics.com\/","name":"Apiro Cosmetics","description":"Advanced Skincare \u03b3\u03b9\u03b1 \u0395\u03bd\u03c5\u03b4\u03ac\u03c4\u03c9\u03c3\u03b7, \u03a3\u03cd\u03c3\u03c6\u03b9\u03be\u03b7 &amp; \u0391\u03bd\u03c4\u03b9\u03b3\u03ae\u03c1\u03b1\u03bd\u03c3\u03b7","alternateName":"apiroo cosmetics","potentialAction":[{"@type":"SearchAction","target":{"@type":"EntryPoint","urlTemplate":"https:\/\/apirocosmetics.com\/?s={search_term_string}"},"query-input":{"@type":"PropertyValueSpecification","valueRequired":true,"valueName":"search_term_string"}}],"inLanguage":"bg-BG"}]},"product_price_amount":"47.84","product_price_currency":"EUR","og_availability":"instock","product_availability":"instock","product_retailer_item_id":"AP-65869","product_condition":"new"},"_links":{"self":[{"href":"https:\/\/apirocosmetics.com\/bg\/wp-json\/wp\/v2\/product\/4118","targetHints":{"allow":["GET"]}}],"collection":[{"href":"https:\/\/apirocosmetics.com\/bg\/wp-json\/wp\/v2\/product"}],"about":[{"href":"https:\/\/apirocosmetics.com\/bg\/wp-json\/wp\/v2\/types\/product"}],"replies":[{"embeddable":true,"href":"https:\/\/apirocosmetics.com\/bg\/wp-json\/wp\/v2\/comments?post=4118"}],"wp:featuredmedia":[{"embeddable":true,"href":"https:\/\/apirocosmetics.com\/bg\/wp-json\/wp\/v2\/media\/5299"}],"wp:attachment":[{"href":"https:\/\/apirocosmetics.com\/bg\/wp-json\/wp\/v2\/media?parent=4118"}],"wp:term":[{"taxonomy":"product_cat","embeddable":true,"href":"https:\/\/apirocosmetics.com\/bg\/wp-json\/wp\/v2\/product_cat?post=4118"},{"taxonomy":"product_tag","embeddable":true,"href":"https:\/\/apirocosmetics.com\/bg\/wp-json\/wp\/v2\/product_tag?post=4118"}],"curies":[{"name":"wp","href":"https:\/\/api.w.org\/{rel}","templated":true}]}}