{"id":4035,"date":"2024-09-27T09:12:39","date_gmt":"2024-09-27T06:12:39","guid":{"rendered":"https:\/\/apirocosmetics.com\/refund-policy\/"},"modified":"2026-03-06T16:32:16","modified_gmt":"2026-03-06T13:32:16","slug":"refund-policy","status":"publish","type":"page","link":"https:\/\/apirocosmetics.com\/de\/refund-policy\/","title":{"rendered":"R\u00fcckerstattungs- und R\u00fcckgaberichtlinie"},"content":{"rendered":"\t\t<div data-elementor-type=\"wp-page\" data-elementor-id=\"4035\" class=\"elementor elementor-4035 elementor-1108\" data-elementor-post-type=\"page\">\n\t\t\t\t\t\t<section class=\"elementor-section elementor-top-section elementor-element elementor-element-f97de1a elementor-section-boxed elementor-section-height-default elementor-section-height-default\" data-id=\"f97de1a\" data-element_type=\"section\" data-e-type=\"section\">\n\t\t\t\t\t\t<div class=\"elementor-container elementor-column-gap-default\">\n\t\t\t\t\t<div class=\"elementor-column elementor-col-100 elementor-top-column elementor-element elementor-element-2cbc0d28\" data-id=\"2cbc0d28\" data-element_type=\"column\" data-e-type=\"column\">\n\t\t\t<div class=\"elementor-column-wrap--2cbc0d28 elementor-widget-wrap elementor-element-populated\">\n\t\t\t\t\t\t<div class=\"elementor-element elementor-element-798e4cb1 elementor-widget__width-initial elementor-widget elementor-widget-heading\" data-id=\"798e4cb1\" data-element_type=\"widget\" data-e-type=\"widget\" data-widget_type=\"heading.default\">\n\t\t\t\t<div class=\"elementor-widget-container\">\n\t\t\t\t\t<h3 class=\"elementor-heading-title elementor-size-xl\">Richtlinie f\u00fcr R\u00fcckerstattungen &amp; R\u00fcckgaben\n<\/h3>\t\t\t\t<\/div>\n\t\t\t\t<\/div>\n\t\t\t\t<div class=\"elementor-element elementor-element-c6f8c1b elementor-widget elementor-widget-text-editor\" data-id=\"c6f8c1b\" data-element_type=\"widget\" data-e-type=\"widget\" data-widget_type=\"text-editor.default\">\n\t\t\t\t<div class=\"elementor-widget-container\">\n\t\t\t\t\t\t\t\t\t<p>Bitte nehmen Sie sich einen Moment Zeit, um unsere R\u00fcckerstattungsrichtlinie zu lesen.<\/p>\t\t\t\t\t\t\t\t<\/div>\n\t\t\t\t<\/div>\n\t\t\t\t<div class=\"elementor-element elementor-element-791f58f elementor-widget-divider--view-line elementor-widget elementor-widget-divider\" data-id=\"791f58f\" data-element_type=\"widget\" data-e-type=\"widget\" data-widget_type=\"divider.default\">\n\t\t\t\t<div class=\"elementor-widget-container\">\n\t\t\t\t\t\t\t<div class=\"elementor-divider\">\n\t\t\t<span class=\"elementor-divider-separator\">\n\t\t\t\t\t\t<\/span>\n\t\t<\/div>\n\t\t\t\t\t\t<\/div>\n\t\t\t\t<\/div>\n\t\t\t\t\t<\/div>\n\t\t<\/div>\n\t\t\t\t\t<\/div>\n\t\t<\/section>\n\t\t<div class=\"e-con-top elementor-element elementor-element-bf9e344 e-flex e-con-boxed e-con e-parent\" data-id=\"bf9e344\" data-element_type=\"container\" data-e-type=\"container\">\n\t\t\t\t\t<div class=\"e-con-inner\">\n\t\t\t\t<div class=\"elementor-element elementor-element-af5bc46 elementor-widget elementor-widget-text-editor\" data-id=\"af5bc46\" data-element_type=\"widget\" data-e-type=\"widget\" data-widget_type=\"text-editor.default\">\n\t\t\t\t<div class=\"elementor-widget-container\">\n\t\t\t\t\t\t\t\t\t<h4 data-section-id=\"1u1xca\" data-start=\"2233\" data-end=\"2249\">R\u00fcckgaberecht<\/h4><p data-start=\"2251\" data-end=\"2413\">Das Unternehmen <strong data-start=\"2267\" data-end=\"2286\">APIRO COSMETICS<\/strong> bietet \u00fcber seinen Online-Shop <strong data-start=\"2318\" data-end=\"2340\">apirocosmetics.com<\/strong> die M\u00f6glichkeit, Produkte unter den folgenden Bedingungen zur\u00fcckzugeben.<\/p><h4 data-section-id=\"5slnox\" data-start=\"2415\" data-end=\"2433\">Widerrufsrecht<\/h4><p data-start=\"2434\" data-end=\"2541\">Der Kunde hat das Recht, ein Produkt innerhalb von <strong data-start=\"2485\" data-end=\"2526\">14 Kalendertagen nach Erhalt der Ware<\/strong> zur\u00fcckzugeben.<\/p><p data-start=\"2543\" data-end=\"2577\">Voraussetzungen f\u00fcr eine R\u00fcckgabe:<\/p><ul data-start=\"2578\" data-end=\"2731\"><li data-section-id=\"pq5mir\" data-start=\"2578\" data-end=\"2631\"><p data-start=\"2580\" data-end=\"2631\">das Produkt muss sich im Originalzustand befinden<\/p><\/li><li data-section-id=\"br07pn\" data-start=\"2632\" data-end=\"2671\"><p data-start=\"2634\" data-end=\"2671\">es darf nicht verwendet worden sein<\/p><\/li><li data-section-id=\"3b65ty\" data-start=\"2672\" data-end=\"2731\"><p data-start=\"2674\" data-end=\"2731\">es muss in der Originalverpackung zur\u00fcckgesendet werden<\/p><\/li><\/ul><p data-start=\"2733\" data-end=\"2840\">Bei <strong data-start=\"2737\" data-end=\"2763\">versiegelten Produkten<\/strong> wird eine R\u00fcckgabe nur akzeptiert, wenn <strong data-start=\"2804\" data-end=\"2839\">das Siegel nicht entfernt wurde<\/strong>.<\/p><h4 data-section-id=\"haz8h0\" data-start=\"2842\" data-end=\"2879\">Fehlerhafte oder falsche Produkte<\/h4><p data-start=\"2880\" data-end=\"3023\">Im Falle eines fehlerhaften oder falsch gelieferten Produkts hat der Kunde Anspruch auf <strong data-start=\"2968\" data-end=\"3022\">Ersatz oder R\u00fcckerstattung ohne zus\u00e4tzliche Kosten<\/strong>.<\/p><p data-start=\"3025\" data-end=\"3152\">Die R\u00fcckerstattung erfolgt <strong data-start=\"3052\" data-end=\"3093\">innerhalb von bis zu 14 Kalendertagen<\/strong> nach Erhalt und \u00dcberpr\u00fcfung des zur\u00fcckgesendeten Produkts.<\/p>\t\t\t\t\t\t\t\t<\/div>\n\t\t\t\t<\/div>\n\t\t\t\t\t<\/div>\n\t\t\t\t<\/div>\n\t\t\t\t<\/div>\n\t\t","protected":false},"excerpt":{"rendered":"<p>Richtlinie f\u00fcr R\u00fcckerstattungen &amp; R\u00fcckgaben Bitte nehmen Sie sich einen Moment Zeit, um unsere R\u00fcckerstattungsrichtlinie zu lesen. R\u00fcckgaberecht Das Unternehmen APIRO COSMETICS bietet \u00fcber seinen Online-Shop apirocosmetics.com die M\u00f6glichkeit, Produkte unter den folgenden Bedingungen zur\u00fcckzugeben. Widerrufsrecht Der Kunde hat das Recht, ein Produkt innerhalb von 14 Kalendertagen nach Erhalt der Ware zur\u00fcckzugeben. Voraussetzungen f\u00fcr eine [&hellip;]<\/p>\n","protected":false},"author":1,"featured_media":0,"parent":0,"menu_order":0,"comment_status":"closed","ping_status":"closed","template":"template-builder.php","meta":{"_acf_changed":false,"footnotes":""},"class_list":["post-4035","page","type-page","status-publish","hentry"],"acf":[],"yoast_head":"<!-- This site is optimized with the Yoast SEO Premium plugin v27.4 (Yoast SEO v27.4) - https:\/\/yoast.com\/product\/yoast-seo-premium-wordpress\/ -->\n<title>R\u00fcckerstattungs- und R\u00fcckgaberichtlinie - Apiro Cosmetics<\/title>\n<meta name=\"robots\" content=\"index, follow, max-snippet:-1, max-image-preview:large, max-video-preview:-1\" \/>\n<link rel=\"canonical\" href=\"https:\/\/apirocosmetics.com\/de\/refund-policy\/\" \/>\n<meta property=\"og:locale\" content=\"de_DE\" \/>\n<meta property=\"og:type\" content=\"article\" \/>\n<meta property=\"og:title\" content=\"R\u00fcckerstattungs- und R\u00fcckgaberichtlinie\" \/>\n<meta property=\"og:description\" content=\"Richtlinie f\u00fcr R\u00fcckerstattungen &amp; R\u00fcckgaben Bitte nehmen Sie sich einen Moment Zeit, um unsere R\u00fcckerstattungsrichtlinie zu lesen. R\u00fcckgaberecht Das Unternehmen APIRO COSMETICS bietet \u00fcber seinen Online-Shop apirocosmetics.com die M\u00f6glichkeit, Produkte unter den folgenden Bedingungen zur\u00fcckzugeben. Widerrufsrecht Der Kunde hat das Recht, ein Produkt innerhalb von 14 Kalendertagen nach Erhalt der Ware zur\u00fcckzugeben. Voraussetzungen f\u00fcr eine [&hellip;]\" \/>\n<meta property=\"og:url\" content=\"https:\/\/apirocosmetics.com\/de\/refund-policy\/\" \/>\n<meta property=\"og:site_name\" content=\"Apiro Cosmetics\" \/>\n<meta property=\"article:publisher\" content=\"https:\/\/www.facebook.com\/apirocosmetics\" \/>\n<meta property=\"article:modified_time\" content=\"2026-03-06T13:32:16+00:00\" \/>\n<meta property=\"og:image\" content=\"https:\/\/apirocosmetics.com\/wp-content\/uploads\/2026\/03\/Drink.jpg\" \/>\n\t<meta property=\"og:image:width\" content=\"1080\" \/>\n\t<meta property=\"og:image:height\" content=\"1350\" \/>\n\t<meta property=\"og:image:type\" content=\"image\/jpeg\" \/>\n<meta name=\"twitter:card\" content=\"summary_large_image\" \/>\n<script type=\"application\/ld+json\" class=\"yoast-schema-graph\">{\"@context\":\"https:\\\/\\\/schema.org\",\"@graph\":[{\"@type\":\"WebPage\",\"@id\":\"https:\\\/\\\/apirocosmetics.com\\\/de\\\/refund-policy\\\/\",\"url\":\"https:\\\/\\\/apirocosmetics.com\\\/de\\\/refund-policy\\\/\",\"name\":\"R\u00fcckerstattungs- und R\u00fcckgaberichtlinie - Apiro Cosmetics\",\"isPartOf\":{\"@id\":\"https:\\\/\\\/apirocosmetics.com\\\/#website\"},\"datePublished\":\"2024-09-27T06:12:39+00:00\",\"dateModified\":\"2026-03-06T13:32:16+00:00\",\"breadcrumb\":{\"@id\":\"https:\\\/\\\/apirocosmetics.com\\\/de\\\/refund-policy\\\/#breadcrumb\"},\"inLanguage\":\"de\",\"potentialAction\":[{\"@type\":\"ReadAction\",\"target\":[\"https:\\\/\\\/apirocosmetics.com\\\/de\\\/refund-policy\\\/\"]}]},{\"@type\":\"BreadcrumbList\",\"@id\":\"https:\\\/\\\/apirocosmetics.com\\\/de\\\/refund-policy\\\/#breadcrumb\",\"itemListElement\":[{\"@type\":\"ListItem\",\"position\":1,\"name\":\"\u0391\u03c1\u03c7\u03b9\u03ba\u03ae\",\"item\":\"https:\\\/\\\/apirocosmetics.com\\\/de\\\/\"},{\"@type\":\"ListItem\",\"position\":2,\"name\":\"R\u00fcckerstattungs- und R\u00fcckgaberichtlinie\"}]},{\"@type\":\"WebSite\",\"@id\":\"https:\\\/\\\/apirocosmetics.com\\\/#website\",\"url\":\"https:\\\/\\\/apirocosmetics.com\\\/\",\"name\":\"Apiro Cosmetics\",\"description\":\"Advanced Skincare \u03b3\u03b9\u03b1 \u0395\u03bd\u03c5\u03b4\u03ac\u03c4\u03c9\u03c3\u03b7, \u03a3\u03cd\u03c3\u03c6\u03b9\u03be\u03b7 &amp; \u0391\u03bd\u03c4\u03b9\u03b3\u03ae\u03c1\u03b1\u03bd\u03c3\u03b7\",\"alternateName\":\"apiroo cosmetics\",\"potentialAction\":[{\"@type\":\"SearchAction\",\"target\":{\"@type\":\"EntryPoint\",\"urlTemplate\":\"https:\\\/\\\/apirocosmetics.com\\\/?s={search_term_string}\"},\"query-input\":{\"@type\":\"PropertyValueSpecification\",\"valueRequired\":true,\"valueName\":\"search_term_string\"}}],\"inLanguage\":\"de\"}]}<\/script>\n<!-- \/ Yoast SEO Premium plugin. -->","yoast_head_json":{"title":"R\u00fcckerstattungs- und R\u00fcckgaberichtlinie - Apiro Cosmetics","robots":{"index":"index","follow":"follow","max-snippet":"max-snippet:-1","max-image-preview":"max-image-preview:large","max-video-preview":"max-video-preview:-1"},"canonical":"https:\/\/apirocosmetics.com\/de\/refund-policy\/","og_locale":"de_DE","og_type":"article","og_title":"R\u00fcckerstattungs- und R\u00fcckgaberichtlinie","og_description":"Richtlinie f\u00fcr R\u00fcckerstattungen &amp; R\u00fcckgaben Bitte nehmen Sie sich einen Moment Zeit, um unsere R\u00fcckerstattungsrichtlinie zu lesen. R\u00fcckgaberecht Das Unternehmen APIRO COSMETICS bietet \u00fcber seinen Online-Shop apirocosmetics.com die M\u00f6glichkeit, Produkte unter den folgenden Bedingungen zur\u00fcckzugeben. Widerrufsrecht Der Kunde hat das Recht, ein Produkt innerhalb von 14 Kalendertagen nach Erhalt der Ware zur\u00fcckzugeben. Voraussetzungen f\u00fcr eine [&hellip;]","og_url":"https:\/\/apirocosmetics.com\/de\/refund-policy\/","og_site_name":"Apiro Cosmetics","article_publisher":"https:\/\/www.facebook.com\/apirocosmetics","article_modified_time":"2026-03-06T13:32:16+00:00","og_image":[{"width":1080,"height":1350,"url":"https:\/\/apirocosmetics.com\/wp-content\/uploads\/2026\/03\/Drink.jpg","type":"image\/jpeg"}],"twitter_card":"summary_large_image","schema":{"@context":"https:\/\/schema.org","@graph":[{"@type":"WebPage","@id":"https:\/\/apirocosmetics.com\/de\/refund-policy\/","url":"https:\/\/apirocosmetics.com\/de\/refund-policy\/","name":"R\u00fcckerstattungs- und R\u00fcckgaberichtlinie - Apiro Cosmetics","isPartOf":{"@id":"https:\/\/apirocosmetics.com\/#website"},"datePublished":"2024-09-27T06:12:39+00:00","dateModified":"2026-03-06T13:32:16+00:00","breadcrumb":{"@id":"https:\/\/apirocosmetics.com\/de\/refund-policy\/#breadcrumb"},"inLanguage":"de","potentialAction":[{"@type":"ReadAction","target":["https:\/\/apirocosmetics.com\/de\/refund-policy\/"]}]},{"@type":"BreadcrumbList","@id":"https:\/\/apirocosmetics.com\/de\/refund-policy\/#breadcrumb","itemListElement":[{"@type":"ListItem","position":1,"name":"\u0391\u03c1\u03c7\u03b9\u03ba\u03ae","item":"https:\/\/apirocosmetics.com\/de\/"},{"@type":"ListItem","position":2,"name":"R\u00fcckerstattungs- und R\u00fcckgaberichtlinie"}]},{"@type":"WebSite","@id":"https:\/\/apirocosmetics.com\/#website","url":"https:\/\/apirocosmetics.com\/","name":"Apiro Cosmetics","description":"Advanced Skincare \u03b3\u03b9\u03b1 \u0395\u03bd\u03c5\u03b4\u03ac\u03c4\u03c9\u03c3\u03b7, \u03a3\u03cd\u03c3\u03c6\u03b9\u03be\u03b7 &amp; \u0391\u03bd\u03c4\u03b9\u03b3\u03ae\u03c1\u03b1\u03bd\u03c3\u03b7","alternateName":"apiroo cosmetics","potentialAction":[{"@type":"SearchAction","target":{"@type":"EntryPoint","urlTemplate":"https:\/\/apirocosmetics.com\/?s={search_term_string}"},"query-input":{"@type":"PropertyValueSpecification","valueRequired":true,"valueName":"search_term_string"}}],"inLanguage":"de"}]}},"_links":{"self":[{"href":"https:\/\/apirocosmetics.com\/de\/wp-json\/wp\/v2\/pages\/4035","targetHints":{"allow":["GET"]}}],"collection":[{"href":"https:\/\/apirocosmetics.com\/de\/wp-json\/wp\/v2\/pages"}],"about":[{"href":"https:\/\/apirocosmetics.com\/de\/wp-json\/wp\/v2\/types\/page"}],"author":[{"embeddable":true,"href":"https:\/\/apirocosmetics.com\/de\/wp-json\/wp\/v2\/users\/1"}],"replies":[{"embeddable":true,"href":"https:\/\/apirocosmetics.com\/de\/wp-json\/wp\/v2\/comments?post=4035"}],"version-history":[{"count":10,"href":"https:\/\/apirocosmetics.com\/de\/wp-json\/wp\/v2\/pages\/4035\/revisions"}],"predecessor-version":[{"id":5502,"href":"https:\/\/apirocosmetics.com\/de\/wp-json\/wp\/v2\/pages\/4035\/revisions\/5502"}],"wp:attachment":[{"href":"https:\/\/apirocosmetics.com\/de\/wp-json\/wp\/v2\/media?parent=4035"}],"curies":[{"name":"wp","href":"https:\/\/api.w.org\/{rel}","templated":true}]}}