{"id":5464,"date":"2026-03-06T15:27:13","date_gmt":"2026-03-06T12:27:13","guid":{"rendered":"https:\/\/apirocosmetics.com\/?page_id=5464"},"modified":"2026-03-06T15:54:29","modified_gmt":"2026-03-06T12:54:29","slug":"nutzungsbedingungen","status":"publish","type":"page","link":"https:\/\/apirocosmetics.com\/de\/nutzungsbedingungen\/","title":{"rendered":"Nutzungsbedingungen"},"content":{"rendered":"<h4 data-section-id=\"ovzqoj\" data-start=\"260\" data-end=\"291\">1. Unternehmensinformationen<\/h4>\n<p data-start=\"292\" data-end=\"463\">Die Website <strong data-start=\"304\" data-end=\"326\">apirocosmetics.com<\/strong> ist der Online-Shop des Unternehmens <strong data-start=\"364\" data-end=\"383\">APIRO COSMETICS<\/strong>, \u00fcber den kosmetische Produkte und Pflegeprodukte zum Verkauf angeboten werden.<\/p>\n<p data-start=\"465\" data-end=\"483\">Unternehmensdaten:<\/p>\n<p data-start=\"485\" data-end=\"704\">Firmenname: <strong data-start=\"497\" data-end=\"516\">APIRO COSMETICS<\/strong><br data-start=\"516\" data-end=\"519\" \/>Gesch\u00e4ftsanschrift: <strong data-start=\"539\" data-end=\"584\">Athamantos 12, Athen, 11853, Griechenland<\/strong><br data-start=\"584\" data-end=\"587\" \/>USt-IdNr.: <strong data-start=\"598\" data-end=\"611\">802408709<\/strong><br data-start=\"611\" data-end=\"614\" \/>GEMI (Allgemeines Handelsregister): <strong data-start=\"650\" data-end=\"666\">175835603000<\/strong><br data-start=\"666\" data-end=\"669\" \/>E-Mail: <strong data-start=\"677\" data-end=\"704\"><a class=\"decorated-link cursor-pointer\" rel=\"noopener\" data-start=\"679\" data-end=\"702\">info@apirocosmetics.com<\/a><\/strong><\/p>\n<p data-start=\"706\" data-end=\"837\">Die Nutzung der Website und ihrer Dienste setzt die vollst\u00e4ndige und vorbehaltlose Zustimmung zu diesen Nutzungsbedingungen voraus.<\/p>\n<hr data-start=\"839\" data-end=\"842\" \/>\n<h4 data-section-id=\"m1zix0\" data-start=\"844\" data-end=\"872\">2. Allgemeine Bedingungen<\/h4>\n<p data-start=\"873\" data-end=\"1088\">Das Unternehmen beh\u00e4lt sich das Recht vor, diese Nutzungsbedingungen jederzeit gem\u00e4\u00df der geltenden Gesetzgebung zu \u00e4ndern oder zu aktualisieren. \u00c4nderungen treten mit ihrer Ver\u00f6ffentlichung auf der Website in Kraft.<\/p>\n<p data-start=\"1090\" data-end=\"1226\">Die Nutzer der Website sind verpflichtet, diese in \u00dcbereinstimmung mit dem Gesetz, den guten Sitten und diesen Bedingungen zu verwenden.<\/p>\n<hr data-start=\"1228\" data-end=\"1231\" \/>\n<h4 data-section-id=\"1f5b5lo\" data-start=\"1233\" data-end=\"1259\">3. Produktinformationen<\/h4>\n<p data-start=\"1260\" data-end=\"1445\">Das Unternehmen bem\u00fcht sich, sicherzustellen, dass die auf der Website bereitgestellten Informationen \u00fcber Produkte (Beschreibungen, Eigenschaften, Preise) vollst\u00e4ndig und korrekt sind.<\/p>\n<p data-start=\"1447\" data-end=\"1546\">Das Unternehmen \u00fcbernimmt jedoch keine Haftung f\u00fcr eventuelle technische oder typografische Fehler.<\/p>\n<hr data-start=\"1548\" data-end=\"1551\" \/>\n<h4 data-section-id=\"1rfqodg\" data-start=\"1553\" data-end=\"1572\">4. Produktpreise<\/h4>\n<p data-start=\"1573\" data-end=\"1663\">Alle Preise werden in Euro (\u20ac) angegeben und enthalten die jeweils g\u00fcltige Mehrwertsteuer.<\/p>\n<p data-start=\"1665\" data-end=\"1752\">Das Unternehmen beh\u00e4lt sich das Recht vor, Preise ohne vorherige Ank\u00fcndigung zu \u00e4ndern.<\/p>\n<hr data-start=\"1754\" data-end=\"1757\" \/>\n<h4 data-section-id=\"1g6r0f3\" data-start=\"1759\" data-end=\"1779\">5. Bestellvorgang<\/h4>\n<p data-start=\"1780\" data-end=\"1853\">Bestellungen werden \u00fcber die Website <strong data-start=\"1817\" data-end=\"1839\">apirocosmetics.com<\/strong> durchgef\u00fchrt.<\/p>\n<p data-start=\"1855\" data-end=\"1980\">Eine Bestellung gilt als abgeschlossen, sobald der Kunde eine Bestellbest\u00e4tigung per E-Mail an die angegebene Adresse erh\u00e4lt.<\/p>\n<p data-start=\"1982\" data-end=\"2091\">Das Unternehmen beh\u00e4lt sich das Recht vor, eine Bestellung zu stornieren oder abzulehnen, beispielsweise bei:<\/p>\n<ul data-start=\"2093\" data-end=\"2180\">\n<li data-section-id=\"1ly2fuy\" data-start=\"2093\" data-end=\"2130\">\n<p data-start=\"2095\" data-end=\"2130\">Nichtverf\u00fcgbarkeit eines Produkts<\/p>\n<\/li>\n<li data-section-id=\"ila7ae\" data-start=\"2131\" data-end=\"2156\">\n<p data-start=\"2133\" data-end=\"2156\">technischen Problemen<\/p>\n<\/li>\n<li data-section-id=\"1cc3xo1\" data-start=\"2157\" data-end=\"2180\">\n<p data-start=\"2159\" data-end=\"2180\">falscher Preisangabe.<\/p>\n<\/li>\n<\/ul>\n<hr data-start=\"2182\" data-end=\"2185\" \/>\n<h4 data-section-id=\"7bwr09\" data-start=\"2187\" data-end=\"2209\">6. Zahlungsmethoden<\/h4>\n<p data-start=\"2210\" data-end=\"2308\">Die verf\u00fcgbaren Zahlungsmethoden werden w\u00e4hrend des Bestellvorgangs angezeigt und k\u00f6nnen umfassen:<\/p>\n<ul data-start=\"2310\" data-end=\"2381\">\n<li data-section-id=\"yt55cf\" data-start=\"2310\" data-end=\"2349\">\n<p data-start=\"2312\" data-end=\"2349\">Zahlung per Kredit- oder Debitkarte<\/p>\n<\/li>\n<li data-section-id=\"1stunk3\" data-start=\"2350\" data-end=\"2363\">\n<p data-start=\"2352\" data-end=\"2363\">Nachnahme<\/p>\n<\/li>\n<li data-section-id=\"1fxrto3\" data-start=\"2364\" data-end=\"2381\">\n<p data-start=\"2366\" data-end=\"2381\">Bank\u00fcberweisung<\/p>\n<\/li>\n<\/ul>\n<p data-start=\"2383\" data-end=\"2469\">Das Unternehmen beh\u00e4lt sich das Recht vor, die verf\u00fcgbaren Zahlungsmethoden zu \u00e4ndern.<\/p>\n<hr data-start=\"2471\" data-end=\"2474\" \/>\n<h4 data-section-id=\"1mlpch1\" data-start=\"2476\" data-end=\"2489\">7. Versand<\/h4>\n<p data-start=\"2490\" data-end=\"2597\">Die Lieferung der Produkte erfolgt an die Adresse, die der Kunde w\u00e4hrend des Bestellvorgangs angegeben hat.<\/p>\n<p data-start=\"2599\" data-end=\"2672\">Die Lieferzeit kann je nach Lieferort und Produktverf\u00fcgbarkeit variieren.<\/p>\n<hr data-start=\"2674\" data-end=\"2677\" \/>\n<h4 data-section-id=\"8z6w04\" data-start=\"2679\" data-end=\"2699\">8. Widerrufsrecht<\/h4>\n<p data-start=\"2700\" data-end=\"2813\">Der Verbraucher hat das Recht, das Produkt innerhalb von <strong data-start=\"2757\" data-end=\"2798\">14 Kalendertagen nach Erhalt der Ware<\/strong> zur\u00fcckzugeben.<\/p>\n<p data-start=\"2815\" data-end=\"2918\">Bei versiegelten Produkten wird eine R\u00fcckgabe nur akzeptiert, wenn <strong data-start=\"2882\" data-end=\"2917\">das Siegel nicht entfernt wurde<\/strong>.<\/p>\n<hr data-start=\"2920\" data-end=\"2923\" \/>\n<h4 data-section-id=\"e7ml00\" data-start=\"2925\" data-end=\"2964\">9. Fehlerhafte oder falsche Produkte<\/h4>\n<p data-start=\"2965\" data-end=\"3117\">Im Falle eines fehlerhaften oder falsch gelieferten Produkts hat der Kunde Anspruch auf <strong data-start=\"3053\" data-end=\"3116\">Ersatzlieferung oder R\u00fcckerstattung ohne zus\u00e4tzliche Kosten<\/strong>.<\/p>\n<hr data-start=\"3119\" data-end=\"3122\" \/>\n<h4 data-section-id=\"zg07vo\" data-start=\"3124\" data-end=\"3161\">10. Schutz personenbezogener Daten<\/h4>\n<p data-start=\"3162\" data-end=\"3586\">Die Verarbeitung personenbezogener Daten erfolgt gem\u00e4\u00df den Bestimmungen der <strong data-start=\"3238\" data-end=\"3286\">Datenschutz-Grundverordnung (DSGVO 2016\/679)<\/strong>, der geltenden nationalen und europ\u00e4ischen Gesetzgebung sowie der griechischen Gesetzgebung zum Schutz personenbezogener Daten und zum Schutz der Privatsph\u00e4re im Bereich der elektronischen Kommunikation (Gesetz 3471\/2006, jeweils g\u00fcltig) sowie den Entscheidungen der Hellenischen Datenschutzbeh\u00f6rde.<\/p>\n<hr data-start=\"3588\" data-end=\"3591\" \/>\n<h4 data-section-id=\"1uquxft\" data-start=\"3593\" data-end=\"3628\">11. Sicherheit der Transaktionen<\/h4>\n<p data-start=\"3629\" data-end=\"3742\">Das Unternehmen erkennt die Bedeutung der Sicherheit personenbezogener Daten und elektronischer Transaktionen an.<\/p>\n<p data-start=\"3744\" data-end=\"3849\">Zur sicheren \u00dcbertragung von Daten verwendet die Website das <strong data-start=\"3805\" data-end=\"3848\">SSL-Verschl\u00fcsselungsprotokoll (256-Bit)<\/strong>.<\/p>\n<hr data-start=\"3851\" data-end=\"3854\" \/>\n<h4 data-section-id=\"tqxu40\" data-start=\"3856\" data-end=\"3881\">12. Geistiges Eigentum<\/h4>\n<p data-start=\"3882\" data-end=\"4074\">Alle Inhalte der Website, einschlie\u00dflich Texte, Bilder, Grafiken, Logos und Software, sind geistiges Eigentum des Unternehmens und durch das griechische und europ\u00e4ische Urheberrecht gesch\u00fctzt.<\/p>\n<p data-start=\"4076\" data-end=\"4169\">Jegliche Vervielf\u00e4ltigung oder Nutzung ohne vorherige schriftliche Genehmigung ist untersagt.<\/p>\n<hr data-start=\"4171\" data-end=\"4174\" \/>\n<h4 data-section-id=\"39rjx8\" data-start=\"4176\" data-end=\"4198\">13. Verhaltenskodex<\/h4>\n<p data-start=\"4199\" data-end=\"4306\">Der Betrieb des Online-Shops erfolgt gem\u00e4\u00df dem geltenden <strong data-start=\"4256\" data-end=\"4305\">Verhaltenskodex f\u00fcr den elektronischen Handel<\/strong>.<\/p>\n<hr data-start=\"4308\" data-end=\"4311\" \/>\n<h4 data-section-id=\"5tsgja\" data-start=\"4313\" data-end=\"4337\">14. Anwendbares Recht<\/h4>\n<p data-start=\"4338\" data-end=\"4399\">Diese Nutzungsbedingungen unterliegen dem griechischen Recht.<\/p>\n<p data-start=\"4401\" data-end=\"4526\">F\u00fcr alle Streitigkeiten, die sich aus der Nutzung der Website ergeben, sind die zust\u00e4ndigen Gerichte Griechenlands zust\u00e4ndig.<\/p>\n<h3 data-section-id=\"dn4yb7\" data-start=\"947\" data-end=\"966\">Verhaltenskodex<\/h3>\n<p data-start=\"968\" data-end=\"1098\">Der Betrieb des Online-Shops <strong data-start=\"997\" data-end=\"1019\">apirocosmetics.com<\/strong> erfolgt gem\u00e4\u00df dem geltenden <strong data-start=\"1048\" data-end=\"1097\">Verhaltenskodex f\u00fcr den elektronischen Handel<\/strong>.<\/p>\n<p data-start=\"1100\" data-end=\"1231\">Weitere Informationen zum Verhaltenskodex finden Sie unter folgendem Link:<br data-start=\"1174\" data-end=\"1177\" \/><a class=\"decorated-link cursor-pointer\" target=\"_new\" rel=\"noopener\" data-start=\"1177\" data-end=\"1231\">https:\/\/www.greekecommerce.gr\/gr\/kodikas-deontologias\/<\/a><\/p>\n","protected":false},"excerpt":{"rendered":"<p>1. Unternehmensinformationen Die Website apirocosmetics.com ist der Online-Shop des Unternehmens APIRO COSMETICS, \u00fcber den kosmetische Produkte und Pflegeprodukte zum Verkauf angeboten werden. Unternehmensdaten: Firmenname: APIRO COSMETICSGesch\u00e4ftsanschrift: Athamantos 12, Athen, 11853, GriechenlandUSt-IdNr.: 802408709GEMI (Allgemeines Handelsregister): 175835603000E-Mail: info@apirocosmetics.com Die Nutzung der Website und ihrer Dienste setzt die vollst\u00e4ndige und vorbehaltlose Zustimmung zu diesen Nutzungsbedingungen voraus. 2. Allgemeine [&hellip;]<\/p>\n","protected":false},"author":3,"featured_media":0,"parent":0,"menu_order":0,"comment_status":"closed","ping_status":"closed","template":"","meta":{"_acf_changed":false,"footnotes":""},"class_list":["post-5464","page","type-page","status-publish","hentry"],"acf":[],"yoast_head":"<!-- This site is optimized with the Yoast SEO Premium plugin v27.4 (Yoast SEO v27.4) - https:\/\/yoast.com\/product\/yoast-seo-premium-wordpress\/ -->\n<title>Nutzungsbedingungen - Apiro Cosmetics<\/title>\n<meta name=\"robots\" content=\"index, follow, max-snippet:-1, max-image-preview:large, max-video-preview:-1\" \/>\n<link rel=\"canonical\" href=\"https:\/\/apirocosmetics.com\/de\/nutzungsbedingungen\/\" \/>\n<meta property=\"og:locale\" content=\"de_DE\" \/>\n<meta property=\"og:type\" content=\"article\" \/>\n<meta property=\"og:title\" content=\"Nutzungsbedingungen\" \/>\n<meta property=\"og:description\" content=\"1. Unternehmensinformationen Die Website apirocosmetics.com ist der Online-Shop des Unternehmens APIRO COSMETICS, \u00fcber den kosmetische Produkte und Pflegeprodukte zum Verkauf angeboten werden. Unternehmensdaten: Firmenname: APIRO COSMETICSGesch\u00e4ftsanschrift: Athamantos 12, Athen, 11853, GriechenlandUSt-IdNr.: 802408709GEMI (Allgemeines Handelsregister): 175835603000E-Mail: info@apirocosmetics.com Die Nutzung der Website und ihrer Dienste setzt die vollst\u00e4ndige und vorbehaltlose Zustimmung zu diesen Nutzungsbedingungen voraus. 2. Allgemeine [&hellip;]\" \/>\n<meta property=\"og:url\" content=\"https:\/\/apirocosmetics.com\/de\/nutzungsbedingungen\/\" \/>\n<meta property=\"og:site_name\" content=\"Apiro Cosmetics\" \/>\n<meta property=\"article:publisher\" content=\"https:\/\/www.facebook.com\/apirocosmetics\" \/>\n<meta property=\"article:modified_time\" content=\"2026-03-06T12:54:29+00:00\" \/>\n<meta property=\"og:image\" content=\"https:\/\/apirocosmetics.com\/wp-content\/uploads\/2026\/03\/Drink.jpg\" \/>\n\t<meta property=\"og:image:width\" content=\"1080\" \/>\n\t<meta property=\"og:image:height\" content=\"1350\" \/>\n\t<meta property=\"og:image:type\" content=\"image\/jpeg\" \/>\n<meta name=\"twitter:card\" content=\"summary_large_image\" \/>\n<script type=\"application\/ld+json\" class=\"yoast-schema-graph\">{\"@context\":\"https:\\\/\\\/schema.org\",\"@graph\":[{\"@type\":\"WebPage\",\"@id\":\"https:\\\/\\\/apirocosmetics.com\\\/de\\\/nutzungsbedingungen\\\/\",\"url\":\"https:\\\/\\\/apirocosmetics.com\\\/de\\\/nutzungsbedingungen\\\/\",\"name\":\"Nutzungsbedingungen - Apiro Cosmetics\",\"isPartOf\":{\"@id\":\"https:\\\/\\\/apirocosmetics.com\\\/#website\"},\"datePublished\":\"2026-03-06T12:27:13+00:00\",\"dateModified\":\"2026-03-06T12:54:29+00:00\",\"breadcrumb\":{\"@id\":\"https:\\\/\\\/apirocosmetics.com\\\/de\\\/nutzungsbedingungen\\\/#breadcrumb\"},\"inLanguage\":\"de\",\"potentialAction\":[{\"@type\":\"ReadAction\",\"target\":[\"https:\\\/\\\/apirocosmetics.com\\\/de\\\/nutzungsbedingungen\\\/\"]}]},{\"@type\":\"BreadcrumbList\",\"@id\":\"https:\\\/\\\/apirocosmetics.com\\\/de\\\/nutzungsbedingungen\\\/#breadcrumb\",\"itemListElement\":[{\"@type\":\"ListItem\",\"position\":1,\"name\":\"\u0391\u03c1\u03c7\u03b9\u03ba\u03ae\",\"item\":\"https:\\\/\\\/apirocosmetics.com\\\/de\\\/\"},{\"@type\":\"ListItem\",\"position\":2,\"name\":\"Nutzungsbedingungen\"}]},{\"@type\":\"WebSite\",\"@id\":\"https:\\\/\\\/apirocosmetics.com\\\/#website\",\"url\":\"https:\\\/\\\/apirocosmetics.com\\\/\",\"name\":\"Apiro Cosmetics\",\"description\":\"Advanced Skincare \u03b3\u03b9\u03b1 \u0395\u03bd\u03c5\u03b4\u03ac\u03c4\u03c9\u03c3\u03b7, \u03a3\u03cd\u03c3\u03c6\u03b9\u03be\u03b7 &amp; \u0391\u03bd\u03c4\u03b9\u03b3\u03ae\u03c1\u03b1\u03bd\u03c3\u03b7\",\"alternateName\":\"apiroo cosmetics\",\"potentialAction\":[{\"@type\":\"SearchAction\",\"target\":{\"@type\":\"EntryPoint\",\"urlTemplate\":\"https:\\\/\\\/apirocosmetics.com\\\/?s={search_term_string}\"},\"query-input\":{\"@type\":\"PropertyValueSpecification\",\"valueRequired\":true,\"valueName\":\"search_term_string\"}}],\"inLanguage\":\"de\"}]}<\/script>\n<!-- \/ Yoast SEO Premium plugin. -->","yoast_head_json":{"title":"Nutzungsbedingungen - Apiro Cosmetics","robots":{"index":"index","follow":"follow","max-snippet":"max-snippet:-1","max-image-preview":"max-image-preview:large","max-video-preview":"max-video-preview:-1"},"canonical":"https:\/\/apirocosmetics.com\/de\/nutzungsbedingungen\/","og_locale":"de_DE","og_type":"article","og_title":"Nutzungsbedingungen","og_description":"1. Unternehmensinformationen Die Website apirocosmetics.com ist der Online-Shop des Unternehmens APIRO COSMETICS, \u00fcber den kosmetische Produkte und Pflegeprodukte zum Verkauf angeboten werden. Unternehmensdaten: Firmenname: APIRO COSMETICSGesch\u00e4ftsanschrift: Athamantos 12, Athen, 11853, GriechenlandUSt-IdNr.: 802408709GEMI (Allgemeines Handelsregister): 175835603000E-Mail: info@apirocosmetics.com Die Nutzung der Website und ihrer Dienste setzt die vollst\u00e4ndige und vorbehaltlose Zustimmung zu diesen Nutzungsbedingungen voraus. 2. Allgemeine [&hellip;]","og_url":"https:\/\/apirocosmetics.com\/de\/nutzungsbedingungen\/","og_site_name":"Apiro Cosmetics","article_publisher":"https:\/\/www.facebook.com\/apirocosmetics","article_modified_time":"2026-03-06T12:54:29+00:00","og_image":[{"width":1080,"height":1350,"url":"https:\/\/apirocosmetics.com\/wp-content\/uploads\/2026\/03\/Drink.jpg","type":"image\/jpeg"}],"twitter_card":"summary_large_image","schema":{"@context":"https:\/\/schema.org","@graph":[{"@type":"WebPage","@id":"https:\/\/apirocosmetics.com\/de\/nutzungsbedingungen\/","url":"https:\/\/apirocosmetics.com\/de\/nutzungsbedingungen\/","name":"Nutzungsbedingungen - Apiro Cosmetics","isPartOf":{"@id":"https:\/\/apirocosmetics.com\/#website"},"datePublished":"2026-03-06T12:27:13+00:00","dateModified":"2026-03-06T12:54:29+00:00","breadcrumb":{"@id":"https:\/\/apirocosmetics.com\/de\/nutzungsbedingungen\/#breadcrumb"},"inLanguage":"de","potentialAction":[{"@type":"ReadAction","target":["https:\/\/apirocosmetics.com\/de\/nutzungsbedingungen\/"]}]},{"@type":"BreadcrumbList","@id":"https:\/\/apirocosmetics.com\/de\/nutzungsbedingungen\/#breadcrumb","itemListElement":[{"@type":"ListItem","position":1,"name":"\u0391\u03c1\u03c7\u03b9\u03ba\u03ae","item":"https:\/\/apirocosmetics.com\/de\/"},{"@type":"ListItem","position":2,"name":"Nutzungsbedingungen"}]},{"@type":"WebSite","@id":"https:\/\/apirocosmetics.com\/#website","url":"https:\/\/apirocosmetics.com\/","name":"Apiro Cosmetics","description":"Advanced Skincare \u03b3\u03b9\u03b1 \u0395\u03bd\u03c5\u03b4\u03ac\u03c4\u03c9\u03c3\u03b7, \u03a3\u03cd\u03c3\u03c6\u03b9\u03be\u03b7 &amp; \u0391\u03bd\u03c4\u03b9\u03b3\u03ae\u03c1\u03b1\u03bd\u03c3\u03b7","alternateName":"apiroo cosmetics","potentialAction":[{"@type":"SearchAction","target":{"@type":"EntryPoint","urlTemplate":"https:\/\/apirocosmetics.com\/?s={search_term_string}"},"query-input":{"@type":"PropertyValueSpecification","valueRequired":true,"valueName":"search_term_string"}}],"inLanguage":"de"}]}},"_links":{"self":[{"href":"https:\/\/apirocosmetics.com\/de\/wp-json\/wp\/v2\/pages\/5464","targetHints":{"allow":["GET"]}}],"collection":[{"href":"https:\/\/apirocosmetics.com\/de\/wp-json\/wp\/v2\/pages"}],"about":[{"href":"https:\/\/apirocosmetics.com\/de\/wp-json\/wp\/v2\/types\/page"}],"author":[{"embeddable":true,"href":"https:\/\/apirocosmetics.com\/de\/wp-json\/wp\/v2\/users\/3"}],"replies":[{"embeddable":true,"href":"https:\/\/apirocosmetics.com\/de\/wp-json\/wp\/v2\/comments?post=5464"}],"version-history":[{"count":2,"href":"https:\/\/apirocosmetics.com\/de\/wp-json\/wp\/v2\/pages\/5464\/revisions"}],"predecessor-version":[{"id":5477,"href":"https:\/\/apirocosmetics.com\/de\/wp-json\/wp\/v2\/pages\/5464\/revisions\/5477"}],"wp:attachment":[{"href":"https:\/\/apirocosmetics.com\/de\/wp-json\/wp\/v2\/media?parent=5464"}],"curies":[{"name":"wp","href":"https:\/\/api.w.org\/{rel}","templated":true}]}}