{"id":5514,"date":"2026-03-06T16:40:03","date_gmt":"2026-03-06T13:40:03","guid":{"rendered":"https:\/\/apirocosmetics.com\/?page_id=5514"},"modified":"2026-03-06T16:46:57","modified_gmt":"2026-03-06T13:46:57","slug":"transaktionssicherheit-ssl","status":"publish","type":"page","link":"https:\/\/apirocosmetics.com\/de\/transaktionssicherheit-ssl\/","title":{"rendered":"Transaktionssicherheit \u2013 SSL"},"content":{"rendered":"<p data-start=\"1443\" data-end=\"1713\">Das Unternehmen <strong data-start=\"1459\" data-end=\"1478\">APIRO COSMETICS<\/strong> erkennt die Bedeutung der Sicherheit personenbezogener Daten und elektronischer Transaktionen an und ergreift alle notwendigen Ma\u00dfnahmen mit modernen und fortschrittlichen Technologien, um ein H\u00f6chstma\u00df an Sicherheit zu gew\u00e4hrleisten.<\/p>\n<p data-start=\"1715\" data-end=\"1833\">Alle Informationen, die sich auf pers\u00f6nliche Daten und Transaktionen der Nutzer beziehen, sind sicher und vertraulich.<\/p>\n<p data-start=\"1835\" data-end=\"1962\">Zur sicheren Daten\u00fcbertragung verwendet der Online-Shop <strong data-start=\"1891\" data-end=\"1913\">apirocosmetics.com<\/strong> das <strong data-start=\"1918\" data-end=\"1961\">SSL-Verschl\u00fcsselungsprotokoll (256-Bit)<\/strong><\/p>\n","protected":false},"excerpt":{"rendered":"<p>Das Unternehmen APIRO COSMETICS erkennt die Bedeutung der Sicherheit personenbezogener Daten und elektronischer Transaktionen an und ergreift alle notwendigen Ma\u00dfnahmen mit modernen und fortschrittlichen Technologien, um ein H\u00f6chstma\u00df an Sicherheit zu gew\u00e4hrleisten. Alle Informationen, die sich auf pers\u00f6nliche Daten und Transaktionen der Nutzer beziehen, sind sicher und vertraulich. Zur sicheren Daten\u00fcbertragung verwendet der Online-Shop apirocosmetics.com [&hellip;]<\/p>\n","protected":false},"author":3,"featured_media":0,"parent":0,"menu_order":0,"comment_status":"closed","ping_status":"closed","template":"","meta":{"_acf_changed":false,"footnotes":""},"class_list":["post-5514","page","type-page","status-publish","hentry"],"acf":[],"yoast_head":"<!-- This site is optimized with the Yoast SEO Premium plugin v27.4 (Yoast SEO v27.4) - https:\/\/yoast.com\/product\/yoast-seo-premium-wordpress\/ -->\n<title>Transaktionssicherheit \u2013 SSL - Apiro Cosmetics<\/title>\n<meta name=\"robots\" content=\"index, follow, max-snippet:-1, max-image-preview:large, max-video-preview:-1\" \/>\n<link rel=\"canonical\" href=\"https:\/\/apirocosmetics.com\/de\/transaktionssicherheit-ssl\/\" \/>\n<meta property=\"og:locale\" content=\"de_DE\" \/>\n<meta property=\"og:type\" content=\"article\" \/>\n<meta property=\"og:title\" content=\"Transaktionssicherheit \u2013 SSL\" \/>\n<meta property=\"og:description\" content=\"Das Unternehmen APIRO COSMETICS erkennt die Bedeutung der Sicherheit personenbezogener Daten und elektronischer Transaktionen an und ergreift alle notwendigen Ma\u00dfnahmen mit modernen und fortschrittlichen Technologien, um ein H\u00f6chstma\u00df an Sicherheit zu gew\u00e4hrleisten. Alle Informationen, die sich auf pers\u00f6nliche Daten und Transaktionen der Nutzer beziehen, sind sicher und vertraulich. Zur sicheren Daten\u00fcbertragung verwendet der Online-Shop apirocosmetics.com [&hellip;]\" \/>\n<meta property=\"og:url\" content=\"https:\/\/apirocosmetics.com\/de\/transaktionssicherheit-ssl\/\" \/>\n<meta property=\"og:site_name\" content=\"Apiro Cosmetics\" \/>\n<meta property=\"article:publisher\" content=\"https:\/\/www.facebook.com\/apirocosmetics\" \/>\n<meta property=\"article:modified_time\" content=\"2026-03-06T13:46:57+00:00\" \/>\n<meta property=\"og:image\" content=\"https:\/\/apirocosmetics.com\/wp-content\/uploads\/2026\/03\/Drink.jpg\" \/>\n\t<meta property=\"og:image:width\" content=\"1080\" \/>\n\t<meta property=\"og:image:height\" content=\"1350\" \/>\n\t<meta property=\"og:image:type\" content=\"image\/jpeg\" \/>\n<meta name=\"twitter:card\" content=\"summary_large_image\" \/>\n<script type=\"application\/ld+json\" class=\"yoast-schema-graph\">{\"@context\":\"https:\\\/\\\/schema.org\",\"@graph\":[{\"@type\":\"WebPage\",\"@id\":\"https:\\\/\\\/apirocosmetics.com\\\/de\\\/transaktionssicherheit-ssl\\\/\",\"url\":\"https:\\\/\\\/apirocosmetics.com\\\/de\\\/transaktionssicherheit-ssl\\\/\",\"name\":\"Transaktionssicherheit \u2013 SSL - Apiro Cosmetics\",\"isPartOf\":{\"@id\":\"https:\\\/\\\/apirocosmetics.com\\\/#website\"},\"datePublished\":\"2026-03-06T13:40:03+00:00\",\"dateModified\":\"2026-03-06T13:46:57+00:00\",\"breadcrumb\":{\"@id\":\"https:\\\/\\\/apirocosmetics.com\\\/de\\\/transaktionssicherheit-ssl\\\/#breadcrumb\"},\"inLanguage\":\"de\",\"potentialAction\":[{\"@type\":\"ReadAction\",\"target\":[\"https:\\\/\\\/apirocosmetics.com\\\/de\\\/transaktionssicherheit-ssl\\\/\"]}]},{\"@type\":\"BreadcrumbList\",\"@id\":\"https:\\\/\\\/apirocosmetics.com\\\/de\\\/transaktionssicherheit-ssl\\\/#breadcrumb\",\"itemListElement\":[{\"@type\":\"ListItem\",\"position\":1,\"name\":\"\u0391\u03c1\u03c7\u03b9\u03ba\u03ae\",\"item\":\"https:\\\/\\\/apirocosmetics.com\\\/de\\\/\"},{\"@type\":\"ListItem\",\"position\":2,\"name\":\"Transaktionssicherheit \u2013 SSL\"}]},{\"@type\":\"WebSite\",\"@id\":\"https:\\\/\\\/apirocosmetics.com\\\/#website\",\"url\":\"https:\\\/\\\/apirocosmetics.com\\\/\",\"name\":\"Apiro Cosmetics\",\"description\":\"Advanced Skincare \u03b3\u03b9\u03b1 \u0395\u03bd\u03c5\u03b4\u03ac\u03c4\u03c9\u03c3\u03b7, \u03a3\u03cd\u03c3\u03c6\u03b9\u03be\u03b7 &amp; \u0391\u03bd\u03c4\u03b9\u03b3\u03ae\u03c1\u03b1\u03bd\u03c3\u03b7\",\"alternateName\":\"apiroo cosmetics\",\"potentialAction\":[{\"@type\":\"SearchAction\",\"target\":{\"@type\":\"EntryPoint\",\"urlTemplate\":\"https:\\\/\\\/apirocosmetics.com\\\/?s={search_term_string}\"},\"query-input\":{\"@type\":\"PropertyValueSpecification\",\"valueRequired\":true,\"valueName\":\"search_term_string\"}}],\"inLanguage\":\"de\"}]}<\/script>\n<!-- \/ Yoast SEO Premium plugin. -->","yoast_head_json":{"title":"Transaktionssicherheit \u2013 SSL - Apiro Cosmetics","robots":{"index":"index","follow":"follow","max-snippet":"max-snippet:-1","max-image-preview":"max-image-preview:large","max-video-preview":"max-video-preview:-1"},"canonical":"https:\/\/apirocosmetics.com\/de\/transaktionssicherheit-ssl\/","og_locale":"de_DE","og_type":"article","og_title":"Transaktionssicherheit \u2013 SSL","og_description":"Das Unternehmen APIRO COSMETICS erkennt die Bedeutung der Sicherheit personenbezogener Daten und elektronischer Transaktionen an und ergreift alle notwendigen Ma\u00dfnahmen mit modernen und fortschrittlichen Technologien, um ein H\u00f6chstma\u00df an Sicherheit zu gew\u00e4hrleisten. Alle Informationen, die sich auf pers\u00f6nliche Daten und Transaktionen der Nutzer beziehen, sind sicher und vertraulich. Zur sicheren Daten\u00fcbertragung verwendet der Online-Shop apirocosmetics.com [&hellip;]","og_url":"https:\/\/apirocosmetics.com\/de\/transaktionssicherheit-ssl\/","og_site_name":"Apiro Cosmetics","article_publisher":"https:\/\/www.facebook.com\/apirocosmetics","article_modified_time":"2026-03-06T13:46:57+00:00","og_image":[{"width":1080,"height":1350,"url":"https:\/\/apirocosmetics.com\/wp-content\/uploads\/2026\/03\/Drink.jpg","type":"image\/jpeg"}],"twitter_card":"summary_large_image","schema":{"@context":"https:\/\/schema.org","@graph":[{"@type":"WebPage","@id":"https:\/\/apirocosmetics.com\/de\/transaktionssicherheit-ssl\/","url":"https:\/\/apirocosmetics.com\/de\/transaktionssicherheit-ssl\/","name":"Transaktionssicherheit \u2013 SSL - Apiro Cosmetics","isPartOf":{"@id":"https:\/\/apirocosmetics.com\/#website"},"datePublished":"2026-03-06T13:40:03+00:00","dateModified":"2026-03-06T13:46:57+00:00","breadcrumb":{"@id":"https:\/\/apirocosmetics.com\/de\/transaktionssicherheit-ssl\/#breadcrumb"},"inLanguage":"de","potentialAction":[{"@type":"ReadAction","target":["https:\/\/apirocosmetics.com\/de\/transaktionssicherheit-ssl\/"]}]},{"@type":"BreadcrumbList","@id":"https:\/\/apirocosmetics.com\/de\/transaktionssicherheit-ssl\/#breadcrumb","itemListElement":[{"@type":"ListItem","position":1,"name":"\u0391\u03c1\u03c7\u03b9\u03ba\u03ae","item":"https:\/\/apirocosmetics.com\/de\/"},{"@type":"ListItem","position":2,"name":"Transaktionssicherheit \u2013 SSL"}]},{"@type":"WebSite","@id":"https:\/\/apirocosmetics.com\/#website","url":"https:\/\/apirocosmetics.com\/","name":"Apiro Cosmetics","description":"Advanced Skincare \u03b3\u03b9\u03b1 \u0395\u03bd\u03c5\u03b4\u03ac\u03c4\u03c9\u03c3\u03b7, \u03a3\u03cd\u03c3\u03c6\u03b9\u03be\u03b7 &amp; \u0391\u03bd\u03c4\u03b9\u03b3\u03ae\u03c1\u03b1\u03bd\u03c3\u03b7","alternateName":"apiroo cosmetics","potentialAction":[{"@type":"SearchAction","target":{"@type":"EntryPoint","urlTemplate":"https:\/\/apirocosmetics.com\/?s={search_term_string}"},"query-input":{"@type":"PropertyValueSpecification","valueRequired":true,"valueName":"search_term_string"}}],"inLanguage":"de"}]}},"_links":{"self":[{"href":"https:\/\/apirocosmetics.com\/de\/wp-json\/wp\/v2\/pages\/5514","targetHints":{"allow":["GET"]}}],"collection":[{"href":"https:\/\/apirocosmetics.com\/de\/wp-json\/wp\/v2\/pages"}],"about":[{"href":"https:\/\/apirocosmetics.com\/de\/wp-json\/wp\/v2\/types\/page"}],"author":[{"embeddable":true,"href":"https:\/\/apirocosmetics.com\/de\/wp-json\/wp\/v2\/users\/3"}],"replies":[{"embeddable":true,"href":"https:\/\/apirocosmetics.com\/de\/wp-json\/wp\/v2\/comments?post=5514"}],"version-history":[{"count":1,"href":"https:\/\/apirocosmetics.com\/de\/wp-json\/wp\/v2\/pages\/5514\/revisions"}],"predecessor-version":[{"id":5515,"href":"https:\/\/apirocosmetics.com\/de\/wp-json\/wp\/v2\/pages\/5514\/revisions\/5515"}],"wp:attachment":[{"href":"https:\/\/apirocosmetics.com\/de\/wp-json\/wp\/v2\/media?parent=5514"}],"curies":[{"name":"wp","href":"https:\/\/api.w.org\/{rel}","templated":true}]}}