{"id":3873,"date":"2024-09-27T23:20:05","date_gmt":"2024-09-27T20:20:05","guid":{"rendered":"https:\/\/apirocosmetics.com\/product\/perfect-eye-cream-15ml\/"},"modified":"2026-03-04T08:49:46","modified_gmt":"2026-03-04T05:49:46","slug":"perfect-eye-cream-15ml","status":"publish","type":"product","link":"https:\/\/apirocosmetics.com\/de\/product\/perfect-eye-cream-15ml\/","title":{"rendered":"Perfect Eye Cream (15ml)"},"content":{"rendered":"<p data-start=\"125\" data-end=\"461\"><strong data-start=\"125\" data-end=\"461\">Die Augenpartie ist besonders empfindlich und anf\u00e4llig f\u00fcr feine Linien, Falten und dunkle Augenringe. Die Perfect Eye Cream von Apiro Cosmetics ist eine leistungsstarke Augenpflege, die Feuchtigkeit, Regeneration und zellul\u00e4ren Schutz vereint \u2013 basierend auf der nachgewiesenen Wirkung von Hyalurons\u00e4ure, Koffein und Gurkenextrakt.<\/strong><\/p>\n<p data-start=\"463\" data-end=\"541\"><strong data-start=\"463\" data-end=\"541\">Dank ihrer aktiven Inhaltsstoffe bewirkt die Augencreme mit Hyalurons\u00e4ure:<\/strong><\/p>\n<ul data-start=\"543\" data-end=\"865\">\n<li data-start=\"543\" data-end=\"658\">\n<p data-start=\"545\" data-end=\"658\"><strong data-start=\"545\" data-end=\"585\">Unterst\u00fctzung der Kollagenproduktion<\/strong>, wodurch das Erscheinungsbild feiner Linien und Falten reduziert wird.<\/p>\n<\/li>\n<li data-start=\"659\" data-end=\"757\">\n<p data-start=\"661\" data-end=\"757\"><strong data-start=\"661\" data-end=\"696\">Reduktion der Melaninansammlung<\/strong>, f\u00fcr eine sichtbar hellere und gleichm\u00e4\u00dfigere Augenpartie.<\/p>\n<\/li>\n<li data-start=\"758\" data-end=\"865\">\n<p data-start=\"760\" data-end=\"865\"><strong data-start=\"760\" data-end=\"808\">F\u00f6rderung der Mikrozirkulation durch Koffein<\/strong>, zur Minderung von Schwellungen und dunklen Augenringen.<\/p>\n<\/li>\n<\/ul>\n<p data-start=\"867\" data-end=\"989\"><strong data-start=\"867\" data-end=\"989\">Das Ergebnis ist eine sichtbar glattere, strahlendere und jugendlichere Augenpartie \u2013 bereits ab der ersten Anwendung.<\/strong><\/p>\n<h4 data-start=\"991\" data-end=\"1018\"><strong data-start=\"995\" data-end=\"1018\">Wirkung &amp; Vorteile:<\/strong><\/h4>\n<ul data-start=\"1020\" data-end=\"1635\">\n<li data-start=\"1020\" data-end=\"1135\">\n<p data-start=\"1022\" data-end=\"1135\"><strong data-start=\"1022\" data-end=\"1056\">Kollagenaufbau &amp; Regeneration:<\/strong> Hyalurons\u00e4ure und pflanzliche Extrakte st\u00e4rken die Struktur des Hautgewebes.<\/p>\n<\/li>\n<li data-start=\"1136\" data-end=\"1269\">\n<p data-start=\"1138\" data-end=\"1269\"><strong data-start=\"1138\" data-end=\"1171\">Reduktion dunkler Augenringe:<\/strong> Koffein und Gurkenextrakt helfen, Melanin zu reduzieren und die Mikrozirkulation zu verbessern.<\/p>\n<\/li>\n<li data-start=\"1270\" data-end=\"1410\">\n<p data-start=\"1272\" data-end=\"1410\"><strong data-start=\"1272\" data-end=\"1300\">Minderung feiner Linien:<\/strong> Natriumhyaluronat, Panthenol und pflanzliche \u00d6le spenden intensive Feuchtigkeit und f\u00f6rdern die Spannkraft.<\/p>\n<\/li>\n<li data-start=\"1411\" data-end=\"1537\">\n<p data-start=\"1413\" data-end=\"1537\"><strong data-start=\"1413\" data-end=\"1446\">Schutz vor oxidativem Stress:<\/strong> Antioxidantien wie Vitamin E, Traubenkern\u00f6l und Sonnenblumenextrakt sch\u00fctzen die Zellen.<\/p>\n<\/li>\n<li data-start=\"1538\" data-end=\"1635\">\n<p data-start=\"1540\" data-end=\"1635\"><strong data-start=\"1540\" data-end=\"1575\">Zarte &amp; ebenm\u00e4\u00dfige Augenpartie:<\/strong> Die Haut wirkt erholter, frischer und sichtbar strahlender.<\/p>\n<\/li>\n<\/ul>\n<p data-start=\"1637\" data-end=\"1824\"><strong data-start=\"1637\" data-end=\"1824\">Die Perfect Eye Cream ist die ideale Augencreme gegen dunkle Augenringe und Zeichen von M\u00fcdigkeit \u2013 eine wirkungsvolle Wahl f\u00fcr einen helleren, elastischeren und jugendlicheren Blick.<\/strong><\/p>\n","protected":false},"excerpt":{"rendered":"<p><span style=\"color: #000000;\">Die Perfect Eye Cream ist die Augencreme gegen dunkle Augenringe, die den Blick bereits ab der ersten Anwendung revitalisiert.<br data-start=\"259\" data-end=\"262\" \/>Mit Hyalurons\u00e4ure, Koffein und Gurkenextrakt spendet sie intensive Feuchtigkeit, reduziert Schwellungen und hellt die Augenpartie auf \u2013 f\u00fcr ein glattes, erholtes und frisches Erscheinungsbild.<\/span><\/p>\n","protected":false},"featured_media":5273,"comment_status":"open","ping_status":"closed","template":"","meta":{"_acf_changed":false},"product_cat":[56],"product_tag":[],"class_list":{"0":"post-3873","1":"product","2":"type-product","3":"status-publish","4":"has-post-thumbnail","6":"product_cat-gesichtscremes","8":"first","9":"instock","10":"taxable","11":"shipping-taxable","12":"purchasable","13":"product-type-simple","swatches":"rey-swatches","show_selected":""},"acf":[],"yoast_head":"<!-- This site is optimized with the Yoast SEO Premium plugin v27.3 (Yoast SEO v27.3) - https:\/\/yoast.com\/product\/yoast-seo-premium-wordpress\/ -->\n<title>Perfect Eye Cream | Intensiv wirksame Augencreme mit Hyalurons\u00e4ure<\/title>\n<meta name=\"description\" content=\"Die leistungsstarke Augencreme von Apiro Cosmetics mit Hyalurons\u00e4ure, Koffein und Gurkenextrakt hilft, dunkle Augenringe, Falten und Schwellungen sichtbar zu reduzieren.\" \/>\n<meta name=\"robots\" content=\"index, follow, max-snippet:-1, max-image-preview:large, max-video-preview:-1\" \/>\n<link rel=\"canonical\" href=\"https:\/\/apirocosmetics.com\/de\/product\/perfect-eye-cream-15ml\/\" \/>\n<meta property=\"og:locale\" content=\"de_DE\" \/>\n<meta property=\"og:type\" content=\"article\" \/>\n<meta property=\"og:title\" content=\"Perfect Eye Cream (15ml)\" \/>\n<meta property=\"og:description\" content=\"Die leistungsstarke Augencreme von Apiro Cosmetics mit Hyalurons\u00e4ure, Koffein und Gurkenextrakt hilft, dunkle Augenringe, Falten und Schwellungen sichtbar zu reduzieren.\" \/>\n<meta property=\"og:url\" content=\"https:\/\/apirocosmetics.com\/de\/product\/perfect-eye-cream-15ml\/\" \/>\n<meta property=\"og:site_name\" content=\"Apiro Cosmetics\" \/>\n<meta property=\"article:publisher\" content=\"https:\/\/www.facebook.com\/apirocosmetics\" \/>\n<meta property=\"article:modified_time\" content=\"2026-03-04T05:49:46+00:00\" \/>\n<meta property=\"og:image\" content=\"https:\/\/apirocosmetics.com\/wp-content\/uploads\/2024\/09\/perfect-eye-cream-5.jpg\" \/>\n\t<meta property=\"og:image:width\" content=\"1000\" \/>\n\t<meta property=\"og:image:height\" content=\"1000\" \/>\n\t<meta property=\"og:image:type\" content=\"image\/jpeg\" \/>\n<meta name=\"twitter:card\" content=\"summary_large_image\" \/>\n<script type=\"application\/ld+json\" class=\"yoast-schema-graph\">{\"@context\":\"https:\\\/\\\/schema.org\",\"@graph\":[{\"@type\":\"WebPage\",\"@id\":\"https:\\\/\\\/apirocosmetics.com\\\/de\\\/product\\\/perfect-eye-cream-15ml\\\/\",\"url\":\"https:\\\/\\\/apirocosmetics.com\\\/de\\\/product\\\/perfect-eye-cream-15ml\\\/\",\"name\":\"Perfect Eye Cream | Intensiv wirksame Augencreme mit Hyalurons\u00e4ure\",\"isPartOf\":{\"@id\":\"https:\\\/\\\/apirocosmetics.com\\\/#website\"},\"primaryImageOfPage\":{\"@id\":\"https:\\\/\\\/apirocosmetics.com\\\/de\\\/product\\\/perfect-eye-cream-15ml\\\/#primaryimage\"},\"image\":{\"@id\":\"https:\\\/\\\/apirocosmetics.com\\\/de\\\/product\\\/perfect-eye-cream-15ml\\\/#primaryimage\"},\"thumbnailUrl\":\"https:\\\/\\\/apirocosmetics.com\\\/wp-content\\\/uploads\\\/2024\\\/09\\\/perfect-eye-cream-5.jpg\",\"datePublished\":\"2024-09-27T20:20:05+00:00\",\"dateModified\":\"2026-03-04T05:49:46+00:00\",\"description\":\"Die leistungsstarke Augencreme von Apiro Cosmetics mit Hyalurons\u00e4ure, Koffein und Gurkenextrakt hilft, dunkle Augenringe, Falten und Schwellungen sichtbar zu reduzieren.\",\"breadcrumb\":{\"@id\":\"https:\\\/\\\/apirocosmetics.com\\\/de\\\/product\\\/perfect-eye-cream-15ml\\\/#breadcrumb\"},\"inLanguage\":\"de\",\"potentialAction\":[{\"@type\":\"ReadAction\",\"target\":[\"https:\\\/\\\/apirocosmetics.com\\\/de\\\/product\\\/perfect-eye-cream-15ml\\\/\"]}]},{\"@type\":\"ImageObject\",\"inLanguage\":\"de\",\"@id\":\"https:\\\/\\\/apirocosmetics.com\\\/de\\\/product\\\/perfect-eye-cream-15ml\\\/#primaryimage\",\"url\":\"https:\\\/\\\/apirocosmetics.com\\\/wp-content\\\/uploads\\\/2024\\\/09\\\/perfect-eye-cream-5.jpg\",\"contentUrl\":\"https:\\\/\\\/apirocosmetics.com\\\/wp-content\\\/uploads\\\/2024\\\/09\\\/perfect-eye-cream-5.jpg\",\"width\":1000,\"height\":1000},{\"@type\":\"BreadcrumbList\",\"@id\":\"https:\\\/\\\/apirocosmetics.com\\\/de\\\/product\\\/perfect-eye-cream-15ml\\\/#breadcrumb\",\"itemListElement\":[{\"@type\":\"ListItem\",\"position\":1,\"name\":\"\u0391\u03c1\u03c7\u03b9\u03ba\u03ae\",\"item\":\"https:\\\/\\\/apirocosmetics.com\\\/de\\\/\"},{\"@type\":\"ListItem\",\"position\":2,\"name\":\"Shop\",\"item\":\"https:\\\/\\\/apirocosmetics.com\\\/de\\\/shop\\\/\"},{\"@type\":\"ListItem\",\"position\":3,\"name\":\"Perfect Eye Cream (15ml)\"}]},{\"@type\":\"WebSite\",\"@id\":\"https:\\\/\\\/apirocosmetics.com\\\/#website\",\"url\":\"https:\\\/\\\/apirocosmetics.com\\\/\",\"name\":\"Apiro Cosmetics\",\"description\":\"Advanced Skincare \u03b3\u03b9\u03b1 \u0395\u03bd\u03c5\u03b4\u03ac\u03c4\u03c9\u03c3\u03b7, \u03a3\u03cd\u03c3\u03c6\u03b9\u03be\u03b7 &amp; \u0391\u03bd\u03c4\u03b9\u03b3\u03ae\u03c1\u03b1\u03bd\u03c3\u03b7\",\"alternateName\":\"apiroo cosmetics\",\"potentialAction\":[{\"@type\":\"SearchAction\",\"target\":{\"@type\":\"EntryPoint\",\"urlTemplate\":\"https:\\\/\\\/apirocosmetics.com\\\/?s={search_term_string}\"},\"query-input\":{\"@type\":\"PropertyValueSpecification\",\"valueRequired\":true,\"valueName\":\"search_term_string\"}}],\"inLanguage\":\"de\"}]}<\/script>\n<meta property=\"product:price:amount\" content=\"39.90\" \/>\n<meta property=\"product:price:currency\" content=\"EUR\" \/>\n<meta property=\"og:availability\" content=\"instock\" \/>\n<meta property=\"product:availability\" content=\"instock\" \/>\n<meta property=\"product:retailer_item_id\" content=\"AP-16384\" \/>\n<meta property=\"product:condition\" content=\"new\" \/>\n<!-- \/ Yoast SEO Premium plugin. -->","yoast_head_json":{"title":"Perfect Eye Cream | Intensiv wirksame Augencreme mit Hyalurons\u00e4ure","description":"Die leistungsstarke Augencreme von Apiro Cosmetics mit Hyalurons\u00e4ure, Koffein und Gurkenextrakt hilft, dunkle Augenringe, Falten und Schwellungen sichtbar zu reduzieren.","robots":{"index":"index","follow":"follow","max-snippet":"max-snippet:-1","max-image-preview":"max-image-preview:large","max-video-preview":"max-video-preview:-1"},"canonical":"https:\/\/apirocosmetics.com\/de\/product\/perfect-eye-cream-15ml\/","og_locale":"de_DE","og_type":"article","og_title":"Perfect Eye Cream (15ml)","og_description":"Die leistungsstarke Augencreme von Apiro Cosmetics mit Hyalurons\u00e4ure, Koffein und Gurkenextrakt hilft, dunkle Augenringe, Falten und Schwellungen sichtbar zu reduzieren.","og_url":"https:\/\/apirocosmetics.com\/de\/product\/perfect-eye-cream-15ml\/","og_site_name":"Apiro Cosmetics","article_publisher":"https:\/\/www.facebook.com\/apirocosmetics","article_modified_time":"2026-03-04T05:49:46+00:00","og_image":[{"width":1000,"height":1000,"url":"https:\/\/apirocosmetics.com\/wp-content\/uploads\/2024\/09\/perfect-eye-cream-5.jpg","type":"image\/jpeg"}],"twitter_card":"summary_large_image","schema":{"@context":"https:\/\/schema.org","@graph":[{"@type":"WebPage","@id":"https:\/\/apirocosmetics.com\/de\/product\/perfect-eye-cream-15ml\/","url":"https:\/\/apirocosmetics.com\/de\/product\/perfect-eye-cream-15ml\/","name":"Perfect Eye Cream | Intensiv wirksame Augencreme mit Hyalurons\u00e4ure","isPartOf":{"@id":"https:\/\/apirocosmetics.com\/#website"},"primaryImageOfPage":{"@id":"https:\/\/apirocosmetics.com\/de\/product\/perfect-eye-cream-15ml\/#primaryimage"},"image":{"@id":"https:\/\/apirocosmetics.com\/de\/product\/perfect-eye-cream-15ml\/#primaryimage"},"thumbnailUrl":"https:\/\/apirocosmetics.com\/wp-content\/uploads\/2024\/09\/perfect-eye-cream-5.jpg","datePublished":"2024-09-27T20:20:05+00:00","dateModified":"2026-03-04T05:49:46+00:00","description":"Die leistungsstarke Augencreme von Apiro Cosmetics mit Hyalurons\u00e4ure, Koffein und Gurkenextrakt hilft, dunkle Augenringe, Falten und Schwellungen sichtbar zu reduzieren.","breadcrumb":{"@id":"https:\/\/apirocosmetics.com\/de\/product\/perfect-eye-cream-15ml\/#breadcrumb"},"inLanguage":"de","potentialAction":[{"@type":"ReadAction","target":["https:\/\/apirocosmetics.com\/de\/product\/perfect-eye-cream-15ml\/"]}]},{"@type":"ImageObject","inLanguage":"de","@id":"https:\/\/apirocosmetics.com\/de\/product\/perfect-eye-cream-15ml\/#primaryimage","url":"https:\/\/apirocosmetics.com\/wp-content\/uploads\/2024\/09\/perfect-eye-cream-5.jpg","contentUrl":"https:\/\/apirocosmetics.com\/wp-content\/uploads\/2024\/09\/perfect-eye-cream-5.jpg","width":1000,"height":1000},{"@type":"BreadcrumbList","@id":"https:\/\/apirocosmetics.com\/de\/product\/perfect-eye-cream-15ml\/#breadcrumb","itemListElement":[{"@type":"ListItem","position":1,"name":"\u0391\u03c1\u03c7\u03b9\u03ba\u03ae","item":"https:\/\/apirocosmetics.com\/de\/"},{"@type":"ListItem","position":2,"name":"Shop","item":"https:\/\/apirocosmetics.com\/de\/shop\/"},{"@type":"ListItem","position":3,"name":"Perfect Eye Cream (15ml)"}]},{"@type":"WebSite","@id":"https:\/\/apirocosmetics.com\/#website","url":"https:\/\/apirocosmetics.com\/","name":"Apiro Cosmetics","description":"Advanced Skincare \u03b3\u03b9\u03b1 \u0395\u03bd\u03c5\u03b4\u03ac\u03c4\u03c9\u03c3\u03b7, \u03a3\u03cd\u03c3\u03c6\u03b9\u03be\u03b7 &amp; \u0391\u03bd\u03c4\u03b9\u03b3\u03ae\u03c1\u03b1\u03bd\u03c3\u03b7","alternateName":"apiroo cosmetics","potentialAction":[{"@type":"SearchAction","target":{"@type":"EntryPoint","urlTemplate":"https:\/\/apirocosmetics.com\/?s={search_term_string}"},"query-input":{"@type":"PropertyValueSpecification","valueRequired":true,"valueName":"search_term_string"}}],"inLanguage":"de"}]},"product_price_amount":"39.90","product_price_currency":"EUR","og_availability":"instock","product_availability":"instock","product_retailer_item_id":"AP-16384","product_condition":"new"},"_links":{"self":[{"href":"https:\/\/apirocosmetics.com\/de\/wp-json\/wp\/v2\/product\/3873","targetHints":{"allow":["GET"]}}],"collection":[{"href":"https:\/\/apirocosmetics.com\/de\/wp-json\/wp\/v2\/product"}],"about":[{"href":"https:\/\/apirocosmetics.com\/de\/wp-json\/wp\/v2\/types\/product"}],"replies":[{"embeddable":true,"href":"https:\/\/apirocosmetics.com\/de\/wp-json\/wp\/v2\/comments?post=3873"}],"wp:featuredmedia":[{"embeddable":true,"href":"https:\/\/apirocosmetics.com\/de\/wp-json\/wp\/v2\/media\/5273"}],"wp:attachment":[{"href":"https:\/\/apirocosmetics.com\/de\/wp-json\/wp\/v2\/media?parent=3873"}],"wp:term":[{"taxonomy":"product_cat","embeddable":true,"href":"https:\/\/apirocosmetics.com\/de\/wp-json\/wp\/v2\/product_cat?post=3873"},{"taxonomy":"product_tag","embeddable":true,"href":"https:\/\/apirocosmetics.com\/de\/wp-json\/wp\/v2\/product_tag?post=3873"}],"curies":[{"name":"wp","href":"https:\/\/api.w.org\/{rel}","templated":true}]}}