{"id":3894,"date":"2024-09-27T23:35:19","date_gmt":"2024-09-27T20:35:19","guid":{"rendered":"https:\/\/apirocosmetics.com\/product\/anti-age-face-cream-50ml\/"},"modified":"2026-03-04T08:49:45","modified_gmt":"2026-03-04T05:49:45","slug":"anti-age-face-cream-50ml","status":"publish","type":"product","link":"https:\/\/apirocosmetics.com\/de\/product\/anti-age-face-cream-50ml\/","title":{"rendered":"Anti-age Face Cream (50ml)"},"content":{"rendered":"<p data-start=\"127\" data-end=\"551\"><strong data-start=\"127\" data-end=\"551\">Die nat\u00fcrliche Abnahme von Kollagen und die Wirkung freier Radikale f\u00fchren zu den ersten Anzeichen der Hautalterung, wie feinen Linien, Falten und Elastizit\u00e4tsverlust. Die Anti-Age Face Cream von Apiro Cosmetics ist eine Anti-Falten-Gesichtscreme, die die Wirkung von Spurenelementen aus Vulkansteinextrakt nutzt, bekannt f\u00fcr ihre F\u00e4higkeit, die Zellen zu n\u00e4hren und die nat\u00fcrliche Regeneration der Haut zu unterst\u00fctzen.<\/strong><\/p>\n<p data-start=\"553\" data-end=\"798\"><strong data-start=\"553\" data-end=\"798\">Die reichhaltige Textur, angereichert mit hochreinen Pflanzen\u00f6len \u2013 wie Argan\u00f6l, Sheabutter, Oliven\u00f6l und Veilchenwurzel\u00f6l \u2013 sowie Natriumhyaluronat und Weizenproteinen, vereint Feuchtigkeit, Elastizit\u00e4t und Schutz in einer Anti-Aging-Creme.<\/strong><\/p>\n<p data-start=\"800\" data-end=\"1009\"><strong data-start=\"800\" data-end=\"1009\">Ideal f\u00fcr alle, die die beste Creme gegen Mimikfalten suchen, unterst\u00fctzt die Anti-Age Face Cream die Straffung und Revitalisierung der Haut und sorgt f\u00fcr ein sichtbar glatteres und strahlenderes Hautbild.<\/strong><\/p>\n<h6 data-start=\"1011\" data-end=\"1039\"><strong data-start=\"1015\" data-end=\"1039\">Mit jeder Anwendung:<\/strong><\/h6>\n<ul data-start=\"1041\" data-end=\"1672\">\n<li data-start=\"1041\" data-end=\"1254\">\n<p data-start=\"1043\" data-end=\"1254\"><strong data-start=\"1043\" data-end=\"1102\">Intensive Feuchtigkeit &amp; Unterst\u00fctzung der Elastizit\u00e4t:<\/strong> Spurenelemente aus Vulkansteinextrakt und Natriumhyaluronat spenden tiefenwirksame Feuchtigkeit und unterst\u00fctzen die nat\u00fcrliche Elastizit\u00e4t der Haut.<\/p>\n<\/li>\n<li data-start=\"1255\" data-end=\"1478\">\n<p data-start=\"1257\" data-end=\"1478\"><strong data-start=\"1257\" data-end=\"1283\">Erhalt der Spannkraft:<\/strong> Hochreine Pflanzen\u00f6le helfen, die Straffheit der Haut zu bewahren, w\u00e4hrend Weizenproteine und Antioxidantien die nat\u00fcrliche Kollagenproduktion unterst\u00fctzen und erste Altersanzeichen vorbeugen.<\/p>\n<\/li>\n<li data-start=\"1479\" data-end=\"1672\">\n<p data-start=\"1481\" data-end=\"1672\"><strong data-start=\"1481\" data-end=\"1528\">Glattes, erholtes und strahlendes Hautbild:<\/strong> Dank der kombinierten Wirkung von feuchtigkeitsspendenden und regenerierenden Inhaltsstoffen wirkt die Haut sichtbar glatter und gleichm\u00e4\u00dfiger.<\/p>\n<\/li>\n<\/ul>\n<h6 data-start=\"1674\" data-end=\"1701\"><strong data-start=\"1678\" data-end=\"1701\">Vorteile &amp; Wirkung:<\/strong><\/h6>\n<ul data-start=\"1703\" data-end=\"2344\">\n<li data-start=\"1703\" data-end=\"1806\">\n<p data-start=\"1705\" data-end=\"1806\"><strong data-start=\"1705\" data-end=\"1739\">Verbesserung der Hautstruktur:<\/strong> Spurenelemente und Weizenproteine unterst\u00fctzen die Hautstruktur.<\/p>\n<\/li>\n<li data-start=\"1807\" data-end=\"1972\">\n<p data-start=\"1809\" data-end=\"1972\"><strong data-start=\"1809\" data-end=\"1853\">Tiefenwirksame Feuchtigkeit &amp; Straffung:<\/strong> Natriumhyaluronat und nat\u00fcrliche \u00d6le f\u00f6rdern Feuchtigkeit und Elastizit\u00e4t \u2013 ideal f\u00fcr eine straffende Gesichtscreme.<\/p>\n<\/li>\n<li data-start=\"1973\" data-end=\"2084\">\n<p data-start=\"1975\" data-end=\"2084\"><strong data-start=\"1975\" data-end=\"1998\">Anti-Falten-Pflege:<\/strong> Die Formel wirkt gezielt gegen Falten, verbessert die Elastizit\u00e4t und das Hautbild.<\/p>\n<\/li>\n<li data-start=\"2085\" data-end=\"2207\">\n<p data-start=\"2087\" data-end=\"2207\"><strong data-start=\"2087\" data-end=\"2123\">Vorbeugung erster Alterszeichen:<\/strong> Sheabutter und Antioxidantien sch\u00fctzen vor freien Radikalen und Umwelteinfl\u00fcssen.<\/p>\n<\/li>\n<li data-start=\"2208\" data-end=\"2344\">\n<p data-start=\"2210\" data-end=\"2344\"><strong data-start=\"2210\" data-end=\"2259\">Gleichm\u00e4\u00dfiger Teint &amp; nat\u00fcrliche Strahlkraft:<\/strong> Pflanzliche Extrakte unterst\u00fctzen die Leuchtkraft und das gesunde Aussehen der Haut.<\/p>\n<\/li>\n<\/ul>\n<p data-start=\"2346\" data-end=\"2549\"><strong data-start=\"2346\" data-end=\"2549\">Die Anti-Age Face Cream ist die ideale Wahl f\u00fcr alle, die eine Anti-Aging-Gesichtscreme suchen, die Feuchtigkeit spendet, pflegt und Falten vorbeugt \u2013 f\u00fcr eine jugendliche und gesunde Haut jeden Tag.<\/strong><\/p>\n","protected":false},"excerpt":{"rendered":"<p>Die Anti-Age Face Cream bietet intensive Feuchtigkeit, Pflege und Anti-Falten-Wirkung \u2013 f\u00fcr eine sichtbar jugendliche und gesunde Haut jeden Tag.<\/p>\n<p>&nbsp;<\/p>\n","protected":false},"featured_media":5278,"comment_status":"open","ping_status":"closed","template":"","meta":{"_acf_changed":false},"product_cat":[56],"product_tag":[],"class_list":{"0":"post-3894","1":"product","2":"type-product","3":"status-publish","4":"has-post-thumbnail","6":"product_cat-gesichtscremes","8":"first","9":"instock","10":"taxable","11":"shipping-taxable","12":"purchasable","13":"product-type-simple","swatches":"rey-swatches","show_selected":""},"acf":[],"yoast_head":"<!-- This site is optimized with the Yoast SEO Premium plugin v27.3 (Yoast SEO v27.3) - https:\/\/yoast.com\/product\/yoast-seo-premium-wordpress\/ -->\n<title>Anti-Age Face Cream \u2013 Wirksame Anti-Falten-Gesichtscreme von Apiro<\/title>\n<meta name=\"description\" content=\"Anti-Age Gesichtscreme mit Vulkansteinextrakt \u2013 hydratisiert, strafft und sorgt f\u00fcr ein sichtbar verbessertes Hautbild.\" \/>\n<meta name=\"robots\" content=\"index, follow, max-snippet:-1, max-image-preview:large, max-video-preview:-1\" \/>\n<link rel=\"canonical\" href=\"https:\/\/apirocosmetics.com\/de\/product\/anti-age-face-cream-50ml\/\" \/>\n<meta property=\"og:locale\" content=\"de_DE\" \/>\n<meta property=\"og:type\" content=\"article\" \/>\n<meta property=\"og:title\" content=\"Anti-age Face Cream (50ml)\" \/>\n<meta property=\"og:description\" content=\"Anti-Age Gesichtscreme mit Vulkansteinextrakt \u2013 hydratisiert, strafft und sorgt f\u00fcr ein sichtbar verbessertes Hautbild.\" \/>\n<meta property=\"og:url\" content=\"https:\/\/apirocosmetics.com\/de\/product\/anti-age-face-cream-50ml\/\" \/>\n<meta property=\"og:site_name\" content=\"Apiro Cosmetics\" \/>\n<meta property=\"article:publisher\" content=\"https:\/\/www.facebook.com\/apirocosmetics\" \/>\n<meta property=\"article:modified_time\" content=\"2026-03-04T05:49:45+00:00\" \/>\n<meta property=\"og:image\" content=\"https:\/\/apirocosmetics.com\/wp-content\/uploads\/2024\/09\/anti-age-face-cream-5.jpg\" \/>\n\t<meta property=\"og:image:width\" content=\"1000\" \/>\n\t<meta property=\"og:image:height\" content=\"1000\" \/>\n\t<meta property=\"og:image:type\" content=\"image\/jpeg\" \/>\n<meta name=\"twitter:card\" content=\"summary_large_image\" \/>\n<script type=\"application\/ld+json\" class=\"yoast-schema-graph\">{\"@context\":\"https:\\\/\\\/schema.org\",\"@graph\":[{\"@type\":\"WebPage\",\"@id\":\"https:\\\/\\\/apirocosmetics.com\\\/de\\\/product\\\/anti-age-face-cream-50ml\\\/\",\"url\":\"https:\\\/\\\/apirocosmetics.com\\\/de\\\/product\\\/anti-age-face-cream-50ml\\\/\",\"name\":\"Anti-Age Face Cream \u2013 Wirksame Anti-Falten-Gesichtscreme von Apiro\",\"isPartOf\":{\"@id\":\"https:\\\/\\\/apirocosmetics.com\\\/#website\"},\"primaryImageOfPage\":{\"@id\":\"https:\\\/\\\/apirocosmetics.com\\\/de\\\/product\\\/anti-age-face-cream-50ml\\\/#primaryimage\"},\"image\":{\"@id\":\"https:\\\/\\\/apirocosmetics.com\\\/de\\\/product\\\/anti-age-face-cream-50ml\\\/#primaryimage\"},\"thumbnailUrl\":\"https:\\\/\\\/apirocosmetics.com\\\/wp-content\\\/uploads\\\/2024\\\/09\\\/anti-age-face-cream-5.jpg\",\"datePublished\":\"2024-09-27T20:35:19+00:00\",\"dateModified\":\"2026-03-04T05:49:45+00:00\",\"description\":\"Anti-Age Gesichtscreme mit Vulkansteinextrakt \u2013 hydratisiert, strafft und sorgt f\u00fcr ein sichtbar verbessertes Hautbild.\",\"breadcrumb\":{\"@id\":\"https:\\\/\\\/apirocosmetics.com\\\/de\\\/product\\\/anti-age-face-cream-50ml\\\/#breadcrumb\"},\"inLanguage\":\"de\",\"potentialAction\":[{\"@type\":\"ReadAction\",\"target\":[\"https:\\\/\\\/apirocosmetics.com\\\/de\\\/product\\\/anti-age-face-cream-50ml\\\/\"]}]},{\"@type\":\"ImageObject\",\"inLanguage\":\"de\",\"@id\":\"https:\\\/\\\/apirocosmetics.com\\\/de\\\/product\\\/anti-age-face-cream-50ml\\\/#primaryimage\",\"url\":\"https:\\\/\\\/apirocosmetics.com\\\/wp-content\\\/uploads\\\/2024\\\/09\\\/anti-age-face-cream-5.jpg\",\"contentUrl\":\"https:\\\/\\\/apirocosmetics.com\\\/wp-content\\\/uploads\\\/2024\\\/09\\\/anti-age-face-cream-5.jpg\",\"width\":1000,\"height\":1000},{\"@type\":\"BreadcrumbList\",\"@id\":\"https:\\\/\\\/apirocosmetics.com\\\/de\\\/product\\\/anti-age-face-cream-50ml\\\/#breadcrumb\",\"itemListElement\":[{\"@type\":\"ListItem\",\"position\":1,\"name\":\"\u0391\u03c1\u03c7\u03b9\u03ba\u03ae\",\"item\":\"https:\\\/\\\/apirocosmetics.com\\\/de\\\/\"},{\"@type\":\"ListItem\",\"position\":2,\"name\":\"Shop\",\"item\":\"https:\\\/\\\/apirocosmetics.com\\\/de\\\/shop\\\/\"},{\"@type\":\"ListItem\",\"position\":3,\"name\":\"Anti-age Face Cream (50ml)\"}]},{\"@type\":\"WebSite\",\"@id\":\"https:\\\/\\\/apirocosmetics.com\\\/#website\",\"url\":\"https:\\\/\\\/apirocosmetics.com\\\/\",\"name\":\"Apiro Cosmetics\",\"description\":\"Advanced Skincare \u03b3\u03b9\u03b1 \u0395\u03bd\u03c5\u03b4\u03ac\u03c4\u03c9\u03c3\u03b7, \u03a3\u03cd\u03c3\u03c6\u03b9\u03be\u03b7 &amp; \u0391\u03bd\u03c4\u03b9\u03b3\u03ae\u03c1\u03b1\u03bd\u03c3\u03b7\",\"alternateName\":\"apiroo cosmetics\",\"potentialAction\":[{\"@type\":\"SearchAction\",\"target\":{\"@type\":\"EntryPoint\",\"urlTemplate\":\"https:\\\/\\\/apirocosmetics.com\\\/?s={search_term_string}\"},\"query-input\":{\"@type\":\"PropertyValueSpecification\",\"valueRequired\":true,\"valueName\":\"search_term_string\"}}],\"inLanguage\":\"de\"}]}<\/script>\n<meta property=\"product:price:amount\" content=\"57.90\" \/>\n<meta property=\"product:price:currency\" content=\"EUR\" \/>\n<meta property=\"og:availability\" content=\"instock\" \/>\n<meta property=\"product:availability\" content=\"instock\" \/>\n<meta property=\"product:retailer_item_id\" content=\"AP-62829\" \/>\n<meta property=\"product:condition\" content=\"new\" \/>\n<!-- \/ Yoast SEO Premium plugin. -->","yoast_head_json":{"title":"Anti-Age Face Cream \u2013 Wirksame Anti-Falten-Gesichtscreme von Apiro","description":"Anti-Age Gesichtscreme mit Vulkansteinextrakt \u2013 hydratisiert, strafft und sorgt f\u00fcr ein sichtbar verbessertes Hautbild.","robots":{"index":"index","follow":"follow","max-snippet":"max-snippet:-1","max-image-preview":"max-image-preview:large","max-video-preview":"max-video-preview:-1"},"canonical":"https:\/\/apirocosmetics.com\/de\/product\/anti-age-face-cream-50ml\/","og_locale":"de_DE","og_type":"article","og_title":"Anti-age Face Cream (50ml)","og_description":"Anti-Age Gesichtscreme mit Vulkansteinextrakt \u2013 hydratisiert, strafft und sorgt f\u00fcr ein sichtbar verbessertes Hautbild.","og_url":"https:\/\/apirocosmetics.com\/de\/product\/anti-age-face-cream-50ml\/","og_site_name":"Apiro Cosmetics","article_publisher":"https:\/\/www.facebook.com\/apirocosmetics","article_modified_time":"2026-03-04T05:49:45+00:00","og_image":[{"width":1000,"height":1000,"url":"https:\/\/apirocosmetics.com\/wp-content\/uploads\/2024\/09\/anti-age-face-cream-5.jpg","type":"image\/jpeg"}],"twitter_card":"summary_large_image","schema":{"@context":"https:\/\/schema.org","@graph":[{"@type":"WebPage","@id":"https:\/\/apirocosmetics.com\/de\/product\/anti-age-face-cream-50ml\/","url":"https:\/\/apirocosmetics.com\/de\/product\/anti-age-face-cream-50ml\/","name":"Anti-Age Face Cream \u2013 Wirksame Anti-Falten-Gesichtscreme von Apiro","isPartOf":{"@id":"https:\/\/apirocosmetics.com\/#website"},"primaryImageOfPage":{"@id":"https:\/\/apirocosmetics.com\/de\/product\/anti-age-face-cream-50ml\/#primaryimage"},"image":{"@id":"https:\/\/apirocosmetics.com\/de\/product\/anti-age-face-cream-50ml\/#primaryimage"},"thumbnailUrl":"https:\/\/apirocosmetics.com\/wp-content\/uploads\/2024\/09\/anti-age-face-cream-5.jpg","datePublished":"2024-09-27T20:35:19+00:00","dateModified":"2026-03-04T05:49:45+00:00","description":"Anti-Age Gesichtscreme mit Vulkansteinextrakt \u2013 hydratisiert, strafft und sorgt f\u00fcr ein sichtbar verbessertes Hautbild.","breadcrumb":{"@id":"https:\/\/apirocosmetics.com\/de\/product\/anti-age-face-cream-50ml\/#breadcrumb"},"inLanguage":"de","potentialAction":[{"@type":"ReadAction","target":["https:\/\/apirocosmetics.com\/de\/product\/anti-age-face-cream-50ml\/"]}]},{"@type":"ImageObject","inLanguage":"de","@id":"https:\/\/apirocosmetics.com\/de\/product\/anti-age-face-cream-50ml\/#primaryimage","url":"https:\/\/apirocosmetics.com\/wp-content\/uploads\/2024\/09\/anti-age-face-cream-5.jpg","contentUrl":"https:\/\/apirocosmetics.com\/wp-content\/uploads\/2024\/09\/anti-age-face-cream-5.jpg","width":1000,"height":1000},{"@type":"BreadcrumbList","@id":"https:\/\/apirocosmetics.com\/de\/product\/anti-age-face-cream-50ml\/#breadcrumb","itemListElement":[{"@type":"ListItem","position":1,"name":"\u0391\u03c1\u03c7\u03b9\u03ba\u03ae","item":"https:\/\/apirocosmetics.com\/de\/"},{"@type":"ListItem","position":2,"name":"Shop","item":"https:\/\/apirocosmetics.com\/de\/shop\/"},{"@type":"ListItem","position":3,"name":"Anti-age Face Cream (50ml)"}]},{"@type":"WebSite","@id":"https:\/\/apirocosmetics.com\/#website","url":"https:\/\/apirocosmetics.com\/","name":"Apiro Cosmetics","description":"Advanced Skincare \u03b3\u03b9\u03b1 \u0395\u03bd\u03c5\u03b4\u03ac\u03c4\u03c9\u03c3\u03b7, \u03a3\u03cd\u03c3\u03c6\u03b9\u03be\u03b7 &amp; \u0391\u03bd\u03c4\u03b9\u03b3\u03ae\u03c1\u03b1\u03bd\u03c3\u03b7","alternateName":"apiroo cosmetics","potentialAction":[{"@type":"SearchAction","target":{"@type":"EntryPoint","urlTemplate":"https:\/\/apirocosmetics.com\/?s={search_term_string}"},"query-input":{"@type":"PropertyValueSpecification","valueRequired":true,"valueName":"search_term_string"}}],"inLanguage":"de"}]},"product_price_amount":"57.90","product_price_currency":"EUR","og_availability":"instock","product_availability":"instock","product_retailer_item_id":"AP-62829","product_condition":"new"},"_links":{"self":[{"href":"https:\/\/apirocosmetics.com\/de\/wp-json\/wp\/v2\/product\/3894","targetHints":{"allow":["GET"]}}],"collection":[{"href":"https:\/\/apirocosmetics.com\/de\/wp-json\/wp\/v2\/product"}],"about":[{"href":"https:\/\/apirocosmetics.com\/de\/wp-json\/wp\/v2\/types\/product"}],"replies":[{"embeddable":true,"href":"https:\/\/apirocosmetics.com\/de\/wp-json\/wp\/v2\/comments?post=3894"}],"wp:featuredmedia":[{"embeddable":true,"href":"https:\/\/apirocosmetics.com\/de\/wp-json\/wp\/v2\/media\/5278"}],"wp:attachment":[{"href":"https:\/\/apirocosmetics.com\/de\/wp-json\/wp\/v2\/media?parent=3894"}],"wp:term":[{"taxonomy":"product_cat","embeddable":true,"href":"https:\/\/apirocosmetics.com\/de\/wp-json\/wp\/v2\/product_cat?post=3894"},{"taxonomy":"product_tag","embeddable":true,"href":"https:\/\/apirocosmetics.com\/de\/wp-json\/wp\/v2\/product_tag?post=3894"}],"curies":[{"name":"wp","href":"https:\/\/api.w.org\/{rel}","templated":true}]}}