{"id":3919,"date":"2024-09-27T23:41:23","date_gmt":"2024-09-27T20:41:23","guid":{"rendered":"https:\/\/apirocosmetics.com\/product\/hyalouronic-serum-30ml\/"},"modified":"2026-03-30T14:46:36","modified_gmt":"2026-03-30T11:46:36","slug":"hyalouronic-serum-30ml","status":"publish","type":"product","link":"https:\/\/apirocosmetics.com\/de\/product\/hyalouronic-serum-30ml\/","title":{"rendered":"Hyalouronic Serum (30ml)"},"content":{"rendered":"<p data-start=\"75\" data-end=\"461\">Die Aufrechterhaltung der Feuchtigkeitsversorgung der Hautzellen ist ein entscheidender Faktor f\u00fcr eine jugendliche und strahlende Haut.<br data-start=\"211\" data-end=\"214\" \/>Das <strong data-start=\"218\" data-end=\"258\">Hyaluronic Serum von Apiro Cosmetics<\/strong> ist ein intensiv feuchtigkeitsspendendes Gesichtsserum, das hochreine Hyalurons\u00e4ure mit einem Komplex aus zwei Peptiden kombiniert und so die Synthese von Kollagen und Elastin auf Hautebene unterst\u00fctzt.<\/p>\n<p data-start=\"463\" data-end=\"893\">Dieses Hyalurons\u00e4ure-Serum sorgt f\u00fcr eine tiefenwirksame Hydratation und eine sichtbare Verbesserung der Hautstruktur. Das Hautbild wirkt glatter, frischer und sichtbar praller.<br data-start=\"640\" data-end=\"643\" \/>Die leichte Formulierung zieht sofort ein, ohne die Poren zu verstopfen, und ist daher ideal f\u00fcr alle Hauttypen.<br data-start=\"755\" data-end=\"758\" \/>Das Ergebnis ist eine revitalisierte, elastische Haut mit nat\u00fcrlicher Ausstrahlung und gesundem Glow \u2013 bereits ab der ersten Anwendung.<\/p>\n<p data-start=\"895\" data-end=\"939\"><strong data-start=\"895\" data-end=\"939\">Mit der Anwendung des Hyaluronic Serums:<\/strong><\/p>\n<ul data-start=\"941\" data-end=\"1350\">\n<li data-start=\"941\" data-end=\"1045\">\n<p data-start=\"943\" data-end=\"1045\">Spendet intensive, zellul\u00e4re Feuchtigkeit und verbessert den Hautton sowie die Elastizit\u00e4t der Haut.<\/p>\n<\/li>\n<li data-start=\"1046\" data-end=\"1155\">\n<p data-start=\"1048\" data-end=\"1155\">Unterst\u00fctzt die nat\u00fcrliche Produktion von Kollagen und Elastin und tr\u00e4gt zur Reduktion feiner Linien bei.<\/p>\n<\/li>\n<li data-start=\"1156\" data-end=\"1248\">\n<p data-start=\"1158\" data-end=\"1248\">Verleiht ein strahlendes, pralles Hautbild mit gesunder Leuchtkraft bei jeder Anwendung.<\/p>\n<\/li>\n<li data-start=\"1249\" data-end=\"1350\">\n<p data-start=\"1251\" data-end=\"1350\">Zieht schnell ein, ohne ein fettiges Gef\u00fchl zu hinterlassen \u2013 ideal f\u00fcr die t\u00e4gliche Pflegeroutine.<\/p>\n<\/li>\n<\/ul>\n<p data-start=\"1352\" data-end=\"1370\"><strong data-start=\"1352\" data-end=\"1370\">Wirkt gezielt:<\/strong><\/p>\n<p data-start=\"1372\" data-end=\"1506\"><strong data-start=\"1372\" data-end=\"1392\">Tiefenhydration:<\/strong><br data-start=\"1392\" data-end=\"1395\" \/>Hochreines Natriumhyaluron bindet Feuchtigkeit in den Hautzellen und sorgt f\u00fcr Geschmeidigkeit und Elastizit\u00e4t.<\/p>\n<p data-start=\"1508\" data-end=\"1676\"><strong data-start=\"1508\" data-end=\"1546\">St\u00e4rkung von Kollagen und Elastin:<\/strong><br data-start=\"1546\" data-end=\"1549\" \/>Der Komplex aus zwei Peptiden unterst\u00fctzt die nat\u00fcrliche Regeneration der Haut und f\u00f6rdert eine festere, glattere Hautstruktur.<\/p>\n<p data-start=\"1678\" data-end=\"1822\"><strong data-start=\"1678\" data-end=\"1699\">Nat\u00fcrlicher Glow:<\/strong><br data-start=\"1699\" data-end=\"1702\" \/>Das Gesichtsserum verbessert die Leuchtkraft und Ebenm\u00e4\u00dfigkeit der Haut f\u00fcr ein jugendliches, gesundes Erscheinungsbild.<\/p>\n<p data-start=\"1824\" data-end=\"1926\"><strong data-start=\"1824\" data-end=\"1846\">T\u00e4glicher Komfort:<\/strong><br data-start=\"1846\" data-end=\"1849\" \/>F\u00fcr alle Hauttypen geeignet, zieht schnell ein und verstopft die Poren nicht.<\/p>\n","protected":false},"excerpt":{"rendered":"<p>Das <strong data-start=\"99\" data-end=\"119\">Hyaluronic Serum<\/strong> ist der perfekte Feuchtigkeitsbooster f\u00fcr strahlende, sichtbar verj\u00fcngte Haut.<br data-start=\"198\" data-end=\"201\" \/>Die kraftvolle Kombination aus Hyalurons\u00e4ure und Peptiden versorgt die Haut intensiv mit Feuchtigkeit, schenkt sofortigen Glow und sorgt f\u00fcr ein frisches, jugendliches Hautbild mit langanhaltender Wirkung.<\/p>\n","protected":false},"featured_media":5263,"comment_status":"open","ping_status":"closed","template":"","meta":{"_acf_changed":false},"product_cat":[56],"product_tag":[],"class_list":{"0":"post-3919","1":"product","2":"type-product","3":"status-publish","4":"has-post-thumbnail","6":"product_cat-gesichtscremes","8":"first","9":"instock","10":"taxable","11":"shipping-taxable","12":"purchasable","13":"product-type-simple","swatches":"rey-swatches","show_selected":""},"acf":[],"yoast_head":"<!-- This site is optimized with the Yoast SEO Premium plugin v27.4 (Yoast SEO v27.4) - https:\/\/yoast.com\/product\/yoast-seo-premium-wordpress\/ -->\n<title>Hyaluronic Serum \u2013 Intensive Feuchtigkeit &amp; Strahlkraft mit Hyalurons\u00e4ure<\/title>\n<meta name=\"description\" content=\"Entdecke das Gesichtsserum mit Hyalurons\u00e4ure &amp; Peptiden.Spendet intensive Feuchtigkeit, gl\u00e4ttet die Haut und verleiht nat\u00fcrliche Strahlkraft \u2013 f\u00fcr jeden Hauttyp geeignet.\" \/>\n<meta name=\"robots\" content=\"index, follow, max-snippet:-1, max-image-preview:large, max-video-preview:-1\" \/>\n<link rel=\"canonical\" href=\"https:\/\/apirocosmetics.com\/de\/product\/hyalouronic-serum-30ml\/\" \/>\n<meta property=\"og:locale\" content=\"de_DE\" \/>\n<meta property=\"og:type\" content=\"article\" \/>\n<meta property=\"og:title\" content=\"Hyalouronic Serum (30ml)\" \/>\n<meta property=\"og:description\" content=\"Entdecke das Gesichtsserum mit Hyalurons\u00e4ure &amp; Peptiden.Spendet intensive Feuchtigkeit, gl\u00e4ttet die Haut und verleiht nat\u00fcrliche Strahlkraft \u2013 f\u00fcr jeden Hauttyp geeignet.\" \/>\n<meta property=\"og:url\" content=\"https:\/\/apirocosmetics.com\/de\/product\/hyalouronic-serum-30ml\/\" \/>\n<meta property=\"og:site_name\" content=\"Apiro Cosmetics\" \/>\n<meta property=\"article:publisher\" content=\"https:\/\/www.facebook.com\/apirocosmetics\" \/>\n<meta property=\"article:modified_time\" content=\"2026-03-30T11:46:36+00:00\" \/>\n<meta property=\"og:image\" content=\"https:\/\/apirocosmetics.com\/wp-content\/uploads\/2024\/09\/hyaluronic-serum.jpg\" \/>\n\t<meta property=\"og:image:width\" content=\"1000\" \/>\n\t<meta property=\"og:image:height\" content=\"1000\" \/>\n\t<meta property=\"og:image:type\" content=\"image\/jpeg\" \/>\n<meta name=\"twitter:card\" content=\"summary_large_image\" \/>\n<script type=\"application\/ld+json\" class=\"yoast-schema-graph\">{\"@context\":\"https:\\\/\\\/schema.org\",\"@graph\":[{\"@type\":\"WebPage\",\"@id\":\"https:\\\/\\\/apirocosmetics.com\\\/de\\\/product\\\/hyalouronic-serum-30ml\\\/\",\"url\":\"https:\\\/\\\/apirocosmetics.com\\\/de\\\/product\\\/hyalouronic-serum-30ml\\\/\",\"name\":\"Hyaluronic Serum \u2013 Intensive Feuchtigkeit & Strahlkraft mit Hyalurons\u00e4ure\",\"isPartOf\":{\"@id\":\"https:\\\/\\\/apirocosmetics.com\\\/#website\"},\"primaryImageOfPage\":{\"@id\":\"https:\\\/\\\/apirocosmetics.com\\\/de\\\/product\\\/hyalouronic-serum-30ml\\\/#primaryimage\"},\"image\":{\"@id\":\"https:\\\/\\\/apirocosmetics.com\\\/de\\\/product\\\/hyalouronic-serum-30ml\\\/#primaryimage\"},\"thumbnailUrl\":\"https:\\\/\\\/apirocosmetics.com\\\/wp-content\\\/uploads\\\/2024\\\/09\\\/hyaluronic-serum.jpg\",\"datePublished\":\"2024-09-27T20:41:23+00:00\",\"dateModified\":\"2026-03-30T11:46:36+00:00\",\"description\":\"Entdecke das Gesichtsserum mit Hyalurons\u00e4ure & Peptiden.Spendet intensive Feuchtigkeit, gl\u00e4ttet die Haut und verleiht nat\u00fcrliche Strahlkraft \u2013 f\u00fcr jeden Hauttyp geeignet.\",\"breadcrumb\":{\"@id\":\"https:\\\/\\\/apirocosmetics.com\\\/de\\\/product\\\/hyalouronic-serum-30ml\\\/#breadcrumb\"},\"inLanguage\":\"de\",\"potentialAction\":[{\"@type\":\"ReadAction\",\"target\":[\"https:\\\/\\\/apirocosmetics.com\\\/de\\\/product\\\/hyalouronic-serum-30ml\\\/\"]}]},{\"@type\":\"ImageObject\",\"inLanguage\":\"de\",\"@id\":\"https:\\\/\\\/apirocosmetics.com\\\/de\\\/product\\\/hyalouronic-serum-30ml\\\/#primaryimage\",\"url\":\"https:\\\/\\\/apirocosmetics.com\\\/wp-content\\\/uploads\\\/2024\\\/09\\\/hyaluronic-serum.jpg\",\"contentUrl\":\"https:\\\/\\\/apirocosmetics.com\\\/wp-content\\\/uploads\\\/2024\\\/09\\\/hyaluronic-serum.jpg\",\"width\":1000,\"height\":1000},{\"@type\":\"BreadcrumbList\",\"@id\":\"https:\\\/\\\/apirocosmetics.com\\\/de\\\/product\\\/hyalouronic-serum-30ml\\\/#breadcrumb\",\"itemListElement\":[{\"@type\":\"ListItem\",\"position\":1,\"name\":\"\u0391\u03c1\u03c7\u03b9\u03ba\u03ae\",\"item\":\"https:\\\/\\\/apirocosmetics.com\\\/de\\\/\"},{\"@type\":\"ListItem\",\"position\":2,\"name\":\"Shop\",\"item\":\"https:\\\/\\\/apirocosmetics.com\\\/de\\\/shop\\\/\"},{\"@type\":\"ListItem\",\"position\":3,\"name\":\"Hyalouronic Serum (30ml)\"}]},{\"@type\":\"WebSite\",\"@id\":\"https:\\\/\\\/apirocosmetics.com\\\/#website\",\"url\":\"https:\\\/\\\/apirocosmetics.com\\\/\",\"name\":\"Apiro Cosmetics\",\"description\":\"Advanced Skincare \u03b3\u03b9\u03b1 \u0395\u03bd\u03c5\u03b4\u03ac\u03c4\u03c9\u03c3\u03b7, \u03a3\u03cd\u03c3\u03c6\u03b9\u03be\u03b7 &amp; \u0391\u03bd\u03c4\u03b9\u03b3\u03ae\u03c1\u03b1\u03bd\u03c3\u03b7\",\"alternateName\":\"apiroo cosmetics\",\"potentialAction\":[{\"@type\":\"SearchAction\",\"target\":{\"@type\":\"EntryPoint\",\"urlTemplate\":\"https:\\\/\\\/apirocosmetics.com\\\/?s={search_term_string}\"},\"query-input\":{\"@type\":\"PropertyValueSpecification\",\"valueRequired\":true,\"valueName\":\"search_term_string\"}}],\"inLanguage\":\"de\"}]}<\/script>\n<meta property=\"product:price:amount\" content=\"63.90\" \/>\n<meta property=\"product:price:currency\" content=\"EUR\" \/>\n<meta property=\"og:availability\" content=\"instock\" \/>\n<meta property=\"product:availability\" content=\"instock\" \/>\n<meta property=\"product:retailer_item_id\" content=\"AP-59517\" \/>\n<meta property=\"product:condition\" content=\"new\" \/>\n<!-- \/ Yoast SEO Premium plugin. -->","yoast_head_json":{"title":"Hyaluronic Serum \u2013 Intensive Feuchtigkeit & Strahlkraft mit Hyalurons\u00e4ure","description":"Entdecke das Gesichtsserum mit Hyalurons\u00e4ure & Peptiden.Spendet intensive Feuchtigkeit, gl\u00e4ttet die Haut und verleiht nat\u00fcrliche Strahlkraft \u2013 f\u00fcr jeden Hauttyp geeignet.","robots":{"index":"index","follow":"follow","max-snippet":"max-snippet:-1","max-image-preview":"max-image-preview:large","max-video-preview":"max-video-preview:-1"},"canonical":"https:\/\/apirocosmetics.com\/de\/product\/hyalouronic-serum-30ml\/","og_locale":"de_DE","og_type":"article","og_title":"Hyalouronic Serum (30ml)","og_description":"Entdecke das Gesichtsserum mit Hyalurons\u00e4ure & Peptiden.Spendet intensive Feuchtigkeit, gl\u00e4ttet die Haut und verleiht nat\u00fcrliche Strahlkraft \u2013 f\u00fcr jeden Hauttyp geeignet.","og_url":"https:\/\/apirocosmetics.com\/de\/product\/hyalouronic-serum-30ml\/","og_site_name":"Apiro Cosmetics","article_publisher":"https:\/\/www.facebook.com\/apirocosmetics","article_modified_time":"2026-03-30T11:46:36+00:00","og_image":[{"width":1000,"height":1000,"url":"https:\/\/apirocosmetics.com\/wp-content\/uploads\/2024\/09\/hyaluronic-serum.jpg","type":"image\/jpeg"}],"twitter_card":"summary_large_image","schema":{"@context":"https:\/\/schema.org","@graph":[{"@type":"WebPage","@id":"https:\/\/apirocosmetics.com\/de\/product\/hyalouronic-serum-30ml\/","url":"https:\/\/apirocosmetics.com\/de\/product\/hyalouronic-serum-30ml\/","name":"Hyaluronic Serum \u2013 Intensive Feuchtigkeit & Strahlkraft mit Hyalurons\u00e4ure","isPartOf":{"@id":"https:\/\/apirocosmetics.com\/#website"},"primaryImageOfPage":{"@id":"https:\/\/apirocosmetics.com\/de\/product\/hyalouronic-serum-30ml\/#primaryimage"},"image":{"@id":"https:\/\/apirocosmetics.com\/de\/product\/hyalouronic-serum-30ml\/#primaryimage"},"thumbnailUrl":"https:\/\/apirocosmetics.com\/wp-content\/uploads\/2024\/09\/hyaluronic-serum.jpg","datePublished":"2024-09-27T20:41:23+00:00","dateModified":"2026-03-30T11:46:36+00:00","description":"Entdecke das Gesichtsserum mit Hyalurons\u00e4ure & Peptiden.Spendet intensive Feuchtigkeit, gl\u00e4ttet die Haut und verleiht nat\u00fcrliche Strahlkraft \u2013 f\u00fcr jeden Hauttyp geeignet.","breadcrumb":{"@id":"https:\/\/apirocosmetics.com\/de\/product\/hyalouronic-serum-30ml\/#breadcrumb"},"inLanguage":"de","potentialAction":[{"@type":"ReadAction","target":["https:\/\/apirocosmetics.com\/de\/product\/hyalouronic-serum-30ml\/"]}]},{"@type":"ImageObject","inLanguage":"de","@id":"https:\/\/apirocosmetics.com\/de\/product\/hyalouronic-serum-30ml\/#primaryimage","url":"https:\/\/apirocosmetics.com\/wp-content\/uploads\/2024\/09\/hyaluronic-serum.jpg","contentUrl":"https:\/\/apirocosmetics.com\/wp-content\/uploads\/2024\/09\/hyaluronic-serum.jpg","width":1000,"height":1000},{"@type":"BreadcrumbList","@id":"https:\/\/apirocosmetics.com\/de\/product\/hyalouronic-serum-30ml\/#breadcrumb","itemListElement":[{"@type":"ListItem","position":1,"name":"\u0391\u03c1\u03c7\u03b9\u03ba\u03ae","item":"https:\/\/apirocosmetics.com\/de\/"},{"@type":"ListItem","position":2,"name":"Shop","item":"https:\/\/apirocosmetics.com\/de\/shop\/"},{"@type":"ListItem","position":3,"name":"Hyalouronic Serum (30ml)"}]},{"@type":"WebSite","@id":"https:\/\/apirocosmetics.com\/#website","url":"https:\/\/apirocosmetics.com\/","name":"Apiro Cosmetics","description":"Advanced Skincare \u03b3\u03b9\u03b1 \u0395\u03bd\u03c5\u03b4\u03ac\u03c4\u03c9\u03c3\u03b7, \u03a3\u03cd\u03c3\u03c6\u03b9\u03be\u03b7 &amp; \u0391\u03bd\u03c4\u03b9\u03b3\u03ae\u03c1\u03b1\u03bd\u03c3\u03b7","alternateName":"apiroo cosmetics","potentialAction":[{"@type":"SearchAction","target":{"@type":"EntryPoint","urlTemplate":"https:\/\/apirocosmetics.com\/?s={search_term_string}"},"query-input":{"@type":"PropertyValueSpecification","valueRequired":true,"valueName":"search_term_string"}}],"inLanguage":"de"}]},"product_price_amount":"63.90","product_price_currency":"EUR","og_availability":"instock","product_availability":"instock","product_retailer_item_id":"AP-59517","product_condition":"new"},"_links":{"self":[{"href":"https:\/\/apirocosmetics.com\/de\/wp-json\/wp\/v2\/product\/3919","targetHints":{"allow":["GET"]}}],"collection":[{"href":"https:\/\/apirocosmetics.com\/de\/wp-json\/wp\/v2\/product"}],"about":[{"href":"https:\/\/apirocosmetics.com\/de\/wp-json\/wp\/v2\/types\/product"}],"replies":[{"embeddable":true,"href":"https:\/\/apirocosmetics.com\/de\/wp-json\/wp\/v2\/comments?post=3919"}],"wp:featuredmedia":[{"embeddable":true,"href":"https:\/\/apirocosmetics.com\/de\/wp-json\/wp\/v2\/media\/5263"}],"wp:attachment":[{"href":"https:\/\/apirocosmetics.com\/de\/wp-json\/wp\/v2\/media?parent=3919"}],"wp:term":[{"taxonomy":"product_cat","embeddable":true,"href":"https:\/\/apirocosmetics.com\/de\/wp-json\/wp\/v2\/product_cat?post=3919"},{"taxonomy":"product_tag","embeddable":true,"href":"https:\/\/apirocosmetics.com\/de\/wp-json\/wp\/v2\/product_tag?post=3919"}],"curies":[{"name":"wp","href":"https:\/\/api.w.org\/{rel}","templated":true}]}}