{"id":3940,"date":"2025-04-29T13:48:26","date_gmt":"2025-04-29T10:48:26","guid":{"rendered":"https:\/\/apirocosmetics.com\/product\/maska-prosopou-me-kokkino-stafili\/"},"modified":"2026-03-13T11:35:25","modified_gmt":"2026-03-13T08:35:25","slug":"maska-prosopou-me-kokkino-stafili","status":"publish","type":"product","link":"https:\/\/apirocosmetics.com\/de\/product\/maska-prosopou-me-kokkino-stafili\/","title":{"rendered":"Red Grape Anti-Aging Mask (50ml)"},"content":{"rendered":"<p data-start=\"174\" data-end=\"618\">Die Hautalterung ist prim\u00e4r eine Folge von oxidativem Stress, der durch freie Radikale auf zellul\u00e4rer Ebene verursacht wird. Dieser Prozess f\u00fchrt zu strukturellen Sch\u00e4den der Haut und beschleunigt den Abbau von Kollagen und Elastin.<br data-start=\"406\" data-end=\"409\" \/>Polyphenole aus rotem Traubenextrakt stellen hochwirksame nat\u00fcrliche Antioxidantien dar, die oxidative Zellsch\u00e4den reduzieren, die zellul\u00e4re Abwehr st\u00e4rken und die physiologische Hautregeneration unterst\u00fctzen.<\/p>\n<p data-start=\"620\" data-end=\"913\">Die <strong data-start=\"624\" data-end=\"653\">Red Grape Anti-Aging Mask<\/strong> kombiniert diese antioxidativen Polyphenole mit Natriumhyaluron, Panthenol, hochreinen pflanzlichen \u00d6len (Avocado-, Jojoba-, Zitronen- und Oliven\u00f6l) sowie Kollagen-Aminos\u00e4uren. Der dermatologisch entwickelte Wirkstoffkomplex wirkt gezielt auf mehreren Ebenen:<\/p>\n<ul data-start=\"915\" data-end=\"1125\">\n<li data-start=\"915\" data-end=\"959\">\n<p data-start=\"917\" data-end=\"959\">intensive und langanhaltende Hydratation<\/p>\n<\/li>\n<li data-start=\"960\" data-end=\"1020\">\n<p data-start=\"962\" data-end=\"1020\">Stabilisierung und St\u00e4rkung der epidermalen Hautbarriere<\/p>\n<\/li>\n<li data-start=\"1021\" data-end=\"1061\">\n<p data-start=\"1023\" data-end=\"1061\">Unterst\u00fctzung der Geweberegeneration<\/p>\n<\/li>\n<li data-start=\"1062\" data-end=\"1125\">\n<p data-start=\"1064\" data-end=\"1125\">Pr\u00e4vention vorzeitiger Hautalterung durch oxidativen Stress<\/p>\n<\/li>\n<\/ul>\n<p data-start=\"1127\" data-end=\"1154\"><strong data-start=\"1127\" data-end=\"1154\">Dermatologische Wirkung<\/strong><\/p>\n<p data-start=\"1156\" data-end=\"1313\"><strong data-start=\"1156\" data-end=\"1186\">Antioxidativer Zellschutz:<\/strong><br data-start=\"1186\" data-end=\"1189\" \/>Polyphenole aus roter Traube neutralisieren freie Radikale und sch\u00fctzen die Haut vor umweltbedingten oxidativen Belastungen.<\/p>\n<p data-start=\"1315\" data-end=\"1469\"><strong data-start=\"1315\" data-end=\"1358\">Feuchtigkeitsbindung &amp; Hautelastizit\u00e4t:<\/strong><br data-start=\"1358\" data-end=\"1361\" \/>Natriumhyaluron und Panthenol f\u00f6rdern die Wasserbindung in der Epidermis und verbessern die Hautelastizit\u00e4t.<\/p>\n<p data-start=\"1471\" data-end=\"1632\"><strong data-start=\"1471\" data-end=\"1501\">Barrierefunktion der Haut:<\/strong><br data-start=\"1501\" data-end=\"1504\" \/>Hochreine pflanzliche \u00d6le reduzieren den transepidermalen Wasserverlust (TEWL) und unterst\u00fctzen die Integrit\u00e4t der Hautbarriere.<\/p>\n<p data-start=\"1634\" data-end=\"1814\"><strong data-start=\"1634\" data-end=\"1674\">Gewebereparatur &amp; Anti-Aging-Effekt:<\/strong><br data-start=\"1674\" data-end=\"1677\" \/>Ein synergistischer Komplex aus aktiven Molek\u00fclen und Kollagen-Aminos\u00e4uren tr\u00e4gt zur sichtbaren Reduktion erster Alterserscheinungen bei.<\/p>\n<p data-start=\"1816\" data-end=\"1982\"><strong data-start=\"1816\" data-end=\"1849\">Schutz vor oxidativem Stress:<\/strong><br data-start=\"1849\" data-end=\"1852\" \/>Vitamin E und antioxidative Wirkstoffe unterst\u00fctzen die physiologische Hautfunktion und f\u00f6rdern ein ebenm\u00e4\u00dfiges, vitales Hautbild.<\/p>\n","protected":false},"excerpt":{"rendered":"<p><span style=\"color: #808080;\"><strong>Aesthetics Awards 2026 Winner<br \/>\n<\/strong><\/span><br \/>\n\u2714\ufe0e F\u00fcr alle Hauttypen geeignet<br data-start=\"83\" data-end=\"86\" \/>\u2714\ufe0e Dermatologisch getestet<\/p>\n","protected":false},"featured_media":5590,"comment_status":"open","ping_status":"closed","template":"","meta":{"_acf_changed":false},"product_cat":[56],"product_tag":[],"class_list":{"0":"post-3940","1":"product","2":"type-product","3":"status-publish","4":"has-post-thumbnail","6":"product_cat-gesichtscremes","8":"first","9":"instock","10":"taxable","11":"shipping-taxable","12":"purchasable","13":"product-type-simple","swatches":"rey-swatches","show_selected":""},"acf":[],"yoast_head":"<!-- This site is optimized with the Yoast SEO Premium plugin v27.4 (Yoast SEO v27.4) - https:\/\/yoast.com\/product\/yoast-seo-premium-wordpress\/ -->\n<title>Red Grape Anti-Aging Mask (50ml)<\/title>\n<meta name=\"description\" content=\"Die Red Grape Anti-Aging Mask kombiniert diese antioxidativen Polyphenole mit Natriumhyaluron, Panthenol, hochreinen pflanzlichen \u00d6len sowie Kollagen-Aminos\u00e4uren.\" \/>\n<meta name=\"robots\" content=\"index, follow, max-snippet:-1, max-image-preview:large, max-video-preview:-1\" \/>\n<link rel=\"canonical\" href=\"https:\/\/apirocosmetics.com\/de\/product\/maska-prosopou-me-kokkino-stafili\/\" \/>\n<meta property=\"og:locale\" content=\"de_DE\" \/>\n<meta property=\"og:type\" content=\"article\" \/>\n<meta property=\"og:title\" content=\"Red Grape Anti-Aging Mask (50ml)\" \/>\n<meta property=\"og:description\" content=\"Die Red Grape Anti-Aging Mask kombiniert diese antioxidativen Polyphenole mit Natriumhyaluron, Panthenol, hochreinen pflanzlichen \u00d6len sowie Kollagen-Aminos\u00e4uren.\" \/>\n<meta property=\"og:url\" content=\"https:\/\/apirocosmetics.com\/de\/product\/maska-prosopou-me-kokkino-stafili\/\" \/>\n<meta property=\"og:site_name\" content=\"Apiro Cosmetics\" \/>\n<meta property=\"article:publisher\" content=\"https:\/\/www.facebook.com\/apirocosmetics\" \/>\n<meta property=\"article:modified_time\" content=\"2026-03-13T08:35:25+00:00\" \/>\n<meta property=\"og:image\" content=\"https:\/\/apirocosmetics.com\/wp-content\/uploads\/2025\/04\/red-grape-anti-aging-mask-4.png\" \/>\n\t<meta property=\"og:image:width\" content=\"1000\" \/>\n\t<meta property=\"og:image:height\" content=\"1000\" \/>\n\t<meta property=\"og:image:type\" content=\"image\/png\" \/>\n<meta name=\"twitter:card\" content=\"summary_large_image\" \/>\n<script type=\"application\/ld+json\" class=\"yoast-schema-graph\">{\"@context\":\"https:\\\/\\\/schema.org\",\"@graph\":[{\"@type\":\"WebPage\",\"@id\":\"https:\\\/\\\/apirocosmetics.com\\\/de\\\/product\\\/maska-prosopou-me-kokkino-stafili\\\/\",\"url\":\"https:\\\/\\\/apirocosmetics.com\\\/de\\\/product\\\/maska-prosopou-me-kokkino-stafili\\\/\",\"name\":\"Red Grape Anti-Aging Mask (50ml)\",\"isPartOf\":{\"@id\":\"https:\\\/\\\/apirocosmetics.com\\\/#website\"},\"primaryImageOfPage\":{\"@id\":\"https:\\\/\\\/apirocosmetics.com\\\/de\\\/product\\\/maska-prosopou-me-kokkino-stafili\\\/#primaryimage\"},\"image\":{\"@id\":\"https:\\\/\\\/apirocosmetics.com\\\/de\\\/product\\\/maska-prosopou-me-kokkino-stafili\\\/#primaryimage\"},\"thumbnailUrl\":\"https:\\\/\\\/apirocosmetics.com\\\/wp-content\\\/uploads\\\/2025\\\/04\\\/red-grape-anti-aging-mask-4.png\",\"datePublished\":\"2025-04-29T10:48:26+00:00\",\"dateModified\":\"2026-03-13T08:35:25+00:00\",\"description\":\"Die Red Grape Anti-Aging Mask kombiniert diese antioxidativen Polyphenole mit Natriumhyaluron, Panthenol, hochreinen pflanzlichen \u00d6len sowie Kollagen-Aminos\u00e4uren.\",\"breadcrumb\":{\"@id\":\"https:\\\/\\\/apirocosmetics.com\\\/de\\\/product\\\/maska-prosopou-me-kokkino-stafili\\\/#breadcrumb\"},\"inLanguage\":\"de\",\"potentialAction\":[{\"@type\":\"ReadAction\",\"target\":[\"https:\\\/\\\/apirocosmetics.com\\\/de\\\/product\\\/maska-prosopou-me-kokkino-stafili\\\/\"]}]},{\"@type\":\"ImageObject\",\"inLanguage\":\"de\",\"@id\":\"https:\\\/\\\/apirocosmetics.com\\\/de\\\/product\\\/maska-prosopou-me-kokkino-stafili\\\/#primaryimage\",\"url\":\"https:\\\/\\\/apirocosmetics.com\\\/wp-content\\\/uploads\\\/2025\\\/04\\\/red-grape-anti-aging-mask-4.png\",\"contentUrl\":\"https:\\\/\\\/apirocosmetics.com\\\/wp-content\\\/uploads\\\/2025\\\/04\\\/red-grape-anti-aging-mask-4.png\",\"width\":1000,\"height\":1000},{\"@type\":\"BreadcrumbList\",\"@id\":\"https:\\\/\\\/apirocosmetics.com\\\/de\\\/product\\\/maska-prosopou-me-kokkino-stafili\\\/#breadcrumb\",\"itemListElement\":[{\"@type\":\"ListItem\",\"position\":1,\"name\":\"\u0391\u03c1\u03c7\u03b9\u03ba\u03ae\",\"item\":\"https:\\\/\\\/apirocosmetics.com\\\/de\\\/\"},{\"@type\":\"ListItem\",\"position\":2,\"name\":\"Shop\",\"item\":\"https:\\\/\\\/apirocosmetics.com\\\/de\\\/shop\\\/\"},{\"@type\":\"ListItem\",\"position\":3,\"name\":\"Red Grape Anti-Aging Mask (50ml)\"}]},{\"@type\":\"WebSite\",\"@id\":\"https:\\\/\\\/apirocosmetics.com\\\/#website\",\"url\":\"https:\\\/\\\/apirocosmetics.com\\\/\",\"name\":\"Apiro Cosmetics\",\"description\":\"Advanced Skincare \u03b3\u03b9\u03b1 \u0395\u03bd\u03c5\u03b4\u03ac\u03c4\u03c9\u03c3\u03b7, \u03a3\u03cd\u03c3\u03c6\u03b9\u03be\u03b7 &amp; \u0391\u03bd\u03c4\u03b9\u03b3\u03ae\u03c1\u03b1\u03bd\u03c3\u03b7\",\"alternateName\":\"apiroo cosmetics\",\"potentialAction\":[{\"@type\":\"SearchAction\",\"target\":{\"@type\":\"EntryPoint\",\"urlTemplate\":\"https:\\\/\\\/apirocosmetics.com\\\/?s={search_term_string}\"},\"query-input\":{\"@type\":\"PropertyValueSpecification\",\"valueRequired\":true,\"valueName\":\"search_term_string\"}}],\"inLanguage\":\"de\"}]}<\/script>\n<meta property=\"product:price:amount\" content=\"33.90\" \/>\n<meta property=\"product:price:currency\" content=\"EUR\" \/>\n<meta property=\"og:availability\" content=\"instock\" \/>\n<meta property=\"product:availability\" content=\"instock\" \/>\n<meta property=\"product:retailer_item_id\" content=\"AP-21467\" \/>\n<meta property=\"product:condition\" content=\"new\" \/>\n<!-- \/ Yoast SEO Premium plugin. -->","yoast_head_json":{"title":"Red Grape Anti-Aging Mask (50ml)","description":"Die Red Grape Anti-Aging Mask kombiniert diese antioxidativen Polyphenole mit Natriumhyaluron, Panthenol, hochreinen pflanzlichen \u00d6len sowie Kollagen-Aminos\u00e4uren.","robots":{"index":"index","follow":"follow","max-snippet":"max-snippet:-1","max-image-preview":"max-image-preview:large","max-video-preview":"max-video-preview:-1"},"canonical":"https:\/\/apirocosmetics.com\/de\/product\/maska-prosopou-me-kokkino-stafili\/","og_locale":"de_DE","og_type":"article","og_title":"Red Grape Anti-Aging Mask (50ml)","og_description":"Die Red Grape Anti-Aging Mask kombiniert diese antioxidativen Polyphenole mit Natriumhyaluron, Panthenol, hochreinen pflanzlichen \u00d6len sowie Kollagen-Aminos\u00e4uren.","og_url":"https:\/\/apirocosmetics.com\/de\/product\/maska-prosopou-me-kokkino-stafili\/","og_site_name":"Apiro Cosmetics","article_publisher":"https:\/\/www.facebook.com\/apirocosmetics","article_modified_time":"2026-03-13T08:35:25+00:00","og_image":[{"width":1000,"height":1000,"url":"https:\/\/apirocosmetics.com\/wp-content\/uploads\/2025\/04\/red-grape-anti-aging-mask-4.png","type":"image\/png"}],"twitter_card":"summary_large_image","schema":{"@context":"https:\/\/schema.org","@graph":[{"@type":"WebPage","@id":"https:\/\/apirocosmetics.com\/de\/product\/maska-prosopou-me-kokkino-stafili\/","url":"https:\/\/apirocosmetics.com\/de\/product\/maska-prosopou-me-kokkino-stafili\/","name":"Red Grape Anti-Aging Mask (50ml)","isPartOf":{"@id":"https:\/\/apirocosmetics.com\/#website"},"primaryImageOfPage":{"@id":"https:\/\/apirocosmetics.com\/de\/product\/maska-prosopou-me-kokkino-stafili\/#primaryimage"},"image":{"@id":"https:\/\/apirocosmetics.com\/de\/product\/maska-prosopou-me-kokkino-stafili\/#primaryimage"},"thumbnailUrl":"https:\/\/apirocosmetics.com\/wp-content\/uploads\/2025\/04\/red-grape-anti-aging-mask-4.png","datePublished":"2025-04-29T10:48:26+00:00","dateModified":"2026-03-13T08:35:25+00:00","description":"Die Red Grape Anti-Aging Mask kombiniert diese antioxidativen Polyphenole mit Natriumhyaluron, Panthenol, hochreinen pflanzlichen \u00d6len sowie Kollagen-Aminos\u00e4uren.","breadcrumb":{"@id":"https:\/\/apirocosmetics.com\/de\/product\/maska-prosopou-me-kokkino-stafili\/#breadcrumb"},"inLanguage":"de","potentialAction":[{"@type":"ReadAction","target":["https:\/\/apirocosmetics.com\/de\/product\/maska-prosopou-me-kokkino-stafili\/"]}]},{"@type":"ImageObject","inLanguage":"de","@id":"https:\/\/apirocosmetics.com\/de\/product\/maska-prosopou-me-kokkino-stafili\/#primaryimage","url":"https:\/\/apirocosmetics.com\/wp-content\/uploads\/2025\/04\/red-grape-anti-aging-mask-4.png","contentUrl":"https:\/\/apirocosmetics.com\/wp-content\/uploads\/2025\/04\/red-grape-anti-aging-mask-4.png","width":1000,"height":1000},{"@type":"BreadcrumbList","@id":"https:\/\/apirocosmetics.com\/de\/product\/maska-prosopou-me-kokkino-stafili\/#breadcrumb","itemListElement":[{"@type":"ListItem","position":1,"name":"\u0391\u03c1\u03c7\u03b9\u03ba\u03ae","item":"https:\/\/apirocosmetics.com\/de\/"},{"@type":"ListItem","position":2,"name":"Shop","item":"https:\/\/apirocosmetics.com\/de\/shop\/"},{"@type":"ListItem","position":3,"name":"Red Grape Anti-Aging Mask (50ml)"}]},{"@type":"WebSite","@id":"https:\/\/apirocosmetics.com\/#website","url":"https:\/\/apirocosmetics.com\/","name":"Apiro Cosmetics","description":"Advanced Skincare \u03b3\u03b9\u03b1 \u0395\u03bd\u03c5\u03b4\u03ac\u03c4\u03c9\u03c3\u03b7, \u03a3\u03cd\u03c3\u03c6\u03b9\u03be\u03b7 &amp; \u0391\u03bd\u03c4\u03b9\u03b3\u03ae\u03c1\u03b1\u03bd\u03c3\u03b7","alternateName":"apiroo cosmetics","potentialAction":[{"@type":"SearchAction","target":{"@type":"EntryPoint","urlTemplate":"https:\/\/apirocosmetics.com\/?s={search_term_string}"},"query-input":{"@type":"PropertyValueSpecification","valueRequired":true,"valueName":"search_term_string"}}],"inLanguage":"de"}]},"product_price_amount":"33.90","product_price_currency":"EUR","og_availability":"instock","product_availability":"instock","product_retailer_item_id":"AP-21467","product_condition":"new"},"_links":{"self":[{"href":"https:\/\/apirocosmetics.com\/de\/wp-json\/wp\/v2\/product\/3940","targetHints":{"allow":["GET"]}}],"collection":[{"href":"https:\/\/apirocosmetics.com\/de\/wp-json\/wp\/v2\/product"}],"about":[{"href":"https:\/\/apirocosmetics.com\/de\/wp-json\/wp\/v2\/types\/product"}],"replies":[{"embeddable":true,"href":"https:\/\/apirocosmetics.com\/de\/wp-json\/wp\/v2\/comments?post=3940"}],"wp:featuredmedia":[{"embeddable":true,"href":"https:\/\/apirocosmetics.com\/de\/wp-json\/wp\/v2\/media\/5590"}],"wp:attachment":[{"href":"https:\/\/apirocosmetics.com\/de\/wp-json\/wp\/v2\/media?parent=3940"}],"wp:term":[{"taxonomy":"product_cat","embeddable":true,"href":"https:\/\/apirocosmetics.com\/de\/wp-json\/wp\/v2\/product_cat?post=3940"},{"taxonomy":"product_tag","embeddable":true,"href":"https:\/\/apirocosmetics.com\/de\/wp-json\/wp\/v2\/product_tag?post=3940"}],"curies":[{"name":"wp","href":"https:\/\/api.w.org\/{rel}","templated":true}]}}