{"id":3955,"date":"2025-09-08T10:25:25","date_gmt":"2025-09-08T07:25:25","guid":{"rendered":"https:\/\/apirocosmetics.com\/product\/hydration-radiance-combo-face-eye-care\/"},"modified":"2026-03-10T08:53:10","modified_gmt":"2026-03-10T05:53:10","slug":"hydration-radiance-combo-face-eye-care","status":"publish","type":"product","link":"https:\/\/apirocosmetics.com\/de\/product\/hydration-radiance-combo-face-eye-care\/","title":{"rendered":"Hydration &#038; Radiance Combo \u2013 Face &#038; Eye Care"},"content":{"rendered":"<p data-start=\"89\" data-end=\"230\">Das <strong data-start=\"93\" data-end=\"123\">Hydration &amp; Radiance Combo<\/strong> vereint zwei fortschrittliche Formulierungen, die auf Wirkstoffen mit nachgewiesener Wirksamkeit basieren:<\/p>\n<h6 data-start=\"232\" data-end=\"268\"><strong data-start=\"236\" data-end=\"268\">Hydratant Face Cream (50ml)<\/strong><\/h6>\n<p data-start=\"269\" data-end=\"332\">Enth\u00e4lt Hyalurons\u00e4ure mit unterschiedlichen Molekulargewichten:<\/p>\n<ul data-start=\"334\" data-end=\"619\">\n<li data-start=\"334\" data-end=\"480\">\n<p data-start=\"336\" data-end=\"480\"><strong data-start=\"336\" data-end=\"368\">Hochmolekulare Hyalurons\u00e4ure<\/strong> bildet einen sch\u00fctzenden Film auf der Hautoberfl\u00e4che und reduziert den transepidermalen Wasserverlust (TEWL).<\/p>\n<\/li>\n<li data-start=\"481\" data-end=\"619\">\n<p data-start=\"483\" data-end=\"619\"><strong data-start=\"483\" data-end=\"529\">Mittel- und niedermolekulare Hyalurons\u00e4ure<\/strong> dringt in tiefere Hautschichten ein und unterst\u00fctzt die Hydratation auf zellul\u00e4rer Ebene.<\/p>\n<\/li>\n<\/ul>\n<p data-start=\"621\" data-end=\"822\">Die Kombination aus <strong data-start=\"641\" data-end=\"654\">Vitamin E<\/strong> und <strong data-start=\"659\" data-end=\"675\">Polyphenolen<\/strong> bietet eine ausgepr\u00e4gte antioxidative Wirkung, sch\u00fctzt die Hautzellen vor oxidativem Stress und tr\u00e4gt zur Pr\u00e4vention vorzeitiger Hautalterung bei.<\/p>\n<h6 data-start=\"824\" data-end=\"857\"><strong data-start=\"828\" data-end=\"857\">Perfect Eye Cream (15 ml)<\/strong><\/h6>\n<p data-start=\"858\" data-end=\"1274\">Die Formulierung basiert auf <strong data-start=\"887\" data-end=\"914\">biomimetischen Peptiden<\/strong>, die Fibroblasten aktivieren und die Synthese von Kollagen und Elastin f\u00f6rdern. Dadurch wird das Erscheinungsbild von Falten und feinen Linien im Augenbereich sichtbar reduziert.<br data-start=\"1093\" data-end=\"1096\" \/><strong data-start=\"1096\" data-end=\"1107\">Koffein<\/strong> unterst\u00fctzt die Mikrozirkulation, wirkt abschwellend und reduziert Augenringe, w\u00e4hrend beruhigende pflanzliche Extrakte ein Gef\u00fchl von Frische und Komfort vermitteln.<\/p>\n<p data-start=\"1276\" data-end=\"1530\">Der kombinierte Einsatz beider Produkte schafft eine komplement\u00e4re Pflegeroutine mit belegten Vorteilen: <strong data-start=\"1381\" data-end=\"1529\">intensive Feuchtigkeitsversorgung, verbesserte Hautelastizit\u00e4t, Reduktion von Falten sowie ein sichtbar erfrischter und strahlender Augenbereich<\/strong>.<\/p>\n","protected":false},"excerpt":{"rendered":"<p data-start=\"66\" data-end=\"320\"><strong data-start=\"66\" data-end=\"90\">Hydratant Face Cream<\/strong> \u2013 Mehrfach-molekulare Hyalurons\u00e4ure sorgt f\u00fcr eine tiefenwirksame Hydratation der Haut. In Kombination mit <strong data-start=\"198\" data-end=\"211\">Vitamin E<\/strong> und <strong data-start=\"216\" data-end=\"232\">Polyphenolen<\/strong> bietet die Formulierung einen ausgepr\u00e4gten antioxidativen Schutz vor oxidativem Stress.<\/p>\n<p data-start=\"322\" data-end=\"491\"><strong data-start=\"322\" data-end=\"343\">Perfect Eye Cream<\/strong> \u2013 <strong data-start=\"346\" data-end=\"371\">Biomimetische Peptide<\/strong> stimulieren die Kollagenproduktion und tragen zur sichtbaren Reduktion feiner Linien im empfindlichen Augenbereich bei.<\/p>\n","protected":false},"featured_media":5308,"comment_status":"closed","ping_status":"closed","template":"","meta":{"_acf_changed":false},"product_cat":[56],"product_tag":[],"class_list":{"0":"post-3955","1":"product","2":"type-product","3":"status-publish","4":"has-post-thumbnail","6":"product_cat-gesichtscremes","8":"first","9":"instock","10":"taxable","11":"shipping-taxable","12":"purchasable","13":"product-type-simple","swatches":"rey-swatches","show_selected":""},"acf":[],"yoast_head":"<!-- This site is optimized with the Yoast SEO Premium plugin v27.4 (Yoast SEO v27.4) - https:\/\/yoast.com\/product\/yoast-seo-premium-wordpress\/ -->\n<title>Hydration &amp; Radiance Combo \u2013 Face &amp; Eye Care - Apiro Cosmetics<\/title>\n<meta name=\"description\" content=\"Hydration &amp; Radiance Combo. Tiefe Hydratation, verbesserte Hautelastizit\u00e4t, Reduktion von Falten und ein sichtbar strahlender Blick.\" \/>\n<meta name=\"robots\" content=\"index, follow, max-snippet:-1, max-image-preview:large, max-video-preview:-1\" \/>\n<link rel=\"canonical\" href=\"https:\/\/apirocosmetics.com\/de\/product\/hydration-radiance-combo-face-eye-care\/\" \/>\n<meta property=\"og:locale\" content=\"de_DE\" \/>\n<meta property=\"og:type\" content=\"article\" \/>\n<meta property=\"og:title\" content=\"Hydration &amp; Radiance Combo \u2013 Face &amp; Eye Care\" \/>\n<meta property=\"og:description\" content=\"Hydration &amp; Radiance Combo. Tiefe Hydratation, verbesserte Hautelastizit\u00e4t, Reduktion von Falten und ein sichtbar strahlender Blick.\" \/>\n<meta property=\"og:url\" content=\"https:\/\/apirocosmetics.com\/de\/product\/hydration-radiance-combo-face-eye-care\/\" \/>\n<meta property=\"og:site_name\" content=\"Apiro Cosmetics\" \/>\n<meta property=\"article:publisher\" content=\"https:\/\/www.facebook.com\/apirocosmetics\" \/>\n<meta property=\"article:modified_time\" content=\"2026-03-10T05:53:10+00:00\" \/>\n<meta property=\"og:image\" content=\"https:\/\/apirocosmetics.com\/wp-content\/uploads\/2025\/09\/Hydration-Radiance-Combo.jpg\" \/>\n\t<meta property=\"og:image:width\" content=\"1000\" \/>\n\t<meta property=\"og:image:height\" content=\"1000\" \/>\n\t<meta property=\"og:image:type\" content=\"image\/jpeg\" \/>\n<meta name=\"twitter:card\" content=\"summary_large_image\" \/>\n<script type=\"application\/ld+json\" class=\"yoast-schema-graph\">{\"@context\":\"https:\\\/\\\/schema.org\",\"@graph\":[{\"@type\":\"WebPage\",\"@id\":\"https:\\\/\\\/apirocosmetics.com\\\/de\\\/product\\\/hydration-radiance-combo-face-eye-care\\\/\",\"url\":\"https:\\\/\\\/apirocosmetics.com\\\/de\\\/product\\\/hydration-radiance-combo-face-eye-care\\\/\",\"name\":\"Hydration & Radiance Combo \u2013 Face & Eye Care - Apiro Cosmetics\",\"isPartOf\":{\"@id\":\"https:\\\/\\\/apirocosmetics.com\\\/#website\"},\"primaryImageOfPage\":{\"@id\":\"https:\\\/\\\/apirocosmetics.com\\\/de\\\/product\\\/hydration-radiance-combo-face-eye-care\\\/#primaryimage\"},\"image\":{\"@id\":\"https:\\\/\\\/apirocosmetics.com\\\/de\\\/product\\\/hydration-radiance-combo-face-eye-care\\\/#primaryimage\"},\"thumbnailUrl\":\"https:\\\/\\\/apirocosmetics.com\\\/wp-content\\\/uploads\\\/2025\\\/09\\\/Hydration-Radiance-Combo.jpg\",\"datePublished\":\"2025-09-08T07:25:25+00:00\",\"dateModified\":\"2026-03-10T05:53:10+00:00\",\"description\":\"Hydration & Radiance Combo. Tiefe Hydratation, verbesserte Hautelastizit\u00e4t, Reduktion von Falten und ein sichtbar strahlender Blick.\",\"breadcrumb\":{\"@id\":\"https:\\\/\\\/apirocosmetics.com\\\/de\\\/product\\\/hydration-radiance-combo-face-eye-care\\\/#breadcrumb\"},\"inLanguage\":\"de\",\"potentialAction\":[{\"@type\":\"ReadAction\",\"target\":[\"https:\\\/\\\/apirocosmetics.com\\\/de\\\/product\\\/hydration-radiance-combo-face-eye-care\\\/\"]}]},{\"@type\":\"ImageObject\",\"inLanguage\":\"de\",\"@id\":\"https:\\\/\\\/apirocosmetics.com\\\/de\\\/product\\\/hydration-radiance-combo-face-eye-care\\\/#primaryimage\",\"url\":\"https:\\\/\\\/apirocosmetics.com\\\/wp-content\\\/uploads\\\/2025\\\/09\\\/Hydration-Radiance-Combo.jpg\",\"contentUrl\":\"https:\\\/\\\/apirocosmetics.com\\\/wp-content\\\/uploads\\\/2025\\\/09\\\/Hydration-Radiance-Combo.jpg\",\"width\":1000,\"height\":1000},{\"@type\":\"BreadcrumbList\",\"@id\":\"https:\\\/\\\/apirocosmetics.com\\\/de\\\/product\\\/hydration-radiance-combo-face-eye-care\\\/#breadcrumb\",\"itemListElement\":[{\"@type\":\"ListItem\",\"position\":1,\"name\":\"\u0391\u03c1\u03c7\u03b9\u03ba\u03ae\",\"item\":\"https:\\\/\\\/apirocosmetics.com\\\/de\\\/\"},{\"@type\":\"ListItem\",\"position\":2,\"name\":\"Shop\",\"item\":\"https:\\\/\\\/apirocosmetics.com\\\/de\\\/shop\\\/\"},{\"@type\":\"ListItem\",\"position\":3,\"name\":\"Hydration &#038; Radiance Combo \u2013 Face &#038; Eye Care\"}]},{\"@type\":\"WebSite\",\"@id\":\"https:\\\/\\\/apirocosmetics.com\\\/#website\",\"url\":\"https:\\\/\\\/apirocosmetics.com\\\/\",\"name\":\"Apiro Cosmetics\",\"description\":\"Advanced Skincare \u03b3\u03b9\u03b1 \u0395\u03bd\u03c5\u03b4\u03ac\u03c4\u03c9\u03c3\u03b7, \u03a3\u03cd\u03c3\u03c6\u03b9\u03be\u03b7 &amp; \u0391\u03bd\u03c4\u03b9\u03b3\u03ae\u03c1\u03b1\u03bd\u03c3\u03b7\",\"alternateName\":\"apiroo cosmetics\",\"potentialAction\":[{\"@type\":\"SearchAction\",\"target\":{\"@type\":\"EntryPoint\",\"urlTemplate\":\"https:\\\/\\\/apirocosmetics.com\\\/?s={search_term_string}\"},\"query-input\":{\"@type\":\"PropertyValueSpecification\",\"valueRequired\":true,\"valueName\":\"search_term_string\"}}],\"inLanguage\":\"de\"}]}<\/script>\n<meta property=\"product:price:amount\" content=\"67.84\" \/>\n<meta property=\"product:price:currency\" content=\"EUR\" \/>\n<meta property=\"og:availability\" content=\"instock\" \/>\n<meta property=\"product:availability\" content=\"instock\" \/>\n<meta property=\"product:retailer_item_id\" content=\"AP-59537\" \/>\n<meta property=\"product:condition\" content=\"new\" \/>\n<!-- \/ Yoast SEO Premium plugin. -->","yoast_head_json":{"title":"Hydration & Radiance Combo \u2013 Face & Eye Care - Apiro Cosmetics","description":"Hydration & Radiance Combo. Tiefe Hydratation, verbesserte Hautelastizit\u00e4t, Reduktion von Falten und ein sichtbar strahlender Blick.","robots":{"index":"index","follow":"follow","max-snippet":"max-snippet:-1","max-image-preview":"max-image-preview:large","max-video-preview":"max-video-preview:-1"},"canonical":"https:\/\/apirocosmetics.com\/de\/product\/hydration-radiance-combo-face-eye-care\/","og_locale":"de_DE","og_type":"article","og_title":"Hydration & Radiance Combo \u2013 Face & Eye Care","og_description":"Hydration & Radiance Combo. Tiefe Hydratation, verbesserte Hautelastizit\u00e4t, Reduktion von Falten und ein sichtbar strahlender Blick.","og_url":"https:\/\/apirocosmetics.com\/de\/product\/hydration-radiance-combo-face-eye-care\/","og_site_name":"Apiro Cosmetics","article_publisher":"https:\/\/www.facebook.com\/apirocosmetics","article_modified_time":"2026-03-10T05:53:10+00:00","og_image":[{"width":1000,"height":1000,"url":"https:\/\/apirocosmetics.com\/wp-content\/uploads\/2025\/09\/Hydration-Radiance-Combo.jpg","type":"image\/jpeg"}],"twitter_card":"summary_large_image","schema":{"@context":"https:\/\/schema.org","@graph":[{"@type":"WebPage","@id":"https:\/\/apirocosmetics.com\/de\/product\/hydration-radiance-combo-face-eye-care\/","url":"https:\/\/apirocosmetics.com\/de\/product\/hydration-radiance-combo-face-eye-care\/","name":"Hydration & Radiance Combo \u2013 Face & Eye Care - Apiro Cosmetics","isPartOf":{"@id":"https:\/\/apirocosmetics.com\/#website"},"primaryImageOfPage":{"@id":"https:\/\/apirocosmetics.com\/de\/product\/hydration-radiance-combo-face-eye-care\/#primaryimage"},"image":{"@id":"https:\/\/apirocosmetics.com\/de\/product\/hydration-radiance-combo-face-eye-care\/#primaryimage"},"thumbnailUrl":"https:\/\/apirocosmetics.com\/wp-content\/uploads\/2025\/09\/Hydration-Radiance-Combo.jpg","datePublished":"2025-09-08T07:25:25+00:00","dateModified":"2026-03-10T05:53:10+00:00","description":"Hydration & Radiance Combo. Tiefe Hydratation, verbesserte Hautelastizit\u00e4t, Reduktion von Falten und ein sichtbar strahlender Blick.","breadcrumb":{"@id":"https:\/\/apirocosmetics.com\/de\/product\/hydration-radiance-combo-face-eye-care\/#breadcrumb"},"inLanguage":"de","potentialAction":[{"@type":"ReadAction","target":["https:\/\/apirocosmetics.com\/de\/product\/hydration-radiance-combo-face-eye-care\/"]}]},{"@type":"ImageObject","inLanguage":"de","@id":"https:\/\/apirocosmetics.com\/de\/product\/hydration-radiance-combo-face-eye-care\/#primaryimage","url":"https:\/\/apirocosmetics.com\/wp-content\/uploads\/2025\/09\/Hydration-Radiance-Combo.jpg","contentUrl":"https:\/\/apirocosmetics.com\/wp-content\/uploads\/2025\/09\/Hydration-Radiance-Combo.jpg","width":1000,"height":1000},{"@type":"BreadcrumbList","@id":"https:\/\/apirocosmetics.com\/de\/product\/hydration-radiance-combo-face-eye-care\/#breadcrumb","itemListElement":[{"@type":"ListItem","position":1,"name":"\u0391\u03c1\u03c7\u03b9\u03ba\u03ae","item":"https:\/\/apirocosmetics.com\/de\/"},{"@type":"ListItem","position":2,"name":"Shop","item":"https:\/\/apirocosmetics.com\/de\/shop\/"},{"@type":"ListItem","position":3,"name":"Hydration &#038; Radiance Combo \u2013 Face &#038; Eye Care"}]},{"@type":"WebSite","@id":"https:\/\/apirocosmetics.com\/#website","url":"https:\/\/apirocosmetics.com\/","name":"Apiro Cosmetics","description":"Advanced Skincare \u03b3\u03b9\u03b1 \u0395\u03bd\u03c5\u03b4\u03ac\u03c4\u03c9\u03c3\u03b7, \u03a3\u03cd\u03c3\u03c6\u03b9\u03be\u03b7 &amp; \u0391\u03bd\u03c4\u03b9\u03b3\u03ae\u03c1\u03b1\u03bd\u03c3\u03b7","alternateName":"apiroo cosmetics","potentialAction":[{"@type":"SearchAction","target":{"@type":"EntryPoint","urlTemplate":"https:\/\/apirocosmetics.com\/?s={search_term_string}"},"query-input":{"@type":"PropertyValueSpecification","valueRequired":true,"valueName":"search_term_string"}}],"inLanguage":"de"}]},"product_price_amount":"67.84","product_price_currency":"EUR","og_availability":"instock","product_availability":"instock","product_retailer_item_id":"AP-59537","product_condition":"new"},"_links":{"self":[{"href":"https:\/\/apirocosmetics.com\/de\/wp-json\/wp\/v2\/product\/3955","targetHints":{"allow":["GET"]}}],"collection":[{"href":"https:\/\/apirocosmetics.com\/de\/wp-json\/wp\/v2\/product"}],"about":[{"href":"https:\/\/apirocosmetics.com\/de\/wp-json\/wp\/v2\/types\/product"}],"replies":[{"embeddable":true,"href":"https:\/\/apirocosmetics.com\/de\/wp-json\/wp\/v2\/comments?post=3955"}],"wp:featuredmedia":[{"embeddable":true,"href":"https:\/\/apirocosmetics.com\/de\/wp-json\/wp\/v2\/media\/5308"}],"wp:attachment":[{"href":"https:\/\/apirocosmetics.com\/de\/wp-json\/wp\/v2\/media?parent=3955"}],"wp:term":[{"taxonomy":"product_cat","embeddable":true,"href":"https:\/\/apirocosmetics.com\/de\/wp-json\/wp\/v2\/product_cat?post=3955"},{"taxonomy":"product_tag","embeddable":true,"href":"https:\/\/apirocosmetics.com\/de\/wp-json\/wp\/v2\/product_tag?post=3955"}],"curies":[{"name":"wp","href":"https:\/\/api.w.org\/{rel}","templated":true}]}}