{"id":3960,"date":"2025-10-03T12:19:36","date_gmt":"2025-10-03T09:19:36","guid":{"rendered":"https:\/\/apirocosmetics.com\/product\/antioxidant-renewal-combo-face-cleansing-anti-age-mask\/"},"modified":"2026-03-10T08:53:11","modified_gmt":"2026-03-10T05:53:11","slug":"antioxidant-renewal-combo-face-cleansing-anti-age-mask","status":"publish","type":"product","link":"https:\/\/apirocosmetics.com\/de\/product\/antioxidant-renewal-combo-face-cleansing-anti-age-mask\/","title":{"rendered":"Antioxidant &#038; Renewal Combo \u2013 Face Cleansing &#038; Anti-Age Mask"},"content":{"rendered":"<p data-start=\"89\" data-end=\"442\">Ein ganzheitliches <strong data-start=\"108\" data-end=\"139\">Zwei-Schritte-Pflege\u00adritual<\/strong>, das antioxidativen Schutz und gezielte Hauterneuerung bietet.<br data-start=\"202\" data-end=\"205\" \/>Das Set kombiniert das <strong data-start=\"228\" data-end=\"282\">Face Cleansing Gel mit Granatapfelextrakt (200 ml)<\/strong> f\u00fcr eine gr\u00fcndliche Reinigung und Revitalisierung mit der <strong data-start=\"341\" data-end=\"378\">Red Grape Anti-Aging Mask (50 ml)<\/strong> f\u00fcr intensive Feuchtigkeit, Regeneration und Anti-Aging-Pflege.<\/p>\n<h6 data-start=\"444\" data-end=\"497\"><strong data-start=\"448\" data-end=\"497\">Schritt 1: Face Cleansing Gel mit Granatapfel<\/strong><\/h6>\n<p data-start=\"498\" data-end=\"746\">Entfernt effektiv Unreinheiten, \u00fcbersch\u00fcssigen Talg und umweltbedingte Belastungen und hinterl\u00e4sst die Haut sauber, erfrischt und strahlend.<br data-start=\"638\" data-end=\"641\" \/>Reich an Antioxidantien und <strong data-start=\"669\" data-end=\"682\">Vitamin C<\/strong>, sch\u00fctzt es die Haut und st\u00e4rkt ihre nat\u00fcrliche Abwehrfunktion.<\/p>\n<h6 data-start=\"748\" data-end=\"792\"><strong data-start=\"752\" data-end=\"792\">Schritt 2: Red Grape Anti-Aging Mask<\/strong><\/h6>\n<p data-start=\"793\" data-end=\"1030\">Mit <strong data-start=\"797\" data-end=\"830\">Polyphenolen aus roter Traube<\/strong>, <strong data-start=\"832\" data-end=\"849\">Hyalurons\u00e4ure<\/strong>, <strong data-start=\"851\" data-end=\"864\">Panthenol<\/strong> sowie hochreinen pflanzlichen \u00d6len spendet die Maske tiefenwirksame Feuchtigkeit, stabilisiert die Hautbarriere und unterst\u00fctzt die nat\u00fcrliche Regeneration der Haut.<\/p>\n<p data-start=\"1032\" data-end=\"1232\"><strong data-start=\"1032\" data-end=\"1061\">Vorteile auf einen Blick:<\/strong><br \/>\n\u2714\ufe0f Antioxidativer Schutz vor freien Radikalen<br data-start=\"1107\" data-end=\"1110\" \/>\u2714\ufe0f Tiefenreinigung &amp; intensive Hydratation<br data-start=\"1152\" data-end=\"1155\" \/>\u2714\ufe0f Sichtbare Strahlkraft, verbesserte Elastizit\u00e4t und jugendliches Hautbild<\/p>\n<p data-start=\"1234\" data-end=\"1436\">Das <strong data-start=\"1238\" data-end=\"1269\">Antioxidant &amp; Renewal Combo<\/strong> bietet die ideale Balance zwischen effektiver Reinigung und fortschrittlicher Anti-Aging-Pflege \u2013 f\u00fcr eine t\u00e4glich gereinigte, erneuerte und sichtbar strahlende Haut.<\/p>\n","protected":false},"excerpt":{"rendered":"<p>Das <strong data-start=\"65\" data-end=\"96\">Antioxidant &amp; Renewal Combo<\/strong> vereint das <strong data-start=\"109\" data-end=\"150\">Gesichtsreinigungsgel mit Granatapfel<\/strong> und die <strong data-start=\"159\" data-end=\"189\">Red Grape Anti-Aging Maske<\/strong> zu einer ganzheitlichen Zwei-Schritte-Pflege.<br data-start=\"235\" data-end=\"238\" \/>Es reinigt die Haut gr\u00fcndlich, sch\u00fctzt vor oxidativem Stress und sorgt f\u00fcr intensive Feuchtigkeitsversorgung, Regeneration und jugendliche Ausstrahlung.<\/p>\n","protected":false},"featured_media":5298,"comment_status":"closed","ping_status":"closed","template":"","meta":{"_acf_changed":false},"product_cat":[56],"product_tag":[],"class_list":{"0":"post-3960","1":"product","2":"type-product","3":"status-publish","4":"has-post-thumbnail","6":"product_cat-gesichtscremes","8":"first","9":"instock","10":"taxable","11":"shipping-taxable","12":"purchasable","13":"product-type-simple","swatches":"rey-swatches","show_selected":""},"acf":[],"yoast_head":"<!-- This site is optimized with the Yoast SEO Premium plugin v27.4 (Yoast SEO v27.4) - https:\/\/yoast.com\/product\/yoast-seo-premium-wordpress\/ -->\n<title>Antioxidant &amp; Renewal Combo \u2013 Face Cleansing &amp; Anti-Age Mask - Apiro Cosmetics<\/title>\n<meta name=\"description\" content=\"Antioxidant &amp; Renewal Combo. Ein ganzheitliches Zwei-Schritte-Pflege\u00adritual, das antioxidativen Schutz und gezielte Hauterneuerung bietet.\" \/>\n<meta name=\"robots\" content=\"index, follow, max-snippet:-1, max-image-preview:large, max-video-preview:-1\" \/>\n<link rel=\"canonical\" href=\"https:\/\/apirocosmetics.com\/de\/product\/antioxidant-renewal-combo-face-cleansing-anti-age-mask\/\" \/>\n<meta property=\"og:locale\" content=\"de_DE\" \/>\n<meta property=\"og:type\" content=\"article\" \/>\n<meta property=\"og:title\" content=\"Antioxidant &amp; Renewal Combo \u2013 Face Cleansing &amp; Anti-Age Mask\" \/>\n<meta property=\"og:description\" content=\"Antioxidant &amp; Renewal Combo. Ein ganzheitliches Zwei-Schritte-Pflege\u00adritual, das antioxidativen Schutz und gezielte Hauterneuerung bietet.\" \/>\n<meta property=\"og:url\" content=\"https:\/\/apirocosmetics.com\/de\/product\/antioxidant-renewal-combo-face-cleansing-anti-age-mask\/\" \/>\n<meta property=\"og:site_name\" content=\"Apiro Cosmetics\" \/>\n<meta property=\"article:publisher\" content=\"https:\/\/www.facebook.com\/apirocosmetics\" \/>\n<meta property=\"article:modified_time\" content=\"2026-03-10T05:53:11+00:00\" \/>\n<meta property=\"og:image\" content=\"https:\/\/apirocosmetics.com\/wp-content\/uploads\/2025\/10\/9-1.jpg\" \/>\n\t<meta property=\"og:image:width\" content=\"1000\" \/>\n\t<meta property=\"og:image:height\" content=\"1000\" \/>\n\t<meta property=\"og:image:type\" content=\"image\/jpeg\" \/>\n<meta name=\"twitter:card\" content=\"summary_large_image\" \/>\n<script type=\"application\/ld+json\" class=\"yoast-schema-graph\">{\"@context\":\"https:\\\/\\\/schema.org\",\"@graph\":[{\"@type\":\"WebPage\",\"@id\":\"https:\\\/\\\/apirocosmetics.com\\\/de\\\/product\\\/antioxidant-renewal-combo-face-cleansing-anti-age-mask\\\/\",\"url\":\"https:\\\/\\\/apirocosmetics.com\\\/de\\\/product\\\/antioxidant-renewal-combo-face-cleansing-anti-age-mask\\\/\",\"name\":\"Antioxidant & Renewal Combo \u2013 Face Cleansing & Anti-Age Mask - Apiro Cosmetics\",\"isPartOf\":{\"@id\":\"https:\\\/\\\/apirocosmetics.com\\\/#website\"},\"primaryImageOfPage\":{\"@id\":\"https:\\\/\\\/apirocosmetics.com\\\/de\\\/product\\\/antioxidant-renewal-combo-face-cleansing-anti-age-mask\\\/#primaryimage\"},\"image\":{\"@id\":\"https:\\\/\\\/apirocosmetics.com\\\/de\\\/product\\\/antioxidant-renewal-combo-face-cleansing-anti-age-mask\\\/#primaryimage\"},\"thumbnailUrl\":\"https:\\\/\\\/apirocosmetics.com\\\/wp-content\\\/uploads\\\/2025\\\/10\\\/9-1.jpg\",\"datePublished\":\"2025-10-03T09:19:36+00:00\",\"dateModified\":\"2026-03-10T05:53:11+00:00\",\"description\":\"Antioxidant & Renewal Combo. Ein ganzheitliches Zwei-Schritte-Pflege\u00adritual, das antioxidativen Schutz und gezielte Hauterneuerung bietet.\",\"breadcrumb\":{\"@id\":\"https:\\\/\\\/apirocosmetics.com\\\/de\\\/product\\\/antioxidant-renewal-combo-face-cleansing-anti-age-mask\\\/#breadcrumb\"},\"inLanguage\":\"de\",\"potentialAction\":[{\"@type\":\"ReadAction\",\"target\":[\"https:\\\/\\\/apirocosmetics.com\\\/de\\\/product\\\/antioxidant-renewal-combo-face-cleansing-anti-age-mask\\\/\"]}]},{\"@type\":\"ImageObject\",\"inLanguage\":\"de\",\"@id\":\"https:\\\/\\\/apirocosmetics.com\\\/de\\\/product\\\/antioxidant-renewal-combo-face-cleansing-anti-age-mask\\\/#primaryimage\",\"url\":\"https:\\\/\\\/apirocosmetics.com\\\/wp-content\\\/uploads\\\/2025\\\/10\\\/9-1.jpg\",\"contentUrl\":\"https:\\\/\\\/apirocosmetics.com\\\/wp-content\\\/uploads\\\/2025\\\/10\\\/9-1.jpg\",\"width\":1000,\"height\":1000},{\"@type\":\"BreadcrumbList\",\"@id\":\"https:\\\/\\\/apirocosmetics.com\\\/de\\\/product\\\/antioxidant-renewal-combo-face-cleansing-anti-age-mask\\\/#breadcrumb\",\"itemListElement\":[{\"@type\":\"ListItem\",\"position\":1,\"name\":\"\u0391\u03c1\u03c7\u03b9\u03ba\u03ae\",\"item\":\"https:\\\/\\\/apirocosmetics.com\\\/de\\\/\"},{\"@type\":\"ListItem\",\"position\":2,\"name\":\"Shop\",\"item\":\"https:\\\/\\\/apirocosmetics.com\\\/de\\\/shop\\\/\"},{\"@type\":\"ListItem\",\"position\":3,\"name\":\"Antioxidant &#038; Renewal Combo \u2013 Face Cleansing &#038; Anti-Age Mask\"}]},{\"@type\":\"WebSite\",\"@id\":\"https:\\\/\\\/apirocosmetics.com\\\/#website\",\"url\":\"https:\\\/\\\/apirocosmetics.com\\\/\",\"name\":\"Apiro Cosmetics\",\"description\":\"Advanced Skincare \u03b3\u03b9\u03b1 \u0395\u03bd\u03c5\u03b4\u03ac\u03c4\u03c9\u03c3\u03b7, \u03a3\u03cd\u03c3\u03c6\u03b9\u03be\u03b7 &amp; \u0391\u03bd\u03c4\u03b9\u03b3\u03ae\u03c1\u03b1\u03bd\u03c3\u03b7\",\"alternateName\":\"apiroo cosmetics\",\"potentialAction\":[{\"@type\":\"SearchAction\",\"target\":{\"@type\":\"EntryPoint\",\"urlTemplate\":\"https:\\\/\\\/apirocosmetics.com\\\/?s={search_term_string}\"},\"query-input\":{\"@type\":\"PropertyValueSpecification\",\"valueRequired\":true,\"valueName\":\"search_term_string\"}}],\"inLanguage\":\"de\"}]}<\/script>\n<meta property=\"product:price:amount\" content=\"47.84\" \/>\n<meta property=\"product:price:currency\" content=\"EUR\" \/>\n<meta property=\"og:availability\" content=\"instock\" \/>\n<meta property=\"product:availability\" content=\"instock\" \/>\n<meta property=\"product:retailer_item_id\" content=\"AP-65869\" \/>\n<meta property=\"product:condition\" content=\"new\" \/>\n<!-- \/ Yoast SEO Premium plugin. -->","yoast_head_json":{"title":"Antioxidant & Renewal Combo \u2013 Face Cleansing & Anti-Age Mask - Apiro Cosmetics","description":"Antioxidant & Renewal Combo. Ein ganzheitliches Zwei-Schritte-Pflege\u00adritual, das antioxidativen Schutz und gezielte Hauterneuerung bietet.","robots":{"index":"index","follow":"follow","max-snippet":"max-snippet:-1","max-image-preview":"max-image-preview:large","max-video-preview":"max-video-preview:-1"},"canonical":"https:\/\/apirocosmetics.com\/de\/product\/antioxidant-renewal-combo-face-cleansing-anti-age-mask\/","og_locale":"de_DE","og_type":"article","og_title":"Antioxidant & Renewal Combo \u2013 Face Cleansing & Anti-Age Mask","og_description":"Antioxidant & Renewal Combo. Ein ganzheitliches Zwei-Schritte-Pflege\u00adritual, das antioxidativen Schutz und gezielte Hauterneuerung bietet.","og_url":"https:\/\/apirocosmetics.com\/de\/product\/antioxidant-renewal-combo-face-cleansing-anti-age-mask\/","og_site_name":"Apiro Cosmetics","article_publisher":"https:\/\/www.facebook.com\/apirocosmetics","article_modified_time":"2026-03-10T05:53:11+00:00","og_image":[{"width":1000,"height":1000,"url":"https:\/\/apirocosmetics.com\/wp-content\/uploads\/2025\/10\/9-1.jpg","type":"image\/jpeg"}],"twitter_card":"summary_large_image","schema":{"@context":"https:\/\/schema.org","@graph":[{"@type":"WebPage","@id":"https:\/\/apirocosmetics.com\/de\/product\/antioxidant-renewal-combo-face-cleansing-anti-age-mask\/","url":"https:\/\/apirocosmetics.com\/de\/product\/antioxidant-renewal-combo-face-cleansing-anti-age-mask\/","name":"Antioxidant & Renewal Combo \u2013 Face Cleansing & Anti-Age Mask - Apiro Cosmetics","isPartOf":{"@id":"https:\/\/apirocosmetics.com\/#website"},"primaryImageOfPage":{"@id":"https:\/\/apirocosmetics.com\/de\/product\/antioxidant-renewal-combo-face-cleansing-anti-age-mask\/#primaryimage"},"image":{"@id":"https:\/\/apirocosmetics.com\/de\/product\/antioxidant-renewal-combo-face-cleansing-anti-age-mask\/#primaryimage"},"thumbnailUrl":"https:\/\/apirocosmetics.com\/wp-content\/uploads\/2025\/10\/9-1.jpg","datePublished":"2025-10-03T09:19:36+00:00","dateModified":"2026-03-10T05:53:11+00:00","description":"Antioxidant & Renewal Combo. Ein ganzheitliches Zwei-Schritte-Pflege\u00adritual, das antioxidativen Schutz und gezielte Hauterneuerung bietet.","breadcrumb":{"@id":"https:\/\/apirocosmetics.com\/de\/product\/antioxidant-renewal-combo-face-cleansing-anti-age-mask\/#breadcrumb"},"inLanguage":"de","potentialAction":[{"@type":"ReadAction","target":["https:\/\/apirocosmetics.com\/de\/product\/antioxidant-renewal-combo-face-cleansing-anti-age-mask\/"]}]},{"@type":"ImageObject","inLanguage":"de","@id":"https:\/\/apirocosmetics.com\/de\/product\/antioxidant-renewal-combo-face-cleansing-anti-age-mask\/#primaryimage","url":"https:\/\/apirocosmetics.com\/wp-content\/uploads\/2025\/10\/9-1.jpg","contentUrl":"https:\/\/apirocosmetics.com\/wp-content\/uploads\/2025\/10\/9-1.jpg","width":1000,"height":1000},{"@type":"BreadcrumbList","@id":"https:\/\/apirocosmetics.com\/de\/product\/antioxidant-renewal-combo-face-cleansing-anti-age-mask\/#breadcrumb","itemListElement":[{"@type":"ListItem","position":1,"name":"\u0391\u03c1\u03c7\u03b9\u03ba\u03ae","item":"https:\/\/apirocosmetics.com\/de\/"},{"@type":"ListItem","position":2,"name":"Shop","item":"https:\/\/apirocosmetics.com\/de\/shop\/"},{"@type":"ListItem","position":3,"name":"Antioxidant &#038; Renewal Combo \u2013 Face Cleansing &#038; Anti-Age Mask"}]},{"@type":"WebSite","@id":"https:\/\/apirocosmetics.com\/#website","url":"https:\/\/apirocosmetics.com\/","name":"Apiro Cosmetics","description":"Advanced Skincare \u03b3\u03b9\u03b1 \u0395\u03bd\u03c5\u03b4\u03ac\u03c4\u03c9\u03c3\u03b7, \u03a3\u03cd\u03c3\u03c6\u03b9\u03be\u03b7 &amp; \u0391\u03bd\u03c4\u03b9\u03b3\u03ae\u03c1\u03b1\u03bd\u03c3\u03b7","alternateName":"apiroo cosmetics","potentialAction":[{"@type":"SearchAction","target":{"@type":"EntryPoint","urlTemplate":"https:\/\/apirocosmetics.com\/?s={search_term_string}"},"query-input":{"@type":"PropertyValueSpecification","valueRequired":true,"valueName":"search_term_string"}}],"inLanguage":"de"}]},"product_price_amount":"47.84","product_price_currency":"EUR","og_availability":"instock","product_availability":"instock","product_retailer_item_id":"AP-65869","product_condition":"new"},"_links":{"self":[{"href":"https:\/\/apirocosmetics.com\/de\/wp-json\/wp\/v2\/product\/3960","targetHints":{"allow":["GET"]}}],"collection":[{"href":"https:\/\/apirocosmetics.com\/de\/wp-json\/wp\/v2\/product"}],"about":[{"href":"https:\/\/apirocosmetics.com\/de\/wp-json\/wp\/v2\/types\/product"}],"replies":[{"embeddable":true,"href":"https:\/\/apirocosmetics.com\/de\/wp-json\/wp\/v2\/comments?post=3960"}],"wp:featuredmedia":[{"embeddable":true,"href":"https:\/\/apirocosmetics.com\/de\/wp-json\/wp\/v2\/media\/5298"}],"wp:attachment":[{"href":"https:\/\/apirocosmetics.com\/de\/wp-json\/wp\/v2\/media?parent=3960"}],"wp:term":[{"taxonomy":"product_cat","embeddable":true,"href":"https:\/\/apirocosmetics.com\/de\/wp-json\/wp\/v2\/product_cat?post=3960"},{"taxonomy":"product_tag","embeddable":true,"href":"https:\/\/apirocosmetics.com\/de\/wp-json\/wp\/v2\/product_tag?post=3960"}],"curies":[{"name":"wp","href":"https:\/\/api.w.org\/{rel}","templated":true}]}}