{"id":4540,"date":"2024-09-27T09:19:21","date_gmt":"2024-09-27T06:19:21","guid":{"rendered":"https:\/\/apirocosmetics.com\/order-cancellation\/"},"modified":"2026-01-16T20:59:15","modified_gmt":"2026-01-16T17:59:15","slug":"order-cancellation","status":"publish","type":"page","link":"https:\/\/apirocosmetics.com\/fr\/order-cancellation\/","title":{"rendered":"Annulation de commande"},"content":{"rendered":"\t\t<div data-elementor-type=\"wp-page\" data-elementor-id=\"4540\" class=\"elementor elementor-4540 elementor-1123\" data-elementor-post-type=\"page\">\n\t\t\t\t\t\t<section class=\"elementor-section elementor-top-section elementor-element elementor-element-f97de1a elementor-section-boxed elementor-section-height-default elementor-section-height-default\" data-id=\"f97de1a\" data-element_type=\"section\" data-e-type=\"section\">\n\t\t\t\t\t\t<div class=\"elementor-container elementor-column-gap-default\">\n\t\t\t\t\t<div class=\"elementor-column elementor-col-100 elementor-top-column elementor-element elementor-element-2cbc0d28\" data-id=\"2cbc0d28\" data-element_type=\"column\" data-e-type=\"column\">\n\t\t\t<div class=\"elementor-column-wrap--2cbc0d28 elementor-widget-wrap elementor-element-populated\">\n\t\t\t\t\t\t<div class=\"elementor-element elementor-element-574d7d49 elementor-widget__width-auto elementor-hidden-phone elementor-widget-divider--view-line elementor-widget elementor-widget-divider\" data-id=\"574d7d49\" data-element_type=\"widget\" data-e-type=\"widget\" data-widget_type=\"divider.default\">\n\t\t\t\t<div class=\"elementor-widget-container\">\n\t\t\t\t\t\t\t<div class=\"elementor-divider\">\n\t\t\t<span class=\"elementor-divider-separator\">\n\t\t\t\t\t\t<\/span>\n\t\t<\/div>\n\t\t\t\t\t\t<\/div>\n\t\t\t\t<\/div>\n\t\t\t\t<div class=\"elementor-element elementor-element-798e4cb1 elementor-widget__width-initial elementor-widget elementor-widget-heading\" data-id=\"798e4cb1\" data-element_type=\"widget\" data-e-type=\"widget\" data-widget_type=\"heading.default\">\n\t\t\t\t<div class=\"elementor-widget-container\">\n\t\t\t\t\t<h3 class=\"elementor-heading-title elementor-size-xl\">Conditions d\u2019annulation de commande<\/h3>\t\t\t\t<\/div>\n\t\t\t\t<\/div>\n\t\t\t\t<div class=\"elementor-element elementor-element-791f58f elementor-widget-divider--view-line elementor-widget elementor-widget-divider\" data-id=\"791f58f\" data-element_type=\"widget\" data-e-type=\"widget\" data-widget_type=\"divider.default\">\n\t\t\t\t<div class=\"elementor-widget-container\">\n\t\t\t\t\t\t\t<div class=\"elementor-divider\">\n\t\t\t<span class=\"elementor-divider-separator\">\n\t\t\t\t\t\t<\/span>\n\t\t<\/div>\n\t\t\t\t\t\t<\/div>\n\t\t\t\t<\/div>\n\t\t\t\t\t<\/div>\n\t\t<\/div>\n\t\t\t\t\t<\/div>\n\t\t<\/section>\n\t\t<div class=\"e-con-top elementor-element elementor-element-bf9e344 e-flex e-con-boxed e-con e-parent\" data-id=\"bf9e344\" data-element_type=\"container\" data-e-type=\"container\">\n\t\t\t\t\t<div class=\"e-con-inner\">\n\t\t\t\t<div class=\"elementor-element elementor-element-af5bc46 elementor-widget elementor-widget-text-editor\" data-id=\"af5bc46\" data-element_type=\"widget\" data-e-type=\"widget\" data-widget_type=\"text-editor.default\">\n\t\t\t\t<div class=\"elementor-widget-container\">\n\t\t\t\t\t\t\t\t\t<p data-start=\"36\" data-end=\"398\">Si la commande en ligne a \u00e9t\u00e9 finalis\u00e9e mais que le produit n\u2019a pas encore \u00e9t\u00e9 exp\u00e9di\u00e9, vous pouvez appeler le <strong data-start=\"147\" data-end=\"161\">2112158654<\/strong>, du <strong data-start=\"166\" data-end=\"187\">lundi au vendredi<\/strong>, de <strong data-start=\"192\" data-end=\"209\">09h00 \u00e0 14h00<\/strong>, et l\u2019un de nos collaborateurs se chargera de l\u2019annulation de votre commande.<br data-start=\"287\" data-end=\"290\" \/>Si la commande en ligne a \u00e9t\u00e9 finalis\u00e9e et que le produit a d\u00e9j\u00e0 \u00e9t\u00e9 exp\u00e9di\u00e9, elle ne peut pas \u00eatre annul\u00e9e.<\/p>\t\t\t\t\t\t\t\t<\/div>\n\t\t\t\t<\/div>\n\t\t\t\t\t<\/div>\n\t\t\t\t<\/div>\n\t\t\t\t<\/div>\n\t\t","protected":false},"excerpt":{"rendered":"<p>Conditions d\u2019annulation de commande Si la commande en ligne a \u00e9t\u00e9 finalis\u00e9e mais que le produit n\u2019a pas encore \u00e9t\u00e9 exp\u00e9di\u00e9, vous pouvez appeler le 2112158654, du lundi au vendredi, de 09h00 \u00e0 14h00, et l\u2019un de nos collaborateurs se chargera de l\u2019annulation de votre commande.Si la commande en ligne a \u00e9t\u00e9 finalis\u00e9e et que [&hellip;]<\/p>\n","protected":false},"author":1,"featured_media":0,"parent":0,"menu_order":0,"comment_status":"closed","ping_status":"closed","template":"template-builder.php","meta":{"_acf_changed":false,"footnotes":""},"class_list":["post-4540","page","type-page","status-publish","hentry"],"acf":[],"yoast_head":"<!-- This site is optimized with the Yoast SEO Premium plugin v27.4 (Yoast SEO v27.4) - https:\/\/yoast.com\/product\/yoast-seo-premium-wordpress\/ -->\n<title>Annulation de commande - Apiro Cosmetics<\/title>\n<meta name=\"robots\" content=\"index, follow, max-snippet:-1, max-image-preview:large, max-video-preview:-1\" \/>\n<link rel=\"canonical\" href=\"https:\/\/apirocosmetics.com\/fr\/order-cancellation\/\" \/>\n<meta property=\"og:locale\" content=\"fr_FR\" \/>\n<meta property=\"og:type\" content=\"article\" \/>\n<meta property=\"og:title\" content=\"Annulation de commande\" \/>\n<meta property=\"og:description\" content=\"Conditions d\u2019annulation de commande Si la commande en ligne a \u00e9t\u00e9 finalis\u00e9e mais que le produit n\u2019a pas encore \u00e9t\u00e9 exp\u00e9di\u00e9, vous pouvez appeler le 2112158654, du lundi au vendredi, de 09h00 \u00e0 14h00, et l\u2019un de nos collaborateurs se chargera de l\u2019annulation de votre commande.Si la commande en ligne a \u00e9t\u00e9 finalis\u00e9e et que [&hellip;]\" \/>\n<meta property=\"og:url\" content=\"https:\/\/apirocosmetics.com\/fr\/order-cancellation\/\" \/>\n<meta property=\"og:site_name\" content=\"Apiro Cosmetics\" \/>\n<meta property=\"article:publisher\" content=\"https:\/\/www.facebook.com\/apirocosmetics\" \/>\n<meta property=\"article:modified_time\" content=\"2026-01-16T17:59:15+00:00\" \/>\n<meta property=\"og:image\" content=\"https:\/\/apirocosmetics.com\/wp-content\/uploads\/2026\/03\/Drink.jpg\" \/>\n\t<meta property=\"og:image:width\" content=\"1080\" \/>\n\t<meta property=\"og:image:height\" content=\"1350\" \/>\n\t<meta property=\"og:image:type\" content=\"image\/jpeg\" \/>\n<meta name=\"twitter:card\" content=\"summary_large_image\" \/>\n<script type=\"application\/ld+json\" class=\"yoast-schema-graph\">{\"@context\":\"https:\\\/\\\/schema.org\",\"@graph\":[{\"@type\":\"WebPage\",\"@id\":\"https:\\\/\\\/apirocosmetics.com\\\/fr\\\/order-cancellation\\\/\",\"url\":\"https:\\\/\\\/apirocosmetics.com\\\/fr\\\/order-cancellation\\\/\",\"name\":\"Annulation de commande - Apiro Cosmetics\",\"isPartOf\":{\"@id\":\"https:\\\/\\\/apirocosmetics.com\\\/#website\"},\"datePublished\":\"2024-09-27T06:19:21+00:00\",\"dateModified\":\"2026-01-16T17:59:15+00:00\",\"breadcrumb\":{\"@id\":\"https:\\\/\\\/apirocosmetics.com\\\/fr\\\/order-cancellation\\\/#breadcrumb\"},\"inLanguage\":\"fr-FR\",\"potentialAction\":[{\"@type\":\"ReadAction\",\"target\":[\"https:\\\/\\\/apirocosmetics.com\\\/fr\\\/order-cancellation\\\/\"]}]},{\"@type\":\"BreadcrumbList\",\"@id\":\"https:\\\/\\\/apirocosmetics.com\\\/fr\\\/order-cancellation\\\/#breadcrumb\",\"itemListElement\":[{\"@type\":\"ListItem\",\"position\":1,\"name\":\"\u0391\u03c1\u03c7\u03b9\u03ba\u03ae\",\"item\":\"https:\\\/\\\/apirocosmetics.com\\\/fr\\\/\"},{\"@type\":\"ListItem\",\"position\":2,\"name\":\"Annulation de commande\"}]},{\"@type\":\"WebSite\",\"@id\":\"https:\\\/\\\/apirocosmetics.com\\\/#website\",\"url\":\"https:\\\/\\\/apirocosmetics.com\\\/\",\"name\":\"Apiro Cosmetics\",\"description\":\"Advanced Skincare \u03b3\u03b9\u03b1 \u0395\u03bd\u03c5\u03b4\u03ac\u03c4\u03c9\u03c3\u03b7, \u03a3\u03cd\u03c3\u03c6\u03b9\u03be\u03b7 &amp; \u0391\u03bd\u03c4\u03b9\u03b3\u03ae\u03c1\u03b1\u03bd\u03c3\u03b7\",\"alternateName\":\"apiroo cosmetics\",\"potentialAction\":[{\"@type\":\"SearchAction\",\"target\":{\"@type\":\"EntryPoint\",\"urlTemplate\":\"https:\\\/\\\/apirocosmetics.com\\\/?s={search_term_string}\"},\"query-input\":{\"@type\":\"PropertyValueSpecification\",\"valueRequired\":true,\"valueName\":\"search_term_string\"}}],\"inLanguage\":\"fr-FR\"}]}<\/script>\n<!-- \/ Yoast SEO Premium plugin. -->","yoast_head_json":{"title":"Annulation de commande - Apiro Cosmetics","robots":{"index":"index","follow":"follow","max-snippet":"max-snippet:-1","max-image-preview":"max-image-preview:large","max-video-preview":"max-video-preview:-1"},"canonical":"https:\/\/apirocosmetics.com\/fr\/order-cancellation\/","og_locale":"fr_FR","og_type":"article","og_title":"Annulation de commande","og_description":"Conditions d\u2019annulation de commande Si la commande en ligne a \u00e9t\u00e9 finalis\u00e9e mais que le produit n\u2019a pas encore \u00e9t\u00e9 exp\u00e9di\u00e9, vous pouvez appeler le 2112158654, du lundi au vendredi, de 09h00 \u00e0 14h00, et l\u2019un de nos collaborateurs se chargera de l\u2019annulation de votre commande.Si la commande en ligne a \u00e9t\u00e9 finalis\u00e9e et que [&hellip;]","og_url":"https:\/\/apirocosmetics.com\/fr\/order-cancellation\/","og_site_name":"Apiro Cosmetics","article_publisher":"https:\/\/www.facebook.com\/apirocosmetics","article_modified_time":"2026-01-16T17:59:15+00:00","og_image":[{"width":1080,"height":1350,"url":"https:\/\/apirocosmetics.com\/wp-content\/uploads\/2026\/03\/Drink.jpg","type":"image\/jpeg"}],"twitter_card":"summary_large_image","schema":{"@context":"https:\/\/schema.org","@graph":[{"@type":"WebPage","@id":"https:\/\/apirocosmetics.com\/fr\/order-cancellation\/","url":"https:\/\/apirocosmetics.com\/fr\/order-cancellation\/","name":"Annulation de commande - Apiro Cosmetics","isPartOf":{"@id":"https:\/\/apirocosmetics.com\/#website"},"datePublished":"2024-09-27T06:19:21+00:00","dateModified":"2026-01-16T17:59:15+00:00","breadcrumb":{"@id":"https:\/\/apirocosmetics.com\/fr\/order-cancellation\/#breadcrumb"},"inLanguage":"fr-FR","potentialAction":[{"@type":"ReadAction","target":["https:\/\/apirocosmetics.com\/fr\/order-cancellation\/"]}]},{"@type":"BreadcrumbList","@id":"https:\/\/apirocosmetics.com\/fr\/order-cancellation\/#breadcrumb","itemListElement":[{"@type":"ListItem","position":1,"name":"\u0391\u03c1\u03c7\u03b9\u03ba\u03ae","item":"https:\/\/apirocosmetics.com\/fr\/"},{"@type":"ListItem","position":2,"name":"Annulation de commande"}]},{"@type":"WebSite","@id":"https:\/\/apirocosmetics.com\/#website","url":"https:\/\/apirocosmetics.com\/","name":"Apiro Cosmetics","description":"Advanced Skincare \u03b3\u03b9\u03b1 \u0395\u03bd\u03c5\u03b4\u03ac\u03c4\u03c9\u03c3\u03b7, \u03a3\u03cd\u03c3\u03c6\u03b9\u03be\u03b7 &amp; \u0391\u03bd\u03c4\u03b9\u03b3\u03ae\u03c1\u03b1\u03bd\u03c3\u03b7","alternateName":"apiroo cosmetics","potentialAction":[{"@type":"SearchAction","target":{"@type":"EntryPoint","urlTemplate":"https:\/\/apirocosmetics.com\/?s={search_term_string}"},"query-input":{"@type":"PropertyValueSpecification","valueRequired":true,"valueName":"search_term_string"}}],"inLanguage":"fr-FR"}]}},"_links":{"self":[{"href":"https:\/\/apirocosmetics.com\/fr\/wp-json\/wp\/v2\/pages\/4540","targetHints":{"allow":["GET"]}}],"collection":[{"href":"https:\/\/apirocosmetics.com\/fr\/wp-json\/wp\/v2\/pages"}],"about":[{"href":"https:\/\/apirocosmetics.com\/fr\/wp-json\/wp\/v2\/types\/page"}],"author":[{"embeddable":true,"href":"https:\/\/apirocosmetics.com\/fr\/wp-json\/wp\/v2\/users\/1"}],"replies":[{"embeddable":true,"href":"https:\/\/apirocosmetics.com\/fr\/wp-json\/wp\/v2\/comments?post=4540"}],"version-history":[{"count":4,"href":"https:\/\/apirocosmetics.com\/fr\/wp-json\/wp\/v2\/pages\/4540\/revisions"}],"predecessor-version":[{"id":4544,"href":"https:\/\/apirocosmetics.com\/fr\/wp-json\/wp\/v2\/pages\/4540\/revisions\/4544"}],"wp:attachment":[{"href":"https:\/\/apirocosmetics.com\/fr\/wp-json\/wp\/v2\/media?parent=4540"}],"curies":[{"name":"wp","href":"https:\/\/api.w.org\/{rel}","templated":true}]}}