{"id":4599,"date":"2024-09-27T09:08:23","date_gmt":"2024-09-27T06:08:23","guid":{"rendered":"https:\/\/apirocosmetics.com\/cookies-policy\/"},"modified":"2026-01-19T11:02:39","modified_gmt":"2026-01-19T08:02:39","slug":"cookies-policy","status":"publish","type":"page","link":"https:\/\/apirocosmetics.com\/fr\/cookies-policy\/","title":{"rendered":"Politique de cookies"},"content":{"rendered":"\t\t<div data-elementor-type=\"wp-page\" data-elementor-id=\"4599\" class=\"elementor elementor-4599 elementor-1100\" data-elementor-post-type=\"page\">\n\t\t\t\t\t\t<section class=\"elementor-section elementor-top-section elementor-element elementor-element-f97de1a elementor-section-boxed elementor-section-height-default elementor-section-height-default\" data-id=\"f97de1a\" data-element_type=\"section\" data-e-type=\"section\">\n\t\t\t\t\t\t<div class=\"elementor-container elementor-column-gap-default\">\n\t\t\t\t\t<div class=\"elementor-column elementor-col-100 elementor-top-column elementor-element elementor-element-2cbc0d28\" data-id=\"2cbc0d28\" data-element_type=\"column\" data-e-type=\"column\">\n\t\t\t<div class=\"elementor-column-wrap--2cbc0d28 elementor-widget-wrap elementor-element-populated\">\n\t\t\t\t\t\t<div class=\"elementor-element elementor-element-e245c82 elementor-widget__width-auto elementor-hidden-phone elementor-widget-divider--view-line elementor-widget elementor-widget-divider\" data-id=\"e245c82\" data-element_type=\"widget\" data-e-type=\"widget\" data-widget_type=\"divider.default\">\n\t\t\t\t<div class=\"elementor-widget-container\">\n\t\t\t\t\t\t\t<div class=\"elementor-divider\">\n\t\t\t<span class=\"elementor-divider-separator\">\n\t\t\t\t\t\t<\/span>\n\t\t<\/div>\n\t\t\t\t\t\t<\/div>\n\t\t\t\t<\/div>\n\t\t\t\t<div class=\"elementor-element elementor-element-798e4cb1 elementor-widget__width-initial elementor-widget elementor-widget-heading\" data-id=\"798e4cb1\" data-element_type=\"widget\" data-e-type=\"widget\" data-widget_type=\"heading.default\">\n\t\t\t\t<div class=\"elementor-widget-container\">\n\t\t\t\t\t<h3 class=\"elementor-heading-title elementor-size-xl\">Politique de cookies<\/h3>\t\t\t\t<\/div>\n\t\t\t\t<\/div>\n\t\t\t\t<div class=\"elementor-element elementor-element-c6f8c1b elementor-widget elementor-widget-text-editor\" data-id=\"c6f8c1b\" data-element_type=\"widget\" data-e-type=\"widget\" data-widget_type=\"text-editor.default\">\n\t\t\t\t<div class=\"elementor-widget-container\">\n\t\t\t\t\t\t\t\t\t<p data-start=\"36\" data-end=\"104\"><strong data-start=\"36\" data-end=\"104\">Veuillez lire attentivement la politique de cookies du site web.<\/strong><\/p>\t\t\t\t\t\t\t\t<\/div>\n\t\t\t\t<\/div>\n\t\t\t\t<div class=\"elementor-element elementor-element-574d7d49 elementor-widget__width-auto elementor-hidden-phone elementor-widget-divider--view-line elementor-widget elementor-widget-divider\" data-id=\"574d7d49\" data-element_type=\"widget\" data-e-type=\"widget\" data-widget_type=\"divider.default\">\n\t\t\t\t<div class=\"elementor-widget-container\">\n\t\t\t\t\t\t\t<div class=\"elementor-divider\">\n\t\t\t<span class=\"elementor-divider-separator\">\n\t\t\t\t\t\t<\/span>\n\t\t<\/div>\n\t\t\t\t\t\t<\/div>\n\t\t\t\t<\/div>\n\t\t\t\t<div class=\"elementor-element elementor-element-791f58f elementor-widget-divider--view-line elementor-widget elementor-widget-divider\" data-id=\"791f58f\" data-element_type=\"widget\" data-e-type=\"widget\" data-widget_type=\"divider.default\">\n\t\t\t\t<div class=\"elementor-widget-container\">\n\t\t\t\t\t\t\t<div class=\"elementor-divider\">\n\t\t\t<span class=\"elementor-divider-separator\">\n\t\t\t\t\t\t<\/span>\n\t\t<\/div>\n\t\t\t\t\t\t<\/div>\n\t\t\t\t<\/div>\n\t\t\t\t\t<\/div>\n\t\t<\/div>\n\t\t\t\t\t<\/div>\n\t\t<\/section>\n\t\t<div class=\"e-con-top elementor-element elementor-element-bf9e344 e-flex e-con-boxed e-con e-parent\" data-id=\"bf9e344\" data-element_type=\"container\" data-e-type=\"container\">\n\t\t\t\t\t<div class=\"e-con-inner\">\n\t\t\t\t<div class=\"elementor-element elementor-element-af5bc46 elementor-widget elementor-widget-text-editor\" data-id=\"af5bc46\" data-element_type=\"widget\" data-e-type=\"widget\" data-widget_type=\"text-editor.default\">\n\t\t\t\t<div class=\"elementor-widget-container\">\n\t\t\t\t\t\t\t\t\t<h4 data-start=\"173\" data-end=\"224\">Informations relatives \u00e0 la politique de cookies<\/h4><p data-start=\"226\" data-end=\"621\">Sur <strong data-start=\"230\" data-end=\"252\">apirocosmetics.com<\/strong>, nous utilisons des cookies afin d\u2019am\u00e9liorer votre exp\u00e9rience de navigation sur notre site. L\u2019utilisation des cookies nous aide \u00e0 optimiser les fonctionnalit\u00e9s du site, \u00e0 faciliter votre navigation et \u00e0 simplifier vos choix.<br data-start=\"477\" data-end=\"480\" \/>Gr\u00e2ce aux cookies, nous pouvons vous proposer un contenu et des publicit\u00e9s personnalis\u00e9s, adapt\u00e9s \u00e0 vos centres d\u2019int\u00e9r\u00eat et \u00e0 vos besoins.<\/p><p data-start=\"623\" data-end=\"920\">Par ailleurs, les cookies sont utilis\u00e9s pour analyser le trafic de notre site et identifier les pages n\u00e9cessitant des am\u00e9liorations. Notre objectif est d\u2019optimiser continuellement notre site afin d\u2019offrir des services de meilleure qualit\u00e9 et une exp\u00e9rience utilisateur toujours plus satisfaisante.<\/p><p data-start=\"922\" data-end=\"1110\">Sur <strong data-start=\"926\" data-end=\"948\">apirocosmetics.com<\/strong>, la protection de la vie priv\u00e9e de nos visiteurs est une priorit\u00e9 absolue. \u00c0 ce titre, l\u2019entreprise applique une politique stricte en mati\u00e8re de confidentialit\u00e9.<\/p><p data-start=\"1112\" data-end=\"1462\">Nous vous invitons \u00e0 prendre quelques instants pour lire attentivement la pr\u00e9sente politique afin de comprendre les types de cookies que nous utilisons, les informations collect\u00e9es \u00e0 l\u2019aide de ces cookies et la mani\u00e8re dont elles sont utilis\u00e9es.<br data-start=\"1357\" data-end=\"1360\" \/>En utilisant notre site, vous acceptez l\u2019utilisation des cookies conform\u00e9ment \u00e0 la pr\u00e9sente politique.<\/p><hr data-start=\"1464\" data-end=\"1467\" \/><h4 data-start=\"1469\" data-end=\"1499\">Qu\u2019est-ce que les cookies ?<\/h4><p data-start=\"1501\" data-end=\"1848\">Les \u00ab cookies \u00bb sont de petits fichiers contenant des informations qu\u2019un site web stocke sur l\u2019ordinateur d\u2019un utilisateur (g\u00e9n\u00e9ralement dans le navigateur web tel que Chrome, Opera, Mozilla Firefox, Edge, etc.), afin que le site puisse r\u00e9cup\u00e9rer ces informations lors de chaque visite ult\u00e9rieure et fournir des services adapt\u00e9s \u00e0 l\u2019utilisateur.<\/p><p data-start=\"1850\" data-end=\"2068\">Ces informations peuvent notamment inclure les pr\u00e9f\u00e9rences de l\u2019utilisateur sur un site web, telles qu\u2019elles r\u00e9sultent des choix effectu\u00e9s (par exemple : s\u00e9lection de boutons sp\u00e9cifiques, recherches, publicit\u00e9s, etc.).<\/p><hr data-start=\"2070\" data-end=\"2073\" \/><h4 data-start=\"2075\" data-end=\"2134\">Informations g\u00e9n\u00e9rales sur la classification des cookies<\/h4><p data-start=\"2136\" data-end=\"2182\">Il existe deux grandes cat\u00e9gories de cookies :<\/p><h4 data-start=\"2184\" data-end=\"2435\"><strong data-start=\"2184\" data-end=\"2206\">Cookies techniques<\/strong> :<br data-start=\"2208\" data-end=\"2211\" \/>Ils sont indispensables au bon fonctionnement d\u2019un site web et \u00e0 la navigation de l\u2019utilisateur. Sans ces cookies, certaines pages pourraient ne pas s\u2019afficher correctement ou certains services pourraient \u00eatre indisponibles.<\/h4><h4 data-start=\"2437\" data-end=\"2640\"><strong data-start=\"2437\" data-end=\"2461\">Cookies de profilage<\/strong> :<br data-start=\"2463\" data-end=\"2466\" \/>Ils sont utilis\u00e9s pour cr\u00e9er des profils utilisateurs afin d\u2019envoyer des messages publicitaires en fonction des pr\u00e9f\u00e9rences exprim\u00e9es par l\u2019utilisateur lors de sa navigation.<\/h4><p data-start=\"2642\" data-end=\"2748\">Les cookies, qu\u2019ils soient \u00ab techniques \u00bb ou \u00ab de profilage \u00bb, peuvent \u00e9galement \u00eatre class\u00e9s comme suit :<\/p><ul data-start=\"2750\" data-end=\"3201\"><li data-start=\"2750\" data-end=\"2818\"><p data-start=\"2752\" data-end=\"2818\"><strong data-start=\"2752\" data-end=\"2774\">Cookies de session<\/strong>, supprim\u00e9s d\u00e8s la fermeture du navigateur<\/p><\/li><li data-start=\"2819\" data-end=\"3018\"><p data-start=\"2821\" data-end=\"3018\"><strong data-start=\"2821\" data-end=\"2844\">Cookies persistants<\/strong>, qui restent stock\u00e9s dans le navigateur pendant une dur\u00e9e d\u00e9termin\u00e9e, notamment pour reconna\u00eetre l\u2019appareil de l\u2019utilisateur et faciliter les proc\u00e9dures d\u2019authentification<\/p><\/li><li data-start=\"3019\" data-end=\"3109\"><p data-start=\"3021\" data-end=\"3109\"><strong data-start=\"3021\" data-end=\"3046\">Cookies propri\u00e9taires<\/strong>, cr\u00e9\u00e9s et contr\u00f4l\u00e9s directement par l\u2019exploitant du site web<\/p><\/li><li data-start=\"3110\" data-end=\"3201\"><p data-start=\"3112\" data-end=\"3201\"><strong data-start=\"3112\" data-end=\"3129\">Cookies tiers<\/strong>, cr\u00e9\u00e9s et contr\u00f4l\u00e9s par des entit\u00e9s autres que l\u2019exploitant du site web<\/p><\/li><\/ul><hr data-start=\"3203\" data-end=\"3206\" \/><h4 data-start=\"3208\" data-end=\"3242\">Cookies utilis\u00e9s par notre site<\/h4><p data-start=\"3244\" data-end=\"3312\">Notre site utilise des <strong data-start=\"3267\" data-end=\"3289\">cookies techniques<\/strong>, et plus pr\u00e9cis\u00e9ment :<\/p><ul data-start=\"3314\" data-end=\"3661\"><li data-start=\"3314\" data-end=\"3463\"><p data-start=\"3316\" data-end=\"3463\"><strong data-start=\"3316\" data-end=\"3341\">Cookies propri\u00e9taires<\/strong>, de session ou persistants, n\u00e9cessaires \u00e0 la navigation sur le site, \u00e0 la s\u00e9curit\u00e9 interne et \u00e0 la gestion des syst\u00e8mes<\/p><\/li><li data-start=\"3464\" data-end=\"3661\"><p data-start=\"3466\" data-end=\"3661\"><strong data-start=\"3466\" data-end=\"3483\">Cookies tiers<\/strong>, persistants, utilis\u00e9s pour transmettre des informations statistiques \u00e0 <strong data-start=\"3556\" data-end=\"3576\">Google Analytics<\/strong>, permettant \u00e0 l\u2019entreprise d\u2019analyser statistiquement l\u2019acc\u00e8s et les visites du site<\/p><\/li><\/ul><p data-start=\"3663\" data-end=\"3986\">Les cookies utilis\u00e9s servent exclusivement \u00e0 des fins statistiques et collectent des informations sous forme agr\u00e9g\u00e9e.<br data-start=\"3780\" data-end=\"3783\" \/>Google Analytics utilise \u00e0 la fois des cookies persistants et des cookies de session (expirant \u00e0 la fermeture du navigateur) et enregistre notamment les heures de d\u00e9but et de fin des visites sur le site.<\/p><p data-start=\"3988\" data-end=\"4205\">Vous pouvez emp\u00eacher Google de collecter et de traiter ces donn\u00e9es en t\u00e9l\u00e9chargeant et en installant le module compl\u00e9mentaire pour navigateur disponible \u00e0 l\u2019adresse suivante :<br data-start=\"4163\" data-end=\"4166\" \/><a class=\"decorated-link\" href=\"http:\/\/tools.google.com\/dlpage\/gaoptout\" target=\"_new\" rel=\"noopener\" data-start=\"4166\" data-end=\"4205\">http:\/\/tools.google.com\/dlpage\/gaoptout<\/a><\/p><hr data-start=\"4207\" data-end=\"4210\" \/><h4 data-start=\"4212\" data-end=\"4250\">Gestion du consentement aux cookies<\/h4><p data-start=\"4252\" data-end=\"4553\">Vous pouvez choisir les cookies pour lesquels vous souhaitez donner votre consentement en cliquant ici.<br data-start=\"4355\" data-end=\"4358\" \/>En ce qui concerne les cookies tiers, les utilisateurs accordent ou refusent leur consentement directement aupr\u00e8s du fournisseur du cookie concern\u00e9, auquel l\u2019entreprise fait simplement r\u00e9f\u00e9rence.<\/p><p data-start=\"4555\" data-end=\"4791\">La plupart des cookies tiers pr\u00e9sents sur le site peuvent \u00eatre d\u00e9sactiv\u00e9s via les param\u00e8tres de votre navigateur ou en visitant directement les sites web des fournisseurs concern\u00e9s \u00e0 l\u2019aide des liens figurant dans le tableau ci-dessous.<\/p><p data-start=\"4793\" data-end=\"4959\">Veuillez noter que la d\u00e9sactivation des cookies peut affecter votre capacit\u00e9 \u00e0 utiliser le site et\/ou \u00e0 profiter pleinement de toutes ses fonctionnalit\u00e9s et services.<\/p><hr data-start=\"4961\" data-end=\"4964\" \/><h4 data-start=\"4966\" data-end=\"5026\">Cat\u00e9gorisation sp\u00e9cifique des cookies selon leur fonction<\/h4><h4 data-start=\"5028\" data-end=\"5065\">Cookies strictement n\u00e9cessaires<\/h4><p data-start=\"5066\" data-end=\"5562\">Ces cookies sont indispensables au fonctionnement du site et ne peuvent pas \u00eatre d\u00e9sactiv\u00e9s dans nos syst\u00e8mes. Ils sont g\u00e9n\u00e9ralement d\u00e9finis uniquement en r\u00e9ponse \u00e0 des actions de votre part, telles qu\u2019une demande de services, le param\u00e9trage de vos pr\u00e9f\u00e9rences de confidentialit\u00e9, la connexion ou le remplissage de formulaires.<br data-start=\"5393\" data-end=\"5396\" \/>Vous pouvez configurer votre navigateur pour bloquer ces cookies ou vous en alerter, mais certaines parties du site risquent alors de ne pas fonctionner correctement.<\/p><h4 data-start=\"5564\" data-end=\"5592\">Cookies de performance<\/h4><p data-start=\"5593\" data-end=\"5998\">Ces cookies nous permettent de mesurer les visites et les sources de trafic afin d\u2019am\u00e9liorer les performances de notre site. Ils nous aident \u00e0 identifier les pages les plus et les moins populaires et \u00e0 comprendre la navigation des visiteurs.<br data-start=\"5834\" data-end=\"5837\" \/>Toutes les informations collect\u00e9es par ces cookies sont agr\u00e9g\u00e9es et anonymes. Si vous refusez ces cookies, nous ne saurons pas quand vous avez visit\u00e9 notre site.<\/p><h3 data-start=\"6000\" data-end=\"6026\">Cookies fonctionnels<\/h3><p data-start=\"6027\" data-end=\"6400\">Ces cookies permettent d\u2019offrir des fonctionnalit\u00e9s am\u00e9lior\u00e9es et une personnalisation accrue, telles que des vid\u00e9os ou un service de chat en direct. Ils peuvent \u00eatre d\u00e9finis par nous ou par des prestataires tiers dont les services ont \u00e9t\u00e9 int\u00e9gr\u00e9s \u00e0 nos pages.<br data-start=\"6288\" data-end=\"6291\" \/>Si vous refusez ces cookies, certaines ou toutes ces fonctionnalit\u00e9s peuvent ne pas fonctionner correctement.<\/p><hr data-start=\"6402\" data-end=\"6405\" \/><h4 data-start=\"6407\" data-end=\"6439\">Comment contr\u00f4ler les cookies<\/h4><p data-start=\"6441\" data-end=\"6642\">La plupart des navigateurs internet vous permettent de d\u00e9finir si vous souhaitez ou non accepter les cookies.<br data-start=\"6550\" data-end=\"6553\" \/>S\u00e9lectionnez le navigateur que vous utilisez et suivez les instructions correspondantes :<\/p><ul data-start=\"6644\" data-end=\"6699\"><li data-start=\"6644\" data-end=\"6654\"><p data-start=\"6646\" data-end=\"6654\">Chrome<\/p><\/li><li data-start=\"6655\" data-end=\"6666\"><p data-start=\"6657\" data-end=\"6666\">Firefox<\/p><\/li><li data-start=\"6667\" data-end=\"6688\"><p data-start=\"6669\" data-end=\"6688\">Internet Explorer<\/p><\/li><li data-start=\"6689\" data-end=\"6699\"><p data-start=\"6691\" data-end=\"6699\">Safari<\/p><\/li><\/ul><p data-start=\"6701\" data-end=\"6799\">Si vous utilisez un autre navigateur, veuillez consulter la documentation fournie par son \u00e9diteur.<\/p><hr data-start=\"6801\" data-end=\"6804\" \/>\t\t\t\t\t\t\t\t<\/div>\n\t\t\t\t<\/div>\n\t\t\t\t\t<\/div>\n\t\t\t\t<\/div>\n\t\t\t\t<\/div>\n\t\t","protected":false},"excerpt":{"rendered":"<p>Politique de cookies Veuillez lire attentivement la politique de cookies du site web. Informations relatives \u00e0 la politique de cookies Sur apirocosmetics.com, nous utilisons des cookies afin d\u2019am\u00e9liorer votre exp\u00e9rience de navigation sur notre site. L\u2019utilisation des cookies nous aide \u00e0 optimiser les fonctionnalit\u00e9s du site, \u00e0 faciliter votre navigation et \u00e0 simplifier vos choix.Gr\u00e2ce [&hellip;]<\/p>\n","protected":false},"author":1,"featured_media":0,"parent":0,"menu_order":0,"comment_status":"closed","ping_status":"closed","template":"template-builder.php","meta":{"_acf_changed":false,"footnotes":""},"class_list":["post-4599","page","type-page","status-publish","hentry"],"acf":[],"yoast_head":"<!-- This site is optimized with the Yoast SEO Premium plugin v27.4 (Yoast SEO v27.4) - https:\/\/yoast.com\/product\/yoast-seo-premium-wordpress\/ -->\n<title>Politique de cookies - Apiro Cosmetics<\/title>\n<meta name=\"robots\" content=\"index, follow, max-snippet:-1, max-image-preview:large, max-video-preview:-1\" \/>\n<link rel=\"canonical\" href=\"https:\/\/apirocosmetics.com\/fr\/cookies-policy\/\" \/>\n<meta property=\"og:locale\" content=\"fr_FR\" \/>\n<meta property=\"og:type\" content=\"article\" \/>\n<meta property=\"og:title\" content=\"Politique de cookies\" \/>\n<meta property=\"og:description\" content=\"Politique de cookies Veuillez lire attentivement la politique de cookies du site web. Informations relatives \u00e0 la politique de cookies Sur apirocosmetics.com, nous utilisons des cookies afin d\u2019am\u00e9liorer votre exp\u00e9rience de navigation sur notre site. L\u2019utilisation des cookies nous aide \u00e0 optimiser les fonctionnalit\u00e9s du site, \u00e0 faciliter votre navigation et \u00e0 simplifier vos choix.Gr\u00e2ce [&hellip;]\" \/>\n<meta property=\"og:url\" content=\"https:\/\/apirocosmetics.com\/fr\/cookies-policy\/\" \/>\n<meta property=\"og:site_name\" content=\"Apiro Cosmetics\" \/>\n<meta property=\"article:publisher\" content=\"https:\/\/www.facebook.com\/apirocosmetics\" \/>\n<meta property=\"article:modified_time\" content=\"2026-01-19T08:02:39+00:00\" \/>\n<meta property=\"og:image\" content=\"https:\/\/apirocosmetics.com\/wp-content\/uploads\/2026\/03\/Drink.jpg\" \/>\n\t<meta property=\"og:image:width\" content=\"1080\" \/>\n\t<meta property=\"og:image:height\" content=\"1350\" \/>\n\t<meta property=\"og:image:type\" content=\"image\/jpeg\" \/>\n<meta name=\"twitter:card\" content=\"summary_large_image\" \/>\n<script type=\"application\/ld+json\" class=\"yoast-schema-graph\">{\"@context\":\"https:\\\/\\\/schema.org\",\"@graph\":[{\"@type\":\"WebPage\",\"@id\":\"https:\\\/\\\/apirocosmetics.com\\\/fr\\\/cookies-policy\\\/\",\"url\":\"https:\\\/\\\/apirocosmetics.com\\\/fr\\\/cookies-policy\\\/\",\"name\":\"Politique de cookies - Apiro Cosmetics\",\"isPartOf\":{\"@id\":\"https:\\\/\\\/apirocosmetics.com\\\/#website\"},\"datePublished\":\"2024-09-27T06:08:23+00:00\",\"dateModified\":\"2026-01-19T08:02:39+00:00\",\"breadcrumb\":{\"@id\":\"https:\\\/\\\/apirocosmetics.com\\\/fr\\\/cookies-policy\\\/#breadcrumb\"},\"inLanguage\":\"fr-FR\",\"potentialAction\":[{\"@type\":\"ReadAction\",\"target\":[\"https:\\\/\\\/apirocosmetics.com\\\/fr\\\/cookies-policy\\\/\"]}]},{\"@type\":\"BreadcrumbList\",\"@id\":\"https:\\\/\\\/apirocosmetics.com\\\/fr\\\/cookies-policy\\\/#breadcrumb\",\"itemListElement\":[{\"@type\":\"ListItem\",\"position\":1,\"name\":\"\u0391\u03c1\u03c7\u03b9\u03ba\u03ae\",\"item\":\"https:\\\/\\\/apirocosmetics.com\\\/fr\\\/\"},{\"@type\":\"ListItem\",\"position\":2,\"name\":\"Politique de cookies\"}]},{\"@type\":\"WebSite\",\"@id\":\"https:\\\/\\\/apirocosmetics.com\\\/#website\",\"url\":\"https:\\\/\\\/apirocosmetics.com\\\/\",\"name\":\"Apiro Cosmetics\",\"description\":\"Advanced Skincare \u03b3\u03b9\u03b1 \u0395\u03bd\u03c5\u03b4\u03ac\u03c4\u03c9\u03c3\u03b7, \u03a3\u03cd\u03c3\u03c6\u03b9\u03be\u03b7 &amp; \u0391\u03bd\u03c4\u03b9\u03b3\u03ae\u03c1\u03b1\u03bd\u03c3\u03b7\",\"alternateName\":\"apiroo cosmetics\",\"potentialAction\":[{\"@type\":\"SearchAction\",\"target\":{\"@type\":\"EntryPoint\",\"urlTemplate\":\"https:\\\/\\\/apirocosmetics.com\\\/?s={search_term_string}\"},\"query-input\":{\"@type\":\"PropertyValueSpecification\",\"valueRequired\":true,\"valueName\":\"search_term_string\"}}],\"inLanguage\":\"fr-FR\"}]}<\/script>\n<!-- \/ Yoast SEO Premium plugin. -->","yoast_head_json":{"title":"Politique de cookies - Apiro Cosmetics","robots":{"index":"index","follow":"follow","max-snippet":"max-snippet:-1","max-image-preview":"max-image-preview:large","max-video-preview":"max-video-preview:-1"},"canonical":"https:\/\/apirocosmetics.com\/fr\/cookies-policy\/","og_locale":"fr_FR","og_type":"article","og_title":"Politique de cookies","og_description":"Politique de cookies Veuillez lire attentivement la politique de cookies du site web. Informations relatives \u00e0 la politique de cookies Sur apirocosmetics.com, nous utilisons des cookies afin d\u2019am\u00e9liorer votre exp\u00e9rience de navigation sur notre site. L\u2019utilisation des cookies nous aide \u00e0 optimiser les fonctionnalit\u00e9s du site, \u00e0 faciliter votre navigation et \u00e0 simplifier vos choix.Gr\u00e2ce [&hellip;]","og_url":"https:\/\/apirocosmetics.com\/fr\/cookies-policy\/","og_site_name":"Apiro Cosmetics","article_publisher":"https:\/\/www.facebook.com\/apirocosmetics","article_modified_time":"2026-01-19T08:02:39+00:00","og_image":[{"width":1080,"height":1350,"url":"https:\/\/apirocosmetics.com\/wp-content\/uploads\/2026\/03\/Drink.jpg","type":"image\/jpeg"}],"twitter_card":"summary_large_image","schema":{"@context":"https:\/\/schema.org","@graph":[{"@type":"WebPage","@id":"https:\/\/apirocosmetics.com\/fr\/cookies-policy\/","url":"https:\/\/apirocosmetics.com\/fr\/cookies-policy\/","name":"Politique de cookies - Apiro Cosmetics","isPartOf":{"@id":"https:\/\/apirocosmetics.com\/#website"},"datePublished":"2024-09-27T06:08:23+00:00","dateModified":"2026-01-19T08:02:39+00:00","breadcrumb":{"@id":"https:\/\/apirocosmetics.com\/fr\/cookies-policy\/#breadcrumb"},"inLanguage":"fr-FR","potentialAction":[{"@type":"ReadAction","target":["https:\/\/apirocosmetics.com\/fr\/cookies-policy\/"]}]},{"@type":"BreadcrumbList","@id":"https:\/\/apirocosmetics.com\/fr\/cookies-policy\/#breadcrumb","itemListElement":[{"@type":"ListItem","position":1,"name":"\u0391\u03c1\u03c7\u03b9\u03ba\u03ae","item":"https:\/\/apirocosmetics.com\/fr\/"},{"@type":"ListItem","position":2,"name":"Politique de cookies"}]},{"@type":"WebSite","@id":"https:\/\/apirocosmetics.com\/#website","url":"https:\/\/apirocosmetics.com\/","name":"Apiro Cosmetics","description":"Advanced Skincare \u03b3\u03b9\u03b1 \u0395\u03bd\u03c5\u03b4\u03ac\u03c4\u03c9\u03c3\u03b7, \u03a3\u03cd\u03c3\u03c6\u03b9\u03be\u03b7 &amp; \u0391\u03bd\u03c4\u03b9\u03b3\u03ae\u03c1\u03b1\u03bd\u03c3\u03b7","alternateName":"apiroo cosmetics","potentialAction":[{"@type":"SearchAction","target":{"@type":"EntryPoint","urlTemplate":"https:\/\/apirocosmetics.com\/?s={search_term_string}"},"query-input":{"@type":"PropertyValueSpecification","valueRequired":true,"valueName":"search_term_string"}}],"inLanguage":"fr-FR"}]}},"_links":{"self":[{"href":"https:\/\/apirocosmetics.com\/fr\/wp-json\/wp\/v2\/pages\/4599","targetHints":{"allow":["GET"]}}],"collection":[{"href":"https:\/\/apirocosmetics.com\/fr\/wp-json\/wp\/v2\/pages"}],"about":[{"href":"https:\/\/apirocosmetics.com\/fr\/wp-json\/wp\/v2\/types\/page"}],"author":[{"embeddable":true,"href":"https:\/\/apirocosmetics.com\/fr\/wp-json\/wp\/v2\/users\/1"}],"replies":[{"embeddable":true,"href":"https:\/\/apirocosmetics.com\/fr\/wp-json\/wp\/v2\/comments?post=4599"}],"version-history":[{"count":4,"href":"https:\/\/apirocosmetics.com\/fr\/wp-json\/wp\/v2\/pages\/4599\/revisions"}],"predecessor-version":[{"id":4603,"href":"https:\/\/apirocosmetics.com\/fr\/wp-json\/wp\/v2\/pages\/4599\/revisions\/4603"}],"wp:attachment":[{"href":"https:\/\/apirocosmetics.com\/fr\/wp-json\/wp\/v2\/media?parent=4599"}],"curies":[{"name":"wp","href":"https:\/\/api.w.org\/{rel}","templated":true}]}}