{"id":4612,"date":"2024-09-27T09:12:39","date_gmt":"2024-09-27T06:12:39","guid":{"rendered":"https:\/\/apirocosmetics.com\/refund-policy\/"},"modified":"2026-01-19T11:15:02","modified_gmt":"2026-01-19T08:15:02","slug":"refund-policy","status":"publish","type":"page","link":"https:\/\/apirocosmetics.com\/fr\/refund-policy\/","title":{"rendered":"Politique de remboursement &#038; de retours-annulations"},"content":{"rendered":"\t\t<div data-elementor-type=\"wp-page\" data-elementor-id=\"4612\" class=\"elementor elementor-4612 elementor-1108\" data-elementor-post-type=\"page\">\n\t\t\t\t\t\t<section class=\"elementor-section elementor-top-section elementor-element elementor-element-f97de1a elementor-section-boxed elementor-section-height-default elementor-section-height-default\" data-id=\"f97de1a\" data-element_type=\"section\" data-e-type=\"section\">\n\t\t\t\t\t\t<div class=\"elementor-container elementor-column-gap-default\">\n\t\t\t\t\t<div class=\"elementor-column elementor-col-100 elementor-top-column elementor-element elementor-element-2cbc0d28\" data-id=\"2cbc0d28\" data-element_type=\"column\" data-e-type=\"column\">\n\t\t\t<div class=\"elementor-column-wrap--2cbc0d28 elementor-widget-wrap elementor-element-populated\">\n\t\t\t\t\t\t<div class=\"elementor-element elementor-element-574d7d49 elementor-widget__width-auto elementor-hidden-phone elementor-widget-divider--view-line elementor-widget elementor-widget-divider\" data-id=\"574d7d49\" data-element_type=\"widget\" data-e-type=\"widget\" data-widget_type=\"divider.default\">\n\t\t\t\t<div class=\"elementor-widget-container\">\n\t\t\t\t\t\t\t<div class=\"elementor-divider\">\n\t\t\t<span class=\"elementor-divider-separator\">\n\t\t\t\t\t\t<\/span>\n\t\t<\/div>\n\t\t\t\t\t\t<\/div>\n\t\t\t\t<\/div>\n\t\t\t\t<div class=\"elementor-element elementor-element-798e4cb1 elementor-widget__width-initial elementor-widget elementor-widget-heading\" data-id=\"798e4cb1\" data-element_type=\"widget\" data-e-type=\"widget\" data-widget_type=\"heading.default\">\n\t\t\t\t<div class=\"elementor-widget-container\">\n\t\t\t\t\t<h3 class=\"elementor-heading-title elementor-size-xl\">Politique de remboursement et de retour\n<\/h3>\t\t\t\t<\/div>\n\t\t\t\t<\/div>\n\t\t\t\t<div class=\"elementor-element elementor-element-c6f8c1b elementor-widget elementor-widget-text-editor\" data-id=\"c6f8c1b\" data-element_type=\"widget\" data-e-type=\"widget\" data-widget_type=\"text-editor.default\">\n\t\t\t\t<div class=\"elementor-widget-container\">\n\t\t\t\t\t\t\t\t\t<p data-start=\"36\" data-end=\"98\"><strong data-start=\"36\" data-end=\"98\">Veuillez lire attentivement la politique de remboursement.<\/strong><\/p>\t\t\t\t\t\t\t\t<\/div>\n\t\t\t\t<\/div>\n\t\t\t\t<div class=\"elementor-element elementor-element-791f58f elementor-widget-divider--view-line elementor-widget elementor-widget-divider\" data-id=\"791f58f\" data-element_type=\"widget\" data-e-type=\"widget\" data-widget_type=\"divider.default\">\n\t\t\t\t<div class=\"elementor-widget-container\">\n\t\t\t\t\t\t\t<div class=\"elementor-divider\">\n\t\t\t<span class=\"elementor-divider-separator\">\n\t\t\t\t\t\t<\/span>\n\t\t<\/div>\n\t\t\t\t\t\t<\/div>\n\t\t\t\t<\/div>\n\t\t\t\t\t<\/div>\n\t\t<\/div>\n\t\t\t\t\t<\/div>\n\t\t<\/section>\n\t\t<div class=\"e-con-top elementor-element elementor-element-bf9e344 e-flex e-con-boxed e-con e-parent\" data-id=\"bf9e344\" data-element_type=\"container\" data-e-type=\"container\">\n\t\t\t\t\t<div class=\"e-con-inner\">\n\t\t\t\t<div class=\"elementor-element elementor-element-af5bc46 elementor-widget elementor-widget-text-editor\" data-id=\"af5bc46\" data-element_type=\"widget\" data-e-type=\"widget\" data-widget_type=\"text-editor.default\">\n\t\t\t\t<div class=\"elementor-widget-container\">\n\t\t\t\t\t\t\t\t\t<h4 data-start=\"183\" data-end=\"208\">Droit de r\u00e9tractation<\/h4><p data-start=\"210\" data-end=\"560\">Le Client dispose d\u2019un droit de r\u00e9tractation et peut retourner le produit dans un d\u00e9lai de <strong data-start=\"301\" data-end=\"336\">quatorze (14) jours calendaires<\/strong>\u00e0 compter de l\u2019exp\u00e9dition du produit.<br data-start=\"374\" data-end=\"377\" \/>Le d\u00e9lai de quatorze (14) jours pour l\u2019exercice du droit de r\u00e9tractation commence \u00e0 courir \u00e0 partir du <strong data-start=\"480\" data-end=\"559\">lendemain du jour o\u00f9 le Client acquiert la possession physique des produits<\/strong>.<\/p><p data-start=\"562\" data-end=\"1036\">Le droit de retour s\u2019applique uniquement aux produits retourn\u00e9s <strong data-start=\"626\" data-end=\"654\">dans leur \u00e9tat d\u2019origine<\/strong>, tel qu\u2019ils ont \u00e9t\u00e9 re\u00e7us. Cela signifie que les articles doivent \u00eatre <strong data-start=\"726\" data-end=\"764\">neufs, non utilis\u00e9s et non ouverts<\/strong>, accompagn\u00e9s de <strong data-start=\"781\" data-end=\"827\">toutes les \u00e9tiquettes de s\u00e9curit\u00e9 intactes<\/strong>, dans <strong data-start=\"834\" data-end=\"862\">leur emballage d\u2019origine<\/strong>, et <strong data-start=\"867\" data-end=\"961\">uniquement si le colis est accompagn\u00e9 de la preuve de paiement et des \u00e9tiquettes d\u2019origine<\/strong>.<br data-start=\"962\" data-end=\"965\" \/>Dans le cas contraire, <strong data-start=\"988\" data-end=\"1035\">aucun remboursement ne pourra \u00eatre effectu\u00e9<\/strong>.<\/p><hr data-start=\"1038\" data-end=\"1041\" \/><h4 data-start=\"1043\" data-end=\"1066\">PROC\u00c9DURE DE RETOUR<\/h4><p data-start=\"1068\" data-end=\"1229\">Si vous souhaitez retourner un produit, veuillez <strong data-start=\"1117\" data-end=\"1152\">remplir le formulaire de retour<\/strong> inclus dans le colis de votre commande et <strong data-start=\"1195\" data-end=\"1228\">exp\u00e9dier le colis \u00e0 vos frais<\/strong>.<\/p><p data-start=\"1231\" data-end=\"1354\">Apr\u00e8s r\u00e9ception de votre demande et une fois le retour approuv\u00e9, nous proc\u00e9derons au <strong data-start=\"1316\" data-end=\"1353\">traitement de votre remboursement<\/strong>.<\/p><p data-start=\"1356\" data-end=\"1537\">Vous recevrez un <strong data-start=\"1373\" data-end=\"1399\">e-mail de confirmation<\/strong> vous informant que le montant sera rembours\u00e9 <strong data-start=\"1445\" data-end=\"1490\">dans un d\u00e9lai de dix (10) jours ouvrables<\/strong> \u00e0 compter de la r\u00e9ception du produit retourn\u00e9.<\/p><p data-start=\"1539\" data-end=\"1796\">Veuillez emballer soigneusement et envoyer <strong data-start=\"1582\" data-end=\"1609\">le formulaire de retour<\/strong>, <strong data-start=\"1611\" data-end=\"1649\">une copie de la preuve de paiement<\/strong> ainsi que <strong data-start=\"1660\" data-end=\"1674\">le produit<\/strong>, dans un d\u00e9lai de <strong data-start=\"1693\" data-end=\"1728\">quatorze (14) jours calendaires<\/strong> \u00e0 compter de la r\u00e9ception de votre commande, \u00e0 l\u2019adresse suivante :<\/p><p data-start=\"1798\" data-end=\"1922\"><strong data-start=\"1798\" data-end=\"1821\">Apiro Cosmetics E.E<\/strong><br data-start=\"1821\" data-end=\"1824\" \/>Athamantos 12, Ath\u00e8nes<br data-start=\"1846\" data-end=\"1849\" \/>Code postal 11853<br data-start=\"1866\" data-end=\"1869\" \/>T\u00e9l. : 2112158654<br data-start=\"1886\" data-end=\"1889\" \/>E-mail : <a class=\"decorated-link cursor-pointer\" rel=\"noopener\" data-start=\"1898\" data-end=\"1922\">apirocosmetics@gmail.com<\/a><\/p><p data-start=\"1924\" data-end=\"2154\">Les articles retourn\u00e9s doivent imp\u00e9rativement \u00eatre accompagn\u00e9s d\u2019un <strong data-start=\"1992\" data-end=\"2042\">num\u00e9ro de suivi d\u2019exp\u00e9dition (tracking number)<\/strong>afin de pouvoir \u00eatre trac\u00e9s.<br data-start=\"2071\" data-end=\"2074\" \/>Aucun remboursement ne pourra \u00eatre effectu\u00e9 pour un colis <strong data-start=\"2132\" data-end=\"2153\">perdu ou non re\u00e7u<\/strong>.<\/p>\t\t\t\t\t\t\t\t<\/div>\n\t\t\t\t<\/div>\n\t\t\t\t\t<\/div>\n\t\t\t\t<\/div>\n\t\t\t\t<\/div>\n\t\t","protected":false},"excerpt":{"rendered":"<p>Politique de remboursement et de retour Veuillez lire attentivement la politique de remboursement. Droit de r\u00e9tractation Le Client dispose d\u2019un droit de r\u00e9tractation et peut retourner le produit dans un d\u00e9lai de quatorze (14) jours calendaires\u00e0 compter de l\u2019exp\u00e9dition du produit.Le d\u00e9lai de quatorze (14) jours pour l\u2019exercice du droit de r\u00e9tractation commence \u00e0 courir [&hellip;]<\/p>\n","protected":false},"author":1,"featured_media":0,"parent":0,"menu_order":0,"comment_status":"closed","ping_status":"closed","template":"template-builder.php","meta":{"_acf_changed":false,"footnotes":""},"class_list":["post-4612","page","type-page","status-publish","hentry"],"acf":[],"yoast_head":"<!-- This site is optimized with the Yoast SEO Premium plugin v27.4 (Yoast SEO v27.4) - https:\/\/yoast.com\/product\/yoast-seo-premium-wordpress\/ -->\n<title>Politique de remboursement &amp; de retours-annulations - Apiro Cosmetics<\/title>\n<meta name=\"robots\" content=\"index, follow, max-snippet:-1, max-image-preview:large, max-video-preview:-1\" \/>\n<link rel=\"canonical\" href=\"https:\/\/apirocosmetics.com\/fr\/refund-policy\/\" \/>\n<meta property=\"og:locale\" content=\"fr_FR\" \/>\n<meta property=\"og:type\" content=\"article\" \/>\n<meta property=\"og:title\" content=\"Politique de remboursement &amp; de retours-annulations\" \/>\n<meta property=\"og:description\" content=\"Politique de remboursement et de retour Veuillez lire attentivement la politique de remboursement. Droit de r\u00e9tractation Le Client dispose d\u2019un droit de r\u00e9tractation et peut retourner le produit dans un d\u00e9lai de quatorze (14) jours calendaires\u00e0 compter de l\u2019exp\u00e9dition du produit.Le d\u00e9lai de quatorze (14) jours pour l\u2019exercice du droit de r\u00e9tractation commence \u00e0 courir [&hellip;]\" \/>\n<meta property=\"og:url\" content=\"https:\/\/apirocosmetics.com\/fr\/refund-policy\/\" \/>\n<meta property=\"og:site_name\" content=\"Apiro Cosmetics\" \/>\n<meta property=\"article:publisher\" content=\"https:\/\/www.facebook.com\/apirocosmetics\" \/>\n<meta property=\"article:modified_time\" content=\"2026-01-19T08:15:02+00:00\" \/>\n<meta property=\"og:image\" content=\"https:\/\/apirocosmetics.com\/wp-content\/uploads\/2026\/03\/Drink.jpg\" \/>\n\t<meta property=\"og:image:width\" content=\"1080\" \/>\n\t<meta property=\"og:image:height\" content=\"1350\" \/>\n\t<meta property=\"og:image:type\" content=\"image\/jpeg\" \/>\n<meta name=\"twitter:card\" content=\"summary_large_image\" \/>\n<script type=\"application\/ld+json\" class=\"yoast-schema-graph\">{\"@context\":\"https:\\\/\\\/schema.org\",\"@graph\":[{\"@type\":\"WebPage\",\"@id\":\"https:\\\/\\\/apirocosmetics.com\\\/fr\\\/refund-policy\\\/\",\"url\":\"https:\\\/\\\/apirocosmetics.com\\\/fr\\\/refund-policy\\\/\",\"name\":\"Politique de remboursement & de retours-annulations - Apiro Cosmetics\",\"isPartOf\":{\"@id\":\"https:\\\/\\\/apirocosmetics.com\\\/#website\"},\"datePublished\":\"2024-09-27T06:12:39+00:00\",\"dateModified\":\"2026-01-19T08:15:02+00:00\",\"breadcrumb\":{\"@id\":\"https:\\\/\\\/apirocosmetics.com\\\/fr\\\/refund-policy\\\/#breadcrumb\"},\"inLanguage\":\"fr-FR\",\"potentialAction\":[{\"@type\":\"ReadAction\",\"target\":[\"https:\\\/\\\/apirocosmetics.com\\\/fr\\\/refund-policy\\\/\"]}]},{\"@type\":\"BreadcrumbList\",\"@id\":\"https:\\\/\\\/apirocosmetics.com\\\/fr\\\/refund-policy\\\/#breadcrumb\",\"itemListElement\":[{\"@type\":\"ListItem\",\"position\":1,\"name\":\"\u0391\u03c1\u03c7\u03b9\u03ba\u03ae\",\"item\":\"https:\\\/\\\/apirocosmetics.com\\\/fr\\\/\"},{\"@type\":\"ListItem\",\"position\":2,\"name\":\"Politique de remboursement &#038; de retours-annulations\"}]},{\"@type\":\"WebSite\",\"@id\":\"https:\\\/\\\/apirocosmetics.com\\\/#website\",\"url\":\"https:\\\/\\\/apirocosmetics.com\\\/\",\"name\":\"Apiro Cosmetics\",\"description\":\"Advanced Skincare \u03b3\u03b9\u03b1 \u0395\u03bd\u03c5\u03b4\u03ac\u03c4\u03c9\u03c3\u03b7, \u03a3\u03cd\u03c3\u03c6\u03b9\u03be\u03b7 &amp; \u0391\u03bd\u03c4\u03b9\u03b3\u03ae\u03c1\u03b1\u03bd\u03c3\u03b7\",\"alternateName\":\"apiroo cosmetics\",\"potentialAction\":[{\"@type\":\"SearchAction\",\"target\":{\"@type\":\"EntryPoint\",\"urlTemplate\":\"https:\\\/\\\/apirocosmetics.com\\\/?s={search_term_string}\"},\"query-input\":{\"@type\":\"PropertyValueSpecification\",\"valueRequired\":true,\"valueName\":\"search_term_string\"}}],\"inLanguage\":\"fr-FR\"}]}<\/script>\n<!-- \/ Yoast SEO Premium plugin. -->","yoast_head_json":{"title":"Politique de remboursement & de retours-annulations - Apiro Cosmetics","robots":{"index":"index","follow":"follow","max-snippet":"max-snippet:-1","max-image-preview":"max-image-preview:large","max-video-preview":"max-video-preview:-1"},"canonical":"https:\/\/apirocosmetics.com\/fr\/refund-policy\/","og_locale":"fr_FR","og_type":"article","og_title":"Politique de remboursement & de retours-annulations","og_description":"Politique de remboursement et de retour Veuillez lire attentivement la politique de remboursement. Droit de r\u00e9tractation Le Client dispose d\u2019un droit de r\u00e9tractation et peut retourner le produit dans un d\u00e9lai de quatorze (14) jours calendaires\u00e0 compter de l\u2019exp\u00e9dition du produit.Le d\u00e9lai de quatorze (14) jours pour l\u2019exercice du droit de r\u00e9tractation commence \u00e0 courir [&hellip;]","og_url":"https:\/\/apirocosmetics.com\/fr\/refund-policy\/","og_site_name":"Apiro Cosmetics","article_publisher":"https:\/\/www.facebook.com\/apirocosmetics","article_modified_time":"2026-01-19T08:15:02+00:00","og_image":[{"width":1080,"height":1350,"url":"https:\/\/apirocosmetics.com\/wp-content\/uploads\/2026\/03\/Drink.jpg","type":"image\/jpeg"}],"twitter_card":"summary_large_image","schema":{"@context":"https:\/\/schema.org","@graph":[{"@type":"WebPage","@id":"https:\/\/apirocosmetics.com\/fr\/refund-policy\/","url":"https:\/\/apirocosmetics.com\/fr\/refund-policy\/","name":"Politique de remboursement & de retours-annulations - Apiro Cosmetics","isPartOf":{"@id":"https:\/\/apirocosmetics.com\/#website"},"datePublished":"2024-09-27T06:12:39+00:00","dateModified":"2026-01-19T08:15:02+00:00","breadcrumb":{"@id":"https:\/\/apirocosmetics.com\/fr\/refund-policy\/#breadcrumb"},"inLanguage":"fr-FR","potentialAction":[{"@type":"ReadAction","target":["https:\/\/apirocosmetics.com\/fr\/refund-policy\/"]}]},{"@type":"BreadcrumbList","@id":"https:\/\/apirocosmetics.com\/fr\/refund-policy\/#breadcrumb","itemListElement":[{"@type":"ListItem","position":1,"name":"\u0391\u03c1\u03c7\u03b9\u03ba\u03ae","item":"https:\/\/apirocosmetics.com\/fr\/"},{"@type":"ListItem","position":2,"name":"Politique de remboursement &#038; de retours-annulations"}]},{"@type":"WebSite","@id":"https:\/\/apirocosmetics.com\/#website","url":"https:\/\/apirocosmetics.com\/","name":"Apiro Cosmetics","description":"Advanced Skincare \u03b3\u03b9\u03b1 \u0395\u03bd\u03c5\u03b4\u03ac\u03c4\u03c9\u03c3\u03b7, \u03a3\u03cd\u03c3\u03c6\u03b9\u03be\u03b7 &amp; \u0391\u03bd\u03c4\u03b9\u03b3\u03ae\u03c1\u03b1\u03bd\u03c3\u03b7","alternateName":"apiroo cosmetics","potentialAction":[{"@type":"SearchAction","target":{"@type":"EntryPoint","urlTemplate":"https:\/\/apirocosmetics.com\/?s={search_term_string}"},"query-input":{"@type":"PropertyValueSpecification","valueRequired":true,"valueName":"search_term_string"}}],"inLanguage":"fr-FR"}]}},"_links":{"self":[{"href":"https:\/\/apirocosmetics.com\/fr\/wp-json\/wp\/v2\/pages\/4612","targetHints":{"allow":["GET"]}}],"collection":[{"href":"https:\/\/apirocosmetics.com\/fr\/wp-json\/wp\/v2\/pages"}],"about":[{"href":"https:\/\/apirocosmetics.com\/fr\/wp-json\/wp\/v2\/types\/page"}],"author":[{"embeddable":true,"href":"https:\/\/apirocosmetics.com\/fr\/wp-json\/wp\/v2\/users\/1"}],"replies":[{"embeddable":true,"href":"https:\/\/apirocosmetics.com\/fr\/wp-json\/wp\/v2\/comments?post=4612"}],"version-history":[{"count":4,"href":"https:\/\/apirocosmetics.com\/fr\/wp-json\/wp\/v2\/pages\/4612\/revisions"}],"predecessor-version":[{"id":4616,"href":"https:\/\/apirocosmetics.com\/fr\/wp-json\/wp\/v2\/pages\/4612\/revisions\/4616"}],"wp:attachment":[{"href":"https:\/\/apirocosmetics.com\/fr\/wp-json\/wp\/v2\/media?parent=4612"}],"curies":[{"name":"wp","href":"https:\/\/api.w.org\/{rel}","templated":true}]}}