{"id":5466,"date":"2026-03-06T15:27:13","date_gmt":"2026-03-06T12:27:13","guid":{"rendered":"https:\/\/apirocosmetics.com\/?page_id=5466"},"modified":"2026-03-06T15:55:19","modified_gmt":"2026-03-06T12:55:19","slug":"conditions-dutilisation","status":"publish","type":"page","link":"https:\/\/apirocosmetics.com\/fr\/conditions-dutilisation\/","title":{"rendered":"Conditions d\u2019Utilisation"},"content":{"rendered":"<h4 data-section-id=\"k2700h\" data-start=\"249\" data-end=\"284\">1. Informations sur l\u2019entreprise<\/h4>\n<p data-start=\"285\" data-end=\"470\">Le site <strong data-start=\"293\" data-end=\"315\">apirocosmetics.com<\/strong> est la boutique en ligne de l\u2019entreprise <strong data-start=\"357\" data-end=\"376\">APIRO COSMETICS<\/strong>, \u00e0 travers laquelle sont propos\u00e9s \u00e0 la vente des produits cosm\u00e9tiques et de soins personnels.<\/p>\n<p data-start=\"472\" data-end=\"503\">Informations sur l\u2019entreprise :<\/p>\n<p data-start=\"505\" data-end=\"735\">Nom de l\u2019entreprise : <strong data-start=\"527\" data-end=\"546\">APIRO COSMETICS<\/strong><br data-start=\"546\" data-end=\"549\" \/>Adresse du si\u00e8ge : <strong data-start=\"568\" data-end=\"608\">Athamantos 12, Ath\u00e8nes, 11853, Gr\u00e8ce<\/strong><br data-start=\"608\" data-end=\"611\" \/>Num\u00e9ro de TVA : <strong data-start=\"627\" data-end=\"640\">802408709<\/strong><br data-start=\"640\" data-end=\"643\" \/>GEMI (Registre G\u00e9n\u00e9ral du Commerce) : <strong data-start=\"681\" data-end=\"697\">175835603000<\/strong><br data-start=\"697\" data-end=\"700\" \/>Email : <strong data-start=\"708\" data-end=\"735\"><a class=\"decorated-link cursor-pointer\" rel=\"noopener\" data-start=\"710\" data-end=\"733\">info@apirocosmetics.com<\/a><\/strong><\/p>\n<p data-start=\"737\" data-end=\"858\">L\u2019utilisation du site et de ses services implique l\u2019acceptation pleine et enti\u00e8re des pr\u00e9sentes conditions d\u2019utilisation.<\/p>\n<hr data-start=\"860\" data-end=\"863\" \/>\n<h4 data-section-id=\"2905w9\" data-start=\"865\" data-end=\"891\">2. Conditions G\u00e9n\u00e9rales<\/h4>\n<p data-start=\"892\" data-end=\"1118\">L\u2019entreprise se r\u00e9serve le droit de modifier ou de mettre \u00e0 jour les pr\u00e9sentes conditions d\u2019utilisation \u00e0 tout moment conform\u00e9ment \u00e0 la l\u00e9gislation en vigueur. Les modifications prennent effet d\u00e8s leur publication sur le site.<\/p>\n<p data-start=\"1120\" data-end=\"1242\">Les utilisateurs du site sont tenus de l\u2019utiliser conform\u00e9ment \u00e0 la loi, aux bonnes pratiques et aux pr\u00e9sentes conditions.<\/p>\n<hr data-start=\"1244\" data-end=\"1247\" \/>\n<h4 data-section-id=\"dp4kij\" data-start=\"1249\" data-end=\"1284\">3. Informations sur les Produits<\/h4>\n<p data-start=\"1285\" data-end=\"1465\">L\u2019entreprise met tout en \u0153uvre pour garantir que les informations concernant les produits (descriptions, caract\u00e9ristiques, prix) pr\u00e9sent\u00e9es sur le site soient compl\u00e8tes et exactes.<\/p>\n<p data-start=\"1467\" data-end=\"1573\">Toutefois, l\u2019entreprise ne peut \u00eatre tenue responsable d\u2019\u00e9ventuelles erreurs techniques ou typographiques.<\/p>\n<hr data-start=\"1575\" data-end=\"1578\" \/>\n<h4 data-section-id=\"kdl5zg\" data-start=\"1580\" data-end=\"1603\">4. Prix des Produits<\/h4>\n<p data-start=\"1604\" data-end=\"1688\">Tous les prix des produits sont indiqu\u00e9s en euros (\u20ac) et incluent la TVA applicable.<\/p>\n<p data-start=\"1690\" data-end=\"1757\">L\u2019entreprise se r\u00e9serve le droit de modifier les prix sans pr\u00e9avis.<\/p>\n<hr data-start=\"1759\" data-end=\"1762\" \/>\n<h4 data-section-id=\"1fn0bhs\" data-start=\"1764\" data-end=\"1791\">5. Processus de Commande<\/h4>\n<p data-start=\"1792\" data-end=\"1857\">Les commandes sont effectu\u00e9es via le site <strong data-start=\"1834\" data-end=\"1856\">apirocosmetics.com<\/strong>.<\/p>\n<p data-start=\"1859\" data-end=\"2005\">Une commande est consid\u00e9r\u00e9e comme finalis\u00e9e lorsque le client re\u00e7oit une confirmation de commande par e-mail \u00e0 l\u2019adresse indiqu\u00e9e lors de l\u2019achat.<\/p>\n<p data-start=\"2007\" data-end=\"2088\">L\u2019entreprise se r\u00e9serve le droit d\u2019annuler ou de refuser une commande en cas de :<\/p>\n<ul data-start=\"2090\" data-end=\"2161\">\n<li data-section-id=\"14mscq2\" data-start=\"2090\" data-end=\"2120\">\n<p data-start=\"2092\" data-end=\"2120\">indisponibilit\u00e9 du produit<\/p>\n<\/li>\n<li data-section-id=\"d8g1hz\" data-start=\"2121\" data-end=\"2143\">\n<p data-start=\"2123\" data-end=\"2143\">probl\u00e8me technique<\/p>\n<\/li>\n<li data-section-id=\"1h5maur\" data-start=\"2144\" data-end=\"2161\">\n<p data-start=\"2146\" data-end=\"2161\">erreur de prix.<\/p>\n<\/li>\n<\/ul>\n<hr data-start=\"2163\" data-end=\"2166\" \/>\n<h4 data-section-id=\"1gzg5oj\" data-start=\"2168\" data-end=\"2191\">6. Modes de Paiement<\/h4>\n<p data-start=\"2192\" data-end=\"2290\">Les modes de paiement disponibles sont affich\u00e9s lors du processus de commande et peuvent inclure :<\/p>\n<ul data-start=\"2292\" data-end=\"2371\">\n<li data-section-id=\"vbou00\" data-start=\"2292\" data-end=\"2323\">\n<p data-start=\"2294\" data-end=\"2323\">Carte de cr\u00e9dit ou de d\u00e9bit<\/p>\n<\/li>\n<li data-section-id=\"1javca9\" data-start=\"2324\" data-end=\"2351\">\n<p data-start=\"2326\" data-end=\"2351\">Paiement \u00e0 la livraison<\/p>\n<\/li>\n<li data-section-id=\"1qrwiqr\" data-start=\"2352\" data-end=\"2371\">\n<p data-start=\"2354\" data-end=\"2371\">Virement bancaire<\/p>\n<\/li>\n<\/ul>\n<p data-start=\"2373\" data-end=\"2452\">L\u2019entreprise se r\u00e9serve le droit de modifier les modes de paiement disponibles.<\/p>\n<hr data-start=\"2454\" data-end=\"2457\" \/>\n<h4 data-section-id=\"1vim807\" data-start=\"2459\" data-end=\"2474\">7. Livraison<\/h4>\n<p data-start=\"2475\" data-end=\"2576\">Les produits sont exp\u00e9di\u00e9s \u00e0 l\u2019adresse indiqu\u00e9e par le client lors de la finalisation de la commande.<\/p>\n<p data-start=\"2578\" data-end=\"2677\">Les d\u00e9lais de livraison peuvent varier selon la zone de livraison et la disponibilit\u00e9 des produits.<\/p>\n<hr data-start=\"2679\" data-end=\"2682\" \/>\n<h4 data-section-id=\"ewd6u8\" data-start=\"2684\" data-end=\"2711\">8. Droit de R\u00e9tractation<\/h4>\n<p data-start=\"2712\" data-end=\"2842\">Le consommateur a le droit de retourner un produit dans un d\u00e9lai de <strong data-start=\"2780\" data-end=\"2841\">14 jours calendaires \u00e0 compter de la r\u00e9ception du produit<\/strong>.<\/p>\n<p data-start=\"2844\" data-end=\"2939\">Pour les produits scell\u00e9s, le retour est accept\u00e9 uniquement si <strong data-start=\"2907\" data-end=\"2938\">le sceau n\u2019a pas \u00e9t\u00e9 retir\u00e9<\/strong>.<\/p>\n<hr data-start=\"2941\" data-end=\"2944\" \/>\n<h4 data-section-id=\"1xl8578\" data-start=\"2946\" data-end=\"2985\">9. Produits D\u00e9fectueux ou Incorrects<\/h4>\n<p data-start=\"2986\" data-end=\"3116\">En cas de produit d\u00e9fectueux ou incorrect, le client a droit \u00e0 <strong data-start=\"3049\" data-end=\"3115\">un remplacement ou un remboursement sans frais suppl\u00e9mentaires<\/strong>.<\/p>\n<hr data-start=\"3118\" data-end=\"3121\" \/>\n<h4 data-section-id=\"1wd6r1j\" data-start=\"3123\" data-end=\"3165\">10. Protection des Donn\u00e9es Personnelles<\/h4>\n<p data-start=\"3166\" data-end=\"3635\">Le traitement des donn\u00e9es personnelles est effectu\u00e9 conform\u00e9ment aux dispositions du <strong data-start=\"3251\" data-end=\"3318\">R\u00e8glement G\u00e9n\u00e9ral sur la Protection des Donn\u00e9es (RGPD 2016\/679)<\/strong>, \u00e0 toute l\u00e9gislation nationale et europ\u00e9enne applicable, \u00e0 la l\u00e9gislation grecque relative \u00e0 la protection des donn\u00e9es personnelles ainsi qu\u2019\u00e0 la protection de la vie priv\u00e9e dans les communications \u00e9lectroniques (Loi 3471\/2006, telle que modifi\u00e9e) et aux d\u00e9cisions de l\u2019Autorit\u00e9 hell\u00e9nique de protection des donn\u00e9es.<\/p>\n<hr data-start=\"3637\" data-end=\"3640\" \/>\n<h4 data-section-id=\"qb4r6s\" data-start=\"3642\" data-end=\"3674\">11. S\u00e9curit\u00e9 des Transactions<\/h4>\n<p data-start=\"3675\" data-end=\"3785\">L\u2019entreprise reconna\u00eet l\u2019importance de la s\u00e9curit\u00e9 des donn\u00e9es personnelles et des transactions \u00e9lectroniques.<\/p>\n<p data-start=\"3787\" data-end=\"3888\">Pour garantir la s\u00e9curit\u00e9 des donn\u00e9es, le site utilise le protocole de chiffrement <strong data-start=\"3870\" data-end=\"3887\">SSL (256-bit)<\/strong>.<\/p>\n<hr data-start=\"3890\" data-end=\"3893\" \/>\n<h4 data-section-id=\"xtn5xn\" data-start=\"3895\" data-end=\"3926\">12. Propri\u00e9t\u00e9 Intellectuelle<\/h4>\n<p data-start=\"3927\" data-end=\"4130\">L\u2019ensemble du contenu du site, y compris les textes, images, graphiques, logos et logiciels, constitue la propri\u00e9t\u00e9 intellectuelle de l\u2019entreprise et est prot\u00e9g\u00e9 par la l\u00e9gislation grecque et europ\u00e9enne.<\/p>\n<p data-start=\"4132\" data-end=\"4215\">Toute reproduction ou utilisation sans autorisation \u00e9crite pr\u00e9alable est interdite.<\/p>\n<hr data-start=\"4217\" data-end=\"4220\" \/>\n<h4 data-section-id=\"bl2d1q\" data-start=\"4222\" data-end=\"4245\">13. Code de Conduite<\/h4>\n<p data-start=\"4246\" data-end=\"4361\">Le fonctionnement de la boutique en ligne est r\u00e9gi par le <strong data-start=\"4304\" data-end=\"4349\">Code de Conduite du Commerce \u00c9lectronique<\/strong> en vigueur.<\/p>\n<hr data-start=\"4363\" data-end=\"4366\" \/>\n<h4 data-section-id=\"1e41g3r\" data-start=\"4368\" data-end=\"4391\">14. Droit Applicable<\/h4>\n<p data-start=\"4392\" data-end=\"4461\">Les pr\u00e9sentes conditions d\u2019utilisation sont r\u00e9gies par le droit grec.<\/p>\n<p data-start=\"4463\" data-end=\"4554\">Tout litige r\u00e9sultant de l\u2019utilisation du site rel\u00e8ve de la comp\u00e9tence des tribunaux grecs.<\/p>\n<h3 data-section-id=\"b44yu9\" data-start=\"1249\" data-end=\"1269\">Code de conduite<\/h3>\n<p data-start=\"1271\" data-end=\"1409\">Le fonctionnement de la boutique en ligne <strong data-start=\"1313\" data-end=\"1335\">apirocosmetics.com<\/strong> est r\u00e9gi par le <strong data-start=\"1352\" data-end=\"1397\">Code de conduite du commerce \u00e9lectronique<\/strong> en vigueur.<\/p>\n<p data-start=\"1411\" data-end=\"1541\">Les consommateurs peuvent consulter le Code de conduite au lien suivant :<br data-start=\"1484\" data-end=\"1487\" \/><a class=\"decorated-link cursor-pointer\" target=\"_new\" rel=\"noopener\" data-start=\"1487\" data-end=\"1541\">https:\/\/www.greekecommerce.gr\/gr\/kodikas-deontologias\/<\/a><\/p>\n","protected":false},"excerpt":{"rendered":"<p>1. Informations sur l\u2019entreprise Le site apirocosmetics.com est la boutique en ligne de l\u2019entreprise APIRO COSMETICS, \u00e0 travers laquelle sont propos\u00e9s \u00e0 la vente des produits cosm\u00e9tiques et de soins personnels. Informations sur l\u2019entreprise : Nom de l\u2019entreprise : APIRO COSMETICSAdresse du si\u00e8ge : Athamantos 12, Ath\u00e8nes, 11853, Gr\u00e8ceNum\u00e9ro de TVA : 802408709GEMI (Registre G\u00e9n\u00e9ral [&hellip;]<\/p>\n","protected":false},"author":3,"featured_media":0,"parent":0,"menu_order":0,"comment_status":"closed","ping_status":"closed","template":"","meta":{"_acf_changed":false,"footnotes":""},"class_list":["post-5466","page","type-page","status-publish","hentry"],"acf":[],"yoast_head":"<!-- This site is optimized with the Yoast SEO Premium plugin v27.4 (Yoast SEO v27.4) - https:\/\/yoast.com\/product\/yoast-seo-premium-wordpress\/ -->\n<title>Conditions d\u2019Utilisation - Apiro Cosmetics<\/title>\n<meta name=\"robots\" content=\"index, follow, max-snippet:-1, max-image-preview:large, max-video-preview:-1\" \/>\n<link rel=\"canonical\" href=\"https:\/\/apirocosmetics.com\/fr\/conditions-dutilisation\/\" \/>\n<meta property=\"og:locale\" content=\"fr_FR\" \/>\n<meta property=\"og:type\" content=\"article\" \/>\n<meta property=\"og:title\" content=\"Conditions d\u2019Utilisation\" \/>\n<meta property=\"og:description\" content=\"1. Informations sur l\u2019entreprise Le site apirocosmetics.com est la boutique en ligne de l\u2019entreprise APIRO COSMETICS, \u00e0 travers laquelle sont propos\u00e9s \u00e0 la vente des produits cosm\u00e9tiques et de soins personnels. Informations sur l\u2019entreprise : Nom de l\u2019entreprise : APIRO COSMETICSAdresse du si\u00e8ge : Athamantos 12, Ath\u00e8nes, 11853, Gr\u00e8ceNum\u00e9ro de TVA : 802408709GEMI (Registre G\u00e9n\u00e9ral [&hellip;]\" \/>\n<meta property=\"og:url\" content=\"https:\/\/apirocosmetics.com\/fr\/conditions-dutilisation\/\" \/>\n<meta property=\"og:site_name\" content=\"Apiro Cosmetics\" \/>\n<meta property=\"article:publisher\" content=\"https:\/\/www.facebook.com\/apirocosmetics\" \/>\n<meta property=\"article:modified_time\" content=\"2026-03-06T12:55:19+00:00\" \/>\n<meta property=\"og:image\" content=\"https:\/\/apirocosmetics.com\/wp-content\/uploads\/2026\/03\/Drink.jpg\" \/>\n\t<meta property=\"og:image:width\" content=\"1080\" \/>\n\t<meta property=\"og:image:height\" content=\"1350\" \/>\n\t<meta property=\"og:image:type\" content=\"image\/jpeg\" \/>\n<meta name=\"twitter:card\" content=\"summary_large_image\" \/>\n<script type=\"application\/ld+json\" class=\"yoast-schema-graph\">{\"@context\":\"https:\\\/\\\/schema.org\",\"@graph\":[{\"@type\":\"WebPage\",\"@id\":\"https:\\\/\\\/apirocosmetics.com\\\/fr\\\/conditions-dutilisation\\\/\",\"url\":\"https:\\\/\\\/apirocosmetics.com\\\/fr\\\/conditions-dutilisation\\\/\",\"name\":\"Conditions d\u2019Utilisation - Apiro Cosmetics\",\"isPartOf\":{\"@id\":\"https:\\\/\\\/apirocosmetics.com\\\/#website\"},\"datePublished\":\"2026-03-06T12:27:13+00:00\",\"dateModified\":\"2026-03-06T12:55:19+00:00\",\"breadcrumb\":{\"@id\":\"https:\\\/\\\/apirocosmetics.com\\\/fr\\\/conditions-dutilisation\\\/#breadcrumb\"},\"inLanguage\":\"fr-FR\",\"potentialAction\":[{\"@type\":\"ReadAction\",\"target\":[\"https:\\\/\\\/apirocosmetics.com\\\/fr\\\/conditions-dutilisation\\\/\"]}]},{\"@type\":\"BreadcrumbList\",\"@id\":\"https:\\\/\\\/apirocosmetics.com\\\/fr\\\/conditions-dutilisation\\\/#breadcrumb\",\"itemListElement\":[{\"@type\":\"ListItem\",\"position\":1,\"name\":\"\u0391\u03c1\u03c7\u03b9\u03ba\u03ae\",\"item\":\"https:\\\/\\\/apirocosmetics.com\\\/fr\\\/\"},{\"@type\":\"ListItem\",\"position\":2,\"name\":\"Conditions d\u2019Utilisation\"}]},{\"@type\":\"WebSite\",\"@id\":\"https:\\\/\\\/apirocosmetics.com\\\/#website\",\"url\":\"https:\\\/\\\/apirocosmetics.com\\\/\",\"name\":\"Apiro Cosmetics\",\"description\":\"Advanced Skincare \u03b3\u03b9\u03b1 \u0395\u03bd\u03c5\u03b4\u03ac\u03c4\u03c9\u03c3\u03b7, \u03a3\u03cd\u03c3\u03c6\u03b9\u03be\u03b7 &amp; \u0391\u03bd\u03c4\u03b9\u03b3\u03ae\u03c1\u03b1\u03bd\u03c3\u03b7\",\"alternateName\":\"apiroo cosmetics\",\"potentialAction\":[{\"@type\":\"SearchAction\",\"target\":{\"@type\":\"EntryPoint\",\"urlTemplate\":\"https:\\\/\\\/apirocosmetics.com\\\/?s={search_term_string}\"},\"query-input\":{\"@type\":\"PropertyValueSpecification\",\"valueRequired\":true,\"valueName\":\"search_term_string\"}}],\"inLanguage\":\"fr-FR\"}]}<\/script>\n<!-- \/ Yoast SEO Premium plugin. -->","yoast_head_json":{"title":"Conditions d\u2019Utilisation - Apiro Cosmetics","robots":{"index":"index","follow":"follow","max-snippet":"max-snippet:-1","max-image-preview":"max-image-preview:large","max-video-preview":"max-video-preview:-1"},"canonical":"https:\/\/apirocosmetics.com\/fr\/conditions-dutilisation\/","og_locale":"fr_FR","og_type":"article","og_title":"Conditions d\u2019Utilisation","og_description":"1. Informations sur l\u2019entreprise Le site apirocosmetics.com est la boutique en ligne de l\u2019entreprise APIRO COSMETICS, \u00e0 travers laquelle sont propos\u00e9s \u00e0 la vente des produits cosm\u00e9tiques et de soins personnels. Informations sur l\u2019entreprise : Nom de l\u2019entreprise : APIRO COSMETICSAdresse du si\u00e8ge : Athamantos 12, Ath\u00e8nes, 11853, Gr\u00e8ceNum\u00e9ro de TVA : 802408709GEMI (Registre G\u00e9n\u00e9ral [&hellip;]","og_url":"https:\/\/apirocosmetics.com\/fr\/conditions-dutilisation\/","og_site_name":"Apiro Cosmetics","article_publisher":"https:\/\/www.facebook.com\/apirocosmetics","article_modified_time":"2026-03-06T12:55:19+00:00","og_image":[{"width":1080,"height":1350,"url":"https:\/\/apirocosmetics.com\/wp-content\/uploads\/2026\/03\/Drink.jpg","type":"image\/jpeg"}],"twitter_card":"summary_large_image","schema":{"@context":"https:\/\/schema.org","@graph":[{"@type":"WebPage","@id":"https:\/\/apirocosmetics.com\/fr\/conditions-dutilisation\/","url":"https:\/\/apirocosmetics.com\/fr\/conditions-dutilisation\/","name":"Conditions d\u2019Utilisation - Apiro Cosmetics","isPartOf":{"@id":"https:\/\/apirocosmetics.com\/#website"},"datePublished":"2026-03-06T12:27:13+00:00","dateModified":"2026-03-06T12:55:19+00:00","breadcrumb":{"@id":"https:\/\/apirocosmetics.com\/fr\/conditions-dutilisation\/#breadcrumb"},"inLanguage":"fr-FR","potentialAction":[{"@type":"ReadAction","target":["https:\/\/apirocosmetics.com\/fr\/conditions-dutilisation\/"]}]},{"@type":"BreadcrumbList","@id":"https:\/\/apirocosmetics.com\/fr\/conditions-dutilisation\/#breadcrumb","itemListElement":[{"@type":"ListItem","position":1,"name":"\u0391\u03c1\u03c7\u03b9\u03ba\u03ae","item":"https:\/\/apirocosmetics.com\/fr\/"},{"@type":"ListItem","position":2,"name":"Conditions d\u2019Utilisation"}]},{"@type":"WebSite","@id":"https:\/\/apirocosmetics.com\/#website","url":"https:\/\/apirocosmetics.com\/","name":"Apiro Cosmetics","description":"Advanced Skincare \u03b3\u03b9\u03b1 \u0395\u03bd\u03c5\u03b4\u03ac\u03c4\u03c9\u03c3\u03b7, \u03a3\u03cd\u03c3\u03c6\u03b9\u03be\u03b7 &amp; \u0391\u03bd\u03c4\u03b9\u03b3\u03ae\u03c1\u03b1\u03bd\u03c3\u03b7","alternateName":"apiroo cosmetics","potentialAction":[{"@type":"SearchAction","target":{"@type":"EntryPoint","urlTemplate":"https:\/\/apirocosmetics.com\/?s={search_term_string}"},"query-input":{"@type":"PropertyValueSpecification","valueRequired":true,"valueName":"search_term_string"}}],"inLanguage":"fr-FR"}]}},"_links":{"self":[{"href":"https:\/\/apirocosmetics.com\/fr\/wp-json\/wp\/v2\/pages\/5466","targetHints":{"allow":["GET"]}}],"collection":[{"href":"https:\/\/apirocosmetics.com\/fr\/wp-json\/wp\/v2\/pages"}],"about":[{"href":"https:\/\/apirocosmetics.com\/fr\/wp-json\/wp\/v2\/types\/page"}],"author":[{"embeddable":true,"href":"https:\/\/apirocosmetics.com\/fr\/wp-json\/wp\/v2\/users\/3"}],"replies":[{"embeddable":true,"href":"https:\/\/apirocosmetics.com\/fr\/wp-json\/wp\/v2\/comments?post=5466"}],"version-history":[{"count":2,"href":"https:\/\/apirocosmetics.com\/fr\/wp-json\/wp\/v2\/pages\/5466\/revisions"}],"predecessor-version":[{"id":5478,"href":"https:\/\/apirocosmetics.com\/fr\/wp-json\/wp\/v2\/pages\/5466\/revisions\/5478"}],"wp:attachment":[{"href":"https:\/\/apirocosmetics.com\/fr\/wp-json\/wp\/v2\/media?parent=5466"}],"curies":[{"name":"wp","href":"https:\/\/api.w.org\/{rel}","templated":true}]}}