{"id":5516,"date":"2026-03-06T16:40:03","date_gmt":"2026-03-06T13:40:03","guid":{"rendered":"https:\/\/apirocosmetics.com\/?page_id=5516"},"modified":"2026-03-06T16:47:48","modified_gmt":"2026-03-06T13:47:48","slug":"securite-des-transactions-ssl","status":"publish","type":"page","link":"https:\/\/apirocosmetics.com\/fr\/securite-des-transactions-ssl\/","title":{"rendered":"S\u00e9curit\u00e9 des Transactions \u2013 SSL"},"content":{"rendered":"<p data-start=\"2016\" data-end=\"2254\">L\u2019entreprise <strong data-start=\"2029\" data-end=\"2048\">APIRO COSMETICS<\/strong> reconna\u00eet l\u2019importance de la s\u00e9curit\u00e9 des donn\u00e9es personnelles et des transactions \u00e9lectroniques et prend toutes les mesures n\u00e9cessaires avec des technologies modernes afin d\u2019assurer une s\u00e9curit\u00e9 maximale.<\/p>\n<p data-start=\"2256\" data-end=\"2387\">Toutes les informations relatives aux donn\u00e9es personnelles et aux transactions des utilisateurs sont s\u00e9curis\u00e9es et confidentielles.<\/p>\n<p data-start=\"2389\" data-end=\"2531\">Pour la transmission s\u00e9curis\u00e9e des donn\u00e9es, la boutique en ligne <strong data-start=\"2454\" data-end=\"2476\">apirocosmetics.com<\/strong> utilise le <strong data-start=\"2488\" data-end=\"2530\">protocole de chiffrement SSL (256-bit)<\/strong>.<\/p>\n","protected":false},"excerpt":{"rendered":"<p>L\u2019entreprise APIRO COSMETICS reconna\u00eet l\u2019importance de la s\u00e9curit\u00e9 des donn\u00e9es personnelles et des transactions \u00e9lectroniques et prend toutes les mesures n\u00e9cessaires avec des technologies modernes afin d\u2019assurer une s\u00e9curit\u00e9 maximale. Toutes les informations relatives aux donn\u00e9es personnelles et aux transactions des utilisateurs sont s\u00e9curis\u00e9es et confidentielles. Pour la transmission s\u00e9curis\u00e9e des donn\u00e9es, la boutique en [&hellip;]<\/p>\n","protected":false},"author":3,"featured_media":0,"parent":0,"menu_order":0,"comment_status":"closed","ping_status":"closed","template":"","meta":{"_acf_changed":false,"footnotes":""},"class_list":["post-5516","page","type-page","status-publish","hentry"],"acf":[],"yoast_head":"<!-- This site is optimized with the Yoast SEO Premium plugin v27.4 (Yoast SEO v27.4) - https:\/\/yoast.com\/product\/yoast-seo-premium-wordpress\/ -->\n<title>S\u00e9curit\u00e9 des Transactions \u2013 SSL - Apiro Cosmetics<\/title>\n<meta name=\"robots\" content=\"index, follow, max-snippet:-1, max-image-preview:large, max-video-preview:-1\" \/>\n<link rel=\"canonical\" href=\"https:\/\/apirocosmetics.com\/fr\/securite-des-transactions-ssl\/\" \/>\n<meta property=\"og:locale\" content=\"fr_FR\" \/>\n<meta property=\"og:type\" content=\"article\" \/>\n<meta property=\"og:title\" content=\"S\u00e9curit\u00e9 des Transactions \u2013 SSL\" \/>\n<meta property=\"og:description\" content=\"L\u2019entreprise APIRO COSMETICS reconna\u00eet l\u2019importance de la s\u00e9curit\u00e9 des donn\u00e9es personnelles et des transactions \u00e9lectroniques et prend toutes les mesures n\u00e9cessaires avec des technologies modernes afin d\u2019assurer une s\u00e9curit\u00e9 maximale. Toutes les informations relatives aux donn\u00e9es personnelles et aux transactions des utilisateurs sont s\u00e9curis\u00e9es et confidentielles. Pour la transmission s\u00e9curis\u00e9e des donn\u00e9es, la boutique en [&hellip;]\" \/>\n<meta property=\"og:url\" content=\"https:\/\/apirocosmetics.com\/fr\/securite-des-transactions-ssl\/\" \/>\n<meta property=\"og:site_name\" content=\"Apiro Cosmetics\" \/>\n<meta property=\"article:publisher\" content=\"https:\/\/www.facebook.com\/apirocosmetics\" \/>\n<meta property=\"article:modified_time\" content=\"2026-03-06T13:47:48+00:00\" \/>\n<meta property=\"og:image\" content=\"https:\/\/apirocosmetics.com\/wp-content\/uploads\/2026\/03\/Drink.jpg\" \/>\n\t<meta property=\"og:image:width\" content=\"1080\" \/>\n\t<meta property=\"og:image:height\" content=\"1350\" \/>\n\t<meta property=\"og:image:type\" content=\"image\/jpeg\" \/>\n<meta name=\"twitter:card\" content=\"summary_large_image\" \/>\n<script type=\"application\/ld+json\" class=\"yoast-schema-graph\">{\"@context\":\"https:\\\/\\\/schema.org\",\"@graph\":[{\"@type\":\"WebPage\",\"@id\":\"https:\\\/\\\/apirocosmetics.com\\\/fr\\\/securite-des-transactions-ssl\\\/\",\"url\":\"https:\\\/\\\/apirocosmetics.com\\\/fr\\\/securite-des-transactions-ssl\\\/\",\"name\":\"S\u00e9curit\u00e9 des Transactions \u2013 SSL - Apiro Cosmetics\",\"isPartOf\":{\"@id\":\"https:\\\/\\\/apirocosmetics.com\\\/#website\"},\"datePublished\":\"2026-03-06T13:40:03+00:00\",\"dateModified\":\"2026-03-06T13:47:48+00:00\",\"breadcrumb\":{\"@id\":\"https:\\\/\\\/apirocosmetics.com\\\/fr\\\/securite-des-transactions-ssl\\\/#breadcrumb\"},\"inLanguage\":\"fr-FR\",\"potentialAction\":[{\"@type\":\"ReadAction\",\"target\":[\"https:\\\/\\\/apirocosmetics.com\\\/fr\\\/securite-des-transactions-ssl\\\/\"]}]},{\"@type\":\"BreadcrumbList\",\"@id\":\"https:\\\/\\\/apirocosmetics.com\\\/fr\\\/securite-des-transactions-ssl\\\/#breadcrumb\",\"itemListElement\":[{\"@type\":\"ListItem\",\"position\":1,\"name\":\"\u0391\u03c1\u03c7\u03b9\u03ba\u03ae\",\"item\":\"https:\\\/\\\/apirocosmetics.com\\\/fr\\\/\"},{\"@type\":\"ListItem\",\"position\":2,\"name\":\"S\u00e9curit\u00e9 des Transactions \u2013 SSL\"}]},{\"@type\":\"WebSite\",\"@id\":\"https:\\\/\\\/apirocosmetics.com\\\/#website\",\"url\":\"https:\\\/\\\/apirocosmetics.com\\\/\",\"name\":\"Apiro Cosmetics\",\"description\":\"Advanced Skincare \u03b3\u03b9\u03b1 \u0395\u03bd\u03c5\u03b4\u03ac\u03c4\u03c9\u03c3\u03b7, \u03a3\u03cd\u03c3\u03c6\u03b9\u03be\u03b7 &amp; \u0391\u03bd\u03c4\u03b9\u03b3\u03ae\u03c1\u03b1\u03bd\u03c3\u03b7\",\"alternateName\":\"apiroo cosmetics\",\"potentialAction\":[{\"@type\":\"SearchAction\",\"target\":{\"@type\":\"EntryPoint\",\"urlTemplate\":\"https:\\\/\\\/apirocosmetics.com\\\/?s={search_term_string}\"},\"query-input\":{\"@type\":\"PropertyValueSpecification\",\"valueRequired\":true,\"valueName\":\"search_term_string\"}}],\"inLanguage\":\"fr-FR\"}]}<\/script>\n<!-- \/ Yoast SEO Premium plugin. -->","yoast_head_json":{"title":"S\u00e9curit\u00e9 des Transactions \u2013 SSL - Apiro Cosmetics","robots":{"index":"index","follow":"follow","max-snippet":"max-snippet:-1","max-image-preview":"max-image-preview:large","max-video-preview":"max-video-preview:-1"},"canonical":"https:\/\/apirocosmetics.com\/fr\/securite-des-transactions-ssl\/","og_locale":"fr_FR","og_type":"article","og_title":"S\u00e9curit\u00e9 des Transactions \u2013 SSL","og_description":"L\u2019entreprise APIRO COSMETICS reconna\u00eet l\u2019importance de la s\u00e9curit\u00e9 des donn\u00e9es personnelles et des transactions \u00e9lectroniques et prend toutes les mesures n\u00e9cessaires avec des technologies modernes afin d\u2019assurer une s\u00e9curit\u00e9 maximale. Toutes les informations relatives aux donn\u00e9es personnelles et aux transactions des utilisateurs sont s\u00e9curis\u00e9es et confidentielles. Pour la transmission s\u00e9curis\u00e9e des donn\u00e9es, la boutique en [&hellip;]","og_url":"https:\/\/apirocosmetics.com\/fr\/securite-des-transactions-ssl\/","og_site_name":"Apiro Cosmetics","article_publisher":"https:\/\/www.facebook.com\/apirocosmetics","article_modified_time":"2026-03-06T13:47:48+00:00","og_image":[{"width":1080,"height":1350,"url":"https:\/\/apirocosmetics.com\/wp-content\/uploads\/2026\/03\/Drink.jpg","type":"image\/jpeg"}],"twitter_card":"summary_large_image","schema":{"@context":"https:\/\/schema.org","@graph":[{"@type":"WebPage","@id":"https:\/\/apirocosmetics.com\/fr\/securite-des-transactions-ssl\/","url":"https:\/\/apirocosmetics.com\/fr\/securite-des-transactions-ssl\/","name":"S\u00e9curit\u00e9 des Transactions \u2013 SSL - Apiro Cosmetics","isPartOf":{"@id":"https:\/\/apirocosmetics.com\/#website"},"datePublished":"2026-03-06T13:40:03+00:00","dateModified":"2026-03-06T13:47:48+00:00","breadcrumb":{"@id":"https:\/\/apirocosmetics.com\/fr\/securite-des-transactions-ssl\/#breadcrumb"},"inLanguage":"fr-FR","potentialAction":[{"@type":"ReadAction","target":["https:\/\/apirocosmetics.com\/fr\/securite-des-transactions-ssl\/"]}]},{"@type":"BreadcrumbList","@id":"https:\/\/apirocosmetics.com\/fr\/securite-des-transactions-ssl\/#breadcrumb","itemListElement":[{"@type":"ListItem","position":1,"name":"\u0391\u03c1\u03c7\u03b9\u03ba\u03ae","item":"https:\/\/apirocosmetics.com\/fr\/"},{"@type":"ListItem","position":2,"name":"S\u00e9curit\u00e9 des Transactions \u2013 SSL"}]},{"@type":"WebSite","@id":"https:\/\/apirocosmetics.com\/#website","url":"https:\/\/apirocosmetics.com\/","name":"Apiro Cosmetics","description":"Advanced Skincare \u03b3\u03b9\u03b1 \u0395\u03bd\u03c5\u03b4\u03ac\u03c4\u03c9\u03c3\u03b7, \u03a3\u03cd\u03c3\u03c6\u03b9\u03be\u03b7 &amp; \u0391\u03bd\u03c4\u03b9\u03b3\u03ae\u03c1\u03b1\u03bd\u03c3\u03b7","alternateName":"apiroo cosmetics","potentialAction":[{"@type":"SearchAction","target":{"@type":"EntryPoint","urlTemplate":"https:\/\/apirocosmetics.com\/?s={search_term_string}"},"query-input":{"@type":"PropertyValueSpecification","valueRequired":true,"valueName":"search_term_string"}}],"inLanguage":"fr-FR"}]}},"_links":{"self":[{"href":"https:\/\/apirocosmetics.com\/fr\/wp-json\/wp\/v2\/pages\/5516","targetHints":{"allow":["GET"]}}],"collection":[{"href":"https:\/\/apirocosmetics.com\/fr\/wp-json\/wp\/v2\/pages"}],"about":[{"href":"https:\/\/apirocosmetics.com\/fr\/wp-json\/wp\/v2\/types\/page"}],"author":[{"embeddable":true,"href":"https:\/\/apirocosmetics.com\/fr\/wp-json\/wp\/v2\/users\/3"}],"replies":[{"embeddable":true,"href":"https:\/\/apirocosmetics.com\/fr\/wp-json\/wp\/v2\/comments?post=5516"}],"version-history":[{"count":1,"href":"https:\/\/apirocosmetics.com\/fr\/wp-json\/wp\/v2\/pages\/5516\/revisions"}],"predecessor-version":[{"id":5517,"href":"https:\/\/apirocosmetics.com\/fr\/wp-json\/wp\/v2\/pages\/5516\/revisions\/5517"}],"wp:attachment":[{"href":"https:\/\/apirocosmetics.com\/fr\/wp-json\/wp\/v2\/media?parent=5516"}],"curies":[{"name":"wp","href":"https:\/\/api.w.org\/{rel}","templated":true}]}}