{"id":4406,"date":"2024-09-22T22:38:42","date_gmt":"2024-09-22T22:38:42","guid":{"rendered":"https:\/\/apirocosmetics.com\/product\/face-cleansing-gel-200ml\/"},"modified":"2026-03-09T08:53:06","modified_gmt":"2026-03-09T05:53:06","slug":"face-cleansing-gel-200ml","status":"publish","type":"product","link":"https:\/\/apirocosmetics.com\/fr\/product\/face-cleansing-gel-200ml\/","title":{"rendered":"Face Cleansing Gel (200ml)"},"content":{"rendered":"<p data-start=\"163\" data-end=\"504\">L\u2019exposition quotidienne aux polluants, \u00e0 l\u2019exc\u00e8s de s\u00e9bum et aux microparticules provoque un stress oxydatif et l\u2019obstruction des pores, laissant la peau terne et fatigu\u00e9e.<br data-start=\"336\" data-end=\"339\" \/>Le <strong data-start=\"342\" data-end=\"364\">Face Cleansing Gel<\/strong> exploite l\u2019action antioxydante des polyph\u00e9nols de la grenade, renfor\u00e7ant la protection cellulaire et pr\u00e9servant l\u2019\u00e9clat naturel de la peau.<\/p>\n<p data-start=\"506\" data-end=\"625\">Sa formule associe extrait de grenade, vitamine C, complexe de vitamines, acide folique et sels min\u00e9raux, pour offrir :<\/p>\n<p data-start=\"627\" data-end=\"964\">\u2022 <strong data-start=\"629\" data-end=\"659\">Un nettoyage en profondeur<\/strong>, \u00e9liminant impuret\u00e9s, exc\u00e8s de s\u00e9bum et microparticules.<br data-start=\"716\" data-end=\"719\" \/>\u2022 <strong data-start=\"721\" data-end=\"763\">Une action tonifiante et revitalisante<\/strong>, gr\u00e2ce aux propri\u00e9t\u00e9s antioxydantes de la grenade.<br data-start=\"814\" data-end=\"817\" \/>\u2022 <strong data-start=\"819\" data-end=\"885\">Une hydratation optimale et le maintien de l\u2019\u00e9quilibre naturel<\/strong>, gr\u00e2ce aux vitamines et aux sels min\u00e9raux qui soutiennent la sant\u00e9 de la peau.<\/p>\n<p data-start=\"966\" data-end=\"1071\">Le r\u00e9sultat : une peau propre, lumineuse et parfaitement \u00e9quilibr\u00e9e, pr\u00eate \u00e0 recevoir les soins suivants.<\/p>\n<p data-start=\"1073\" data-end=\"1087\"><strong data-start=\"1073\" data-end=\"1087\">Il offre :<\/strong><\/p>\n<p data-start=\"1089\" data-end=\"1580\">\u2022 <strong data-start=\"1091\" data-end=\"1118\">Protection antioxydante<\/strong> : les polyph\u00e9nols de grenade aident \u00e0 limiter les dommages caus\u00e9s par les radicaux libres.<br data-start=\"1209\" data-end=\"1212\" \/>\u2022 <strong data-start=\"1214\" data-end=\"1241\">Nettoyage en profondeur<\/strong> : \u00e9limine impuret\u00e9s, s\u00e9bum et microparticules, sans alt\u00e9rer la barri\u00e8re cutan\u00e9e.<br data-start=\"1322\" data-end=\"1325\" \/>\u2022 <strong data-start=\"1327\" data-end=\"1352\">Tonification et \u00e9clat<\/strong> : l\u2019extrait de grenade et la vitamine C am\u00e9liorent le teint et la vitalit\u00e9 de la peau.<br data-start=\"1439\" data-end=\"1442\" \/>\u2022 <strong data-start=\"1444\" data-end=\"1471\">Hydratation &amp; \u00e9quilibre<\/strong> : le complexe de vitamines, l\u2019acide folique et les sels min\u00e9raux soutiennent l\u2019apparence saine de la peau.<\/p>\n<p data-start=\"1582\" data-end=\"1700\"><strong data-start=\"1582\" data-end=\"1619\">Convient \u00e0 tous les types de peau<\/strong> : dermatologiquement test\u00e9, avec une formule douce adapt\u00e9e \u00e0 un usage quotidien.<\/p>\n","protected":false},"excerpt":{"rendered":"<p>Sa formule assure un nettoyage en profondeur de la peau en \u00e9liminant l\u2019exc\u00e8s de s\u00e9bum et les impuret\u00e9s. Elle laisse la peau propre et lumineuse.<br data-start=\"311\" data-end=\"314\" \/>L\u2019extrait de grenade est riche en puissants antioxydants et en polyph\u00e9nols, reconnus pour leurs propri\u00e9t\u00e9s tonifiantes.<br data-start=\"433\" data-end=\"436\" \/>La formule est \u00e9galement enrichie en vitamine C, en complexe de vitamines, en acide folique et en sels min\u00e9raux, qui contribuent \u00e0 l\u2019hydratation et au maintien d\u2019une peau saine et \u00e9quilibr\u00e9e.<\/p>\n","protected":false},"featured_media":5271,"comment_status":"open","ping_status":"closed","template":"","meta":{"_acf_changed":false},"product_cat":[67],"product_tag":[],"class_list":{"0":"post-4406","1":"product","2":"type-product","3":"status-publish","4":"has-post-thumbnail","6":"product_cat-cremes-visage","8":"first","9":"instock","10":"taxable","11":"shipping-taxable","12":"purchasable","13":"product-type-simple","swatches":"rey-swatches","show_selected":""},"acf":[],"yoast_head":"<!-- This site is optimized with the Yoast SEO Premium plugin v27.4 (Yoast SEO v27.4) - https:\/\/yoast.com\/product\/yoast-seo-premium-wordpress\/ -->\n<title>Nettoyant visage antioxydant \u00e0 l\u2019extrait de grenade 200ml<\/title>\n<meta name=\"description\" content=\"Nettoyant visage \u00e0 l\u2019extrait de grenade \u2013 200 ml.Une formule qui assure un nettoyage en profondeur, en \u00e9liminant l\u2019exc\u00e8s de s\u00e9bum et les impuret\u00e9s tout en respectant l\u2019\u00e9quilibre naturel de la peau.\" \/>\n<meta name=\"robots\" content=\"index, follow, max-snippet:-1, max-image-preview:large, max-video-preview:-1\" \/>\n<link rel=\"canonical\" href=\"https:\/\/apirocosmetics.com\/fr\/product\/face-cleansing-gel-200ml\/\" \/>\n<meta property=\"og:locale\" content=\"fr_FR\" \/>\n<meta property=\"og:type\" content=\"article\" \/>\n<meta property=\"og:title\" content=\"Face Cleansing Gel (200ml)\" \/>\n<meta property=\"og:description\" content=\"Nettoyant visage \u00e0 l\u2019extrait de grenade \u2013 200 ml.Une formule qui assure un nettoyage en profondeur, en \u00e9liminant l\u2019exc\u00e8s de s\u00e9bum et les impuret\u00e9s tout en respectant l\u2019\u00e9quilibre naturel de la peau.\" \/>\n<meta property=\"og:url\" content=\"https:\/\/apirocosmetics.com\/fr\/product\/face-cleansing-gel-200ml\/\" \/>\n<meta property=\"og:site_name\" content=\"Apiro Cosmetics\" \/>\n<meta property=\"article:publisher\" content=\"https:\/\/www.facebook.com\/apirocosmetics\" \/>\n<meta property=\"article:modified_time\" content=\"2026-03-09T05:53:06+00:00\" \/>\n<meta property=\"og:image\" content=\"https:\/\/apirocosmetics.com\/wp-content\/uploads\/2024\/09\/face-cleansing-gel.jpg\" \/>\n\t<meta property=\"og:image:width\" content=\"1000\" \/>\n\t<meta property=\"og:image:height\" content=\"1000\" \/>\n\t<meta property=\"og:image:type\" content=\"image\/jpeg\" \/>\n<meta name=\"twitter:card\" content=\"summary_large_image\" \/>\n<script type=\"application\/ld+json\" class=\"yoast-schema-graph\">{\"@context\":\"https:\\\/\\\/schema.org\",\"@graph\":[{\"@type\":\"WebPage\",\"@id\":\"https:\\\/\\\/apirocosmetics.com\\\/fr\\\/product\\\/face-cleansing-gel-200ml\\\/\",\"url\":\"https:\\\/\\\/apirocosmetics.com\\\/fr\\\/product\\\/face-cleansing-gel-200ml\\\/\",\"name\":\"Nettoyant visage antioxydant \u00e0 l\u2019extrait de grenade 200ml\",\"isPartOf\":{\"@id\":\"https:\\\/\\\/apirocosmetics.com\\\/#website\"},\"primaryImageOfPage\":{\"@id\":\"https:\\\/\\\/apirocosmetics.com\\\/fr\\\/product\\\/face-cleansing-gel-200ml\\\/#primaryimage\"},\"image\":{\"@id\":\"https:\\\/\\\/apirocosmetics.com\\\/fr\\\/product\\\/face-cleansing-gel-200ml\\\/#primaryimage\"},\"thumbnailUrl\":\"https:\\\/\\\/apirocosmetics.com\\\/wp-content\\\/uploads\\\/2024\\\/09\\\/face-cleansing-gel.jpg\",\"datePublished\":\"2024-09-22T22:38:42+00:00\",\"dateModified\":\"2026-03-09T05:53:06+00:00\",\"description\":\"Nettoyant visage \u00e0 l\u2019extrait de grenade \u2013 200 ml.Une formule qui assure un nettoyage en profondeur, en \u00e9liminant l\u2019exc\u00e8s de s\u00e9bum et les impuret\u00e9s tout en respectant l\u2019\u00e9quilibre naturel de la peau.\",\"breadcrumb\":{\"@id\":\"https:\\\/\\\/apirocosmetics.com\\\/fr\\\/product\\\/face-cleansing-gel-200ml\\\/#breadcrumb\"},\"inLanguage\":\"fr-FR\",\"potentialAction\":[{\"@type\":\"ReadAction\",\"target\":[\"https:\\\/\\\/apirocosmetics.com\\\/fr\\\/product\\\/face-cleansing-gel-200ml\\\/\"]}]},{\"@type\":\"ImageObject\",\"inLanguage\":\"fr-FR\",\"@id\":\"https:\\\/\\\/apirocosmetics.com\\\/fr\\\/product\\\/face-cleansing-gel-200ml\\\/#primaryimage\",\"url\":\"https:\\\/\\\/apirocosmetics.com\\\/wp-content\\\/uploads\\\/2024\\\/09\\\/face-cleansing-gel.jpg\",\"contentUrl\":\"https:\\\/\\\/apirocosmetics.com\\\/wp-content\\\/uploads\\\/2024\\\/09\\\/face-cleansing-gel.jpg\",\"width\":1000,\"height\":1000},{\"@type\":\"BreadcrumbList\",\"@id\":\"https:\\\/\\\/apirocosmetics.com\\\/fr\\\/product\\\/face-cleansing-gel-200ml\\\/#breadcrumb\",\"itemListElement\":[{\"@type\":\"ListItem\",\"position\":1,\"name\":\"\u0391\u03c1\u03c7\u03b9\u03ba\u03ae\",\"item\":\"https:\\\/\\\/apirocosmetics.com\\\/fr\\\/\"},{\"@type\":\"ListItem\",\"position\":2,\"name\":\"Produits\",\"item\":\"https:\\\/\\\/apirocosmetics.com\\\/fr\\\/shop\\\/\"},{\"@type\":\"ListItem\",\"position\":3,\"name\":\"Face Cleansing Gel (200ml)\"}]},{\"@type\":\"WebSite\",\"@id\":\"https:\\\/\\\/apirocosmetics.com\\\/#website\",\"url\":\"https:\\\/\\\/apirocosmetics.com\\\/\",\"name\":\"Apiro Cosmetics\",\"description\":\"Advanced Skincare \u03b3\u03b9\u03b1 \u0395\u03bd\u03c5\u03b4\u03ac\u03c4\u03c9\u03c3\u03b7, \u03a3\u03cd\u03c3\u03c6\u03b9\u03be\u03b7 &amp; \u0391\u03bd\u03c4\u03b9\u03b3\u03ae\u03c1\u03b1\u03bd\u03c3\u03b7\",\"alternateName\":\"apiroo cosmetics\",\"potentialAction\":[{\"@type\":\"SearchAction\",\"target\":{\"@type\":\"EntryPoint\",\"urlTemplate\":\"https:\\\/\\\/apirocosmetics.com\\\/?s={search_term_string}\"},\"query-input\":{\"@type\":\"PropertyValueSpecification\",\"valueRequired\":true,\"valueName\":\"search_term_string\"}}],\"inLanguage\":\"fr-FR\"}]}<\/script>\n<meta property=\"product:price:amount\" content=\"25.90\" \/>\n<meta property=\"product:price:currency\" content=\"EUR\" \/>\n<meta property=\"og:availability\" content=\"instock\" \/>\n<meta property=\"product:availability\" content=\"instock\" \/>\n<meta property=\"product:retailer_item_id\" content=\"AP-41344\" \/>\n<meta property=\"product:condition\" content=\"new\" \/>\n<!-- \/ Yoast SEO Premium plugin. -->","yoast_head_json":{"title":"Nettoyant visage antioxydant \u00e0 l\u2019extrait de grenade 200ml","description":"Nettoyant visage \u00e0 l\u2019extrait de grenade \u2013 200 ml.Une formule qui assure un nettoyage en profondeur, en \u00e9liminant l\u2019exc\u00e8s de s\u00e9bum et les impuret\u00e9s tout en respectant l\u2019\u00e9quilibre naturel de la peau.","robots":{"index":"index","follow":"follow","max-snippet":"max-snippet:-1","max-image-preview":"max-image-preview:large","max-video-preview":"max-video-preview:-1"},"canonical":"https:\/\/apirocosmetics.com\/fr\/product\/face-cleansing-gel-200ml\/","og_locale":"fr_FR","og_type":"article","og_title":"Face Cleansing Gel (200ml)","og_description":"Nettoyant visage \u00e0 l\u2019extrait de grenade \u2013 200 ml.Une formule qui assure un nettoyage en profondeur, en \u00e9liminant l\u2019exc\u00e8s de s\u00e9bum et les impuret\u00e9s tout en respectant l\u2019\u00e9quilibre naturel de la peau.","og_url":"https:\/\/apirocosmetics.com\/fr\/product\/face-cleansing-gel-200ml\/","og_site_name":"Apiro Cosmetics","article_publisher":"https:\/\/www.facebook.com\/apirocosmetics","article_modified_time":"2026-03-09T05:53:06+00:00","og_image":[{"width":1000,"height":1000,"url":"https:\/\/apirocosmetics.com\/wp-content\/uploads\/2024\/09\/face-cleansing-gel.jpg","type":"image\/jpeg"}],"twitter_card":"summary_large_image","schema":{"@context":"https:\/\/schema.org","@graph":[{"@type":"WebPage","@id":"https:\/\/apirocosmetics.com\/fr\/product\/face-cleansing-gel-200ml\/","url":"https:\/\/apirocosmetics.com\/fr\/product\/face-cleansing-gel-200ml\/","name":"Nettoyant visage antioxydant \u00e0 l\u2019extrait de grenade 200ml","isPartOf":{"@id":"https:\/\/apirocosmetics.com\/#website"},"primaryImageOfPage":{"@id":"https:\/\/apirocosmetics.com\/fr\/product\/face-cleansing-gel-200ml\/#primaryimage"},"image":{"@id":"https:\/\/apirocosmetics.com\/fr\/product\/face-cleansing-gel-200ml\/#primaryimage"},"thumbnailUrl":"https:\/\/apirocosmetics.com\/wp-content\/uploads\/2024\/09\/face-cleansing-gel.jpg","datePublished":"2024-09-22T22:38:42+00:00","dateModified":"2026-03-09T05:53:06+00:00","description":"Nettoyant visage \u00e0 l\u2019extrait de grenade \u2013 200 ml.Une formule qui assure un nettoyage en profondeur, en \u00e9liminant l\u2019exc\u00e8s de s\u00e9bum et les impuret\u00e9s tout en respectant l\u2019\u00e9quilibre naturel de la peau.","breadcrumb":{"@id":"https:\/\/apirocosmetics.com\/fr\/product\/face-cleansing-gel-200ml\/#breadcrumb"},"inLanguage":"fr-FR","potentialAction":[{"@type":"ReadAction","target":["https:\/\/apirocosmetics.com\/fr\/product\/face-cleansing-gel-200ml\/"]}]},{"@type":"ImageObject","inLanguage":"fr-FR","@id":"https:\/\/apirocosmetics.com\/fr\/product\/face-cleansing-gel-200ml\/#primaryimage","url":"https:\/\/apirocosmetics.com\/wp-content\/uploads\/2024\/09\/face-cleansing-gel.jpg","contentUrl":"https:\/\/apirocosmetics.com\/wp-content\/uploads\/2024\/09\/face-cleansing-gel.jpg","width":1000,"height":1000},{"@type":"BreadcrumbList","@id":"https:\/\/apirocosmetics.com\/fr\/product\/face-cleansing-gel-200ml\/#breadcrumb","itemListElement":[{"@type":"ListItem","position":1,"name":"\u0391\u03c1\u03c7\u03b9\u03ba\u03ae","item":"https:\/\/apirocosmetics.com\/fr\/"},{"@type":"ListItem","position":2,"name":"Produits","item":"https:\/\/apirocosmetics.com\/fr\/shop\/"},{"@type":"ListItem","position":3,"name":"Face Cleansing Gel (200ml)"}]},{"@type":"WebSite","@id":"https:\/\/apirocosmetics.com\/#website","url":"https:\/\/apirocosmetics.com\/","name":"Apiro Cosmetics","description":"Advanced Skincare \u03b3\u03b9\u03b1 \u0395\u03bd\u03c5\u03b4\u03ac\u03c4\u03c9\u03c3\u03b7, \u03a3\u03cd\u03c3\u03c6\u03b9\u03be\u03b7 &amp; \u0391\u03bd\u03c4\u03b9\u03b3\u03ae\u03c1\u03b1\u03bd\u03c3\u03b7","alternateName":"apiroo cosmetics","potentialAction":[{"@type":"SearchAction","target":{"@type":"EntryPoint","urlTemplate":"https:\/\/apirocosmetics.com\/?s={search_term_string}"},"query-input":{"@type":"PropertyValueSpecification","valueRequired":true,"valueName":"search_term_string"}}],"inLanguage":"fr-FR"}]},"product_price_amount":"25.90","product_price_currency":"EUR","og_availability":"instock","product_availability":"instock","product_retailer_item_id":"AP-41344","product_condition":"new"},"_links":{"self":[{"href":"https:\/\/apirocosmetics.com\/fr\/wp-json\/wp\/v2\/product\/4406","targetHints":{"allow":["GET"]}}],"collection":[{"href":"https:\/\/apirocosmetics.com\/fr\/wp-json\/wp\/v2\/product"}],"about":[{"href":"https:\/\/apirocosmetics.com\/fr\/wp-json\/wp\/v2\/types\/product"}],"replies":[{"embeddable":true,"href":"https:\/\/apirocosmetics.com\/fr\/wp-json\/wp\/v2\/comments?post=4406"}],"wp:featuredmedia":[{"embeddable":true,"href":"https:\/\/apirocosmetics.com\/fr\/wp-json\/wp\/v2\/media\/5271"}],"wp:attachment":[{"href":"https:\/\/apirocosmetics.com\/fr\/wp-json\/wp\/v2\/media?parent=4406"}],"wp:term":[{"taxonomy":"product_cat","embeddable":true,"href":"https:\/\/apirocosmetics.com\/fr\/wp-json\/wp\/v2\/product_cat?post=4406"},{"taxonomy":"product_tag","embeddable":true,"href":"https:\/\/apirocosmetics.com\/fr\/wp-json\/wp\/v2\/product_tag?post=4406"}],"curies":[{"name":"wp","href":"https:\/\/api.w.org\/{rel}","templated":true}]}}