{"id":4425,"date":"2024-09-27T22:32:13","date_gmt":"2024-09-27T19:32:13","guid":{"rendered":"https:\/\/apirocosmetics.com\/product\/hydratant-face-cream-50ml\/"},"modified":"2026-03-13T11:44:33","modified_gmt":"2026-03-13T08:44:33","slug":"hydratant-face-cream-50ml","status":"publish","type":"product","link":"https:\/\/apirocosmetics.com\/fr\/product\/hydratant-face-cream-50ml\/","title":{"rendered":"Hydratant Face Cream (50ml)"},"content":{"rendered":"<p data-start=\"150\" data-end=\"401\">L\u2019hydratation est un pilier essentiel pour une peau saine, lumineuse et ferme.<br data-start=\"228\" data-end=\"231\" \/>La <strong data-start=\"234\" data-end=\"258\">Hydratant Face Cream<\/strong> exploite l\u2019action scientifiquement reconnue de l\u2019huile d\u2019olive biologique, riche en acide ol\u00e9ique, acide linol\u00e9ique et acide palmitique, qui :<\/p>\n<p data-start=\"403\" data-end=\"599\">\u2022 p\u00e9n\u00e8trent en profondeur dans la peau pour une hydratation compl\u00e8te,<br data-start=\"472\" data-end=\"475\" \/>\u2022 nourrissent et favorisent la r\u00e9g\u00e9n\u00e9ration cellulaire,<br data-start=\"530\" data-end=\"533\" \/>\u2022 maintiennent la peau souple et douce tout au long de la journ\u00e9e.<\/p>\n<p data-start=\"601\" data-end=\"801\">Sa texture fluide et l\u00e9g\u00e8re est rapidement absorb\u00e9e sans laisser de film gras, tandis que les actifs d\u2019origine v\u00e9g\u00e9tale et les prot\u00e9ines de bl\u00e9 soutiennent l\u2019\u00e9clat naturel et l\u2019aspect sain de la peau.<\/p>\n<p data-start=\"803\" data-end=\"819\"><strong data-start=\"803\" data-end=\"819\">Elle offre :<\/strong><\/p>\n<p data-start=\"821\" data-end=\"1568\">\u2022 <strong data-start=\"823\" data-end=\"850\">Hydratation intense 24h<\/strong> : un complexe hydrolipidique associant huile d\u2019olive biologique et hyaluronate de sodium hydrate la peau au niveau cellulaire.<br data-start=\"977\" data-end=\"980\" \/>\u2022 <strong data-start=\"982\" data-end=\"1010\">Nutrition &amp; r\u00e9g\u00e9n\u00e9ration<\/strong> : les acides ol\u00e9ique, linol\u00e9ique et palmitique, associ\u00e9s aux prot\u00e9ines de bl\u00e9, soutiennent la structure du tissu cutan\u00e9.<br data-start=\"1131\" data-end=\"1134\" \/>\u2022 <strong data-start=\"1136\" data-end=\"1163\">Peau lumineuse et ferme<\/strong> : des actifs antioxydants et des extraits de concombre et d\u2019aloe vera am\u00e9liorent l\u2019apparence et le teint de la peau.<br data-start=\"1280\" data-end=\"1283\" \/>\u2022 <strong data-start=\"1285\" data-end=\"1325\">Absorption imm\u00e9diate sans effet gras<\/strong> : id\u00e9ale pour tous les types de peau, y compris mixtes ou grasses.<br data-start=\"1392\" data-end=\"1395\" \/>\u2022 <strong data-start=\"1397\" data-end=\"1450\">Protection et renforcement de la barri\u00e8re cutan\u00e9e<\/strong> : un complexe de vitamines, de panth\u00e9nol et d\u2019huile de tournesol aide \u00e0 renforcer la r\u00e9sistance naturelle de la peau.<strong data-start=\"29\" data-end=\"53\">QUALIT\u00c9 &amp; DURABILIT\u00c9<\/strong><\/p>\n","protected":false},"excerpt":{"rendered":"<p><span style=\"color: #993300;\"><strong>Aesthetics Awards 2026 Winner<br \/>\n<\/strong><\/span><br \/>\n\u2714\ufe0e <strong data-start=\"83\" data-end=\"120\">Convient \u00e0 tous les types de peau<\/strong><br data-start=\"120\" data-end=\"123\" \/>\u2714\ufe0e <strong data-start=\"126\" data-end=\"154\">Test\u00e9 dermatologiquement<\/strong><\/p>\n","protected":false},"featured_media":5597,"comment_status":"open","ping_status":"closed","template":"","meta":{"_acf_changed":false},"product_cat":[67],"product_tag":[],"class_list":{"0":"post-4425","1":"product","2":"type-product","3":"status-publish","4":"has-post-thumbnail","6":"product_cat-cremes-visage","8":"first","9":"instock","10":"taxable","11":"shipping-taxable","12":"purchasable","13":"product-type-simple","swatches":"rey-swatches","show_selected":""},"acf":[],"yoast_head":"<!-- This site is optimized with the Yoast SEO Premium plugin v27.4 (Yoast SEO v27.4) - https:\/\/yoast.com\/product\/yoast-seo-premium-wordpress\/ -->\n<title>Hydratant Face Cream 50ml | Cr\u00e8me de jour \u00e0 l\u2019huile d\u2019olive biologique<\/title>\n<meta name=\"description\" content=\"Cr\u00e8me de jour enrichie en huile d\u2019olive biologique, offrant une hydratation profonde 24h pour une peau douce, souple et visiblement raffermie.\" \/>\n<meta name=\"robots\" content=\"index, follow, max-snippet:-1, max-image-preview:large, max-video-preview:-1\" \/>\n<link rel=\"canonical\" href=\"https:\/\/apirocosmetics.com\/fr\/product\/hydratant-face-cream-50ml\/\" \/>\n<meta property=\"og:locale\" content=\"fr_FR\" \/>\n<meta property=\"og:type\" content=\"article\" \/>\n<meta property=\"og:title\" content=\"Hydratant Face Cream (50ml)\" \/>\n<meta property=\"og:description\" content=\"Cr\u00e8me de jour enrichie en huile d\u2019olive biologique, offrant une hydratation profonde 24h pour une peau douce, souple et visiblement raffermie.\" \/>\n<meta property=\"og:url\" content=\"https:\/\/apirocosmetics.com\/fr\/product\/hydratant-face-cream-50ml\/\" \/>\n<meta property=\"og:site_name\" content=\"Apiro Cosmetics\" \/>\n<meta property=\"article:publisher\" content=\"https:\/\/www.facebook.com\/apirocosmetics\" \/>\n<meta property=\"article:modified_time\" content=\"2026-03-13T08:44:33+00:00\" \/>\n<meta property=\"og:image\" content=\"https:\/\/apirocosmetics.com\/wp-content\/uploads\/2024\/09\/hydrating-face-cream-3.jpg\" \/>\n\t<meta property=\"og:image:width\" content=\"1000\" \/>\n\t<meta property=\"og:image:height\" content=\"1000\" \/>\n\t<meta property=\"og:image:type\" content=\"image\/jpeg\" \/>\n<meta name=\"twitter:card\" content=\"summary_large_image\" \/>\n<script type=\"application\/ld+json\" class=\"yoast-schema-graph\">{\"@context\":\"https:\\\/\\\/schema.org\",\"@graph\":[{\"@type\":\"WebPage\",\"@id\":\"https:\\\/\\\/apirocosmetics.com\\\/fr\\\/product\\\/hydratant-face-cream-50ml\\\/\",\"url\":\"https:\\\/\\\/apirocosmetics.com\\\/fr\\\/product\\\/hydratant-face-cream-50ml\\\/\",\"name\":\"Hydratant Face Cream 50ml | Cr\u00e8me de jour \u00e0 l\u2019huile d\u2019olive biologique\",\"isPartOf\":{\"@id\":\"https:\\\/\\\/apirocosmetics.com\\\/#website\"},\"primaryImageOfPage\":{\"@id\":\"https:\\\/\\\/apirocosmetics.com\\\/fr\\\/product\\\/hydratant-face-cream-50ml\\\/#primaryimage\"},\"image\":{\"@id\":\"https:\\\/\\\/apirocosmetics.com\\\/fr\\\/product\\\/hydratant-face-cream-50ml\\\/#primaryimage\"},\"thumbnailUrl\":\"https:\\\/\\\/apirocosmetics.com\\\/wp-content\\\/uploads\\\/2024\\\/09\\\/hydrating-face-cream-3.jpg\",\"datePublished\":\"2024-09-27T19:32:13+00:00\",\"dateModified\":\"2026-03-13T08:44:33+00:00\",\"description\":\"Cr\u00e8me de jour enrichie en huile d\u2019olive biologique, offrant une hydratation profonde 24h pour une peau douce, souple et visiblement raffermie.\",\"breadcrumb\":{\"@id\":\"https:\\\/\\\/apirocosmetics.com\\\/fr\\\/product\\\/hydratant-face-cream-50ml\\\/#breadcrumb\"},\"inLanguage\":\"fr-FR\",\"potentialAction\":[{\"@type\":\"ReadAction\",\"target\":[\"https:\\\/\\\/apirocosmetics.com\\\/fr\\\/product\\\/hydratant-face-cream-50ml\\\/\"]}]},{\"@type\":\"ImageObject\",\"inLanguage\":\"fr-FR\",\"@id\":\"https:\\\/\\\/apirocosmetics.com\\\/fr\\\/product\\\/hydratant-face-cream-50ml\\\/#primaryimage\",\"url\":\"https:\\\/\\\/apirocosmetics.com\\\/wp-content\\\/uploads\\\/2024\\\/09\\\/hydrating-face-cream-3.jpg\",\"contentUrl\":\"https:\\\/\\\/apirocosmetics.com\\\/wp-content\\\/uploads\\\/2024\\\/09\\\/hydrating-face-cream-3.jpg\",\"width\":1000,\"height\":1000},{\"@type\":\"BreadcrumbList\",\"@id\":\"https:\\\/\\\/apirocosmetics.com\\\/fr\\\/product\\\/hydratant-face-cream-50ml\\\/#breadcrumb\",\"itemListElement\":[{\"@type\":\"ListItem\",\"position\":1,\"name\":\"\u0391\u03c1\u03c7\u03b9\u03ba\u03ae\",\"item\":\"https:\\\/\\\/apirocosmetics.com\\\/fr\\\/\"},{\"@type\":\"ListItem\",\"position\":2,\"name\":\"Produits\",\"item\":\"https:\\\/\\\/apirocosmetics.com\\\/fr\\\/shop\\\/\"},{\"@type\":\"ListItem\",\"position\":3,\"name\":\"Hydratant Face Cream (50ml)\"}]},{\"@type\":\"WebSite\",\"@id\":\"https:\\\/\\\/apirocosmetics.com\\\/#website\",\"url\":\"https:\\\/\\\/apirocosmetics.com\\\/\",\"name\":\"Apiro Cosmetics\",\"description\":\"Advanced Skincare \u03b3\u03b9\u03b1 \u0395\u03bd\u03c5\u03b4\u03ac\u03c4\u03c9\u03c3\u03b7, \u03a3\u03cd\u03c3\u03c6\u03b9\u03be\u03b7 &amp; \u0391\u03bd\u03c4\u03b9\u03b3\u03ae\u03c1\u03b1\u03bd\u03c3\u03b7\",\"alternateName\":\"apiroo cosmetics\",\"potentialAction\":[{\"@type\":\"SearchAction\",\"target\":{\"@type\":\"EntryPoint\",\"urlTemplate\":\"https:\\\/\\\/apirocosmetics.com\\\/?s={search_term_string}\"},\"query-input\":{\"@type\":\"PropertyValueSpecification\",\"valueRequired\":true,\"valueName\":\"search_term_string\"}}],\"inLanguage\":\"fr-FR\"}]}<\/script>\n<meta property=\"product:price:amount\" content=\"44.90\" \/>\n<meta property=\"product:price:currency\" content=\"EUR\" \/>\n<meta property=\"og:availability\" content=\"instock\" \/>\n<meta property=\"product:availability\" content=\"instock\" \/>\n<meta property=\"product:retailer_item_id\" content=\"AP-26634\" \/>\n<meta property=\"product:condition\" content=\"new\" \/>\n<!-- \/ Yoast SEO Premium plugin. -->","yoast_head_json":{"title":"Hydratant Face Cream 50ml | Cr\u00e8me de jour \u00e0 l\u2019huile d\u2019olive biologique","description":"Cr\u00e8me de jour enrichie en huile d\u2019olive biologique, offrant une hydratation profonde 24h pour une peau douce, souple et visiblement raffermie.","robots":{"index":"index","follow":"follow","max-snippet":"max-snippet:-1","max-image-preview":"max-image-preview:large","max-video-preview":"max-video-preview:-1"},"canonical":"https:\/\/apirocosmetics.com\/fr\/product\/hydratant-face-cream-50ml\/","og_locale":"fr_FR","og_type":"article","og_title":"Hydratant Face Cream (50ml)","og_description":"Cr\u00e8me de jour enrichie en huile d\u2019olive biologique, offrant une hydratation profonde 24h pour une peau douce, souple et visiblement raffermie.","og_url":"https:\/\/apirocosmetics.com\/fr\/product\/hydratant-face-cream-50ml\/","og_site_name":"Apiro Cosmetics","article_publisher":"https:\/\/www.facebook.com\/apirocosmetics","article_modified_time":"2026-03-13T08:44:33+00:00","og_image":[{"width":1000,"height":1000,"url":"https:\/\/apirocosmetics.com\/wp-content\/uploads\/2024\/09\/hydrating-face-cream-3.jpg","type":"image\/jpeg"}],"twitter_card":"summary_large_image","schema":{"@context":"https:\/\/schema.org","@graph":[{"@type":"WebPage","@id":"https:\/\/apirocosmetics.com\/fr\/product\/hydratant-face-cream-50ml\/","url":"https:\/\/apirocosmetics.com\/fr\/product\/hydratant-face-cream-50ml\/","name":"Hydratant Face Cream 50ml | Cr\u00e8me de jour \u00e0 l\u2019huile d\u2019olive biologique","isPartOf":{"@id":"https:\/\/apirocosmetics.com\/#website"},"primaryImageOfPage":{"@id":"https:\/\/apirocosmetics.com\/fr\/product\/hydratant-face-cream-50ml\/#primaryimage"},"image":{"@id":"https:\/\/apirocosmetics.com\/fr\/product\/hydratant-face-cream-50ml\/#primaryimage"},"thumbnailUrl":"https:\/\/apirocosmetics.com\/wp-content\/uploads\/2024\/09\/hydrating-face-cream-3.jpg","datePublished":"2024-09-27T19:32:13+00:00","dateModified":"2026-03-13T08:44:33+00:00","description":"Cr\u00e8me de jour enrichie en huile d\u2019olive biologique, offrant une hydratation profonde 24h pour une peau douce, souple et visiblement raffermie.","breadcrumb":{"@id":"https:\/\/apirocosmetics.com\/fr\/product\/hydratant-face-cream-50ml\/#breadcrumb"},"inLanguage":"fr-FR","potentialAction":[{"@type":"ReadAction","target":["https:\/\/apirocosmetics.com\/fr\/product\/hydratant-face-cream-50ml\/"]}]},{"@type":"ImageObject","inLanguage":"fr-FR","@id":"https:\/\/apirocosmetics.com\/fr\/product\/hydratant-face-cream-50ml\/#primaryimage","url":"https:\/\/apirocosmetics.com\/wp-content\/uploads\/2024\/09\/hydrating-face-cream-3.jpg","contentUrl":"https:\/\/apirocosmetics.com\/wp-content\/uploads\/2024\/09\/hydrating-face-cream-3.jpg","width":1000,"height":1000},{"@type":"BreadcrumbList","@id":"https:\/\/apirocosmetics.com\/fr\/product\/hydratant-face-cream-50ml\/#breadcrumb","itemListElement":[{"@type":"ListItem","position":1,"name":"\u0391\u03c1\u03c7\u03b9\u03ba\u03ae","item":"https:\/\/apirocosmetics.com\/fr\/"},{"@type":"ListItem","position":2,"name":"Produits","item":"https:\/\/apirocosmetics.com\/fr\/shop\/"},{"@type":"ListItem","position":3,"name":"Hydratant Face Cream (50ml)"}]},{"@type":"WebSite","@id":"https:\/\/apirocosmetics.com\/#website","url":"https:\/\/apirocosmetics.com\/","name":"Apiro Cosmetics","description":"Advanced Skincare \u03b3\u03b9\u03b1 \u0395\u03bd\u03c5\u03b4\u03ac\u03c4\u03c9\u03c3\u03b7, \u03a3\u03cd\u03c3\u03c6\u03b9\u03be\u03b7 &amp; \u0391\u03bd\u03c4\u03b9\u03b3\u03ae\u03c1\u03b1\u03bd\u03c3\u03b7","alternateName":"apiroo cosmetics","potentialAction":[{"@type":"SearchAction","target":{"@type":"EntryPoint","urlTemplate":"https:\/\/apirocosmetics.com\/?s={search_term_string}"},"query-input":{"@type":"PropertyValueSpecification","valueRequired":true,"valueName":"search_term_string"}}],"inLanguage":"fr-FR"}]},"product_price_amount":"44.90","product_price_currency":"EUR","og_availability":"instock","product_availability":"instock","product_retailer_item_id":"AP-26634","product_condition":"new"},"_links":{"self":[{"href":"https:\/\/apirocosmetics.com\/fr\/wp-json\/wp\/v2\/product\/4425","targetHints":{"allow":["GET"]}}],"collection":[{"href":"https:\/\/apirocosmetics.com\/fr\/wp-json\/wp\/v2\/product"}],"about":[{"href":"https:\/\/apirocosmetics.com\/fr\/wp-json\/wp\/v2\/types\/product"}],"replies":[{"embeddable":true,"href":"https:\/\/apirocosmetics.com\/fr\/wp-json\/wp\/v2\/comments?post=4425"}],"wp:featuredmedia":[{"embeddable":true,"href":"https:\/\/apirocosmetics.com\/fr\/wp-json\/wp\/v2\/media\/5597"}],"wp:attachment":[{"href":"https:\/\/apirocosmetics.com\/fr\/wp-json\/wp\/v2\/media?parent=4425"}],"wp:term":[{"taxonomy":"product_cat","embeddable":true,"href":"https:\/\/apirocosmetics.com\/fr\/wp-json\/wp\/v2\/product_cat?post=4425"},{"taxonomy":"product_tag","embeddable":true,"href":"https:\/\/apirocosmetics.com\/fr\/wp-json\/wp\/v2\/product_tag?post=4425"}],"curies":[{"name":"wp","href":"https:\/\/api.w.org\/{rel}","templated":true}]}}