{"id":4444,"date":"2024-09-27T23:20:05","date_gmt":"2024-09-27T20:20:05","guid":{"rendered":"https:\/\/apirocosmetics.com\/product\/perfect-eye-cream-15ml\/"},"modified":"2026-03-04T08:49:46","modified_gmt":"2026-03-04T05:49:46","slug":"perfect-eye-cream-15ml","status":"publish","type":"product","link":"https:\/\/apirocosmetics.com\/fr\/product\/perfect-eye-cream-15ml\/","title":{"rendered":"Perfect Eye Cream (15ml)"},"content":{"rendered":"<p data-start=\"135\" data-end=\"505\">La zone du contour des yeux est particuli\u00e8rement d\u00e9licate et sujette aux ridules, aux rides et aux cernes.<br data-start=\"241\" data-end=\"244\" \/>La <strong data-start=\"247\" data-end=\"268\">Perfect Eye Cream<\/strong> d\u2019Apiro Cosmetics est un soin contour des yeux haute performance qui associe hydratation, r\u00e9g\u00e9n\u00e9ration et protection cellulaire, en s\u2019appuyant sur l\u2019efficacit\u00e9 prouv\u00e9e de l\u2019acide hyaluronique, de la caf\u00e9ine et de l\u2019extrait de concombre.<\/p>\n<p data-start=\"507\" data-end=\"580\">Gr\u00e2ce \u00e0 ses actifs, cette cr\u00e8me contour des yeux \u00e0 l\u2019acide hyaluronique :<\/p>\n<p data-start=\"582\" data-end=\"855\">\u2022 am\u00e9liore la production de collag\u00e8ne, r\u00e9duisant l\u2019apparence des ridules et des rides,<br data-start=\"668\" data-end=\"671\" \/>\u2022 aide \u00e0 limiter l\u2019accumulation de m\u00e9lanine, pour un contour des yeux plus lumineux et uniforme,<br data-start=\"767\" data-end=\"770\" \/>\u2022 stimule la microcirculation gr\u00e2ce \u00e0 la caf\u00e9ine, att\u00e9nuant les poches et les cernes.<\/p>\n<p data-start=\"857\" data-end=\"961\">Le r\u00e9sultat : un contour des yeux visiblement plus lisse, lumineux et jeune d\u00e8s la premi\u00e8re application.<\/p>\n<p data-start=\"963\" data-end=\"979\"><strong data-start=\"963\" data-end=\"979\">Elle offre :<\/strong><\/p>\n<p data-start=\"981\" data-end=\"1599\">\u2022 <strong data-start=\"983\" data-end=\"1012\">R\u00e9g\u00e9n\u00e9ration du collag\u00e8ne<\/strong> : l\u2019acide hyaluronique et les extraits v\u00e9g\u00e9taux renforcent la structure du tissu cutan\u00e9.<br data-start=\"1101\" data-end=\"1104\" \/>\u2022 <strong data-start=\"1106\" data-end=\"1130\">R\u00e9duction des cernes<\/strong> : la caf\u00e9ine et le concombre aident \u00e0 limiter la m\u00e9lanine et \u00e0 am\u00e9liorer la microcirculation.<br data-start=\"1224\" data-end=\"1227\" \/>\u2022 <strong data-start=\"1229\" data-end=\"1256\">Att\u00e9nuation des ridules<\/strong> : l\u2019hyaluronate de sodium, la panth\u00e9nol et les huiles v\u00e9g\u00e9tales hydratent en profondeur et apportent de la fermet\u00e9.<br data-start=\"1372\" data-end=\"1375\" \/>\u2022 <strong data-start=\"1377\" data-end=\"1417\">Protection contre le stress oxydatif<\/strong> : des antioxydants (vitamine E, huile de p\u00e9pins de raisin, tournesol) prot\u00e8gent les cellules.<br data-start=\"1511\" data-end=\"1514\" \/>\u2022 <strong data-start=\"1516\" data-end=\"1543\">Aspect doux et uniforme<\/strong> : le contour des yeux para\u00eet repos\u00e9, lisse et lumineux.<\/p>\n<p data-start=\"1601\" data-end=\"1778\">La <strong data-start=\"1604\" data-end=\"1625\">Perfect Eye Cream<\/strong> est le soin id\u00e9al pour les cernes et les signes de fatigue \u2014 une v\u00e9ritable solution experte pour un regard plus \u00e9clatant, souple et visiblement rajeuni.<\/p>\n","protected":false},"excerpt":{"rendered":"<p><span style=\"color: #000000;\">La Perfect Eye Cream est le soin contour des yeux id\u00e9al contre les cernes, revitalisant le regard d\u00e8s la premi\u00e8re application.<br data-start=\"206\" data-end=\"209\" \/>Enrichie en acide hyaluronique, caf\u00e9ine et extrait de concombre, elle hydrate, r\u00e9duit les poches et illumine le contour des yeux, pour un regard lisse et repos\u00e9.<\/span><\/p>\n","protected":false},"featured_media":5276,"comment_status":"open","ping_status":"closed","template":"","meta":{"_acf_changed":false},"product_cat":[67],"product_tag":[],"class_list":{"0":"post-4444","1":"product","2":"type-product","3":"status-publish","4":"has-post-thumbnail","6":"product_cat-cremes-visage","8":"first","9":"instock","10":"taxable","11":"shipping-taxable","12":"purchasable","13":"product-type-simple","swatches":"rey-swatches","show_selected":""},"acf":[],"yoast_head":"<!-- This site is optimized with the Yoast SEO Premium plugin v27.4 (Yoast SEO v27.4) - https:\/\/yoast.com\/product\/yoast-seo-premium-wordpress\/ -->\n<title>Cr\u00e8me contour des yeux anti-cernes \u00e0 la caf\u00e9ine<\/title>\n<meta name=\"description\" content=\"La cr\u00e8me contour des yeux d\u2019Apiro Cosmetics, formul\u00e9e \u00e0 base d\u2019acide hyaluronique, de caf\u00e9ine et d\u2019extrait de concombre, att\u00e9nue visiblement les cernes, les rides et les signes de fatigue.\" \/>\n<meta name=\"robots\" content=\"index, follow, max-snippet:-1, max-image-preview:large, max-video-preview:-1\" \/>\n<link rel=\"canonical\" href=\"https:\/\/apirocosmetics.com\/fr\/product\/perfect-eye-cream-15ml\/\" \/>\n<meta property=\"og:locale\" content=\"fr_FR\" \/>\n<meta property=\"og:type\" content=\"article\" \/>\n<meta property=\"og:title\" content=\"Perfect Eye Cream (15ml)\" \/>\n<meta property=\"og:description\" content=\"La cr\u00e8me contour des yeux d\u2019Apiro Cosmetics, formul\u00e9e \u00e0 base d\u2019acide hyaluronique, de caf\u00e9ine et d\u2019extrait de concombre, att\u00e9nue visiblement les cernes, les rides et les signes de fatigue.\" \/>\n<meta property=\"og:url\" content=\"https:\/\/apirocosmetics.com\/fr\/product\/perfect-eye-cream-15ml\/\" \/>\n<meta property=\"og:site_name\" content=\"Apiro Cosmetics\" \/>\n<meta property=\"article:publisher\" content=\"https:\/\/www.facebook.com\/apirocosmetics\" \/>\n<meta property=\"article:modified_time\" content=\"2026-03-04T05:49:46+00:00\" \/>\n<meta property=\"og:image\" content=\"https:\/\/apirocosmetics.com\/wp-content\/uploads\/2024\/09\/perfect-eye-cream-5.jpg\" \/>\n\t<meta property=\"og:image:width\" content=\"1000\" \/>\n\t<meta property=\"og:image:height\" content=\"1000\" \/>\n\t<meta property=\"og:image:type\" content=\"image\/jpeg\" \/>\n<meta name=\"twitter:card\" content=\"summary_large_image\" \/>\n<script type=\"application\/ld+json\" class=\"yoast-schema-graph\">{\"@context\":\"https:\\\/\\\/schema.org\",\"@graph\":[{\"@type\":\"WebPage\",\"@id\":\"https:\\\/\\\/apirocosmetics.com\\\/fr\\\/product\\\/perfect-eye-cream-15ml\\\/\",\"url\":\"https:\\\/\\\/apirocosmetics.com\\\/fr\\\/product\\\/perfect-eye-cream-15ml\\\/\",\"name\":\"Cr\u00e8me contour des yeux anti-cernes \u00e0 la caf\u00e9ine\",\"isPartOf\":{\"@id\":\"https:\\\/\\\/apirocosmetics.com\\\/#website\"},\"primaryImageOfPage\":{\"@id\":\"https:\\\/\\\/apirocosmetics.com\\\/fr\\\/product\\\/perfect-eye-cream-15ml\\\/#primaryimage\"},\"image\":{\"@id\":\"https:\\\/\\\/apirocosmetics.com\\\/fr\\\/product\\\/perfect-eye-cream-15ml\\\/#primaryimage\"},\"thumbnailUrl\":\"https:\\\/\\\/apirocosmetics.com\\\/wp-content\\\/uploads\\\/2024\\\/09\\\/perfect-eye-cream-5.jpg\",\"datePublished\":\"2024-09-27T20:20:05+00:00\",\"dateModified\":\"2026-03-04T05:49:46+00:00\",\"description\":\"La cr\u00e8me contour des yeux d\u2019Apiro Cosmetics, formul\u00e9e \u00e0 base d\u2019acide hyaluronique, de caf\u00e9ine et d\u2019extrait de concombre, att\u00e9nue visiblement les cernes, les rides et les signes de fatigue.\",\"breadcrumb\":{\"@id\":\"https:\\\/\\\/apirocosmetics.com\\\/fr\\\/product\\\/perfect-eye-cream-15ml\\\/#breadcrumb\"},\"inLanguage\":\"fr-FR\",\"potentialAction\":[{\"@type\":\"ReadAction\",\"target\":[\"https:\\\/\\\/apirocosmetics.com\\\/fr\\\/product\\\/perfect-eye-cream-15ml\\\/\"]}]},{\"@type\":\"ImageObject\",\"inLanguage\":\"fr-FR\",\"@id\":\"https:\\\/\\\/apirocosmetics.com\\\/fr\\\/product\\\/perfect-eye-cream-15ml\\\/#primaryimage\",\"url\":\"https:\\\/\\\/apirocosmetics.com\\\/wp-content\\\/uploads\\\/2024\\\/09\\\/perfect-eye-cream-5.jpg\",\"contentUrl\":\"https:\\\/\\\/apirocosmetics.com\\\/wp-content\\\/uploads\\\/2024\\\/09\\\/perfect-eye-cream-5.jpg\",\"width\":1000,\"height\":1000},{\"@type\":\"BreadcrumbList\",\"@id\":\"https:\\\/\\\/apirocosmetics.com\\\/fr\\\/product\\\/perfect-eye-cream-15ml\\\/#breadcrumb\",\"itemListElement\":[{\"@type\":\"ListItem\",\"position\":1,\"name\":\"\u0391\u03c1\u03c7\u03b9\u03ba\u03ae\",\"item\":\"https:\\\/\\\/apirocosmetics.com\\\/fr\\\/\"},{\"@type\":\"ListItem\",\"position\":2,\"name\":\"Produits\",\"item\":\"https:\\\/\\\/apirocosmetics.com\\\/fr\\\/shop\\\/\"},{\"@type\":\"ListItem\",\"position\":3,\"name\":\"Perfect Eye Cream (15ml)\"}]},{\"@type\":\"WebSite\",\"@id\":\"https:\\\/\\\/apirocosmetics.com\\\/#website\",\"url\":\"https:\\\/\\\/apirocosmetics.com\\\/\",\"name\":\"Apiro Cosmetics\",\"description\":\"Advanced Skincare \u03b3\u03b9\u03b1 \u0395\u03bd\u03c5\u03b4\u03ac\u03c4\u03c9\u03c3\u03b7, \u03a3\u03cd\u03c3\u03c6\u03b9\u03be\u03b7 &amp; \u0391\u03bd\u03c4\u03b9\u03b3\u03ae\u03c1\u03b1\u03bd\u03c3\u03b7\",\"alternateName\":\"apiroo cosmetics\",\"potentialAction\":[{\"@type\":\"SearchAction\",\"target\":{\"@type\":\"EntryPoint\",\"urlTemplate\":\"https:\\\/\\\/apirocosmetics.com\\\/?s={search_term_string}\"},\"query-input\":{\"@type\":\"PropertyValueSpecification\",\"valueRequired\":true,\"valueName\":\"search_term_string\"}}],\"inLanguage\":\"fr-FR\"}]}<\/script>\n<meta property=\"product:price:amount\" content=\"39.90\" \/>\n<meta property=\"product:price:currency\" content=\"EUR\" \/>\n<meta property=\"og:availability\" content=\"instock\" \/>\n<meta property=\"product:availability\" content=\"instock\" \/>\n<meta property=\"product:retailer_item_id\" content=\"AP-16384\" \/>\n<meta property=\"product:condition\" content=\"new\" \/>\n<!-- \/ Yoast SEO Premium plugin. -->","yoast_head_json":{"title":"Cr\u00e8me contour des yeux anti-cernes \u00e0 la caf\u00e9ine","description":"La cr\u00e8me contour des yeux d\u2019Apiro Cosmetics, formul\u00e9e \u00e0 base d\u2019acide hyaluronique, de caf\u00e9ine et d\u2019extrait de concombre, att\u00e9nue visiblement les cernes, les rides et les signes de fatigue.","robots":{"index":"index","follow":"follow","max-snippet":"max-snippet:-1","max-image-preview":"max-image-preview:large","max-video-preview":"max-video-preview:-1"},"canonical":"https:\/\/apirocosmetics.com\/fr\/product\/perfect-eye-cream-15ml\/","og_locale":"fr_FR","og_type":"article","og_title":"Perfect Eye Cream (15ml)","og_description":"La cr\u00e8me contour des yeux d\u2019Apiro Cosmetics, formul\u00e9e \u00e0 base d\u2019acide hyaluronique, de caf\u00e9ine et d\u2019extrait de concombre, att\u00e9nue visiblement les cernes, les rides et les signes de fatigue.","og_url":"https:\/\/apirocosmetics.com\/fr\/product\/perfect-eye-cream-15ml\/","og_site_name":"Apiro Cosmetics","article_publisher":"https:\/\/www.facebook.com\/apirocosmetics","article_modified_time":"2026-03-04T05:49:46+00:00","og_image":[{"width":1000,"height":1000,"url":"https:\/\/apirocosmetics.com\/wp-content\/uploads\/2024\/09\/perfect-eye-cream-5.jpg","type":"image\/jpeg"}],"twitter_card":"summary_large_image","schema":{"@context":"https:\/\/schema.org","@graph":[{"@type":"WebPage","@id":"https:\/\/apirocosmetics.com\/fr\/product\/perfect-eye-cream-15ml\/","url":"https:\/\/apirocosmetics.com\/fr\/product\/perfect-eye-cream-15ml\/","name":"Cr\u00e8me contour des yeux anti-cernes \u00e0 la caf\u00e9ine","isPartOf":{"@id":"https:\/\/apirocosmetics.com\/#website"},"primaryImageOfPage":{"@id":"https:\/\/apirocosmetics.com\/fr\/product\/perfect-eye-cream-15ml\/#primaryimage"},"image":{"@id":"https:\/\/apirocosmetics.com\/fr\/product\/perfect-eye-cream-15ml\/#primaryimage"},"thumbnailUrl":"https:\/\/apirocosmetics.com\/wp-content\/uploads\/2024\/09\/perfect-eye-cream-5.jpg","datePublished":"2024-09-27T20:20:05+00:00","dateModified":"2026-03-04T05:49:46+00:00","description":"La cr\u00e8me contour des yeux d\u2019Apiro Cosmetics, formul\u00e9e \u00e0 base d\u2019acide hyaluronique, de caf\u00e9ine et d\u2019extrait de concombre, att\u00e9nue visiblement les cernes, les rides et les signes de fatigue.","breadcrumb":{"@id":"https:\/\/apirocosmetics.com\/fr\/product\/perfect-eye-cream-15ml\/#breadcrumb"},"inLanguage":"fr-FR","potentialAction":[{"@type":"ReadAction","target":["https:\/\/apirocosmetics.com\/fr\/product\/perfect-eye-cream-15ml\/"]}]},{"@type":"ImageObject","inLanguage":"fr-FR","@id":"https:\/\/apirocosmetics.com\/fr\/product\/perfect-eye-cream-15ml\/#primaryimage","url":"https:\/\/apirocosmetics.com\/wp-content\/uploads\/2024\/09\/perfect-eye-cream-5.jpg","contentUrl":"https:\/\/apirocosmetics.com\/wp-content\/uploads\/2024\/09\/perfect-eye-cream-5.jpg","width":1000,"height":1000},{"@type":"BreadcrumbList","@id":"https:\/\/apirocosmetics.com\/fr\/product\/perfect-eye-cream-15ml\/#breadcrumb","itemListElement":[{"@type":"ListItem","position":1,"name":"\u0391\u03c1\u03c7\u03b9\u03ba\u03ae","item":"https:\/\/apirocosmetics.com\/fr\/"},{"@type":"ListItem","position":2,"name":"Produits","item":"https:\/\/apirocosmetics.com\/fr\/shop\/"},{"@type":"ListItem","position":3,"name":"Perfect Eye Cream (15ml)"}]},{"@type":"WebSite","@id":"https:\/\/apirocosmetics.com\/#website","url":"https:\/\/apirocosmetics.com\/","name":"Apiro Cosmetics","description":"Advanced Skincare \u03b3\u03b9\u03b1 \u0395\u03bd\u03c5\u03b4\u03ac\u03c4\u03c9\u03c3\u03b7, \u03a3\u03cd\u03c3\u03c6\u03b9\u03be\u03b7 &amp; \u0391\u03bd\u03c4\u03b9\u03b3\u03ae\u03c1\u03b1\u03bd\u03c3\u03b7","alternateName":"apiroo cosmetics","potentialAction":[{"@type":"SearchAction","target":{"@type":"EntryPoint","urlTemplate":"https:\/\/apirocosmetics.com\/?s={search_term_string}"},"query-input":{"@type":"PropertyValueSpecification","valueRequired":true,"valueName":"search_term_string"}}],"inLanguage":"fr-FR"}]},"product_price_amount":"39.90","product_price_currency":"EUR","og_availability":"instock","product_availability":"instock","product_retailer_item_id":"AP-16384","product_condition":"new"},"_links":{"self":[{"href":"https:\/\/apirocosmetics.com\/fr\/wp-json\/wp\/v2\/product\/4444","targetHints":{"allow":["GET"]}}],"collection":[{"href":"https:\/\/apirocosmetics.com\/fr\/wp-json\/wp\/v2\/product"}],"about":[{"href":"https:\/\/apirocosmetics.com\/fr\/wp-json\/wp\/v2\/types\/product"}],"replies":[{"embeddable":true,"href":"https:\/\/apirocosmetics.com\/fr\/wp-json\/wp\/v2\/comments?post=4444"}],"wp:featuredmedia":[{"embeddable":true,"href":"https:\/\/apirocosmetics.com\/fr\/wp-json\/wp\/v2\/media\/5276"}],"wp:attachment":[{"href":"https:\/\/apirocosmetics.com\/fr\/wp-json\/wp\/v2\/media?parent=4444"}],"wp:term":[{"taxonomy":"product_cat","embeddable":true,"href":"https:\/\/apirocosmetics.com\/fr\/wp-json\/wp\/v2\/product_cat?post=4444"},{"taxonomy":"product_tag","embeddable":true,"href":"https:\/\/apirocosmetics.com\/fr\/wp-json\/wp\/v2\/product_tag?post=4444"}],"curies":[{"name":"wp","href":"https:\/\/api.w.org\/{rel}","templated":true}]}}