{"id":4464,"date":"2024-09-27T23:35:19","date_gmt":"2024-09-27T20:35:19","guid":{"rendered":"https:\/\/apirocosmetics.com\/product\/anti-age-face-cream-50ml\/"},"modified":"2026-03-04T08:49:45","modified_gmt":"2026-03-04T05:49:45","slug":"anti-age-face-cream-50ml","status":"publish","type":"product","link":"https:\/\/apirocosmetics.com\/fr\/product\/anti-age-face-cream-50ml\/","title":{"rendered":"Anti-age Face Cream (50ml)"},"content":{"rendered":"<p data-start=\"135\" data-end=\"571\">La diminution naturelle du collag\u00e8ne et l\u2019action des radicaux libres conduisent aux premiers signes du vieillissement, tels que les ridules, les rides et la perte de fermet\u00e9.<br data-start=\"309\" data-end=\"312\" \/>L\u2019<strong data-start=\"314\" data-end=\"337\">Anti-Age Face Cream<\/strong> d\u2019Apiro Cosmetics est une cr\u00e8me visage anti-rides qui exploite l\u2019action des oligo-\u00e9l\u00e9ments issus d\u2019un extrait de roche volcanique, reconnus pour leur capacit\u00e9 \u00e0 nourrir les cellules et \u00e0 soutenir la r\u00e9g\u00e9n\u00e9ration naturelle de la peau.<\/p>\n<p data-start=\"573\" data-end=\"855\">Sa texture riche, enrichie en huiles v\u00e9g\u00e9tales de haute puret\u00e9 \u2014 telles que l\u2019huile d\u2019argan, le beurre de karit\u00e9, l\u2019huile d\u2019olive et la v\u00e9ronone \u2014 ainsi qu\u2019en hyaluronate de sodium et en prot\u00e9ines de bl\u00e9, compose une cr\u00e8me anti-\u00e2ge qui associe hydratation, \u00e9lasticit\u00e9 et protection.<\/p>\n<p data-start=\"857\" data-end=\"1094\">Id\u00e9ale pour celles et ceux qui recherchent une solution efficace contre les rides d\u2019expression, la formule de l\u2019<strong data-start=\"969\" data-end=\"992\">Anti-Age Face Cream<\/strong> contribue \u00e0 raffermir et \u00e0 revitaliser la peau, offrant un aspect visiblement plus lisse et lumineux.<\/p>\n<p data-start=\"1096\" data-end=\"1122\"><strong data-start=\"1096\" data-end=\"1122\">\u00c0 chaque application :<\/strong><\/p>\n<p data-start=\"1124\" data-end=\"1708\">Les actifs de la formule, tels que les oligo-\u00e9l\u00e9ments de roche volcanique et l\u2019hyaluronate de sodium, participent \u00e0 une hydratation intensive et soutiennent l\u2019\u00e9lasticit\u00e9 naturelle de la peau.<br data-start=\"1315\" data-end=\"1318\" \/>La pr\u00e9sence d\u2019huiles v\u00e9g\u00e9tales aide \u00e0 maintenir la fermet\u00e9, tandis que les prot\u00e9ines de bl\u00e9 et les antioxydants soutiennent la production naturelle de collag\u00e8ne, contribuant \u00e0 pr\u00e9venir les premiers signes du vieillissement.<br data-start=\"1541\" data-end=\"1544\" \/>La peau para\u00eet plus lisse, repos\u00e9e et \u00e9clatante, avec une texture et une uniformit\u00e9 am\u00e9lior\u00e9es, gr\u00e2ce \u00e0 l\u2019action combin\u00e9e des ingr\u00e9dients hydratants et r\u00e9g\u00e9n\u00e9rants.<\/p>\n<p data-start=\"1710\" data-end=\"1726\"><strong data-start=\"1710\" data-end=\"1726\">Elle offre :<\/strong><\/p>\n<p data-start=\"1728\" data-end=\"2459\">\u2022 <strong data-start=\"1730\" data-end=\"1768\">Am\u00e9lioration visible de la texture<\/strong> : les oligo-\u00e9l\u00e9ments et les prot\u00e9ines de bl\u00e9 soutiennent la structure cutan\u00e9e.<br data-start=\"1847\" data-end=\"1850\" \/>\u2022 <strong data-start=\"1852\" data-end=\"1886\">Hydratation profonde &amp; fermet\u00e9<\/strong> : l\u2019hyaluronate de sodium et les huiles naturelles aident \u00e0 maintenir l\u2019hydratation et l\u2019\u00e9lasticit\u00e9, id\u00e9ales pour les soins raffermissants du visage.<br data-start=\"2036\" data-end=\"2039\" \/>\u2022 <strong data-start=\"2041\" data-end=\"2060\">Soin anti-rides<\/strong> : la formule agit comme une cr\u00e8me anti-rides, contribuant \u00e0 am\u00e9liorer l\u2019\u00e9lasticit\u00e9 et l\u2019apparence globale de la peau.<br data-start=\"2178\" data-end=\"2181\" \/>\u2022 <strong data-start=\"2183\" data-end=\"2226\">Pr\u00e9vention des premiers signes de l\u2019\u00e2ge<\/strong> : le beurre de karit\u00e9 et les antioxydants prot\u00e8gent contre les radicaux libres et les agressions environnementales.<br data-start=\"2342\" data-end=\"2345\" \/>\u2022 <strong data-start=\"2347\" data-end=\"2381\">Teint uniforme &amp; \u00e9clat naturel<\/strong> : les extraits v\u00e9g\u00e9taux renforcent la luminosit\u00e9 et l\u2019aspect sain de la peau.<\/p>\n<p data-start=\"2461\" data-end=\"2675\">L\u2019<strong data-start=\"2463\" data-end=\"2486\">Anti-Age Face Cream<\/strong> est le choix id\u00e9al pour celles et ceux qui recherchent une cr\u00e8me visage anti-\u00e2ge offrant hydratation, soin et pr\u00e9vention des rides, pour une peau \u00e0 l\u2019apparence jeune et saine au quotidien.<\/p>\n","protected":false},"excerpt":{"rendered":"<p>L\u2019Anti-Age Face Cream est le choix id\u00e9al pour celles et ceux qui recherchent une cr\u00e8me visage anti-\u00e2ge offrant hydratation, soin et pr\u00e9vention des rides, pour une peau \u00e0 l\u2019apparence jeune et saine au quotidien.<\/p>\n","protected":false},"featured_media":5286,"comment_status":"open","ping_status":"closed","template":"","meta":{"_acf_changed":false},"product_cat":[67],"product_tag":[],"class_list":{"0":"post-4464","1":"product","2":"type-product","3":"status-publish","4":"has-post-thumbnail","6":"product_cat-cremes-visage","8":"first","9":"instock","10":"taxable","11":"shipping-taxable","12":"purchasable","13":"product-type-simple","swatches":"rey-swatches","show_selected":""},"acf":[],"yoast_head":"<!-- This site is optimized with the Yoast SEO Premium plugin v27.4 (Yoast SEO v27.4) - https:\/\/yoast.com\/product\/yoast-seo-premium-wordpress\/ -->\n<title>Anti-Age Face Cream \u2013 Cr\u00e8me Anti-Rides Visage Apiro<\/title>\n<meta name=\"description\" content=\"Cr\u00e8me visage anti-\u00e2ge \u00e0 l\u2019extrait de roche volcanique, offrant hydratation, fermet\u00e9 et am\u00e9lioration visible de l\u2019aspect de la peau.\" \/>\n<meta name=\"robots\" content=\"index, follow, max-snippet:-1, max-image-preview:large, max-video-preview:-1\" \/>\n<link rel=\"canonical\" href=\"https:\/\/apirocosmetics.com\/fr\/product\/anti-age-face-cream-50ml\/\" \/>\n<meta property=\"og:locale\" content=\"fr_FR\" \/>\n<meta property=\"og:type\" content=\"article\" \/>\n<meta property=\"og:title\" content=\"Anti-age Face Cream (50ml)\" \/>\n<meta property=\"og:description\" content=\"Cr\u00e8me visage anti-\u00e2ge \u00e0 l\u2019extrait de roche volcanique, offrant hydratation, fermet\u00e9 et am\u00e9lioration visible de l\u2019aspect de la peau.\" \/>\n<meta property=\"og:url\" content=\"https:\/\/apirocosmetics.com\/fr\/product\/anti-age-face-cream-50ml\/\" \/>\n<meta property=\"og:site_name\" content=\"Apiro Cosmetics\" \/>\n<meta property=\"article:publisher\" content=\"https:\/\/www.facebook.com\/apirocosmetics\" \/>\n<meta property=\"article:modified_time\" content=\"2026-03-04T05:49:45+00:00\" \/>\n<meta property=\"og:image\" content=\"https:\/\/apirocosmetics.com\/wp-content\/uploads\/2025\/04\/anti-age-face-cream.jpg\" \/>\n\t<meta property=\"og:image:width\" content=\"1000\" \/>\n\t<meta property=\"og:image:height\" content=\"1000\" \/>\n\t<meta property=\"og:image:type\" content=\"image\/jpeg\" \/>\n<meta name=\"twitter:card\" content=\"summary_large_image\" \/>\n<script type=\"application\/ld+json\" class=\"yoast-schema-graph\">{\"@context\":\"https:\\\/\\\/schema.org\",\"@graph\":[{\"@type\":\"WebPage\",\"@id\":\"https:\\\/\\\/apirocosmetics.com\\\/fr\\\/product\\\/anti-age-face-cream-50ml\\\/\",\"url\":\"https:\\\/\\\/apirocosmetics.com\\\/fr\\\/product\\\/anti-age-face-cream-50ml\\\/\",\"name\":\"Anti-Age Face Cream \u2013 Cr\u00e8me Anti-Rides Visage Apiro\",\"isPartOf\":{\"@id\":\"https:\\\/\\\/apirocosmetics.com\\\/#website\"},\"primaryImageOfPage\":{\"@id\":\"https:\\\/\\\/apirocosmetics.com\\\/fr\\\/product\\\/anti-age-face-cream-50ml\\\/#primaryimage\"},\"image\":{\"@id\":\"https:\\\/\\\/apirocosmetics.com\\\/fr\\\/product\\\/anti-age-face-cream-50ml\\\/#primaryimage\"},\"thumbnailUrl\":\"https:\\\/\\\/apirocosmetics.com\\\/wp-content\\\/uploads\\\/2025\\\/04\\\/anti-age-face-cream.jpg\",\"datePublished\":\"2024-09-27T20:35:19+00:00\",\"dateModified\":\"2026-03-04T05:49:45+00:00\",\"description\":\"Cr\u00e8me visage anti-\u00e2ge \u00e0 l\u2019extrait de roche volcanique, offrant hydratation, fermet\u00e9 et am\u00e9lioration visible de l\u2019aspect de la peau.\",\"breadcrumb\":{\"@id\":\"https:\\\/\\\/apirocosmetics.com\\\/fr\\\/product\\\/anti-age-face-cream-50ml\\\/#breadcrumb\"},\"inLanguage\":\"fr-FR\",\"potentialAction\":[{\"@type\":\"ReadAction\",\"target\":[\"https:\\\/\\\/apirocosmetics.com\\\/fr\\\/product\\\/anti-age-face-cream-50ml\\\/\"]}]},{\"@type\":\"ImageObject\",\"inLanguage\":\"fr-FR\",\"@id\":\"https:\\\/\\\/apirocosmetics.com\\\/fr\\\/product\\\/anti-age-face-cream-50ml\\\/#primaryimage\",\"url\":\"https:\\\/\\\/apirocosmetics.com\\\/wp-content\\\/uploads\\\/2025\\\/04\\\/anti-age-face-cream.jpg\",\"contentUrl\":\"https:\\\/\\\/apirocosmetics.com\\\/wp-content\\\/uploads\\\/2025\\\/04\\\/anti-age-face-cream.jpg\",\"width\":1000,\"height\":1000},{\"@type\":\"BreadcrumbList\",\"@id\":\"https:\\\/\\\/apirocosmetics.com\\\/fr\\\/product\\\/anti-age-face-cream-50ml\\\/#breadcrumb\",\"itemListElement\":[{\"@type\":\"ListItem\",\"position\":1,\"name\":\"\u0391\u03c1\u03c7\u03b9\u03ba\u03ae\",\"item\":\"https:\\\/\\\/apirocosmetics.com\\\/fr\\\/\"},{\"@type\":\"ListItem\",\"position\":2,\"name\":\"Produits\",\"item\":\"https:\\\/\\\/apirocosmetics.com\\\/fr\\\/shop\\\/\"},{\"@type\":\"ListItem\",\"position\":3,\"name\":\"Anti-age Face Cream (50ml)\"}]},{\"@type\":\"WebSite\",\"@id\":\"https:\\\/\\\/apirocosmetics.com\\\/#website\",\"url\":\"https:\\\/\\\/apirocosmetics.com\\\/\",\"name\":\"Apiro Cosmetics\",\"description\":\"Advanced Skincare \u03b3\u03b9\u03b1 \u0395\u03bd\u03c5\u03b4\u03ac\u03c4\u03c9\u03c3\u03b7, \u03a3\u03cd\u03c3\u03c6\u03b9\u03be\u03b7 &amp; \u0391\u03bd\u03c4\u03b9\u03b3\u03ae\u03c1\u03b1\u03bd\u03c3\u03b7\",\"alternateName\":\"apiroo cosmetics\",\"potentialAction\":[{\"@type\":\"SearchAction\",\"target\":{\"@type\":\"EntryPoint\",\"urlTemplate\":\"https:\\\/\\\/apirocosmetics.com\\\/?s={search_term_string}\"},\"query-input\":{\"@type\":\"PropertyValueSpecification\",\"valueRequired\":true,\"valueName\":\"search_term_string\"}}],\"inLanguage\":\"fr-FR\"}]}<\/script>\n<meta property=\"product:price:amount\" content=\"57.90\" \/>\n<meta property=\"product:price:currency\" content=\"EUR\" \/>\n<meta property=\"og:availability\" content=\"instock\" \/>\n<meta property=\"product:availability\" content=\"instock\" \/>\n<meta property=\"product:retailer_item_id\" content=\"AP-62829\" \/>\n<meta property=\"product:condition\" content=\"new\" \/>\n<!-- \/ Yoast SEO Premium plugin. -->","yoast_head_json":{"title":"Anti-Age Face Cream \u2013 Cr\u00e8me Anti-Rides Visage Apiro","description":"Cr\u00e8me visage anti-\u00e2ge \u00e0 l\u2019extrait de roche volcanique, offrant hydratation, fermet\u00e9 et am\u00e9lioration visible de l\u2019aspect de la peau.","robots":{"index":"index","follow":"follow","max-snippet":"max-snippet:-1","max-image-preview":"max-image-preview:large","max-video-preview":"max-video-preview:-1"},"canonical":"https:\/\/apirocosmetics.com\/fr\/product\/anti-age-face-cream-50ml\/","og_locale":"fr_FR","og_type":"article","og_title":"Anti-age Face Cream (50ml)","og_description":"Cr\u00e8me visage anti-\u00e2ge \u00e0 l\u2019extrait de roche volcanique, offrant hydratation, fermet\u00e9 et am\u00e9lioration visible de l\u2019aspect de la peau.","og_url":"https:\/\/apirocosmetics.com\/fr\/product\/anti-age-face-cream-50ml\/","og_site_name":"Apiro Cosmetics","article_publisher":"https:\/\/www.facebook.com\/apirocosmetics","article_modified_time":"2026-03-04T05:49:45+00:00","og_image":[{"width":1000,"height":1000,"url":"https:\/\/apirocosmetics.com\/wp-content\/uploads\/2025\/04\/anti-age-face-cream.jpg","type":"image\/jpeg"}],"twitter_card":"summary_large_image","schema":{"@context":"https:\/\/schema.org","@graph":[{"@type":"WebPage","@id":"https:\/\/apirocosmetics.com\/fr\/product\/anti-age-face-cream-50ml\/","url":"https:\/\/apirocosmetics.com\/fr\/product\/anti-age-face-cream-50ml\/","name":"Anti-Age Face Cream \u2013 Cr\u00e8me Anti-Rides Visage Apiro","isPartOf":{"@id":"https:\/\/apirocosmetics.com\/#website"},"primaryImageOfPage":{"@id":"https:\/\/apirocosmetics.com\/fr\/product\/anti-age-face-cream-50ml\/#primaryimage"},"image":{"@id":"https:\/\/apirocosmetics.com\/fr\/product\/anti-age-face-cream-50ml\/#primaryimage"},"thumbnailUrl":"https:\/\/apirocosmetics.com\/wp-content\/uploads\/2025\/04\/anti-age-face-cream.jpg","datePublished":"2024-09-27T20:35:19+00:00","dateModified":"2026-03-04T05:49:45+00:00","description":"Cr\u00e8me visage anti-\u00e2ge \u00e0 l\u2019extrait de roche volcanique, offrant hydratation, fermet\u00e9 et am\u00e9lioration visible de l\u2019aspect de la peau.","breadcrumb":{"@id":"https:\/\/apirocosmetics.com\/fr\/product\/anti-age-face-cream-50ml\/#breadcrumb"},"inLanguage":"fr-FR","potentialAction":[{"@type":"ReadAction","target":["https:\/\/apirocosmetics.com\/fr\/product\/anti-age-face-cream-50ml\/"]}]},{"@type":"ImageObject","inLanguage":"fr-FR","@id":"https:\/\/apirocosmetics.com\/fr\/product\/anti-age-face-cream-50ml\/#primaryimage","url":"https:\/\/apirocosmetics.com\/wp-content\/uploads\/2025\/04\/anti-age-face-cream.jpg","contentUrl":"https:\/\/apirocosmetics.com\/wp-content\/uploads\/2025\/04\/anti-age-face-cream.jpg","width":1000,"height":1000},{"@type":"BreadcrumbList","@id":"https:\/\/apirocosmetics.com\/fr\/product\/anti-age-face-cream-50ml\/#breadcrumb","itemListElement":[{"@type":"ListItem","position":1,"name":"\u0391\u03c1\u03c7\u03b9\u03ba\u03ae","item":"https:\/\/apirocosmetics.com\/fr\/"},{"@type":"ListItem","position":2,"name":"Produits","item":"https:\/\/apirocosmetics.com\/fr\/shop\/"},{"@type":"ListItem","position":3,"name":"Anti-age Face Cream (50ml)"}]},{"@type":"WebSite","@id":"https:\/\/apirocosmetics.com\/#website","url":"https:\/\/apirocosmetics.com\/","name":"Apiro Cosmetics","description":"Advanced Skincare \u03b3\u03b9\u03b1 \u0395\u03bd\u03c5\u03b4\u03ac\u03c4\u03c9\u03c3\u03b7, \u03a3\u03cd\u03c3\u03c6\u03b9\u03be\u03b7 &amp; \u0391\u03bd\u03c4\u03b9\u03b3\u03ae\u03c1\u03b1\u03bd\u03c3\u03b7","alternateName":"apiroo cosmetics","potentialAction":[{"@type":"SearchAction","target":{"@type":"EntryPoint","urlTemplate":"https:\/\/apirocosmetics.com\/?s={search_term_string}"},"query-input":{"@type":"PropertyValueSpecification","valueRequired":true,"valueName":"search_term_string"}}],"inLanguage":"fr-FR"}]},"product_price_amount":"57.90","product_price_currency":"EUR","og_availability":"instock","product_availability":"instock","product_retailer_item_id":"AP-62829","product_condition":"new"},"_links":{"self":[{"href":"https:\/\/apirocosmetics.com\/fr\/wp-json\/wp\/v2\/product\/4464","targetHints":{"allow":["GET"]}}],"collection":[{"href":"https:\/\/apirocosmetics.com\/fr\/wp-json\/wp\/v2\/product"}],"about":[{"href":"https:\/\/apirocosmetics.com\/fr\/wp-json\/wp\/v2\/types\/product"}],"replies":[{"embeddable":true,"href":"https:\/\/apirocosmetics.com\/fr\/wp-json\/wp\/v2\/comments?post=4464"}],"wp:featuredmedia":[{"embeddable":true,"href":"https:\/\/apirocosmetics.com\/fr\/wp-json\/wp\/v2\/media\/5286"}],"wp:attachment":[{"href":"https:\/\/apirocosmetics.com\/fr\/wp-json\/wp\/v2\/media?parent=4464"}],"wp:term":[{"taxonomy":"product_cat","embeddable":true,"href":"https:\/\/apirocosmetics.com\/fr\/wp-json\/wp\/v2\/product_cat?post=4464"},{"taxonomy":"product_tag","embeddable":true,"href":"https:\/\/apirocosmetics.com\/fr\/wp-json\/wp\/v2\/product_tag?post=4464"}],"curies":[{"name":"wp","href":"https:\/\/api.w.org\/{rel}","templated":true}]}}