{"id":4508,"date":"2025-04-29T13:48:26","date_gmt":"2025-04-29T10:48:26","guid":{"rendered":"https:\/\/apirocosmetics.com\/product\/maska-prosopou-me-kokkino-stafili\/"},"modified":"2026-03-13T11:46:37","modified_gmt":"2026-03-13T08:46:37","slug":"maska-prosopou-me-kokkino-stafili","status":"publish","type":"product","link":"https:\/\/apirocosmetics.com\/fr\/product\/maska-prosopou-me-kokkino-stafili\/","title":{"rendered":"Red Grape Anti-Aging Mask (50ml)"},"content":{"rendered":"<p data-start=\"111\" data-end=\"468\">Le vieillissement cutan\u00e9 est principalement acc\u00e9l\u00e9r\u00e9 par le stress oxydatif, c\u2019est-\u00e0-dire les dommages caus\u00e9s par les radicaux libres aux cellules.<br data-start=\"258\" data-end=\"261\" \/>Les polyph\u00e9nols du raisin rouge constituent un puissant antioxydant naturel qui aide \u00e0 limiter les dommages oxydatifs, \u00e0 renforcer la r\u00e9sistance cellulaire et \u00e0 soutenir la r\u00e9g\u00e9n\u00e9ration naturelle de la peau.<\/p>\n<p data-start=\"470\" data-end=\"733\">La <strong data-start=\"473\" data-end=\"502\">Red Grape Anti-Aging Mask<\/strong> associe ces polyph\u00e9nols \u00e0 l\u2019hyaluronate de sodium, \u00e0 la panth\u00e9nol, \u00e0 des huiles v\u00e9g\u00e9tales de haute puret\u00e9 (avocat, jojoba, citron, olive) ainsi qu\u2019\u00e0 des acides amin\u00e9s de collag\u00e8ne, cr\u00e9ant un complexe scientifiquement formul\u00e9 qui :<\/p>\n<p data-start=\"735\" data-end=\"886\">\u2022 hydrate intens\u00e9ment,<br data-start=\"757\" data-end=\"760\" \/>\u2022 stabilise la barri\u00e8re cutan\u00e9e,<br data-start=\"792\" data-end=\"795\" \/>\u2022 favorise la r\u00e9g\u00e9n\u00e9ration du tissu cutan\u00e9,<br data-start=\"838\" data-end=\"841\" \/>\u2022 prot\u00e8ge contre le vieillissement pr\u00e9matur\u00e9.<\/p>\n<p data-start=\"888\" data-end=\"988\">Le r\u00e9sultat : une peau visiblement lumineuse, \u00e9lastique et \u00e0 l\u2019apparence jeune \u00e0 chaque application.<\/p>\n<p data-start=\"990\" data-end=\"1006\"><strong data-start=\"990\" data-end=\"1006\">Elle offre :<\/strong><\/p>\n<p data-start=\"1008\" data-end=\"1734\">\u2022 <strong data-start=\"1010\" data-end=\"1047\">Protection antioxydante puissante<\/strong> : les polyph\u00e9nols de raisin rouge aident \u00e0 limiter les dommages caus\u00e9s par les radicaux libres et les agressions environnementales.<br data-start=\"1179\" data-end=\"1182\" \/>\u2022 <strong data-start=\"1184\" data-end=\"1221\">Hydratation profonde &amp; \u00e9lasticit\u00e9<\/strong> : l\u2019hyaluronate de sodium et la panth\u00e9nol contribuent \u00e0 maintenir la fermet\u00e9 de la peau.<br data-start=\"1310\" data-end=\"1313\" \/>\u2022 <strong data-start=\"1315\" data-end=\"1355\">Stabilisation de la barri\u00e8re cutan\u00e9e<\/strong> : les huiles v\u00e9g\u00e9tales de haute puret\u00e9 aident \u00e0 r\u00e9duire la perte d\u2019hydratation.<br data-start=\"1435\" data-end=\"1438\" \/>\u2022 <strong data-start=\"1440\" data-end=\"1472\">R\u00e9g\u00e9n\u00e9ration du tissu cutan\u00e9<\/strong> : un complexe de mol\u00e9cules actives et d\u2019acides amin\u00e9s de collag\u00e8ne aide \u00e0 r\u00e9duire visiblement les premiers signes de l\u2019\u00e2ge.<br data-start=\"1596\" data-end=\"1599\" \/>\u2022 <strong data-start=\"1601\" data-end=\"1641\">Protection contre le stress oxydatif<\/strong> : la vitamine E et les antioxydants renforcent l\u2019\u00e9clat naturel et l\u2019aspect jeune de la peau.<\/p>\n","protected":false},"excerpt":{"rendered":"<p><strong><span style=\"color: #999999;\">Aesthetics Awards 2026 Winner<\/span><br \/>\n<\/strong><\/p>\n<p>\u2714\ufe0e <strong data-start=\"3\" data-end=\"40\">Convient \u00e0 tous les types de peau<\/strong><br data-start=\"40\" data-end=\"43\" data-is-only-node=\"\" \/>\u2714\ufe0e <strong data-start=\"46\" data-end=\"74\">Test\u00e9 dermatologiquement<\/strong><\/p>\n","protected":false},"featured_media":5593,"comment_status":"open","ping_status":"closed","template":"","meta":{"_acf_changed":false},"product_cat":[67],"product_tag":[],"class_list":{"0":"post-4508","1":"product","2":"type-product","3":"status-publish","4":"has-post-thumbnail","6":"product_cat-cremes-visage","8":"first","9":"instock","10":"taxable","11":"shipping-taxable","12":"purchasable","13":"product-type-simple","swatches":"rey-swatches","show_selected":""},"acf":[],"yoast_head":"<!-- This site is optimized with the Yoast SEO Premium plugin v27.4 (Yoast SEO v27.4) - https:\/\/yoast.com\/product\/yoast-seo-premium-wordpress\/ -->\n<title>Red Grape Anti-Aging Mask (50ml) - Apiro Cosmetics<\/title>\n<meta name=\"description\" content=\"La Red Grape Anti-Aging Mask associe ces polyph\u00e9nols \u00e0 l\u2019hyaluronate de sodium, \u00e0 la panth\u00e9nol, \u00e0 des huiles v\u00e9g\u00e9tales de haute puret\u00e9 ainsi qu\u2019\u00e0 des acides amin\u00e9s de collag\u00e8ne.\" \/>\n<meta name=\"robots\" content=\"index, follow, max-snippet:-1, max-image-preview:large, max-video-preview:-1\" \/>\n<link rel=\"canonical\" href=\"https:\/\/apirocosmetics.com\/fr\/product\/maska-prosopou-me-kokkino-stafili\/\" \/>\n<meta property=\"og:locale\" content=\"fr_FR\" \/>\n<meta property=\"og:type\" content=\"article\" \/>\n<meta property=\"og:title\" content=\"Red Grape Anti-Aging Mask (50ml)\" \/>\n<meta property=\"og:description\" content=\"La Red Grape Anti-Aging Mask associe ces polyph\u00e9nols \u00e0 l\u2019hyaluronate de sodium, \u00e0 la panth\u00e9nol, \u00e0 des huiles v\u00e9g\u00e9tales de haute puret\u00e9 ainsi qu\u2019\u00e0 des acides amin\u00e9s de collag\u00e8ne.\" \/>\n<meta property=\"og:url\" content=\"https:\/\/apirocosmetics.com\/fr\/product\/maska-prosopou-me-kokkino-stafili\/\" \/>\n<meta property=\"og:site_name\" content=\"Apiro Cosmetics\" \/>\n<meta property=\"article:publisher\" content=\"https:\/\/www.facebook.com\/apirocosmetics\" \/>\n<meta property=\"article:modified_time\" content=\"2026-03-13T08:46:37+00:00\" \/>\n<meta property=\"og:image\" content=\"https:\/\/apirocosmetics.com\/wp-content\/uploads\/2025\/04\/red-grape-anti-aging-mask-4.png\" \/>\n\t<meta property=\"og:image:width\" content=\"1000\" \/>\n\t<meta property=\"og:image:height\" content=\"1000\" \/>\n\t<meta property=\"og:image:type\" content=\"image\/png\" \/>\n<meta name=\"twitter:card\" content=\"summary_large_image\" \/>\n<script type=\"application\/ld+json\" class=\"yoast-schema-graph\">{\"@context\":\"https:\\\/\\\/schema.org\",\"@graph\":[{\"@type\":\"WebPage\",\"@id\":\"https:\\\/\\\/apirocosmetics.com\\\/fr\\\/product\\\/maska-prosopou-me-kokkino-stafili\\\/\",\"url\":\"https:\\\/\\\/apirocosmetics.com\\\/fr\\\/product\\\/maska-prosopou-me-kokkino-stafili\\\/\",\"name\":\"Red Grape Anti-Aging Mask (50ml) - Apiro Cosmetics\",\"isPartOf\":{\"@id\":\"https:\\\/\\\/apirocosmetics.com\\\/#website\"},\"primaryImageOfPage\":{\"@id\":\"https:\\\/\\\/apirocosmetics.com\\\/fr\\\/product\\\/maska-prosopou-me-kokkino-stafili\\\/#primaryimage\"},\"image\":{\"@id\":\"https:\\\/\\\/apirocosmetics.com\\\/fr\\\/product\\\/maska-prosopou-me-kokkino-stafili\\\/#primaryimage\"},\"thumbnailUrl\":\"https:\\\/\\\/apirocosmetics.com\\\/wp-content\\\/uploads\\\/2025\\\/04\\\/red-grape-anti-aging-mask-4.png\",\"datePublished\":\"2025-04-29T10:48:26+00:00\",\"dateModified\":\"2026-03-13T08:46:37+00:00\",\"description\":\"La Red Grape Anti-Aging Mask associe ces polyph\u00e9nols \u00e0 l\u2019hyaluronate de sodium, \u00e0 la panth\u00e9nol, \u00e0 des huiles v\u00e9g\u00e9tales de haute puret\u00e9 ainsi qu\u2019\u00e0 des acides amin\u00e9s de collag\u00e8ne.\",\"breadcrumb\":{\"@id\":\"https:\\\/\\\/apirocosmetics.com\\\/fr\\\/product\\\/maska-prosopou-me-kokkino-stafili\\\/#breadcrumb\"},\"inLanguage\":\"fr-FR\",\"potentialAction\":[{\"@type\":\"ReadAction\",\"target\":[\"https:\\\/\\\/apirocosmetics.com\\\/fr\\\/product\\\/maska-prosopou-me-kokkino-stafili\\\/\"]}]},{\"@type\":\"ImageObject\",\"inLanguage\":\"fr-FR\",\"@id\":\"https:\\\/\\\/apirocosmetics.com\\\/fr\\\/product\\\/maska-prosopou-me-kokkino-stafili\\\/#primaryimage\",\"url\":\"https:\\\/\\\/apirocosmetics.com\\\/wp-content\\\/uploads\\\/2025\\\/04\\\/red-grape-anti-aging-mask-4.png\",\"contentUrl\":\"https:\\\/\\\/apirocosmetics.com\\\/wp-content\\\/uploads\\\/2025\\\/04\\\/red-grape-anti-aging-mask-4.png\",\"width\":1000,\"height\":1000},{\"@type\":\"BreadcrumbList\",\"@id\":\"https:\\\/\\\/apirocosmetics.com\\\/fr\\\/product\\\/maska-prosopou-me-kokkino-stafili\\\/#breadcrumb\",\"itemListElement\":[{\"@type\":\"ListItem\",\"position\":1,\"name\":\"\u0391\u03c1\u03c7\u03b9\u03ba\u03ae\",\"item\":\"https:\\\/\\\/apirocosmetics.com\\\/fr\\\/\"},{\"@type\":\"ListItem\",\"position\":2,\"name\":\"Produits\",\"item\":\"https:\\\/\\\/apirocosmetics.com\\\/fr\\\/shop\\\/\"},{\"@type\":\"ListItem\",\"position\":3,\"name\":\"Red Grape Anti-Aging Mask (50ml)\"}]},{\"@type\":\"WebSite\",\"@id\":\"https:\\\/\\\/apirocosmetics.com\\\/#website\",\"url\":\"https:\\\/\\\/apirocosmetics.com\\\/\",\"name\":\"Apiro Cosmetics\",\"description\":\"Advanced Skincare \u03b3\u03b9\u03b1 \u0395\u03bd\u03c5\u03b4\u03ac\u03c4\u03c9\u03c3\u03b7, \u03a3\u03cd\u03c3\u03c6\u03b9\u03be\u03b7 &amp; \u0391\u03bd\u03c4\u03b9\u03b3\u03ae\u03c1\u03b1\u03bd\u03c3\u03b7\",\"alternateName\":\"apiroo cosmetics\",\"potentialAction\":[{\"@type\":\"SearchAction\",\"target\":{\"@type\":\"EntryPoint\",\"urlTemplate\":\"https:\\\/\\\/apirocosmetics.com\\\/?s={search_term_string}\"},\"query-input\":{\"@type\":\"PropertyValueSpecification\",\"valueRequired\":true,\"valueName\":\"search_term_string\"}}],\"inLanguage\":\"fr-FR\"}]}<\/script>\n<meta property=\"product:price:amount\" content=\"33.90\" \/>\n<meta property=\"product:price:currency\" content=\"EUR\" \/>\n<meta property=\"og:availability\" content=\"instock\" \/>\n<meta property=\"product:availability\" content=\"instock\" \/>\n<meta property=\"product:retailer_item_id\" content=\"AP-21467\" \/>\n<meta property=\"product:condition\" content=\"new\" \/>\n<!-- \/ Yoast SEO Premium plugin. -->","yoast_head_json":{"title":"Red Grape Anti-Aging Mask (50ml) - Apiro Cosmetics","description":"La Red Grape Anti-Aging Mask associe ces polyph\u00e9nols \u00e0 l\u2019hyaluronate de sodium, \u00e0 la panth\u00e9nol, \u00e0 des huiles v\u00e9g\u00e9tales de haute puret\u00e9 ainsi qu\u2019\u00e0 des acides amin\u00e9s de collag\u00e8ne.","robots":{"index":"index","follow":"follow","max-snippet":"max-snippet:-1","max-image-preview":"max-image-preview:large","max-video-preview":"max-video-preview:-1"},"canonical":"https:\/\/apirocosmetics.com\/fr\/product\/maska-prosopou-me-kokkino-stafili\/","og_locale":"fr_FR","og_type":"article","og_title":"Red Grape Anti-Aging Mask (50ml)","og_description":"La Red Grape Anti-Aging Mask associe ces polyph\u00e9nols \u00e0 l\u2019hyaluronate de sodium, \u00e0 la panth\u00e9nol, \u00e0 des huiles v\u00e9g\u00e9tales de haute puret\u00e9 ainsi qu\u2019\u00e0 des acides amin\u00e9s de collag\u00e8ne.","og_url":"https:\/\/apirocosmetics.com\/fr\/product\/maska-prosopou-me-kokkino-stafili\/","og_site_name":"Apiro Cosmetics","article_publisher":"https:\/\/www.facebook.com\/apirocosmetics","article_modified_time":"2026-03-13T08:46:37+00:00","og_image":[{"width":1000,"height":1000,"url":"https:\/\/apirocosmetics.com\/wp-content\/uploads\/2025\/04\/red-grape-anti-aging-mask-4.png","type":"image\/png"}],"twitter_card":"summary_large_image","schema":{"@context":"https:\/\/schema.org","@graph":[{"@type":"WebPage","@id":"https:\/\/apirocosmetics.com\/fr\/product\/maska-prosopou-me-kokkino-stafili\/","url":"https:\/\/apirocosmetics.com\/fr\/product\/maska-prosopou-me-kokkino-stafili\/","name":"Red Grape Anti-Aging Mask (50ml) - Apiro Cosmetics","isPartOf":{"@id":"https:\/\/apirocosmetics.com\/#website"},"primaryImageOfPage":{"@id":"https:\/\/apirocosmetics.com\/fr\/product\/maska-prosopou-me-kokkino-stafili\/#primaryimage"},"image":{"@id":"https:\/\/apirocosmetics.com\/fr\/product\/maska-prosopou-me-kokkino-stafili\/#primaryimage"},"thumbnailUrl":"https:\/\/apirocosmetics.com\/wp-content\/uploads\/2025\/04\/red-grape-anti-aging-mask-4.png","datePublished":"2025-04-29T10:48:26+00:00","dateModified":"2026-03-13T08:46:37+00:00","description":"La Red Grape Anti-Aging Mask associe ces polyph\u00e9nols \u00e0 l\u2019hyaluronate de sodium, \u00e0 la panth\u00e9nol, \u00e0 des huiles v\u00e9g\u00e9tales de haute puret\u00e9 ainsi qu\u2019\u00e0 des acides amin\u00e9s de collag\u00e8ne.","breadcrumb":{"@id":"https:\/\/apirocosmetics.com\/fr\/product\/maska-prosopou-me-kokkino-stafili\/#breadcrumb"},"inLanguage":"fr-FR","potentialAction":[{"@type":"ReadAction","target":["https:\/\/apirocosmetics.com\/fr\/product\/maska-prosopou-me-kokkino-stafili\/"]}]},{"@type":"ImageObject","inLanguage":"fr-FR","@id":"https:\/\/apirocosmetics.com\/fr\/product\/maska-prosopou-me-kokkino-stafili\/#primaryimage","url":"https:\/\/apirocosmetics.com\/wp-content\/uploads\/2025\/04\/red-grape-anti-aging-mask-4.png","contentUrl":"https:\/\/apirocosmetics.com\/wp-content\/uploads\/2025\/04\/red-grape-anti-aging-mask-4.png","width":1000,"height":1000},{"@type":"BreadcrumbList","@id":"https:\/\/apirocosmetics.com\/fr\/product\/maska-prosopou-me-kokkino-stafili\/#breadcrumb","itemListElement":[{"@type":"ListItem","position":1,"name":"\u0391\u03c1\u03c7\u03b9\u03ba\u03ae","item":"https:\/\/apirocosmetics.com\/fr\/"},{"@type":"ListItem","position":2,"name":"Produits","item":"https:\/\/apirocosmetics.com\/fr\/shop\/"},{"@type":"ListItem","position":3,"name":"Red Grape Anti-Aging Mask (50ml)"}]},{"@type":"WebSite","@id":"https:\/\/apirocosmetics.com\/#website","url":"https:\/\/apirocosmetics.com\/","name":"Apiro Cosmetics","description":"Advanced Skincare \u03b3\u03b9\u03b1 \u0395\u03bd\u03c5\u03b4\u03ac\u03c4\u03c9\u03c3\u03b7, \u03a3\u03cd\u03c3\u03c6\u03b9\u03be\u03b7 &amp; \u0391\u03bd\u03c4\u03b9\u03b3\u03ae\u03c1\u03b1\u03bd\u03c3\u03b7","alternateName":"apiroo cosmetics","potentialAction":[{"@type":"SearchAction","target":{"@type":"EntryPoint","urlTemplate":"https:\/\/apirocosmetics.com\/?s={search_term_string}"},"query-input":{"@type":"PropertyValueSpecification","valueRequired":true,"valueName":"search_term_string"}}],"inLanguage":"fr-FR"}]},"product_price_amount":"33.90","product_price_currency":"EUR","og_availability":"instock","product_availability":"instock","product_retailer_item_id":"AP-21467","product_condition":"new"},"_links":{"self":[{"href":"https:\/\/apirocosmetics.com\/fr\/wp-json\/wp\/v2\/product\/4508","targetHints":{"allow":["GET"]}}],"collection":[{"href":"https:\/\/apirocosmetics.com\/fr\/wp-json\/wp\/v2\/product"}],"about":[{"href":"https:\/\/apirocosmetics.com\/fr\/wp-json\/wp\/v2\/types\/product"}],"replies":[{"embeddable":true,"href":"https:\/\/apirocosmetics.com\/fr\/wp-json\/wp\/v2\/comments?post=4508"}],"wp:featuredmedia":[{"embeddable":true,"href":"https:\/\/apirocosmetics.com\/fr\/wp-json\/wp\/v2\/media\/5593"}],"wp:attachment":[{"href":"https:\/\/apirocosmetics.com\/fr\/wp-json\/wp\/v2\/media?parent=4508"}],"wp:term":[{"taxonomy":"product_cat","embeddable":true,"href":"https:\/\/apirocosmetics.com\/fr\/wp-json\/wp\/v2\/product_cat?post=4508"},{"taxonomy":"product_tag","embeddable":true,"href":"https:\/\/apirocosmetics.com\/fr\/wp-json\/wp\/v2\/product_tag?post=4508"}],"curies":[{"name":"wp","href":"https:\/\/api.w.org\/{rel}","templated":true}]}}