{"id":4523,"date":"2025-09-08T10:25:25","date_gmt":"2025-09-08T07:25:25","guid":{"rendered":"https:\/\/apirocosmetics.com\/product\/hydration-radiance-combo-face-eye-care\/"},"modified":"2026-03-10T08:53:10","modified_gmt":"2026-03-10T05:53:10","slug":"hydration-radiance-combo-face-eye-care","status":"publish","type":"product","link":"https:\/\/apirocosmetics.com\/fr\/product\/hydration-radiance-combo-face-eye-care\/","title":{"rendered":"Hydration &#038; Radiance Combo \u2013 Face &#038; Eye Care"},"content":{"rendered":"<p data-start=\"121\" data-end=\"250\">Le <strong data-start=\"124\" data-end=\"154\">Hydration &amp; Radiance Combo<\/strong> associe deux formules avanc\u00e9es, bas\u00e9es sur des actifs \u00e0 l\u2019efficacit\u00e9 scientifiquement prouv\u00e9e :<\/p>\n<h4 data-start=\"252\" data-end=\"290\"><strong data-start=\"256\" data-end=\"288\">Hydratant Face Cream (50 ml)<\/strong><\/h4>\n<p data-start=\"291\" data-end=\"361\">Contient de l\u2019acide hyaluronique \u00e0 <strong data-start=\"326\" data-end=\"359\">diff\u00e9rents poids mol\u00e9culaires<\/strong> :<\/p>\n<ul data-start=\"363\" data-end=\"661\">\n<li data-start=\"363\" data-end=\"499\">\n<p data-start=\"365\" data-end=\"499\">l\u2019acide hyaluronique <strong data-start=\"386\" data-end=\"414\">\u00e0 haut poids mol\u00e9culaire<\/strong> forme un film protecteur \u00e0 la surface de la peau, limitant la perte d\u2019hydratation,<\/p>\n<\/li>\n<li data-start=\"500\" data-end=\"661\">\n<p data-start=\"502\" data-end=\"661\">l\u2019acide hyaluronique <strong data-start=\"523\" data-end=\"559\">\u00e0 poids mol\u00e9culaire moyen et bas<\/strong> p\u00e9n\u00e8tre dans les couches plus profondes de l\u2019\u00e9piderme, renfor\u00e7ant l\u2019hydratation au niveau cellulaire.<\/p>\n<\/li>\n<\/ul>\n<p data-start=\"663\" data-end=\"865\">La pr\u00e9sence de <strong data-start=\"678\" data-end=\"692\">vitamine E<\/strong> et de <strong data-start=\"699\" data-end=\"714\">polyph\u00e9nols<\/strong> offre une puissante action antioxydante, prot\u00e9geant les cellules du stress oxydatif et contribuant \u00e0 pr\u00e9venir les signes pr\u00e9matur\u00e9s du vieillissement.<\/p>\n<h4 data-start=\"867\" data-end=\"902\"><strong data-start=\"871\" data-end=\"900\">Perfect Eye Cream (15 ml)<\/strong><\/h4>\n<p data-start=\"903\" data-end=\"1306\">Sa formule repose sur des <strong data-start=\"929\" data-end=\"955\">peptides biomim\u00e9tiques<\/strong> qui activent les fibroblastes, favorisant la synth\u00e8se du collag\u00e8ne et de l\u2019\u00e9lastine, et r\u00e9duisant ainsi l\u2019apparence des rides et des ridules du contour des yeux.<br data-start=\"1117\" data-end=\"1120\" \/>La <strong data-start=\"1123\" data-end=\"1134\">caf\u00e9ine<\/strong> stimule la microcirculation, aidant \u00e0 diminuer les poches et les cernes, tandis que les <strong data-start=\"1223\" data-end=\"1254\">extraits v\u00e9g\u00e9taux apaisants<\/strong> renforcent la sensation de fra\u00eecheur et de confort.<\/p>\n<hr data-start=\"1308\" data-end=\"1311\" \/>\n<p data-start=\"1313\" data-end=\"1525\">L\u2019association de ces deux soins cr\u00e9e une <strong data-start=\"1354\" data-end=\"1388\">routine de soin compl\u00e9mentaire<\/strong> aux b\u00e9n\u00e9fices prouv\u00e9s : <strong data-start=\"1413\" data-end=\"1524\">hydratation profonde, am\u00e9lioration de l\u2019\u00e9lasticit\u00e9, r\u00e9duction des rides et regard visiblement plus lumineux<\/strong>.<\/p>\n","protected":false},"excerpt":{"rendered":"<p data-start=\"88\" data-end=\"308\"><strong data-start=\"88\" data-end=\"112\">Hydratant Face Cream<\/strong> \u2013 Acide hyaluronique \u00e0 <strong data-start=\"136\" data-end=\"169\">diff\u00e9rents poids mol\u00e9culaires<\/strong> pour une hydratation profonde de la peau, associ\u00e9 \u00e0 la <strong data-start=\"225\" data-end=\"239\">vitamine E<\/strong> et aux <strong data-start=\"247\" data-end=\"262\" data-is-only-node=\"\">polyph\u00e9nols<\/strong> pour une puissante protection antioxydante.<\/p>\n<p data-start=\"310\" data-end=\"462\"><strong data-start=\"310\" data-end=\"331\">Perfect Eye Cream<\/strong> \u2013 <strong data-start=\"334\" data-end=\"360\">Peptides biomim\u00e9tiques<\/strong> qui stimulent la production de collag\u00e8ne et aident \u00e0 r\u00e9duire l\u2019apparence des ridules autour des yeux.<\/p>\n","protected":false},"featured_media":5311,"comment_status":"closed","ping_status":"closed","template":"","meta":{"_acf_changed":false},"product_cat":[67],"product_tag":[],"class_list":{"0":"post-4523","1":"product","2":"type-product","3":"status-publish","4":"has-post-thumbnail","6":"product_cat-cremes-visage","8":"first","9":"instock","10":"taxable","11":"shipping-taxable","12":"purchasable","13":"product-type-simple","swatches":"rey-swatches","show_selected":""},"acf":[],"yoast_head":"<!-- This site is optimized with the Yoast SEO Premium plugin v27.4 (Yoast SEO v27.4) - https:\/\/yoast.com\/product\/yoast-seo-premium-wordpress\/ -->\n<title>Hydration &amp; Radiance Combo \u2013 Face &amp; Eye Care - Apiro Cosmetics<\/title>\n<meta name=\"description\" content=\"L\u2019association de ces deux soins cr\u00e9e une routine de soin compl\u00e9mentaire aux b\u00e9n\u00e9fices prouv\u00e9s : hydratation profonde, am\u00e9lioration de l\u2019\u00e9lasticit\u00e9, r\u00e9duction des rides et regard visiblement plus lumineux.\" \/>\n<meta name=\"robots\" content=\"index, follow, max-snippet:-1, max-image-preview:large, max-video-preview:-1\" \/>\n<link rel=\"canonical\" href=\"https:\/\/apirocosmetics.com\/fr\/product\/hydration-radiance-combo-face-eye-care\/\" \/>\n<meta property=\"og:locale\" content=\"fr_FR\" \/>\n<meta property=\"og:type\" content=\"article\" \/>\n<meta property=\"og:title\" content=\"Hydration &amp; Radiance Combo \u2013 Face &amp; Eye Care\" \/>\n<meta property=\"og:description\" content=\"L\u2019association de ces deux soins cr\u00e9e une routine de soin compl\u00e9mentaire aux b\u00e9n\u00e9fices prouv\u00e9s : hydratation profonde, am\u00e9lioration de l\u2019\u00e9lasticit\u00e9, r\u00e9duction des rides et regard visiblement plus lumineux.\" \/>\n<meta property=\"og:url\" content=\"https:\/\/apirocosmetics.com\/fr\/product\/hydration-radiance-combo-face-eye-care\/\" \/>\n<meta property=\"og:site_name\" content=\"Apiro Cosmetics\" \/>\n<meta property=\"article:publisher\" content=\"https:\/\/www.facebook.com\/apirocosmetics\" \/>\n<meta property=\"article:modified_time\" content=\"2026-03-10T05:53:10+00:00\" \/>\n<meta property=\"og:image\" content=\"https:\/\/apirocosmetics.com\/wp-content\/uploads\/2025\/09\/Hydration-Radiance-Combo.jpg\" \/>\n\t<meta property=\"og:image:width\" content=\"1000\" \/>\n\t<meta property=\"og:image:height\" content=\"1000\" \/>\n\t<meta property=\"og:image:type\" content=\"image\/jpeg\" \/>\n<meta name=\"twitter:card\" content=\"summary_large_image\" \/>\n<script type=\"application\/ld+json\" class=\"yoast-schema-graph\">{\"@context\":\"https:\\\/\\\/schema.org\",\"@graph\":[{\"@type\":\"WebPage\",\"@id\":\"https:\\\/\\\/apirocosmetics.com\\\/fr\\\/product\\\/hydration-radiance-combo-face-eye-care\\\/\",\"url\":\"https:\\\/\\\/apirocosmetics.com\\\/fr\\\/product\\\/hydration-radiance-combo-face-eye-care\\\/\",\"name\":\"Hydration & Radiance Combo \u2013 Face & Eye Care - Apiro Cosmetics\",\"isPartOf\":{\"@id\":\"https:\\\/\\\/apirocosmetics.com\\\/#website\"},\"primaryImageOfPage\":{\"@id\":\"https:\\\/\\\/apirocosmetics.com\\\/fr\\\/product\\\/hydration-radiance-combo-face-eye-care\\\/#primaryimage\"},\"image\":{\"@id\":\"https:\\\/\\\/apirocosmetics.com\\\/fr\\\/product\\\/hydration-radiance-combo-face-eye-care\\\/#primaryimage\"},\"thumbnailUrl\":\"https:\\\/\\\/apirocosmetics.com\\\/wp-content\\\/uploads\\\/2025\\\/09\\\/Hydration-Radiance-Combo.jpg\",\"datePublished\":\"2025-09-08T07:25:25+00:00\",\"dateModified\":\"2026-03-10T05:53:10+00:00\",\"description\":\"L\u2019association de ces deux soins cr\u00e9e une routine de soin compl\u00e9mentaire aux b\u00e9n\u00e9fices prouv\u00e9s : hydratation profonde, am\u00e9lioration de l\u2019\u00e9lasticit\u00e9, r\u00e9duction des rides et regard visiblement plus lumineux.\",\"breadcrumb\":{\"@id\":\"https:\\\/\\\/apirocosmetics.com\\\/fr\\\/product\\\/hydration-radiance-combo-face-eye-care\\\/#breadcrumb\"},\"inLanguage\":\"fr-FR\",\"potentialAction\":[{\"@type\":\"ReadAction\",\"target\":[\"https:\\\/\\\/apirocosmetics.com\\\/fr\\\/product\\\/hydration-radiance-combo-face-eye-care\\\/\"]}]},{\"@type\":\"ImageObject\",\"inLanguage\":\"fr-FR\",\"@id\":\"https:\\\/\\\/apirocosmetics.com\\\/fr\\\/product\\\/hydration-radiance-combo-face-eye-care\\\/#primaryimage\",\"url\":\"https:\\\/\\\/apirocosmetics.com\\\/wp-content\\\/uploads\\\/2025\\\/09\\\/Hydration-Radiance-Combo.jpg\",\"contentUrl\":\"https:\\\/\\\/apirocosmetics.com\\\/wp-content\\\/uploads\\\/2025\\\/09\\\/Hydration-Radiance-Combo.jpg\",\"width\":1000,\"height\":1000},{\"@type\":\"BreadcrumbList\",\"@id\":\"https:\\\/\\\/apirocosmetics.com\\\/fr\\\/product\\\/hydration-radiance-combo-face-eye-care\\\/#breadcrumb\",\"itemListElement\":[{\"@type\":\"ListItem\",\"position\":1,\"name\":\"\u0391\u03c1\u03c7\u03b9\u03ba\u03ae\",\"item\":\"https:\\\/\\\/apirocosmetics.com\\\/fr\\\/\"},{\"@type\":\"ListItem\",\"position\":2,\"name\":\"Produits\",\"item\":\"https:\\\/\\\/apirocosmetics.com\\\/fr\\\/shop\\\/\"},{\"@type\":\"ListItem\",\"position\":3,\"name\":\"Hydration &#038; Radiance Combo \u2013 Face &#038; Eye Care\"}]},{\"@type\":\"WebSite\",\"@id\":\"https:\\\/\\\/apirocosmetics.com\\\/#website\",\"url\":\"https:\\\/\\\/apirocosmetics.com\\\/\",\"name\":\"Apiro Cosmetics\",\"description\":\"Advanced Skincare \u03b3\u03b9\u03b1 \u0395\u03bd\u03c5\u03b4\u03ac\u03c4\u03c9\u03c3\u03b7, \u03a3\u03cd\u03c3\u03c6\u03b9\u03be\u03b7 &amp; \u0391\u03bd\u03c4\u03b9\u03b3\u03ae\u03c1\u03b1\u03bd\u03c3\u03b7\",\"alternateName\":\"apiroo cosmetics\",\"potentialAction\":[{\"@type\":\"SearchAction\",\"target\":{\"@type\":\"EntryPoint\",\"urlTemplate\":\"https:\\\/\\\/apirocosmetics.com\\\/?s={search_term_string}\"},\"query-input\":{\"@type\":\"PropertyValueSpecification\",\"valueRequired\":true,\"valueName\":\"search_term_string\"}}],\"inLanguage\":\"fr-FR\"}]}<\/script>\n<meta property=\"product:price:amount\" content=\"67.84\" \/>\n<meta property=\"product:price:currency\" content=\"EUR\" \/>\n<meta property=\"og:availability\" content=\"instock\" \/>\n<meta property=\"product:availability\" content=\"instock\" \/>\n<meta property=\"product:retailer_item_id\" content=\"AP-59537\" \/>\n<meta property=\"product:condition\" content=\"new\" \/>\n<!-- \/ Yoast SEO Premium plugin. -->","yoast_head_json":{"title":"Hydration & Radiance Combo \u2013 Face & Eye Care - Apiro Cosmetics","description":"L\u2019association de ces deux soins cr\u00e9e une routine de soin compl\u00e9mentaire aux b\u00e9n\u00e9fices prouv\u00e9s : hydratation profonde, am\u00e9lioration de l\u2019\u00e9lasticit\u00e9, r\u00e9duction des rides et regard visiblement plus lumineux.","robots":{"index":"index","follow":"follow","max-snippet":"max-snippet:-1","max-image-preview":"max-image-preview:large","max-video-preview":"max-video-preview:-1"},"canonical":"https:\/\/apirocosmetics.com\/fr\/product\/hydration-radiance-combo-face-eye-care\/","og_locale":"fr_FR","og_type":"article","og_title":"Hydration & Radiance Combo \u2013 Face & Eye Care","og_description":"L\u2019association de ces deux soins cr\u00e9e une routine de soin compl\u00e9mentaire aux b\u00e9n\u00e9fices prouv\u00e9s : hydratation profonde, am\u00e9lioration de l\u2019\u00e9lasticit\u00e9, r\u00e9duction des rides et regard visiblement plus lumineux.","og_url":"https:\/\/apirocosmetics.com\/fr\/product\/hydration-radiance-combo-face-eye-care\/","og_site_name":"Apiro Cosmetics","article_publisher":"https:\/\/www.facebook.com\/apirocosmetics","article_modified_time":"2026-03-10T05:53:10+00:00","og_image":[{"width":1000,"height":1000,"url":"https:\/\/apirocosmetics.com\/wp-content\/uploads\/2025\/09\/Hydration-Radiance-Combo.jpg","type":"image\/jpeg"}],"twitter_card":"summary_large_image","schema":{"@context":"https:\/\/schema.org","@graph":[{"@type":"WebPage","@id":"https:\/\/apirocosmetics.com\/fr\/product\/hydration-radiance-combo-face-eye-care\/","url":"https:\/\/apirocosmetics.com\/fr\/product\/hydration-radiance-combo-face-eye-care\/","name":"Hydration & Radiance Combo \u2013 Face & Eye Care - Apiro Cosmetics","isPartOf":{"@id":"https:\/\/apirocosmetics.com\/#website"},"primaryImageOfPage":{"@id":"https:\/\/apirocosmetics.com\/fr\/product\/hydration-radiance-combo-face-eye-care\/#primaryimage"},"image":{"@id":"https:\/\/apirocosmetics.com\/fr\/product\/hydration-radiance-combo-face-eye-care\/#primaryimage"},"thumbnailUrl":"https:\/\/apirocosmetics.com\/wp-content\/uploads\/2025\/09\/Hydration-Radiance-Combo.jpg","datePublished":"2025-09-08T07:25:25+00:00","dateModified":"2026-03-10T05:53:10+00:00","description":"L\u2019association de ces deux soins cr\u00e9e une routine de soin compl\u00e9mentaire aux b\u00e9n\u00e9fices prouv\u00e9s : hydratation profonde, am\u00e9lioration de l\u2019\u00e9lasticit\u00e9, r\u00e9duction des rides et regard visiblement plus lumineux.","breadcrumb":{"@id":"https:\/\/apirocosmetics.com\/fr\/product\/hydration-radiance-combo-face-eye-care\/#breadcrumb"},"inLanguage":"fr-FR","potentialAction":[{"@type":"ReadAction","target":["https:\/\/apirocosmetics.com\/fr\/product\/hydration-radiance-combo-face-eye-care\/"]}]},{"@type":"ImageObject","inLanguage":"fr-FR","@id":"https:\/\/apirocosmetics.com\/fr\/product\/hydration-radiance-combo-face-eye-care\/#primaryimage","url":"https:\/\/apirocosmetics.com\/wp-content\/uploads\/2025\/09\/Hydration-Radiance-Combo.jpg","contentUrl":"https:\/\/apirocosmetics.com\/wp-content\/uploads\/2025\/09\/Hydration-Radiance-Combo.jpg","width":1000,"height":1000},{"@type":"BreadcrumbList","@id":"https:\/\/apirocosmetics.com\/fr\/product\/hydration-radiance-combo-face-eye-care\/#breadcrumb","itemListElement":[{"@type":"ListItem","position":1,"name":"\u0391\u03c1\u03c7\u03b9\u03ba\u03ae","item":"https:\/\/apirocosmetics.com\/fr\/"},{"@type":"ListItem","position":2,"name":"Produits","item":"https:\/\/apirocosmetics.com\/fr\/shop\/"},{"@type":"ListItem","position":3,"name":"Hydration &#038; Radiance Combo \u2013 Face &#038; Eye Care"}]},{"@type":"WebSite","@id":"https:\/\/apirocosmetics.com\/#website","url":"https:\/\/apirocosmetics.com\/","name":"Apiro Cosmetics","description":"Advanced Skincare \u03b3\u03b9\u03b1 \u0395\u03bd\u03c5\u03b4\u03ac\u03c4\u03c9\u03c3\u03b7, \u03a3\u03cd\u03c3\u03c6\u03b9\u03be\u03b7 &amp; \u0391\u03bd\u03c4\u03b9\u03b3\u03ae\u03c1\u03b1\u03bd\u03c3\u03b7","alternateName":"apiroo cosmetics","potentialAction":[{"@type":"SearchAction","target":{"@type":"EntryPoint","urlTemplate":"https:\/\/apirocosmetics.com\/?s={search_term_string}"},"query-input":{"@type":"PropertyValueSpecification","valueRequired":true,"valueName":"search_term_string"}}],"inLanguage":"fr-FR"}]},"product_price_amount":"67.84","product_price_currency":"EUR","og_availability":"instock","product_availability":"instock","product_retailer_item_id":"AP-59537","product_condition":"new"},"_links":{"self":[{"href":"https:\/\/apirocosmetics.com\/fr\/wp-json\/wp\/v2\/product\/4523","targetHints":{"allow":["GET"]}}],"collection":[{"href":"https:\/\/apirocosmetics.com\/fr\/wp-json\/wp\/v2\/product"}],"about":[{"href":"https:\/\/apirocosmetics.com\/fr\/wp-json\/wp\/v2\/types\/product"}],"replies":[{"embeddable":true,"href":"https:\/\/apirocosmetics.com\/fr\/wp-json\/wp\/v2\/comments?post=4523"}],"wp:featuredmedia":[{"embeddable":true,"href":"https:\/\/apirocosmetics.com\/fr\/wp-json\/wp\/v2\/media\/5311"}],"wp:attachment":[{"href":"https:\/\/apirocosmetics.com\/fr\/wp-json\/wp\/v2\/media?parent=4523"}],"wp:term":[{"taxonomy":"product_cat","embeddable":true,"href":"https:\/\/apirocosmetics.com\/fr\/wp-json\/wp\/v2\/product_cat?post=4523"},{"taxonomy":"product_tag","embeddable":true,"href":"https:\/\/apirocosmetics.com\/fr\/wp-json\/wp\/v2\/product_tag?post=4523"}],"curies":[{"name":"wp","href":"https:\/\/api.w.org\/{rel}","templated":true}]}}